{"id":20112,"date":"2021-12-05T20:16:11","date_gmt":"2021-12-05T19:16:11","guid":{"rendered":"https:\/\/www.pancosma.com\/?page_id=20112"},"modified":"2021-12-06T10:18:09","modified_gmt":"2021-12-06T09:18:09","slug":"activador-de-la-agilidad-intestinal","status":"publish","type":"page","link":"https:\/\/www.pancosma.com\/es\/activador-de-la-agilidad-intestinal\/","title":{"rendered":"Activador de la agilidad intestinal"},"content":{"rendered":"<div id='av_section_1'  class='avia-section main_color avia-section-default avia-no-border-styling  avia-bg-style-scroll  avia-builder-el-0  el_before_av_one_full  avia-builder-el-first   container_wrap sidebar_right' style='background-color: #5ea62b;  '  ><div class='container' ><main  role=\"main\" itemprop=\"mainContentOfPage\"  class='template-page content  av-content-small alpha units'><div class='post-entry post-entry-type-page post-entry-20112'><div class='entry-content-wrapper clearfix'>\n<div  style='padding-bottom:10px; color:#ffffff;' class='av-special-heading av-special-heading-h1 custom-color-heading blockquote modern-quote modern-centered  avia-builder-el-1  avia-builder-el-no-sibling  '><h1 class='av-special-heading-tag '  itemprop=\"headline\"  >Activador de la agilidad intestinal<\/h1><div class ='av-subheading av-subheading_below av_custom_color ' style='font-size:15px;'><p>Mantiene \u00e1giles a sus animales<\/p>\n<\/div><div class='special-heading-border'><div class='special-heading-inner-border' style='border-color:#ffffff'><\/div><\/div><\/div>\n<\/div><\/div><\/main><!-- close content main element --><\/div><\/div><div id='after_section_1'  class='main_color av_default_container_wrap container_wrap sidebar_right' style=' '  ><div class='container' ><div class='template-page content  av-content-small alpha units'><div class='post-entry post-entry-type-page post-entry-20112'><div class='entry-content-wrapper clearfix'>\n<div class='flex_column_table av-equal-height-column-flextable -flextable' style='margin-top:-100px; margin-bottom:0px; '><div class=\"flex_column av_one_full  no_margin flex_column_table_cell av-equal-height-column av-align-middle first  avia-builder-el-2  el_after_av_section  el_before_av_one_half  avia-builder-el-first  \" style='background: #ffffff; padding:30px; background-color:#ffffff; border-radius:0px; '><section class=\"av_textblock_section \"  itemscope=\"itemscope\" itemtype=\"https:\/\/schema.org\/CreativeWork\" ><div class='avia_textblock  '   itemprop=\"text\" ><p>La l\u00ednea de productos de activadores de la agilidad intestinal se dise\u00f1\u00f3 para impactar favorablemente la agilidad de los animales de granja y facilitar la resiliencia. Apoya el rendimiento y el bienestar \u00f3ptimo de los animales de una manera sostenible al ayudar a los cerdos, aves de corral y rumiantes a superar los desaf\u00edos y los factores estresantes que ocurren naturalmente en condiciones comerciales.<\/p>\n<\/div><\/section><\/div><\/div><!--close column table wrapper. Autoclose: 1 -->\n<div class='flex_column_table av-equal-height-column-flextable -flextable' style='margin-top:-30px; margin-bottom:0px; '><div class=\"flex_column av_one_half  no_margin flex_column_table_cell av-equal-height-column av-align-middle first  avia-builder-el-4  el_after_av_one_full  el_before_av_one_half  column-top-margin\" style='background: #ffffff; padding:30px; background-color:#ffffff; border-radius:30px; '><section class=\"av_textblock_section \"  itemscope=\"itemscope\" itemtype=\"https:\/\/schema.org\/CreativeWork\" ><div class='avia_textblock  '   itemprop=\"text\" ><h3><strong>Portafolio de activadores de la agilidad intestinal<\/strong><\/h3>\n<p><strong>Anco FIT<\/strong>\u00a0\u2013 formulado espec\u00edficamente para apoyar la resiliencia en cerdos y rumiantes<\/p>\n<p><strong>Anco FIT Poultry\u00a0<\/strong>\u2013 formulado espec\u00edficamente para apoyar la resiliencia en aves de corral (pollos de engorda, gallinas ponedoras, pavos y gallinas reproductoras)<\/p>\n<p><strong>Anco FIT Farm\u00a0<\/strong>\u2013 dise\u00f1ado para mezclarse directamente en el pienso de cerdos y rumiantes en granjas en la UE.<\/p>\n<p>Obtenga m\u00e1s informaci\u00f3n sobre los productos Anco en\u00a0<a href=\"https:\/\/www.anco.net\/\">www.anco.net<\/a><\/p>\n<\/div><\/section><\/div>\n<div class=\"flex_column av_one_half  no_margin flex_column_table_cell av-equal-height-column av-align-middle   avia-builder-el-6  el_after_av_one_half  el_before_av_one_full  column-top-margin\" style='padding:30px; background-color:#ffffff; border-radius:0px; '><div  class='avia-image-container  av-styling-    avia-builder-el-7  avia-builder-el-no-sibling  avia-align-center '  itemprop=\"image\" itemscope=\"itemscope\" itemtype=\"https:\/\/schema.org\/ImageObject\"  ><div class='avia-image-container-inner'><div class='avia-image-overlay-wrap'><img decoding=\"async\" class='wp-image-20169 avia-img-lazy-loading-not-20169 avia_image' src=\"https:\/\/www.pancosma.com\/wp-content\/uploads\/2021\/12\/keep-your-animals-agile_spanish_06_12-495x400.jpg\" alt='' title='keep your animals agile_spanish_06_12' height=\"400\" width=\"495\"  itemprop=\"thumbnailUrl\" srcset=\"https:\/\/www.pancosma.com\/wp-content\/uploads\/2021\/12\/keep-your-animals-agile_spanish_06_12-495x400.jpg 495w, https:\/\/www.pancosma.com\/wp-content\/uploads\/2021\/12\/keep-your-animals-agile_spanish_06_12-300x242.jpg 300w, https:\/\/www.pancosma.com\/wp-content\/uploads\/2021\/12\/keep-your-animals-agile_spanish_06_12-1030x832.jpg 1030w, https:\/\/www.pancosma.com\/wp-content\/uploads\/2021\/12\/keep-your-animals-agile_spanish_06_12-768x621.jpg 768w, https:\/\/www.pancosma.com\/wp-content\/uploads\/2021\/12\/keep-your-animals-agile_spanish_06_12-1536x1241.jpg 1536w, https:\/\/www.pancosma.com\/wp-content\/uploads\/2021\/12\/keep-your-animals-agile_spanish_06_12-2048x1655.jpg 2048w, https:\/\/www.pancosma.com\/wp-content\/uploads\/2021\/12\/keep-your-animals-agile_spanish_06_12-1500x1212.jpg 1500w, https:\/\/www.pancosma.com\/wp-content\/uploads\/2021\/12\/keep-your-animals-agile_spanish_06_12-845x684.jpg 845w, https:\/\/www.pancosma.com\/wp-content\/uploads\/2021\/12\/keep-your-animals-agile_spanish_06_12-705x570.jpg 705w\" sizes=\"(max-width: 495px) 100vw, 495px\" \/><\/div><\/div><\/div><\/div><\/div><!--close column table wrapper. Autoclose: 1 --><div class='flex_column_table av-equal-height-column-flextable -flextable' style='margin-top:-40px; margin-bottom:0px; '><div class=\"flex_column av_one_full  no_margin flex_column_table_cell av-equal-height-column av-align-middle first  avia-builder-el-8  el_after_av_one_half  el_before_av_hr  column-top-margin\" style='background: #ffffff; padding:30px; background-color:#ffffff; border-radius:0px; '><section class=\"av_textblock_section \"  itemscope=\"itemscope\" itemtype=\"https:\/\/schema.org\/CreativeWork\" ><div class='avia_textblock  '   itemprop=\"text\" ><h3><strong>\u00bfCu\u00e1l es la definici\u00f3n de agilidad intestinal?<\/strong><\/h3>\n<p>La agilidad intestinal describe la capacidad de los animales de granja para adaptarse m\u00e1s r\u00e1pido a los desaf\u00edos con una respuesta m\u00e1s eficiente energ\u00e9ticamente. Es un factor clave, el cual determina la consistencia en el rendimiento y la capacidad para alcanzar el potencial de rendimiento en condiciones de granjas comerciales, donde los desaf\u00edos imprevistos son un hecho.<\/p>\n<p>\u00bfPor qu\u00e9 el \u00e9nfasis en los intestinos? \u00a0En materia de desaf\u00edos, el intestino es una de las partes del cuerpo m\u00e1s receptiva y para el \u00f3ptimo desempe\u00f1o animal es importante c\u00f3mo responde.<\/p>\n<h3><strong>La calidad y la investigaci\u00f3n detr\u00e1s de los activadores de la agilidad intestinal de Pancosma<\/strong><\/h3>\n<p>Nuestros activadores de la agilidad intestinal son evaluados continuamente en el campo y bajo condiciones cient\u00edficas controladas en todo el mundo para la validaci\u00f3n del concepto y para continuar aprendiendo sobre sus efectos bajo diferentes condiciones de gesti\u00f3n. Los productos actualmente apoyan a las granjas para aumentar la agilidad de sus animales y negocio en m\u00e1s de 30 pa\u00edses en el mundo.<\/p>\n<p>La producci\u00f3n moderna y competitiva de animales requiere una contribuci\u00f3n a los alimentos seguros y responsables de origen animal. La seguridad alimentaria comienza con la seguridad y el control de calidad de los alimentos. Pancosma fue uno de los primeros en lograr 4 de los mayores est\u00e1ndares de calidad en la industria de la alimentaci\u00f3n animal. Para obtener m\u00e1s informaci\u00f3n sobre los est\u00e1ndares de calidad de Pancosma, visite la\u00a0<a href=\"\/?page_id=13792\">Base de datos de Pancosma para los certificados de calidad.<\/a><\/p>\n<h3><strong>La gama de activadores de la agilidad intestinal beneficia a los nutricionistas y productores de animales que buscan:<\/strong><\/h3>\n<ul>\n<li>rendimientos m\u00e1s consistentes en respuesta a sus programas de alimentaci\u00f3n<\/li>\n<li>apoyar la longevidad productiva de las vacas lecheras y cerdas lactantes, as\u00ed como ampliar los ciclos de producci\u00f3n de huevos de las gallinas ponedoras<\/li>\n<li>apoyar el rendimiento animal \u00f3ptimo ante los desaf\u00edos nutricionales y medioambientales<\/li>\n<\/ul>\n<p>Est\u00e1 l\u00ednea de productos puede poyar el rendimiento animal en los programas tradicionales, pero tambi\u00e9n los de promotores libres del aumento de antibi\u00f3ticos.<\/p>\n<h3><strong>Preguntas m\u00e1s frecuentes<\/strong><\/h3>\n<p><strong>\u00bfCu\u00e1l es la presentaci\u00f3n de los productos?<\/strong><\/p>\n<p>Los productos est\u00e1n disponibles en bolsas de polietileno de 20 kg.<\/p>\n<p><strong>\u00bfEst\u00e1n los productos libres de GMO (organismos modificados gen\u00e9ticamente)?<\/strong><\/p>\n<p>S\u00ed, los productos est\u00e1n certificados como libres de GMO.<\/p>\n<\/div><\/section><\/div><\/div><!--close column table wrapper. Autoclose: 1 --><\/p>\n<div  style='height:20px' class='hr hr-invisible   avia-builder-el-10  el_after_av_one_full  avia-builder-el-last '><span class='hr-inner ' ><span class='hr-inner-style'><\/span><\/span><\/div>\n","protected":false},"excerpt":{"rendered":"","protected":false},"author":16,"featured_media":0,"parent":0,"menu_order":0,"comment_status":"closed","ping_status":"closed","template":"","meta":{"_acf_changed":false,"footnotes":""},"class_list":["post-20112","page","type-page","status-publish","hentry"],"acf":[],"yoast_head":"<!-- This site is optimized with the Yoast SEO plugin v27.4 - https:\/\/yoast.com\/product\/yoast-seo-wordpress\/ -->\n<title>Activador de la agilidad intestinal - Pancosma<\/title>\n<meta name=\"description\" content=\"La l\u00ednea de productos de activadores de la agilidad intestinal se dise\u00f1\u00f3 para impactar favorablemente la agilidad de los animales de granja y facilitar la resiliencia.\" \/>\n<meta name=\"robots\" content=\"index, follow, max-snippet:-1, max-image-preview:large, max-video-preview:-1\" \/>\n<link rel=\"canonical\" href=\"https:\/\/www.pancosma.com\/es\/activador-de-la-agilidad-intestinal\/\" \/>\n<meta property=\"og:locale\" content=\"es_ES\" \/>\n<meta property=\"og:type\" content=\"article\" \/>\n<meta property=\"og:title\" content=\"Activador de la agilidad intestinal - Pancosma\" \/>\n<meta property=\"og:description\" content=\"La l\u00ednea de productos de activadores de la agilidad intestinal se dise\u00f1\u00f3 para impactar favorablemente la agilidad de los animales de granja y facilitar la resiliencia.\" \/>\n<meta property=\"og:url\" content=\"https:\/\/www.pancosma.com\/es\/activador-de-la-agilidad-intestinal\/\" \/>\n<meta property=\"og:site_name\" content=\"Pancosma\" \/>\n<meta property=\"article:modified_time\" content=\"2021-12-06T09:18:09+00:00\" \/>\n<meta name=\"twitter:card\" content=\"summary_large_image\" \/>\n<meta name=\"twitter:label1\" content=\"Est. reading time\" \/>\n\t<meta name=\"twitter:data1\" content=\"7 minutes\" \/>\n<script type=\"application\/ld+json\" class=\"yoast-schema-graph\">{\"@context\":\"https:\\\/\\\/schema.org\",\"@graph\":[{\"@type\":\"WebPage\",\"@id\":\"https:\\\/\\\/www.pancosma.com\\\/es\\\/activador-de-la-agilidad-intestinal\\\/\",\"url\":\"https:\\\/\\\/www.pancosma.com\\\/es\\\/activador-de-la-agilidad-intestinal\\\/\",\"name\":\"Activador de la agilidad intestinal - Pancosma\",\"isPartOf\":{\"@id\":\"https:\\\/\\\/www.pancosma.com\\\/#website\"},\"datePublished\":\"2021-12-05T19:16:11+00:00\",\"dateModified\":\"2021-12-06T09:18:09+00:00\",\"description\":\"La l\u00ednea de productos de activadores de la agilidad intestinal se dise\u00f1\u00f3 para impactar favorablemente la agilidad de los animales de granja y facilitar la resiliencia.\",\"breadcrumb\":{\"@id\":\"https:\\\/\\\/www.pancosma.com\\\/es\\\/activador-de-la-agilidad-intestinal\\\/#breadcrumb\"},\"inLanguage\":\"es-ES\",\"potentialAction\":[{\"@type\":\"ReadAction\",\"target\":[\"https:\\\/\\\/www.pancosma.com\\\/es\\\/activador-de-la-agilidad-intestinal\\\/\"]}]},{\"@type\":\"BreadcrumbList\",\"@id\":\"https:\\\/\\\/www.pancosma.com\\\/es\\\/activador-de-la-agilidad-intestinal\\\/#breadcrumb\",\"itemListElement\":[{\"@type\":\"ListItem\",\"position\":1,\"name\":\"Home\",\"item\":\"https:\\\/\\\/www.pancosma.com\\\/es\\\/\"},{\"@type\":\"ListItem\",\"position\":2,\"name\":\"Activador de la agilidad intestinal\"}]},{\"@type\":\"WebSite\",\"@id\":\"https:\\\/\\\/www.pancosma.com\\\/#website\",\"url\":\"https:\\\/\\\/www.pancosma.com\\\/\",\"name\":\"Pancosma\",\"description\":\"Innovative feed additives\",\"potentialAction\":[{\"@type\":\"SearchAction\",\"target\":{\"@type\":\"EntryPoint\",\"urlTemplate\":\"https:\\\/\\\/www.pancosma.com\\\/?s={search_term_string}\"},\"query-input\":{\"@type\":\"PropertyValueSpecification\",\"valueRequired\":true,\"valueName\":\"search_term_string\"}}],\"inLanguage\":\"es-ES\"}]}<\/script>\n<!-- \/ Yoast SEO plugin. -->","yoast_head_json":{"title":"Activador de la agilidad intestinal - Pancosma","description":"La l\u00ednea de productos de activadores de la agilidad intestinal se dise\u00f1\u00f3 para impactar favorablemente la agilidad de los animales de granja y facilitar la resiliencia.","robots":{"index":"index","follow":"follow","max-snippet":"max-snippet:-1","max-image-preview":"max-image-preview:large","max-video-preview":"max-video-preview:-1"},"canonical":"https:\/\/www.pancosma.com\/es\/activador-de-la-agilidad-intestinal\/","og_locale":"es_ES","og_type":"article","og_title":"Activador de la agilidad intestinal - Pancosma","og_description":"La l\u00ednea de productos de activadores de la agilidad intestinal se dise\u00f1\u00f3 para impactar favorablemente la agilidad de los animales de granja y facilitar la resiliencia.","og_url":"https:\/\/www.pancosma.com\/es\/activador-de-la-agilidad-intestinal\/","og_site_name":"Pancosma","article_modified_time":"2021-12-06T09:18:09+00:00","twitter_card":"summary_large_image","twitter_misc":{"Est. reading time":"7 minutes"},"schema":{"@context":"https:\/\/schema.org","@graph":[{"@type":"WebPage","@id":"https:\/\/www.pancosma.com\/es\/activador-de-la-agilidad-intestinal\/","url":"https:\/\/www.pancosma.com\/es\/activador-de-la-agilidad-intestinal\/","name":"Activador de la agilidad intestinal - Pancosma","isPartOf":{"@id":"https:\/\/www.pancosma.com\/#website"},"datePublished":"2021-12-05T19:16:11+00:00","dateModified":"2021-12-06T09:18:09+00:00","description":"La l\u00ednea de productos de activadores de la agilidad intestinal se dise\u00f1\u00f3 para impactar favorablemente la agilidad de los animales de granja y facilitar la resiliencia.","breadcrumb":{"@id":"https:\/\/www.pancosma.com\/es\/activador-de-la-agilidad-intestinal\/#breadcrumb"},"inLanguage":"es-ES","potentialAction":[{"@type":"ReadAction","target":["https:\/\/www.pancosma.com\/es\/activador-de-la-agilidad-intestinal\/"]}]},{"@type":"BreadcrumbList","@id":"https:\/\/www.pancosma.com\/es\/activador-de-la-agilidad-intestinal\/#breadcrumb","itemListElement":[{"@type":"ListItem","position":1,"name":"Home","item":"https:\/\/www.pancosma.com\/es\/"},{"@type":"ListItem","position":2,"name":"Activador de la agilidad intestinal"}]},{"@type":"WebSite","@id":"https:\/\/www.pancosma.com\/#website","url":"https:\/\/www.pancosma.com\/","name":"Pancosma","description":"Innovative feed additives","potentialAction":[{"@type":"SearchAction","target":{"@type":"EntryPoint","urlTemplate":"https:\/\/www.pancosma.com\/?s={search_term_string}"},"query-input":{"@type":"PropertyValueSpecification","valueRequired":true,"valueName":"search_term_string"}}],"inLanguage":"es-ES"}]}},"_links":{"self":[{"href":"https:\/\/www.pancosma.com\/es\/wp-json\/wp\/v2\/pages\/20112","targetHints":{"allow":["GET"]}}],"collection":[{"href":"https:\/\/www.pancosma.com\/es\/wp-json\/wp\/v2\/pages"}],"about":[{"href":"https:\/\/www.pancosma.com\/es\/wp-json\/wp\/v2\/types\/page"}],"author":[{"embeddable":true,"href":"https:\/\/www.pancosma.com\/es\/wp-json\/wp\/v2\/users\/16"}],"replies":[{"embeddable":true,"href":"https:\/\/www.pancosma.com\/es\/wp-json\/wp\/v2\/comments?post=20112"}],"version-history":[{"count":5,"href":"https:\/\/www.pancosma.com\/es\/wp-json\/wp\/v2\/pages\/20112\/revisions"}],"predecessor-version":[{"id":21783,"href":"https:\/\/www.pancosma.com\/es\/wp-json\/wp\/v2\/pages\/20112\/revisions\/21783"}],"wp:attachment":[{"href":"https:\/\/www.pancosma.com\/es\/wp-json\/wp\/v2\/media?parent=20112"}],"curies":[{"name":"wp","href":"https:\/\/api.w.org\/{rel}","templated":true}]}}