{"id":20118,"date":"2021-12-05T20:14:40","date_gmt":"2021-12-05T19:14:40","guid":{"rendered":"https:\/\/www.pancosma.com\/?page_id=20118"},"modified":"2021-12-07T08:31:59","modified_gmt":"2021-12-07T07:31:59","slug":"acidos-organicos","status":"publish","type":"page","link":"https:\/\/www.pancosma.com\/es\/acidos-organicos\/","title":{"rendered":"\u00c1cidos org\u00e1nicos"},"content":{"rendered":"<div id='av_section_1'  class='avia-section main_color avia-section-default avia-no-border-styling  avia-bg-style-scroll  avia-builder-el-0  el_before_av_one_full  avia-builder-el-first   container_wrap sidebar_right' style='background-color: #5ea62b;  '  ><div class='container' ><main  role=\"main\" itemprop=\"mainContentOfPage\"  class='template-page content  av-content-small alpha units'><div class='post-entry post-entry-type-page post-entry-20118'><div class='entry-content-wrapper clearfix'>\n<div  style='padding-bottom:10px; color:#ffffff;' class='av-special-heading av-special-heading-h1 custom-color-heading blockquote modern-quote modern-centered  avia-builder-el-1  avia-builder-el-no-sibling  '><h1 class='av-special-heading-tag '  itemprop=\"headline\"  >\u00c1cidos org\u00e1nicos <\/h1><div class ='av-subheading av-subheading_below av_custom_color ' style='font-size:15px;'><p>Aprovechar al m\u00e1ximo los \u00e1cidos org\u00e1nicos<\/p>\n<\/div><div class='special-heading-border'><div class='special-heading-inner-border' style='border-color:#ffffff'><\/div><\/div><\/div>\n<\/div><\/div><\/main><!-- close content main element --><\/div><\/div><div id='after_section_1'  class='main_color av_default_container_wrap container_wrap sidebar_right' style=' '  ><div class='container' ><div class='template-page content  av-content-small alpha units'><div class='post-entry post-entry-type-page post-entry-20118'><div class='entry-content-wrapper clearfix'>\n<div class='flex_column_table av-equal-height-column-flextable -flextable' style='margin-top:-100px; margin-bottom:0px; '><div class=\"flex_column av_one_full  no_margin flex_column_table_cell av-equal-height-column av-align-middle first  avia-builder-el-2  el_after_av_section  el_before_av_one_half  avia-builder-el-first  \" style='background: #ffffff; padding:30px; background-color:#ffffff; border-radius:0px; '><section class=\"av_textblock_section \"  itemscope=\"itemscope\" itemtype=\"https:\/\/schema.org\/CreativeWork\" ><div class='avia_textblock  '   itemprop=\"text\" ><p>Pancosma ofrece una gama de productos con \u00e1cidos org\u00e1nicos para varios objetivos en f\u00e1bricas de piensos, plantas de premezclas y en fincas ganaderas. Nuestra gama de productos de \u00e1cidos org\u00e1nicos incluye 5 diferentes objetivos.<\/p>\n<\/div><\/section><\/div><\/div><!--close column table wrapper. Autoclose: 1 -->\n<div class='flex_column_table av-equal-height-column-flextable -flextable' style='margin-top:-30px; margin-bottom:0px; '><div class=\"flex_column av_one_half  no_margin flex_column_table_cell av-equal-height-column av-align-middle first  avia-builder-el-4  el_after_av_one_full  el_before_av_one_half  column-top-margin\" style='background: #ffffff; padding:30px; background-color:#ffffff; border-radius:30px; '><section class=\"av_textblock_section \"  itemscope=\"itemscope\" itemtype=\"https:\/\/schema.org\/CreativeWork\" ><div class='avia_textblock  '   itemprop=\"text\" ><h3><strong>Las soluciones en el portafolio de \u00e1cidos org\u00e1nicos de Pancosma est\u00e1n destinadas a:<\/strong><\/h3>\n<ul>\n<li>Higiene de los piensos<\/li>\n<li>Conservaci\u00f3n<\/li>\n<li>Producci\u00f3n animal<\/li>\n<li>Acidificaci\u00f3n<\/li>\n<li>Agua potable<\/li>\n<\/ul>\n<p>Tambi\u00e9n ofrecemos soluciones a la medida de nuestra marca propia <em>(know-how)<\/em> con base en nuestros conocimientos de tecnolog\u00eda y desempe\u00f1o f\u00edsico de los productos.<\/p>\n<\/div><\/section><\/div><div class=\"flex_column av_one_half  no_margin flex_column_table_cell av-equal-height-column av-align-middle   avia-builder-el-6  el_after_av_one_half  el_before_av_one_full  column-top-margin\" style='padding:30px; background-color:#ffffff; border-radius:0px; '><div  class='avia-image-container  av-styling-    avia-builder-el-7  avia-builder-el-no-sibling  avia-align-center '  itemprop=\"image\" itemscope=\"itemscope\" itemtype=\"https:\/\/schema.org\/ImageObject\"  ><div class='avia-image-container-inner'><div class='avia-image-overlay-wrap'><img decoding=\"async\" class='wp-image-19430 avia-img-lazy-loading-not-19430 avia_image' src=\"https:\/\/www.pancosma.com\/wp-content\/uploads\/2021\/09\/Pancosma-organic-acids.jpg\" alt='pancosma organic acids' title='small group of chickens eating corn and grain in a chick farm' height=\"400\" width=\"495\"  itemprop=\"thumbnailUrl\" srcset=\"https:\/\/www.pancosma.com\/wp-content\/uploads\/2021\/09\/Pancosma-organic-acids.jpg 495w, https:\/\/www.pancosma.com\/wp-content\/uploads\/2021\/09\/Pancosma-organic-acids-300x242.jpg 300w\" sizes=\"(max-width: 495px) 100vw, 495px\" \/><\/div><\/div><\/div><\/div><\/div><!--close column table wrapper. Autoclose: 1 --><\/p>\n<div class='flex_column_table av-equal-height-column-flextable -flextable' style='margin-top:-40px; margin-bottom:0px; '><div class=\"flex_column av_one_full  no_margin flex_column_table_cell av-equal-height-column av-align-middle first  avia-builder-el-8  el_after_av_one_half  el_before_av_hr  column-top-margin\" style='background: #ffffff; padding:30px; background-color:#ffffff; border-radius:0px; '><section class=\"av_textblock_section \"  itemscope=\"itemscope\" itemtype=\"https:\/\/schema.org\/CreativeWork\" ><div class='avia_textblock  '   itemprop=\"text\" ><h3><strong>La calidad y la investigaci\u00f3n detr\u00e1s de los \u00e1cidos org\u00e1nicos de Pancosma<\/strong><\/h3>\n<p>Pancosma produce aditivos de \u00e1cidos org\u00e1nicos que proporcionan soluciones innovadoras para los desaf\u00edos que enfrenta hoy en d\u00eda la industria ganadera. El bienestar y la seguridad de los alimentos de los animales siguen siendo nuestro principal objetivo. La alta flexibilidad es la fortaleza de la gama de \u00e1cidos org\u00e1nicos. Nos esforzamos continuamente para optimizar nuestros procesos de producci\u00f3n para asegurar la calidad y la trazabilidad.<\/p>\n<p>Investigamos detenidamente las mol\u00e9culas activas que utilizamos en nuestros productos, para desarrollar soluciones que van m\u00e1s all\u00e1 de las aplicaciones comunes y convencionales.<\/p>\n<p>Nuestras marcas de \u00e1cidos org\u00e1nicos<\/p>\n<h3><strong><em>Preguntas m\u00e1s frecuentes<\/em><\/strong><\/h3>\n<p><strong>\u00bfS\u00f3lo producen soluciones secas o tambi\u00e9n ofrecen acidulantes l\u00edquidos?<\/strong><\/p>\n<p>Ambas opciones est\u00e1n disponibles, dependiendo de los requisitos y condiciones de la aplicaci\u00f3n.<\/p>\n<p><strong>\u00bfCu\u00e1l es la fuente principal para sus productos de \u00e1cidos grasos de cadena media?<\/strong><\/p>\n<p>Estos se derivan principalmente de aceite de coco y palma.<\/p>\n<p><strong>\u00a0\u00bfCu\u00e1l es el producto m\u00e1s popular en la gama de productos de \u00e1cidos org\u00e1nicos de Pancosma?<\/strong><\/p>\n<p>Ya que la conservaci\u00f3n y el control de la higiene de los alimentos para animales y las materias primas son fundamentales para la calidad de los alimentos, los productos dise\u00f1ados para la conservaci\u00f3n\u00a0y el control de la higiene son los que se utilizan con mayor frecuencia<\/p>\n<p>Sin embargo, el empleo de \u00e1cidos org\u00e1nicos especiales, como los \u00e1cidos grasos de cadena media y los \u00e1cidos org\u00e1nicos esterificados,\u00a0est\u00e1n recibiendo cada vez m\u00e1s atenci\u00f3n. Esto es en respuesta a un conjunto creciente de investigaci\u00f3n cient\u00edfica que demuestra los beneficios que este tipo de componentes pueden aportar a los animales. Nuestros productos de la gama DaaFit contienen \u00e1cidos grasos de cadena media, as\u00ed como una combinaci\u00f3n de \u00e1cidos grasos de cadena media y corta, que han sido el tema de estos estudios cient\u00edficos.<\/p>\n<p><strong>\u00bfPuedo aplicar los \u00e1cidos org\u00e1nicos de Pancosma a los sistemas de agua de consumo para animales de granja?<\/strong><\/p>\n<p>Nuestros productos DaaquaSafe y DaaquaForce se desarrollaron espec\u00edficamente para la aplicaci\u00f3n al sistema de agua de consumo en las granjas.<\/p>\n<p><strong>\u00bfPueden ofrecer soluciones a la medida de \u00e1cidos org\u00e1nicos para coincidir con mis desaf\u00edos espec\u00edficos?<\/strong><\/p>\n<p>S\u00ed, tenemos la capacidad de adaptar los acidulantes a las necesidades espec\u00edficas de nuestros clientes. Conozca m\u00e1s sobre nuestro\u00a0<a href=\"https:\/\/www.pancosma.com\/portfolio-item\/provit\/\">servicio a la medida aqu\u00ed<\/a>.<\/p>\n<p><strong>\u00a0\u00bfTienen \u00e1cidos org\u00e1nicos adecuados para la acuacultura?<\/strong><\/p>\n<p>S\u00ed, todos nuestros productos de conservaci\u00f3n e higiene de los alimentos se pueden aplicar a la acuacultura. Junto con nuestros colegas de Aqua, tambi\u00e9n hemos llevado a cabo varios ensayos para investigar el impacto de los productos DaaFit en el bienestar de peces y camarones, los cuales mostraron una respuesta positiva.<\/p>\n<p>Si tiene cualquier otra pregunta, por favor, no dude en \n\t\n\t<a href=\"#form\" class=\"avia-button avia-color-#444444 avia-icon_select-yes-left-icon avia-size-large avia-position-center\" data-lity>CONTACT OUR EXPERTS<\/a>\n\t<div id=\"form\" style=\"background:#fff\" class=\"lity-hide\">\n\t\t\n<div class=\"wpcf7 no-js\" id=\"wpcf7-f18914-o1\" lang=\"en-US\" dir=\"ltr\" data-wpcf7-id=\"18914\">\n<div class=\"screen-reader-response\"><p role=\"status\" aria-live=\"polite\" aria-atomic=\"true\"><\/p> <ul><\/ul><\/div>\n<form action=\"\/es\/wp-json\/wp\/v2\/pages\/20118#wpcf7-f18914-o1\" method=\"post\" class=\"wpcf7-form init\" aria-label=\"Contact form\" novalidate=\"novalidate\" data-status=\"init\">\n<fieldset class=\"hidden-fields-container\"><input type=\"hidden\" name=\"_wpcf7\" value=\"18914\" \/><input type=\"hidden\" name=\"_wpcf7_version\" value=\"6.1.5\" \/><input type=\"hidden\" name=\"_wpcf7_locale\" value=\"en_US\" \/><input type=\"hidden\" name=\"_wpcf7_unit_tag\" value=\"wpcf7-f18914-o1\" \/><input type=\"hidden\" name=\"_wpcf7_container_post\" value=\"0\" \/><input type=\"hidden\" name=\"_wpcf7_posted_data_hash\" value=\"\" \/><input type=\"hidden\" name=\"_wpcf7_recaptcha_response\" value=\"\" \/>\n<\/fieldset>\n<div class=\"grid-container cf7-product-contact\">\n\t<div class=\"row\" style=\"border:1px solid rgb(94, 166, 43)\">\n\t\t<div class=\"col-4\">\n\t\t\t<p><label><b>Name<\/b> (required)<br \/>\n<span class=\"wpcf7-form-control-wrap\" data-name=\"fullname\"><input size=\"40\" maxlength=\"400\" class=\"wpcf7-form-control wpcf7-text wpcf7-validates-as-required\" aria-required=\"true\" aria-invalid=\"false\" value=\"\" type=\"text\" name=\"fullname\" \/><\/span><\/label>\n\t\t\t<\/p>\n\t\t<\/div>\n\t\t<div class=\"col-4\">\n\t\t\t<p><label><b>Company<\/b> (required)<br \/>\n<span class=\"wpcf7-form-control-wrap\" data-name=\"company\"><input size=\"40\" maxlength=\"400\" class=\"wpcf7-form-control wpcf7-text wpcf7-validates-as-required\" aria-required=\"true\" aria-invalid=\"false\" value=\"\" type=\"text\" name=\"company\" \/><\/span><\/label>\n\t\t\t<\/p>\n\t\t<\/div>\n\t\t<div class=\"col-4\">\n\t\t\t<p><label><b>Email<\/b> (required)<br \/>\n<span class=\"wpcf7-form-control-wrap\" data-name=\"email\"><input size=\"40\" maxlength=\"400\" class=\"wpcf7-form-control wpcf7-email wpcf7-validates-as-required wpcf7-text wpcf7-validates-as-email\" aria-required=\"true\" aria-invalid=\"false\" value=\"\" type=\"email\" name=\"email\" \/><\/span><\/label>\n\t\t\t<\/p>\n\t\t<\/div>\n\t\t<div class=\"col-4\">\n\t\t\t<p><label><b>Phone number<\/b> (required)<br \/>\n<span class=\"wpcf7-form-control-wrap\" data-name=\"phone\"><input size=\"40\" maxlength=\"400\" class=\"wpcf7-form-control wpcf7-text wpcf7-validates-as-required\" aria-required=\"true\" aria-invalid=\"false\" value=\"\" type=\"text\" name=\"phone\" \/><\/span><\/label>\n\t\t\t<\/p>\n\t\t<\/div>\n\t\t<div class=\"col-4\">\n\t\t\t<p><label><b>Country<\/b> (required)<br \/>\n<span class=\"wpcf7-form-control-wrap\" data-name=\"country\"><input size=\"40\" maxlength=\"400\" class=\"wpcf7-form-control wpcf7-text wpcf7-validates-as-required\" aria-required=\"true\" aria-invalid=\"false\" value=\"\" type=\"text\" name=\"country\" \/><\/span><\/label>\n\t\t\t<\/p>\n\t\t<\/div>\n\t<\/div>\n\t<div class=\"row\" style=\"border:1px solid rgb(94, 166, 43)\">\n\t\t<div class=\"col-4\">\n\t\t\t<p><label><b>Subject<\/b> (required)<\/label><br \/>\n<span class=\"wpcf7-form-control-wrap\" data-name=\"subject\"><span class=\"wpcf7-form-control wpcf7-checkbox wpcf7-validates-as-required\"><span class=\"wpcf7-list-item first\"><label><input type=\"checkbox\" name=\"subject[]\" value=\"TEK\" \/><span class=\"wpcf7-list-item-label\">TEK<\/span><\/label><\/span><span class=\"wpcf7-list-item\"><label><input type=\"checkbox\" name=\"subject[]\" value=\"SUCRAM\" \/><span class=\"wpcf7-list-item-label\">SUCRAM<\/span><\/label><\/span><span class=\"wpcf7-list-item\"><label><input type=\"checkbox\" name=\"subject[]\" value=\"MAGNASWEET\" \/><span class=\"wpcf7-list-item-label\">MAGNASWEET<\/span><\/label><\/span><span class=\"wpcf7-list-item\"><label><input type=\"checkbox\" name=\"subject[]\" value=\"B-TRAXIM\" \/><span class=\"wpcf7-list-item-label\">B-TRAXIM<\/span><\/label><\/span><span class=\"wpcf7-list-item\"><label><input type=\"checkbox\" name=\"subject[]\" value=\"CARBOVET\" \/><span class=\"wpcf7-list-item-label\">CARBOVET<\/span><\/label><\/span><span class=\"wpcf7-list-item\"><label><input type=\"checkbox\" name=\"subject[]\" value=\"NEX\" \/><span class=\"wpcf7-list-item-label\">NEX<\/span><\/label><\/span><span class=\"wpcf7-list-item\"><label><input type=\"checkbox\" name=\"subject[]\" value=\"CITRISTIM\" \/><span class=\"wpcf7-list-item-label\">CITRISTIM<\/span><\/label><\/span><span class=\"wpcf7-list-item\"><label><input type=\"checkbox\" name=\"subject[]\" value=\"ORGANIC ACIDS\" \/><span class=\"wpcf7-list-item-label\">ORGANIC ACIDS<\/span><\/label><\/span><span class=\"wpcf7-list-item\"><label><input type=\"checkbox\" name=\"subject[]\" value=\"ANCO FIT\" \/><span class=\"wpcf7-list-item-label\">ANCO FIT<\/span><\/label><\/span><span class=\"wpcf7-list-item last\"><label><input type=\"checkbox\" name=\"subject[]\" value=\"XTRACT\" \/><span class=\"wpcf7-list-item-label\">XTRACT<\/span><\/label><\/span><\/span><\/span>\n\t\t\t<\/p>\n\t\t<\/div>\n\t\t<div class=\"col-4\">\n\t\t\t<p><label><b>Species of interest<\/b> (required)<\/label><br \/>\n<span class=\"wpcf7-form-control-wrap\" data-name=\"species\"><span class=\"wpcf7-form-control wpcf7-checkbox wpcf7-validates-as-required\"><span class=\"wpcf7-list-item first\"><label><input type=\"checkbox\" name=\"species[]\" value=\"Swine\" \/><span class=\"wpcf7-list-item-label\">Swine<\/span><\/label><\/span><span class=\"wpcf7-list-item\"><label><input type=\"checkbox\" name=\"species[]\" value=\"Ruminants\" \/><span class=\"wpcf7-list-item-label\">Ruminants<\/span><\/label><\/span><span class=\"wpcf7-list-item\"><label><input type=\"checkbox\" name=\"species[]\" value=\"Sheep\" \/><span class=\"wpcf7-list-item-label\">Sheep<\/span><\/label><\/span><span class=\"wpcf7-list-item\"><label><input type=\"checkbox\" name=\"species[]\" value=\"Poultry\" \/><span class=\"wpcf7-list-item-label\">Poultry<\/span><\/label><\/span><span class=\"wpcf7-list-item\"><label><input type=\"checkbox\" name=\"species[]\" value=\"Aquaculture\" \/><span class=\"wpcf7-list-item-label\">Aquaculture<\/span><\/label><\/span><span class=\"wpcf7-list-item\"><label><input type=\"checkbox\" name=\"species[]\" value=\"Game\" \/><span class=\"wpcf7-list-item-label\">Game<\/span><\/label><\/span><span class=\"wpcf7-list-item\"><label><input type=\"checkbox\" name=\"species[]\" value=\"Horses\" \/><span class=\"wpcf7-list-item-label\">Horses<\/span><\/label><\/span><span class=\"wpcf7-list-item last\"><label><input type=\"checkbox\" name=\"species[]\" value=\"Rabbit\" \/><span class=\"wpcf7-list-item-label\">Rabbit<\/span><\/label><\/span><\/span><\/span>\n\t\t\t<\/p>\n\t\t<\/div>\n\t\t<div class=\"col-4\">\n\t\t\t<p><label> <b>Message<\/b><br \/>\n<span class=\"wpcf7-form-control-wrap\" data-name=\"message\"><textarea cols=\"40\" rows=\"10\" maxlength=\"2000\" class=\"wpcf7-form-control wpcf7-textarea\" aria-invalid=\"false\" name=\"message\"><\/textarea><\/span> <\/label>\n\t\t\t<\/p>\n\t\t<\/div>\n\t<\/div>\n\t<div class=\"row\">\n\t\t<div class=\"col-12\">\n\t\t\t<p><span class=\"wpcf7-form-control-wrap\" data-name=\"rgpd\"><span class=\"wpcf7-form-control wpcf7-acceptance\"><span class=\"wpcf7-list-item\"><label><input type=\"checkbox\" name=\"rgpd\" value=\"1\" aria-invalid=\"false\" \/><span class=\"wpcf7-list-item-label\">I agree\u00a0and acknowledge that ADM will process my personal data for the purposes described in its <a href=\"https:\/\/www.compliance.adm.com\/documents\/privacy-policy\/\" target=\"_blank\" rel=\"noopener\">Privacy Policy<\/a><\/span><\/label><\/span><\/span><\/span>\n\t\t\t<\/p>\n\t\t\t<p style=\"color:#444; font-size:13px; padding-left:15px;\"><b>Stay up to date<\/b><br \/>\nIf you would like to subscribe to the Pancosma newsletter, <a href=\"\/pancosma-newsletter-subscription\/\" target=\"_blank\" rel=\"noopener\">please subscribe here.<\/a>\n\t\t\t<\/p>\n\t\t\t<p><input class=\"wpcf7-form-control wpcf7-submit has-spinner\" type=\"submit\" value=\"Submit\" \/>\n\t\t\t<\/p>\n\t\t<\/div>\n\t<\/div>\n<\/div><div class=\"wpcf7-response-output\" aria-hidden=\"true\"><\/div>\n<\/form>\n<\/div>\n\t<\/div>\n\n\t<\/p>\n<p><em>*No todos los productos est\u00e1n disponibles en todas las regiones. Pancosma, una marca de ADM, no hace ninguna representaci\u00f3n ni garant\u00eda, ya sea expresa o impl\u00edcita, en lo referente a la fiabilidad o la integridad de la informaci\u00f3n. Los usos y las declaraciones se deben adaptar para cumplir con el entorno actual reglamentario local\/ regional. Esta informaci\u00f3n no implica ninguna recomendaci\u00f3n expresa para la cura, mitigaci\u00f3n, tratamiento o prevenci\u00f3n de enfermedades.<\/em><\/p>\n<h3><strong>Art\u00edculos pertinentes<\/strong><\/h3>\n<p><a href=\"https:\/\/www.pancosma.com\/es\/organic-acids-new-arrivals-in-the-pancosma-product-categories\/\" target=\"_blank\" rel=\"noopener\">Organic acids &#8211; new arrivals in the Pancosma product categories<\/a><\/p>\n<\/div><\/section><\/div><\/div><!--close column table wrapper. Autoclose: 1 -->\n<div  style='height:20px' class='hr hr-invisible   avia-builder-el-10  el_after_av_one_full  avia-builder-el-last '><span class='hr-inner ' ><span class='hr-inner-style'><\/span><\/span><\/div>\n","protected":false},"excerpt":{"rendered":"","protected":false},"author":16,"featured_media":0,"parent":0,"menu_order":0,"comment_status":"closed","ping_status":"closed","template":"","meta":{"_acf_changed":false,"footnotes":""},"class_list":["post-20118","page","type-page","status-publish","hentry"],"acf":[],"yoast_head":"<!-- This site is optimized with the Yoast SEO plugin v27.4 - https:\/\/yoast.com\/product\/yoast-seo-wordpress\/ -->\n<title>\u00c1cidos org\u00e1nicos - Pancosma<\/title>\n<meta name=\"description\" content=\"Pancosma ofrece una gama de productos con \u00e1cidos org\u00e1nicos para varios objetivos en f\u00e1bricas de piensos, plantas de premezclas y en fincas ganaderas\" \/>\n<meta name=\"robots\" content=\"index, follow, max-snippet:-1, max-image-preview:large, max-video-preview:-1\" \/>\n<link rel=\"canonical\" href=\"https:\/\/www.pancosma.com\/es\/acidos-organicos\/\" \/>\n<meta property=\"og:locale\" content=\"es_ES\" \/>\n<meta property=\"og:type\" content=\"article\" \/>\n<meta property=\"og:title\" content=\"\u00c1cidos org\u00e1nicos - Pancosma\" \/>\n<meta property=\"og:description\" content=\"Pancosma ofrece una gama de productos con \u00e1cidos org\u00e1nicos para varios objetivos en f\u00e1bricas de piensos, plantas de premezclas y en fincas ganaderas\" \/>\n<meta property=\"og:url\" content=\"https:\/\/www.pancosma.com\/es\/acidos-organicos\/\" \/>\n<meta property=\"og:site_name\" content=\"Pancosma\" \/>\n<meta property=\"article:modified_time\" content=\"2021-12-07T07:31:59+00:00\" \/>\n<meta name=\"twitter:card\" content=\"summary_large_image\" \/>\n<meta name=\"twitter:label1\" content=\"Est. reading time\" \/>\n\t<meta name=\"twitter:data1\" content=\"8 minutes\" \/>\n<script type=\"application\/ld+json\" class=\"yoast-schema-graph\">{\"@context\":\"https:\\\/\\\/schema.org\",\"@graph\":[{\"@type\":\"WebPage\",\"@id\":\"https:\\\/\\\/www.pancosma.com\\\/es\\\/acidos-organicos\\\/\",\"url\":\"https:\\\/\\\/www.pancosma.com\\\/es\\\/acidos-organicos\\\/\",\"name\":\"\u00c1cidos org\u00e1nicos - Pancosma\",\"isPartOf\":{\"@id\":\"https:\\\/\\\/www.pancosma.com\\\/#website\"},\"datePublished\":\"2021-12-05T19:14:40+00:00\",\"dateModified\":\"2021-12-07T07:31:59+00:00\",\"description\":\"Pancosma ofrece una gama de productos con \u00e1cidos org\u00e1nicos para varios objetivos en f\u00e1bricas de piensos, plantas de premezclas y en fincas ganaderas\",\"breadcrumb\":{\"@id\":\"https:\\\/\\\/www.pancosma.com\\\/es\\\/acidos-organicos\\\/#breadcrumb\"},\"inLanguage\":\"es-ES\",\"potentialAction\":[{\"@type\":\"ReadAction\",\"target\":[\"https:\\\/\\\/www.pancosma.com\\\/es\\\/acidos-organicos\\\/\"]}]},{\"@type\":\"BreadcrumbList\",\"@id\":\"https:\\\/\\\/www.pancosma.com\\\/es\\\/acidos-organicos\\\/#breadcrumb\",\"itemListElement\":[{\"@type\":\"ListItem\",\"position\":1,\"name\":\"Home\",\"item\":\"https:\\\/\\\/www.pancosma.com\\\/es\\\/\"},{\"@type\":\"ListItem\",\"position\":2,\"name\":\"\u00c1cidos org\u00e1nicos\"}]},{\"@type\":\"WebSite\",\"@id\":\"https:\\\/\\\/www.pancosma.com\\\/#website\",\"url\":\"https:\\\/\\\/www.pancosma.com\\\/\",\"name\":\"Pancosma\",\"description\":\"Innovative feed additives\",\"potentialAction\":[{\"@type\":\"SearchAction\",\"target\":{\"@type\":\"EntryPoint\",\"urlTemplate\":\"https:\\\/\\\/www.pancosma.com\\\/?s={search_term_string}\"},\"query-input\":{\"@type\":\"PropertyValueSpecification\",\"valueRequired\":true,\"valueName\":\"search_term_string\"}}],\"inLanguage\":\"es-ES\"}]}<\/script>\n<!-- \/ Yoast SEO plugin. -->","yoast_head_json":{"title":"\u00c1cidos org\u00e1nicos - Pancosma","description":"Pancosma ofrece una gama de productos con \u00e1cidos org\u00e1nicos para varios objetivos en f\u00e1bricas de piensos, plantas de premezclas y en fincas ganaderas","robots":{"index":"index","follow":"follow","max-snippet":"max-snippet:-1","max-image-preview":"max-image-preview:large","max-video-preview":"max-video-preview:-1"},"canonical":"https:\/\/www.pancosma.com\/es\/acidos-organicos\/","og_locale":"es_ES","og_type":"article","og_title":"\u00c1cidos org\u00e1nicos - Pancosma","og_description":"Pancosma ofrece una gama de productos con \u00e1cidos org\u00e1nicos para varios objetivos en f\u00e1bricas de piensos, plantas de premezclas y en fincas ganaderas","og_url":"https:\/\/www.pancosma.com\/es\/acidos-organicos\/","og_site_name":"Pancosma","article_modified_time":"2021-12-07T07:31:59+00:00","twitter_card":"summary_large_image","twitter_misc":{"Est. reading time":"8 minutes"},"schema":{"@context":"https:\/\/schema.org","@graph":[{"@type":"WebPage","@id":"https:\/\/www.pancosma.com\/es\/acidos-organicos\/","url":"https:\/\/www.pancosma.com\/es\/acidos-organicos\/","name":"\u00c1cidos org\u00e1nicos - Pancosma","isPartOf":{"@id":"https:\/\/www.pancosma.com\/#website"},"datePublished":"2021-12-05T19:14:40+00:00","dateModified":"2021-12-07T07:31:59+00:00","description":"Pancosma ofrece una gama de productos con \u00e1cidos org\u00e1nicos para varios objetivos en f\u00e1bricas de piensos, plantas de premezclas y en fincas ganaderas","breadcrumb":{"@id":"https:\/\/www.pancosma.com\/es\/acidos-organicos\/#breadcrumb"},"inLanguage":"es-ES","potentialAction":[{"@type":"ReadAction","target":["https:\/\/www.pancosma.com\/es\/acidos-organicos\/"]}]},{"@type":"BreadcrumbList","@id":"https:\/\/www.pancosma.com\/es\/acidos-organicos\/#breadcrumb","itemListElement":[{"@type":"ListItem","position":1,"name":"Home","item":"https:\/\/www.pancosma.com\/es\/"},{"@type":"ListItem","position":2,"name":"\u00c1cidos org\u00e1nicos"}]},{"@type":"WebSite","@id":"https:\/\/www.pancosma.com\/#website","url":"https:\/\/www.pancosma.com\/","name":"Pancosma","description":"Innovative feed additives","potentialAction":[{"@type":"SearchAction","target":{"@type":"EntryPoint","urlTemplate":"https:\/\/www.pancosma.com\/?s={search_term_string}"},"query-input":{"@type":"PropertyValueSpecification","valueRequired":true,"valueName":"search_term_string"}}],"inLanguage":"es-ES"}]}},"_links":{"self":[{"href":"https:\/\/www.pancosma.com\/es\/wp-json\/wp\/v2\/pages\/20118","targetHints":{"allow":["GET"]}}],"collection":[{"href":"https:\/\/www.pancosma.com\/es\/wp-json\/wp\/v2\/pages"}],"about":[{"href":"https:\/\/www.pancosma.com\/es\/wp-json\/wp\/v2\/types\/page"}],"author":[{"embeddable":true,"href":"https:\/\/www.pancosma.com\/es\/wp-json\/wp\/v2\/users\/16"}],"replies":[{"embeddable":true,"href":"https:\/\/www.pancosma.com\/es\/wp-json\/wp\/v2\/comments?post=20118"}],"version-history":[{"count":5,"href":"https:\/\/www.pancosma.com\/es\/wp-json\/wp\/v2\/pages\/20118\/revisions"}],"predecessor-version":[{"id":21772,"href":"https:\/\/www.pancosma.com\/es\/wp-json\/wp\/v2\/pages\/20118\/revisions\/21772"}],"wp:attachment":[{"href":"https:\/\/www.pancosma.com\/es\/wp-json\/wp\/v2\/media?parent=20118"}],"curies":[{"name":"wp","href":"https:\/\/api.w.org\/{rel}","templated":true}]}}