{"id":20132,"date":"2021-12-05T20:17:44","date_gmt":"2021-12-05T19:17:44","guid":{"rendered":"https:\/\/www.pancosma.com\/?page_id=20132"},"modified":"2022-06-10T13:10:39","modified_gmt":"2022-06-10T11:10:39","slug":"bioactivos-fitogeneticos","status":"publish","type":"page","link":"https:\/\/www.pancosma.com\/es\/bioactivos-fitogeneticos\/","title":{"rendered":"Bioactivos fitogen\u00e9ticos"},"content":{"rendered":"<div id='av_section_1'  class='avia-section main_color avia-section-default avia-no-border-styling  avia-bg-style-scroll  avia-builder-el-0  el_before_av_one_full  avia-builder-el-first   container_wrap sidebar_right' style='background-color: #5ea62b;  '  ><div class='container' ><main  role=\"main\" itemprop=\"mainContentOfPage\"  class='template-page content  av-content-small alpha units'><div class='post-entry post-entry-type-page post-entry-20132'><div class='entry-content-wrapper clearfix'>\n<div  style='padding-bottom:10px; color:#ffffff;' class='av-special-heading av-special-heading-h1 custom-color-heading blockquote modern-quote modern-centered  avia-builder-el-1  avia-builder-el-no-sibling  '><h1 class='av-special-heading-tag '  itemprop=\"headline\"  >Bioactivos fitogen\u00e9ticos<\/h1><div class ='av-subheading av-subheading_below av_custom_color ' style='font-size:15px;'><p>naturalmente eficaces en la nutrici\u00f3n animal<\/p>\n<\/div><div class='special-heading-border'><div class='special-heading-inner-border' style='border-color:#ffffff'><\/div><\/div><\/div>\n<\/div><\/div><\/main><!-- close content main element --><\/div><\/div><div id='after_section_1'  class='main_color av_default_container_wrap container_wrap sidebar_right' style=' '  ><div class='container' ><div class='template-page content  av-content-small alpha units'><div class='post-entry post-entry-type-page post-entry-20132'><div class='entry-content-wrapper clearfix'><div class='flex_column_table av-equal-height-column-flextable -flextable' style='margin-top:-100px; margin-bottom:0px; '><div class=\"flex_column av_one_full  no_margin flex_column_table_cell av-equal-height-column av-align-middle first  avia-builder-el-2  el_after_av_section  el_before_av_one_half  avia-builder-el-first  \" style='background: #ffffff; padding:30px; background-color:#ffffff; border-radius:0px; '><section class=\"av_textblock_section \"  itemscope=\"itemscope\" itemtype=\"https:\/\/schema.org\/CreativeWork\" ><div class='avia_textblock  '   itemprop=\"text\" ><p>Como l\u00edder y pionera mundial en el uso de extractos de plantas para la alimentaci\u00f3n animal, Pancosma ha desarrollado productos basados en combinaciones microencapsuladas estandarizadas de sustancias activas que se producen naturalmente de plantas arom\u00e1ticas y especias.<\/p>\n<\/div><\/section><\/div><\/div><!--close column table wrapper. Autoclose: 1 --><\/p>\n<div class='flex_column_table av-equal-height-column-flextable -flextable' style='margin-top:-30px; margin-bottom:0px; '><div class=\"flex_column av_one_half  no_margin flex_column_table_cell av-equal-height-column av-align-middle first  avia-builder-el-4  el_after_av_one_full  el_before_av_one_half  column-top-margin\" style='background: #ffffff; padding:30px; background-color:#ffffff; border-radius:30px; '><section class=\"av_textblock_section \"  itemscope=\"itemscope\" itemtype=\"https:\/\/schema.org\/CreativeWork\" ><div class='avia_textblock  '   itemprop=\"text\" ><h3><strong>Portafolio de bioactivos fitogen\u00e9ticos de Pancosma<\/strong><\/h3>\n<ul>\n<li>La l\u00ednea de productos <strong>XTRACT <\/strong>se basa en combinaciones microencapsuladas estandarizadas de sustancias activas que se producen naturalmente de plantas arom\u00e1ticas y especias.<\/li>\n<\/ul>\n<ul>\n<li><strong>NEX <\/strong>es una nueva l\u00ednea de productos de aditivos para piensos basada en una sola mol\u00e9cula cuidadosamente seleccionada. Esta mol\u00e9cula aborda un modo de acci\u00f3n preciso para compensar una deficiencia identificada en el metabolismo animal, espec\u00edfico para una cierta fase de la etapa del desarrollo del animal.<\/li>\n<\/ul>\n<\/div><\/section><\/div>\n<div class=\"flex_column av_one_half  no_margin flex_column_table_cell av-equal-height-column av-align-middle   avia-builder-el-6  el_after_av_one_half  el_before_av_one_full  column-top-margin\" style='padding:30px; background-color:#ffffff; border-radius:0px; '><div  class='avia-image-container  av-styling-    avia-builder-el-7  avia-builder-el-no-sibling  avia-align-center '  itemprop=\"image\" itemscope=\"itemscope\" itemtype=\"https:\/\/schema.org\/ImageObject\"  ><div class='avia-image-container-inner'><div class='avia-image-overlay-wrap'><img decoding=\"async\" class='wp-image-19514 avia-img-lazy-loading-not-19514 avia_image' src=\"https:\/\/www.pancosma.com\/wp-content\/uploads\/2021\/10\/Phytogenic-bioactives_495x400-002.jpg\" alt='phytogenic bioactives' title='Variety of spices on kitchen table' height=\"400\" width=\"495\"  itemprop=\"thumbnailUrl\" srcset=\"https:\/\/www.pancosma.com\/wp-content\/uploads\/2021\/10\/Phytogenic-bioactives_495x400-002.jpg 495w, https:\/\/www.pancosma.com\/wp-content\/uploads\/2021\/10\/Phytogenic-bioactives_495x400-002-300x242.jpg 300w\" sizes=\"(max-width: 495px) 100vw, 495px\" \/><\/div><\/div><\/div><\/div><\/div><!--close column table wrapper. Autoclose: 1 -->\n<div class='flex_column_table av-equal-height-column-flextable -flextable' style='margin-top:-40px; margin-bottom:0px; '><div class=\"flex_column av_one_full  no_margin flex_column_table_cell av-equal-height-column av-align-middle first  avia-builder-el-8  el_after_av_one_half  el_before_av_hr  column-top-margin\" style='background: #ffffff; padding:30px; background-color:#ffffff; border-radius:0px; '><section class=\"av_textblock_section \"  itemscope=\"itemscope\" itemtype=\"https:\/\/schema.org\/CreativeWork\" ><div class='avia_textblock  '   itemprop=\"text\" ><h3><strong>La calidad y la investigaci\u00f3n detr\u00e1s de los bioactivos fitogen\u00e9ticos de Pancosma<\/strong><\/h3>\n<p>Nuestros productos, en la l\u00ednea de productos fitogen\u00e9ticos es el resultado de un ambicioso programa cient\u00edfico de 20 a\u00f1os desarrollado y ejecutado en colaboraci\u00f3n con universidades y centros de investigaci\u00f3n en todo el mundo. El fundamento de esta l\u00ednea de productos es el conocimiento espec\u00edfico sobre las fitomol\u00e9culas y sus principales efectos.<\/p>\n<p>Pancosma fue pionera en obtener un registro aprobado de un aditivo zoot\u00e9cnico para piensos bajo la legislaci\u00f3n de alimentos de la UE para productos de bioactivos fitogen\u00e9ticos (XTRACT) aplicados en la producci\u00f3n de pollos de engorde.<\/p>\n<p>Los bioactivos de Pancosma son microencapsulados, lo que garantiza:<\/p>\n<ul>\n<li>la protecci\u00f3n de los bioactivos lo que resulta en una estabilidad y manejo \u00f3ptimos del aditivo para piensos<\/li>\n<li>una proporci\u00f3n igual de bioactivos en cada micropart\u00edcula<\/li>\n<li>un tama\u00f1o homog\u00e9neo de las part\u00edculas para una fluidez \u00f3ptima<\/li>\n<li>una respuesta consistente en las pruebas con animales<\/li>\n<\/ul>\n<h3><strong>\u00bfQu\u00e9 esperar de nuestra cartera de bioactivos fitogen\u00e9ticos?<\/strong><\/h3>\n<p>Basada en una comprensi\u00f3n clara de las preocupaciones y necesidades del cliente, esta gama de productos ofrece:<\/p>\n<ul>\n<li>soluciones que marcan tendencia econ\u00f3mica para todos los tipos de animales de granja<\/li>\n<li>soluciones para los mercados mundiales<\/li>\n<li>respaldo sostenible para satisfacer los requisitos de la producci\u00f3n ganadera moderna<\/li>\n<li>apoyo para optimizar el rendimiento de los animales<\/li>\n<\/ul>\n<p style=\"text-align: center;\">\n\t\n\t<a href=\"#form\" class=\"avia-button avia-color-#444444 avia-icon_select-yes-left-icon avia-size-large avia-position-center\" data-lity>CONTACT OUR EXPERTS<\/a>\n\t<div id=\"form\" style=\"background:#fff\" class=\"lity-hide\">\n\t\t\n<div class=\"wpcf7 no-js\" id=\"wpcf7-f18914-o1\" lang=\"en-US\" dir=\"ltr\" data-wpcf7-id=\"18914\">\n<div class=\"screen-reader-response\"><p role=\"status\" aria-live=\"polite\" aria-atomic=\"true\"><\/p> <ul><\/ul><\/div>\n<form action=\"\/es\/wp-json\/wp\/v2\/pages\/20132#wpcf7-f18914-o1\" method=\"post\" class=\"wpcf7-form init\" aria-label=\"Contact form\" novalidate=\"novalidate\" data-status=\"init\">\n<fieldset class=\"hidden-fields-container\"><input type=\"hidden\" name=\"_wpcf7\" value=\"18914\" \/><input type=\"hidden\" name=\"_wpcf7_version\" value=\"6.1.5\" \/><input type=\"hidden\" name=\"_wpcf7_locale\" value=\"en_US\" \/><input type=\"hidden\" name=\"_wpcf7_unit_tag\" value=\"wpcf7-f18914-o1\" \/><input type=\"hidden\" name=\"_wpcf7_container_post\" value=\"0\" \/><input type=\"hidden\" name=\"_wpcf7_posted_data_hash\" value=\"\" \/><input type=\"hidden\" name=\"_wpcf7_recaptcha_response\" value=\"\" \/>\n<\/fieldset>\n<div class=\"grid-container cf7-product-contact\">\n\t<div class=\"row\" style=\"border:1px solid rgb(94, 166, 43)\">\n\t\t<div class=\"col-4\">\n\t\t\t<p><label><b>Name<\/b> (required)<br \/>\n<span class=\"wpcf7-form-control-wrap\" data-name=\"fullname\"><input size=\"40\" maxlength=\"400\" class=\"wpcf7-form-control wpcf7-text wpcf7-validates-as-required\" aria-required=\"true\" aria-invalid=\"false\" value=\"\" type=\"text\" name=\"fullname\" \/><\/span><\/label>\n\t\t\t<\/p>\n\t\t<\/div>\n\t\t<div class=\"col-4\">\n\t\t\t<p><label><b>Company<\/b> (required)<br \/>\n<span class=\"wpcf7-form-control-wrap\" data-name=\"company\"><input size=\"40\" maxlength=\"400\" class=\"wpcf7-form-control wpcf7-text wpcf7-validates-as-required\" aria-required=\"true\" aria-invalid=\"false\" value=\"\" type=\"text\" name=\"company\" \/><\/span><\/label>\n\t\t\t<\/p>\n\t\t<\/div>\n\t\t<div class=\"col-4\">\n\t\t\t<p><label><b>Email<\/b> (required)<br \/>\n<span class=\"wpcf7-form-control-wrap\" data-name=\"email\"><input size=\"40\" maxlength=\"400\" class=\"wpcf7-form-control wpcf7-email wpcf7-validates-as-required wpcf7-text wpcf7-validates-as-email\" aria-required=\"true\" aria-invalid=\"false\" value=\"\" type=\"email\" name=\"email\" \/><\/span><\/label>\n\t\t\t<\/p>\n\t\t<\/div>\n\t\t<div class=\"col-4\">\n\t\t\t<p><label><b>Phone number<\/b> (required)<br \/>\n<span class=\"wpcf7-form-control-wrap\" data-name=\"phone\"><input size=\"40\" maxlength=\"400\" class=\"wpcf7-form-control wpcf7-text wpcf7-validates-as-required\" aria-required=\"true\" aria-invalid=\"false\" value=\"\" type=\"text\" name=\"phone\" \/><\/span><\/label>\n\t\t\t<\/p>\n\t\t<\/div>\n\t\t<div class=\"col-4\">\n\t\t\t<p><label><b>Country<\/b> (required)<br \/>\n<span class=\"wpcf7-form-control-wrap\" data-name=\"country\"><input size=\"40\" maxlength=\"400\" class=\"wpcf7-form-control wpcf7-text wpcf7-validates-as-required\" aria-required=\"true\" aria-invalid=\"false\" value=\"\" type=\"text\" name=\"country\" \/><\/span><\/label>\n\t\t\t<\/p>\n\t\t<\/div>\n\t<\/div>\n\t<div class=\"row\" style=\"border:1px solid rgb(94, 166, 43)\">\n\t\t<div class=\"col-4\">\n\t\t\t<p><label><b>Subject<\/b> (required)<\/label><br \/>\n<span class=\"wpcf7-form-control-wrap\" data-name=\"subject\"><span class=\"wpcf7-form-control wpcf7-checkbox wpcf7-validates-as-required\"><span class=\"wpcf7-list-item first\"><label><input type=\"checkbox\" name=\"subject[]\" value=\"TEK\" \/><span class=\"wpcf7-list-item-label\">TEK<\/span><\/label><\/span><span class=\"wpcf7-list-item\"><label><input type=\"checkbox\" name=\"subject[]\" value=\"SUCRAM\" \/><span class=\"wpcf7-list-item-label\">SUCRAM<\/span><\/label><\/span><span class=\"wpcf7-list-item\"><label><input type=\"checkbox\" name=\"subject[]\" value=\"MAGNASWEET\" \/><span class=\"wpcf7-list-item-label\">MAGNASWEET<\/span><\/label><\/span><span class=\"wpcf7-list-item\"><label><input type=\"checkbox\" name=\"subject[]\" value=\"B-TRAXIM\" \/><span class=\"wpcf7-list-item-label\">B-TRAXIM<\/span><\/label><\/span><span class=\"wpcf7-list-item\"><label><input type=\"checkbox\" name=\"subject[]\" value=\"CARBOVET\" \/><span class=\"wpcf7-list-item-label\">CARBOVET<\/span><\/label><\/span><span class=\"wpcf7-list-item\"><label><input type=\"checkbox\" name=\"subject[]\" value=\"NEX\" \/><span class=\"wpcf7-list-item-label\">NEX<\/span><\/label><\/span><span class=\"wpcf7-list-item\"><label><input type=\"checkbox\" name=\"subject[]\" value=\"CITRISTIM\" \/><span class=\"wpcf7-list-item-label\">CITRISTIM<\/span><\/label><\/span><span class=\"wpcf7-list-item\"><label><input type=\"checkbox\" name=\"subject[]\" value=\"ORGANIC ACIDS\" \/><span class=\"wpcf7-list-item-label\">ORGANIC ACIDS<\/span><\/label><\/span><span class=\"wpcf7-list-item\"><label><input type=\"checkbox\" name=\"subject[]\" value=\"ANCO FIT\" \/><span class=\"wpcf7-list-item-label\">ANCO FIT<\/span><\/label><\/span><span class=\"wpcf7-list-item last\"><label><input type=\"checkbox\" name=\"subject[]\" value=\"XTRACT\" \/><span class=\"wpcf7-list-item-label\">XTRACT<\/span><\/label><\/span><\/span><\/span>\n\t\t\t<\/p>\n\t\t<\/div>\n\t\t<div class=\"col-4\">\n\t\t\t<p><label><b>Species of interest<\/b> (required)<\/label><br \/>\n<span class=\"wpcf7-form-control-wrap\" data-name=\"species\"><span class=\"wpcf7-form-control wpcf7-checkbox wpcf7-validates-as-required\"><span class=\"wpcf7-list-item first\"><label><input type=\"checkbox\" name=\"species[]\" value=\"Swine\" \/><span class=\"wpcf7-list-item-label\">Swine<\/span><\/label><\/span><span class=\"wpcf7-list-item\"><label><input type=\"checkbox\" name=\"species[]\" value=\"Ruminants\" \/><span class=\"wpcf7-list-item-label\">Ruminants<\/span><\/label><\/span><span class=\"wpcf7-list-item\"><label><input type=\"checkbox\" name=\"species[]\" value=\"Sheep\" \/><span class=\"wpcf7-list-item-label\">Sheep<\/span><\/label><\/span><span class=\"wpcf7-list-item\"><label><input type=\"checkbox\" name=\"species[]\" value=\"Poultry\" \/><span class=\"wpcf7-list-item-label\">Poultry<\/span><\/label><\/span><span class=\"wpcf7-list-item\"><label><input type=\"checkbox\" name=\"species[]\" value=\"Aquaculture\" \/><span class=\"wpcf7-list-item-label\">Aquaculture<\/span><\/label><\/span><span class=\"wpcf7-list-item\"><label><input type=\"checkbox\" name=\"species[]\" value=\"Game\" \/><span class=\"wpcf7-list-item-label\">Game<\/span><\/label><\/span><span class=\"wpcf7-list-item\"><label><input type=\"checkbox\" name=\"species[]\" value=\"Horses\" \/><span class=\"wpcf7-list-item-label\">Horses<\/span><\/label><\/span><span class=\"wpcf7-list-item last\"><label><input type=\"checkbox\" name=\"species[]\" value=\"Rabbit\" \/><span class=\"wpcf7-list-item-label\">Rabbit<\/span><\/label><\/span><\/span><\/span>\n\t\t\t<\/p>\n\t\t<\/div>\n\t\t<div class=\"col-4\">\n\t\t\t<p><label> <b>Message<\/b><br \/>\n<span class=\"wpcf7-form-control-wrap\" data-name=\"message\"><textarea cols=\"40\" rows=\"10\" maxlength=\"2000\" class=\"wpcf7-form-control wpcf7-textarea\" aria-invalid=\"false\" name=\"message\"><\/textarea><\/span> <\/label>\n\t\t\t<\/p>\n\t\t<\/div>\n\t<\/div>\n\t<div class=\"row\">\n\t\t<div class=\"col-12\">\n\t\t\t<p><span class=\"wpcf7-form-control-wrap\" data-name=\"rgpd\"><span class=\"wpcf7-form-control wpcf7-acceptance\"><span class=\"wpcf7-list-item\"><label><input type=\"checkbox\" name=\"rgpd\" value=\"1\" aria-invalid=\"false\" \/><span class=\"wpcf7-list-item-label\">I agree\u00a0and acknowledge that ADM will process my personal data for the purposes described in its <a href=\"https:\/\/www.compliance.adm.com\/documents\/privacy-policy\/\" target=\"_blank\" rel=\"noopener\">Privacy Policy<\/a><\/span><\/label><\/span><\/span><\/span>\n\t\t\t<\/p>\n\t\t\t<p style=\"color:#444; font-size:13px; padding-left:15px;\"><b>Stay up to date<\/b><br \/>\nIf you would like to subscribe to the Pancosma newsletter, <a href=\"\/pancosma-newsletter-subscription\/\" target=\"_blank\" rel=\"noopener\">please subscribe here.<\/a>\n\t\t\t<\/p>\n\t\t\t<p><input class=\"wpcf7-form-control wpcf7-submit has-spinner\" type=\"submit\" value=\"Submit\" \/>\n\t\t\t<\/p>\n\t\t<\/div>\n\t<\/div>\n<\/div><div class=\"wpcf7-response-output\" aria-hidden=\"true\"><\/div>\n<\/form>\n<\/div>\n\t<\/div>\n\n\t<\/p>\n<\/div><\/section><\/div><\/div><!--close column table wrapper. Autoclose: 1 -->\n<div  style='height:20px' class='hr hr-invisible   avia-builder-el-10  el_after_av_one_full  avia-builder-el-last '><span class='hr-inner ' ><span class='hr-inner-style'><\/span><\/span><\/div>\n","protected":false},"excerpt":{"rendered":"","protected":false},"author":16,"featured_media":0,"parent":0,"menu_order":0,"comment_status":"closed","ping_status":"closed","template":"","meta":{"_acf_changed":false,"footnotes":""},"class_list":["post-20132","page","type-page","status-publish","hentry"],"acf":[],"yoast_head":"<!-- This site is optimized with the Yoast SEO plugin v27.3 - https:\/\/yoast.com\/product\/yoast-seo-wordpress\/ -->\n<title>Bioactivos fitogen\u00e9ticos - Pancosma<\/title>\n<meta name=\"description\" content=\"bioactivos-fitogeneticos - eficaces en la nutrici\u00f3n animal\" \/>\n<meta name=\"robots\" content=\"index, follow, max-snippet:-1, max-image-preview:large, max-video-preview:-1\" \/>\n<link rel=\"canonical\" href=\"https:\/\/www.pancosma.com\/es\/bioactivos-fitogeneticos\/\" \/>\n<meta property=\"og:locale\" content=\"es_ES\" \/>\n<meta property=\"og:type\" content=\"article\" \/>\n<meta property=\"og:title\" content=\"Bioactivos fitogen\u00e9ticos - Pancosma\" \/>\n<meta property=\"og:description\" content=\"bioactivos-fitogeneticos - eficaces en la nutrici\u00f3n animal\" \/>\n<meta property=\"og:url\" content=\"https:\/\/www.pancosma.com\/es\/bioactivos-fitogeneticos\/\" \/>\n<meta property=\"og:site_name\" content=\"Pancosma\" \/>\n<meta property=\"article:modified_time\" content=\"2022-06-10T11:10:39+00:00\" \/>\n<meta name=\"twitter:card\" content=\"summary_large_image\" \/>\n<meta name=\"twitter:label1\" content=\"Est. reading time\" \/>\n\t<meta name=\"twitter:data1\" content=\"6 minutes\" \/>\n<script type=\"application\/ld+json\" class=\"yoast-schema-graph\">{\"@context\":\"https:\\\/\\\/schema.org\",\"@graph\":[{\"@type\":\"WebPage\",\"@id\":\"https:\\\/\\\/www.pancosma.com\\\/es\\\/bioactivos-fitogeneticos\\\/\",\"url\":\"https:\\\/\\\/www.pancosma.com\\\/es\\\/bioactivos-fitogeneticos\\\/\",\"name\":\"Bioactivos fitogen\u00e9ticos - Pancosma\",\"isPartOf\":{\"@id\":\"https:\\\/\\\/www.pancosma.com\\\/#website\"},\"datePublished\":\"2021-12-05T19:17:44+00:00\",\"dateModified\":\"2022-06-10T11:10:39+00:00\",\"description\":\"bioactivos-fitogeneticos - eficaces en la nutrici\u00f3n animal\",\"breadcrumb\":{\"@id\":\"https:\\\/\\\/www.pancosma.com\\\/es\\\/bioactivos-fitogeneticos\\\/#breadcrumb\"},\"inLanguage\":\"es-ES\",\"potentialAction\":[{\"@type\":\"ReadAction\",\"target\":[\"https:\\\/\\\/www.pancosma.com\\\/es\\\/bioactivos-fitogeneticos\\\/\"]}]},{\"@type\":\"BreadcrumbList\",\"@id\":\"https:\\\/\\\/www.pancosma.com\\\/es\\\/bioactivos-fitogeneticos\\\/#breadcrumb\",\"itemListElement\":[{\"@type\":\"ListItem\",\"position\":1,\"name\":\"Home\",\"item\":\"https:\\\/\\\/www.pancosma.com\\\/es\\\/\"},{\"@type\":\"ListItem\",\"position\":2,\"name\":\"Bioactivos fitogen\u00e9ticos\"}]},{\"@type\":\"WebSite\",\"@id\":\"https:\\\/\\\/www.pancosma.com\\\/#website\",\"url\":\"https:\\\/\\\/www.pancosma.com\\\/\",\"name\":\"Pancosma\",\"description\":\"Innovative feed additives\",\"potentialAction\":[{\"@type\":\"SearchAction\",\"target\":{\"@type\":\"EntryPoint\",\"urlTemplate\":\"https:\\\/\\\/www.pancosma.com\\\/?s={search_term_string}\"},\"query-input\":{\"@type\":\"PropertyValueSpecification\",\"valueRequired\":true,\"valueName\":\"search_term_string\"}}],\"inLanguage\":\"es-ES\"}]}<\/script>\n<!-- \/ Yoast SEO plugin. -->","yoast_head_json":{"title":"Bioactivos fitogen\u00e9ticos - Pancosma","description":"bioactivos-fitogeneticos - eficaces en la nutrici\u00f3n animal","robots":{"index":"index","follow":"follow","max-snippet":"max-snippet:-1","max-image-preview":"max-image-preview:large","max-video-preview":"max-video-preview:-1"},"canonical":"https:\/\/www.pancosma.com\/es\/bioactivos-fitogeneticos\/","og_locale":"es_ES","og_type":"article","og_title":"Bioactivos fitogen\u00e9ticos - Pancosma","og_description":"bioactivos-fitogeneticos - eficaces en la nutrici\u00f3n animal","og_url":"https:\/\/www.pancosma.com\/es\/bioactivos-fitogeneticos\/","og_site_name":"Pancosma","article_modified_time":"2022-06-10T11:10:39+00:00","twitter_card":"summary_large_image","twitter_misc":{"Est. reading time":"6 minutes"},"schema":{"@context":"https:\/\/schema.org","@graph":[{"@type":"WebPage","@id":"https:\/\/www.pancosma.com\/es\/bioactivos-fitogeneticos\/","url":"https:\/\/www.pancosma.com\/es\/bioactivos-fitogeneticos\/","name":"Bioactivos fitogen\u00e9ticos - Pancosma","isPartOf":{"@id":"https:\/\/www.pancosma.com\/#website"},"datePublished":"2021-12-05T19:17:44+00:00","dateModified":"2022-06-10T11:10:39+00:00","description":"bioactivos-fitogeneticos - eficaces en la nutrici\u00f3n animal","breadcrumb":{"@id":"https:\/\/www.pancosma.com\/es\/bioactivos-fitogeneticos\/#breadcrumb"},"inLanguage":"es-ES","potentialAction":[{"@type":"ReadAction","target":["https:\/\/www.pancosma.com\/es\/bioactivos-fitogeneticos\/"]}]},{"@type":"BreadcrumbList","@id":"https:\/\/www.pancosma.com\/es\/bioactivos-fitogeneticos\/#breadcrumb","itemListElement":[{"@type":"ListItem","position":1,"name":"Home","item":"https:\/\/www.pancosma.com\/es\/"},{"@type":"ListItem","position":2,"name":"Bioactivos fitogen\u00e9ticos"}]},{"@type":"WebSite","@id":"https:\/\/www.pancosma.com\/#website","url":"https:\/\/www.pancosma.com\/","name":"Pancosma","description":"Innovative feed additives","potentialAction":[{"@type":"SearchAction","target":{"@type":"EntryPoint","urlTemplate":"https:\/\/www.pancosma.com\/?s={search_term_string}"},"query-input":{"@type":"PropertyValueSpecification","valueRequired":true,"valueName":"search_term_string"}}],"inLanguage":"es-ES"}]}},"_links":{"self":[{"href":"https:\/\/www.pancosma.com\/es\/wp-json\/wp\/v2\/pages\/20132","targetHints":{"allow":["GET"]}}],"collection":[{"href":"https:\/\/www.pancosma.com\/es\/wp-json\/wp\/v2\/pages"}],"about":[{"href":"https:\/\/www.pancosma.com\/es\/wp-json\/wp\/v2\/types\/page"}],"author":[{"embeddable":true,"href":"https:\/\/www.pancosma.com\/es\/wp-json\/wp\/v2\/users\/16"}],"replies":[{"embeddable":true,"href":"https:\/\/www.pancosma.com\/es\/wp-json\/wp\/v2\/comments?post=20132"}],"version-history":[{"count":5,"href":"https:\/\/www.pancosma.com\/es\/wp-json\/wp\/v2\/pages\/20132\/revisions"}],"predecessor-version":[{"id":21784,"href":"https:\/\/www.pancosma.com\/es\/wp-json\/wp\/v2\/pages\/20132\/revisions\/21784"}],"wp:attachment":[{"href":"https:\/\/www.pancosma.com\/es\/wp-json\/wp\/v2\/media?parent=20132"}],"curies":[{"name":"wp","href":"https:\/\/api.w.org\/{rel}","templated":true}]}}