{"id":20140,"date":"2021-12-05T20:13:42","date_gmt":"2021-12-05T19:13:42","guid":{"rendered":"https:\/\/www.pancosma.com\/?page_id=20140"},"modified":"2022-06-10T13:03:47","modified_gmt":"2022-06-10T11:03:47","slug":"levadura-pichia","status":"publish","type":"page","link":"https:\/\/www.pancosma.com\/es\/levadura-pichia\/","title":{"rendered":"Levadura Pichia"},"content":{"rendered":"<div id='av_section_1'  class='avia-section main_color avia-section-default avia-no-border-styling  avia-bg-style-scroll  avia-builder-el-0  el_before_av_one_full  avia-builder-el-first   container_wrap sidebar_right' style='background-color: #5ea62b;  '  ><div class='container' ><main  role=\"main\" itemprop=\"mainContentOfPage\"  class='template-page content  av-content-small alpha units'><div class='post-entry post-entry-type-page post-entry-20140'><div class='entry-content-wrapper clearfix'>\n<div  style='padding-bottom:10px; color:#ffffff;' class='av-special-heading av-special-heading-h1 custom-color-heading blockquote modern-quote modern-centered  avia-builder-el-1  avia-builder-el-no-sibling  '><h1 class='av-special-heading-tag '  itemprop=\"headline\"  >Levadura Pichia<\/h1><div class ='av-subheading av-subheading_below av_custom_color ' style='font-size:15px;'><p>fortifica sus piensos<\/p>\n<\/div><div class='special-heading-border'><div class='special-heading-inner-border' style='border-color:#ffffff'><\/div><\/div><\/div>\n<\/div><\/div><\/main><!-- close content main element --><\/div><\/div><div id='after_section_1'  class='main_color av_default_container_wrap container_wrap sidebar_right' style=' '  ><div class='container' ><div class='template-page content  av-content-small alpha units'><div class='post-entry post-entry-type-page post-entry-20140'><div class='entry-content-wrapper clearfix'>\n<div class='flex_column_table av-equal-height-column-flextable -flextable' style='margin-top:-100px; margin-bottom:0px; '><div class=\"flex_column av_one_full  no_margin flex_column_table_cell av-equal-height-column av-align-middle first  avia-builder-el-2  el_after_av_section  el_before_av_one_half  avia-builder-el-first  \" style='background: #ffffff; padding:30px; background-color:#ffffff; border-radius:0px; '><section class=\"av_textblock_section \"  itemscope=\"itemscope\" itemtype=\"https:\/\/schema.org\/CreativeWork\" ><div class='avia_textblock  '   itemprop=\"text\" ><p>ADM ha liderado el desarrollo y la comercializaci\u00f3n de productos basados en\u00a0<em>Pichia guilliermondii <\/em>para uso en la alimentaci\u00f3n de animales, producidos mediante fermentaci\u00f3n y procesamiento especializados.<\/p>\n<\/div><\/section><\/div><\/div><!--close column table wrapper. Autoclose: 1 --><div class='flex_column_table av-equal-height-column-flextable -flextable' style='margin-top:-30px; margin-bottom:0px; '><div class=\"flex_column av_one_half  no_margin flex_column_table_cell av-equal-height-column av-align-middle first  avia-builder-el-4  el_after_av_one_full  el_before_av_one_half  column-top-margin\" style='background: #ffffff; padding:30px; background-color:#ffffff; border-radius:30px; '><section class=\"av_textblock_section \"  itemscope=\"itemscope\" itemtype=\"https:\/\/schema.org\/CreativeWork\" ><div class='avia_textblock  '   itemprop=\"text\" ><h3><strong>Portafolio: <em>Pichia guilliermondii<\/em><\/strong><\/h3>\n<ul>\n<li>CitriStim \u2013 Producto pionero de\u00a0<em>Pichia guilliermondii <\/em>de ADM<\/li>\n<\/ul>\n<p style=\"text-align: center;\">\n\t\n\t<a href=\"#form\" class=\"avia-button avia-color-#444444 avia-icon_select-yes-left-icon avia-size-large avia-position-center\" data-lity>CONTACT OUR EXPERTS<\/a>\n\t<div id=\"form\" style=\"background:#fff\" class=\"lity-hide\">\n\t\t\n<div class=\"wpcf7 no-js\" id=\"wpcf7-f18914-o1\" lang=\"en-US\" dir=\"ltr\" data-wpcf7-id=\"18914\">\n<div class=\"screen-reader-response\"><p role=\"status\" aria-live=\"polite\" aria-atomic=\"true\"><\/p> <ul><\/ul><\/div>\n<form action=\"\/es\/wp-json\/wp\/v2\/pages\/20140#wpcf7-f18914-o1\" method=\"post\" class=\"wpcf7-form init\" aria-label=\"Contact form\" novalidate=\"novalidate\" data-status=\"init\">\n<fieldset class=\"hidden-fields-container\"><input type=\"hidden\" name=\"_wpcf7\" value=\"18914\" \/><input type=\"hidden\" name=\"_wpcf7_version\" value=\"6.1.5\" \/><input type=\"hidden\" name=\"_wpcf7_locale\" value=\"en_US\" \/><input type=\"hidden\" name=\"_wpcf7_unit_tag\" value=\"wpcf7-f18914-o1\" \/><input type=\"hidden\" name=\"_wpcf7_container_post\" value=\"0\" \/><input type=\"hidden\" name=\"_wpcf7_posted_data_hash\" value=\"\" \/><input type=\"hidden\" name=\"_wpcf7_recaptcha_response\" value=\"\" \/>\n<\/fieldset>\n<div class=\"grid-container cf7-product-contact\">\n\t<div class=\"row\" style=\"border:1px solid rgb(94, 166, 43)\">\n\t\t<div class=\"col-4\">\n\t\t\t<p><label><b>Name<\/b> (required)<br \/>\n<span class=\"wpcf7-form-control-wrap\" data-name=\"fullname\"><input size=\"40\" maxlength=\"400\" class=\"wpcf7-form-control wpcf7-text wpcf7-validates-as-required\" aria-required=\"true\" aria-invalid=\"false\" value=\"\" type=\"text\" name=\"fullname\" \/><\/span><\/label>\n\t\t\t<\/p>\n\t\t<\/div>\n\t\t<div class=\"col-4\">\n\t\t\t<p><label><b>Company<\/b> (required)<br \/>\n<span class=\"wpcf7-form-control-wrap\" data-name=\"company\"><input size=\"40\" maxlength=\"400\" class=\"wpcf7-form-control wpcf7-text wpcf7-validates-as-required\" aria-required=\"true\" aria-invalid=\"false\" value=\"\" type=\"text\" name=\"company\" \/><\/span><\/label>\n\t\t\t<\/p>\n\t\t<\/div>\n\t\t<div class=\"col-4\">\n\t\t\t<p><label><b>Email<\/b> (required)<br \/>\n<span class=\"wpcf7-form-control-wrap\" data-name=\"email\"><input size=\"40\" maxlength=\"400\" class=\"wpcf7-form-control wpcf7-email wpcf7-validates-as-required wpcf7-text wpcf7-validates-as-email\" aria-required=\"true\" aria-invalid=\"false\" value=\"\" type=\"email\" name=\"email\" \/><\/span><\/label>\n\t\t\t<\/p>\n\t\t<\/div>\n\t\t<div class=\"col-4\">\n\t\t\t<p><label><b>Phone number<\/b> (required)<br \/>\n<span class=\"wpcf7-form-control-wrap\" data-name=\"phone\"><input size=\"40\" maxlength=\"400\" class=\"wpcf7-form-control wpcf7-text wpcf7-validates-as-required\" aria-required=\"true\" aria-invalid=\"false\" value=\"\" type=\"text\" name=\"phone\" \/><\/span><\/label>\n\t\t\t<\/p>\n\t\t<\/div>\n\t\t<div class=\"col-4\">\n\t\t\t<p><label><b>Country<\/b> (required)<br \/>\n<span class=\"wpcf7-form-control-wrap\" data-name=\"country\"><input size=\"40\" maxlength=\"400\" class=\"wpcf7-form-control wpcf7-text wpcf7-validates-as-required\" aria-required=\"true\" aria-invalid=\"false\" value=\"\" type=\"text\" name=\"country\" \/><\/span><\/label>\n\t\t\t<\/p>\n\t\t<\/div>\n\t<\/div>\n\t<div class=\"row\" style=\"border:1px solid rgb(94, 166, 43)\">\n\t\t<div class=\"col-4\">\n\t\t\t<p><label><b>Subject<\/b> (required)<\/label><br \/>\n<span class=\"wpcf7-form-control-wrap\" data-name=\"subject\"><span class=\"wpcf7-form-control wpcf7-checkbox wpcf7-validates-as-required\"><span class=\"wpcf7-list-item first\"><label><input type=\"checkbox\" name=\"subject[]\" value=\"TEK\" \/><span class=\"wpcf7-list-item-label\">TEK<\/span><\/label><\/span><span class=\"wpcf7-list-item\"><label><input type=\"checkbox\" name=\"subject[]\" value=\"SUCRAM\" \/><span class=\"wpcf7-list-item-label\">SUCRAM<\/span><\/label><\/span><span class=\"wpcf7-list-item\"><label><input type=\"checkbox\" name=\"subject[]\" value=\"MAGNASWEET\" \/><span class=\"wpcf7-list-item-label\">MAGNASWEET<\/span><\/label><\/span><span class=\"wpcf7-list-item\"><label><input type=\"checkbox\" name=\"subject[]\" value=\"B-TRAXIM\" \/><span class=\"wpcf7-list-item-label\">B-TRAXIM<\/span><\/label><\/span><span class=\"wpcf7-list-item\"><label><input type=\"checkbox\" name=\"subject[]\" value=\"CARBOVET\" \/><span class=\"wpcf7-list-item-label\">CARBOVET<\/span><\/label><\/span><span class=\"wpcf7-list-item\"><label><input type=\"checkbox\" name=\"subject[]\" value=\"NEX\" \/><span class=\"wpcf7-list-item-label\">NEX<\/span><\/label><\/span><span class=\"wpcf7-list-item\"><label><input type=\"checkbox\" name=\"subject[]\" value=\"CITRISTIM\" \/><span class=\"wpcf7-list-item-label\">CITRISTIM<\/span><\/label><\/span><span class=\"wpcf7-list-item\"><label><input type=\"checkbox\" name=\"subject[]\" value=\"ORGANIC ACIDS\" \/><span class=\"wpcf7-list-item-label\">ORGANIC ACIDS<\/span><\/label><\/span><span class=\"wpcf7-list-item\"><label><input type=\"checkbox\" name=\"subject[]\" value=\"ANCO FIT\" \/><span class=\"wpcf7-list-item-label\">ANCO FIT<\/span><\/label><\/span><span class=\"wpcf7-list-item last\"><label><input type=\"checkbox\" name=\"subject[]\" value=\"XTRACT\" \/><span class=\"wpcf7-list-item-label\">XTRACT<\/span><\/label><\/span><\/span><\/span>\n\t\t\t<\/p>\n\t\t<\/div>\n\t\t<div class=\"col-4\">\n\t\t\t<p><label><b>Species of interest<\/b> (required)<\/label><br \/>\n<span class=\"wpcf7-form-control-wrap\" data-name=\"species\"><span class=\"wpcf7-form-control wpcf7-checkbox wpcf7-validates-as-required\"><span class=\"wpcf7-list-item first\"><label><input type=\"checkbox\" name=\"species[]\" value=\"Swine\" \/><span class=\"wpcf7-list-item-label\">Swine<\/span><\/label><\/span><span class=\"wpcf7-list-item\"><label><input type=\"checkbox\" name=\"species[]\" value=\"Ruminants\" \/><span class=\"wpcf7-list-item-label\">Ruminants<\/span><\/label><\/span><span class=\"wpcf7-list-item\"><label><input type=\"checkbox\" name=\"species[]\" value=\"Sheep\" \/><span class=\"wpcf7-list-item-label\">Sheep<\/span><\/label><\/span><span class=\"wpcf7-list-item\"><label><input type=\"checkbox\" name=\"species[]\" value=\"Poultry\" \/><span class=\"wpcf7-list-item-label\">Poultry<\/span><\/label><\/span><span class=\"wpcf7-list-item\"><label><input type=\"checkbox\" name=\"species[]\" value=\"Aquaculture\" \/><span class=\"wpcf7-list-item-label\">Aquaculture<\/span><\/label><\/span><span class=\"wpcf7-list-item\"><label><input type=\"checkbox\" name=\"species[]\" value=\"Game\" \/><span class=\"wpcf7-list-item-label\">Game<\/span><\/label><\/span><span class=\"wpcf7-list-item\"><label><input type=\"checkbox\" name=\"species[]\" value=\"Horses\" \/><span class=\"wpcf7-list-item-label\">Horses<\/span><\/label><\/span><span class=\"wpcf7-list-item last\"><label><input type=\"checkbox\" name=\"species[]\" value=\"Rabbit\" \/><span class=\"wpcf7-list-item-label\">Rabbit<\/span><\/label><\/span><\/span><\/span>\n\t\t\t<\/p>\n\t\t<\/div>\n\t\t<div class=\"col-4\">\n\t\t\t<p><label> <b>Message<\/b><br \/>\n<span class=\"wpcf7-form-control-wrap\" data-name=\"message\"><textarea cols=\"40\" rows=\"10\" maxlength=\"2000\" class=\"wpcf7-form-control wpcf7-textarea\" aria-invalid=\"false\" name=\"message\"><\/textarea><\/span> <\/label>\n\t\t\t<\/p>\n\t\t<\/div>\n\t<\/div>\n\t<div class=\"row\">\n\t\t<div class=\"col-12\">\n\t\t\t<p><span class=\"wpcf7-form-control-wrap\" data-name=\"rgpd\"><span class=\"wpcf7-form-control wpcf7-acceptance\"><span class=\"wpcf7-list-item\"><label><input type=\"checkbox\" name=\"rgpd\" value=\"1\" aria-invalid=\"false\" \/><span class=\"wpcf7-list-item-label\">I agree\u00a0and acknowledge that ADM will process my personal data for the purposes described in its <a href=\"https:\/\/www.compliance.adm.com\/documents\/privacy-policy\/\" target=\"_blank\" rel=\"noopener\">Privacy Policy<\/a><\/span><\/label><\/span><\/span><\/span>\n\t\t\t<\/p>\n\t\t\t<p style=\"color:#444; font-size:13px; padding-left:15px;\"><b>Stay up to date<\/b><br \/>\nIf you would like to subscribe to the Pancosma newsletter, <a href=\"\/pancosma-newsletter-subscription\/\" target=\"_blank\" rel=\"noopener\">please subscribe here.<\/a>\n\t\t\t<\/p>\n\t\t\t<p><input class=\"wpcf7-form-control wpcf7-submit has-spinner\" type=\"submit\" value=\"Submit\" \/>\n\t\t\t<\/p>\n\t\t<\/div>\n\t<\/div>\n<\/div><div class=\"wpcf7-response-output\" aria-hidden=\"true\"><\/div>\n<\/form>\n<\/div>\n\t<\/div>\n\n\t<\/p>\n<\/div><\/section><\/div><\/p>\n<div class=\"flex_column av_one_half  no_margin flex_column_table_cell av-equal-height-column av-align-middle   avia-builder-el-6  el_after_av_one_half  el_before_av_one_full  column-top-margin\" style='padding:30px; background-color:#ffffff; border-radius:0px; '><div  class='avia-image-container  av-styling-    avia-builder-el-7  avia-builder-el-no-sibling  avia-align-center '  itemprop=\"image\" itemscope=\"itemscope\" itemtype=\"https:\/\/schema.org\/ImageObject\"  ><div class='avia-image-container-inner'><div class='avia-image-overlay-wrap'><img decoding=\"async\" class='wp-image-19521 avia-img-lazy-loading-not-19521 avia_image' src=\"https:\/\/www.pancosma.com\/wp-content\/uploads\/2021\/10\/pichia-guillermondii_495x400-002.jpg\" alt='PICHIA GUILLIERMONDII' title='pichia-guillermondii_495x400 (002)' height=\"400\" width=\"495\"  itemprop=\"thumbnailUrl\" srcset=\"https:\/\/www.pancosma.com\/wp-content\/uploads\/2021\/10\/pichia-guillermondii_495x400-002.jpg 495w, https:\/\/www.pancosma.com\/wp-content\/uploads\/2021\/10\/pichia-guillermondii_495x400-002-300x242.jpg 300w\" sizes=\"(max-width: 495px) 100vw, 495px\" \/><\/div><\/div><\/div><\/div><\/div><!--close column table wrapper. Autoclose: 1 -->\n<div class='flex_column_table av-equal-height-column-flextable -flextable' style='margin-top:-40px; margin-bottom:0px; '><div class=\"flex_column av_one_full  no_margin flex_column_table_cell av-equal-height-column av-align-middle first  avia-builder-el-8  el_after_av_one_half  el_before_av_hr  column-top-margin\" style='background: #ffffff; padding:30px; background-color:#ffffff; border-radius:0px; '><section class=\"av_textblock_section \"  itemscope=\"itemscope\" itemtype=\"https:\/\/schema.org\/CreativeWork\" ><div class='avia_textblock  '   itemprop=\"text\" ><h3><strong>La calidad y la investigaci\u00f3n detr\u00e1s de CitriStim levadura de\u00a0<em>Pichia guilliermondii<\/em>\u00a0de Pancosma<\/strong><\/h3>\n<p>ADM comenz\u00f3 a investigar sobre <em>Pichia guilliermondii<\/em> hace m\u00e1s de dos d\u00e9cadas. CitriStim ha estado comercialmente disponible durante casi 15 a\u00f1os, involucrado en m\u00e1s de 150 estudios de ADM y vendido mundialmente.<\/p>\n<p>Un amplio cuerpo de investigaci\u00f3n ha involucrado estudios\u00a0<em>in-vitro<\/em>,\u00a0<em>ex-vivo<\/em>\u00a0e\u00a0<em>in-vivo<\/em> revisados por pares entre varias especies examinando las diversas propiedades morfol\u00f3gicas y estructurales \u00fanicas de <em>Pichia guilliermondii,<\/em>\u00a0 demostraron la asociaci\u00f3n entre su uso en el pienso de animales y los efectos ben\u00e9ficos en par\u00e1metros hu\u00e9spedes.<\/p>\n<p>Solo existe una planta a nivel mundial que fabrica CitriStim. Esta planta con sede en los EE.UU. es una planta de grado alimenticio que opera seg\u00fan las GMP (buenas pr\u00e1cticas de fabricaci\u00f3n) y CitriStim se somete a medidas de control de calidad para la liberaci\u00f3n de los lotes para asegurar la m\u00e1s alta calidad y la menor variabilidad entre los mismos.<\/p>\n<p>CitriStim es un producto especializado y diferenciado para uso en la alimentaci\u00f3n animal en el que usted puede confiar siempre, gracias a la alta calidad y consistencia garantizadas del producto<\/p>\n<h3><\/h3>\n<h3><strong>Resumen de las principales caracter\u00edsticas<\/strong><\/h3>\n<p><strong>\u00danico<\/strong><\/p>\n<p>Especialmente desarrollado por ADM<em>,<\/em>\u00a0CitriStim es el \u00fanico producto para uso en alimentos para animales aprovechando el prodigio de la\u00a0<em>Pichia guilliermondii<\/em><\/p>\n<p><strong>Eficacia demostrada<\/strong><\/p>\n<p>D\u00e9cadas de investigaci\u00f3n demuestran los efectos ben\u00e9ficos entre las especies que <em>Pichia guilliermondii<\/em>\u00a0tiene a trav\u00e9s de su efecto en los par\u00e1metros, relacionados con el sistema de defensa del cuerpo y la funci\u00f3n intestinal que pueden ayudar al animal a fortalecer su resiliencia para mejores resultados.<\/p>\n<p>CitriStim se puede utilizar en todas las especies animales y en todas las etapas de la vida. Contamos con datos s\u00f3lidos para su uso en cerdos, aves de corral y rumiantes para apoyar su eficacia, especialmente durante los desaf\u00edos<\/p>\n<p><strong>Calidad<\/strong><\/p>\n<p>Calidad y consistencia del producto que solo pueden venir de la fabricaci\u00f3n de una sola planta de grado alimenticio.<\/p>\n<h3><strong>Enlaces relevantes<\/strong><\/h3>\n<p><a href=\"https:\/\/www.pancosma.com\/portfolio-item\/citristim\/\">L\u00ednea de productos Citristim<\/a><\/p>\n<p><a href=\"https:\/\/www.pancosma.com\/es\/citristim-has-changed-its-look\/\">Citristim ha cambiado su apariencia<\/a><\/p>\n<\/div><\/section><\/div><\/div><!--close column table wrapper. Autoclose: 1 -->\n<div  style='height:20px' class='hr hr-invisible   avia-builder-el-10  el_after_av_one_full  avia-builder-el-last '><span class='hr-inner ' ><span class='hr-inner-style'><\/span><\/span><\/div>\n","protected":false},"excerpt":{"rendered":"","protected":false},"author":16,"featured_media":0,"parent":0,"menu_order":0,"comment_status":"closed","ping_status":"closed","template":"","meta":{"_acf_changed":false,"footnotes":""},"class_list":["post-20140","page","type-page","status-publish","hentry"],"acf":[],"yoast_head":"<!-- This site is optimized with the Yoast SEO plugin v27.3 - https:\/\/yoast.com\/product\/yoast-seo-wordpress\/ -->\n<title>Levadura Pichia - Pancosma<\/title>\n<meta name=\"description\" content=\"ADM ha liderado el desarrollo y la comercializaci\u00f3n de productos basados en\u00a0levadura Pichia guilliermondii.\" \/>\n<meta name=\"robots\" content=\"index, follow, max-snippet:-1, max-image-preview:large, max-video-preview:-1\" \/>\n<link rel=\"canonical\" href=\"https:\/\/www.pancosma.com\/es\/levadura-pichia\/\" \/>\n<meta property=\"og:locale\" content=\"es_ES\" \/>\n<meta property=\"og:type\" content=\"article\" \/>\n<meta property=\"og:title\" content=\"Levadura Pichia - Pancosma\" \/>\n<meta property=\"og:description\" content=\"ADM ha liderado el desarrollo y la comercializaci\u00f3n de productos basados en\u00a0levadura Pichia guilliermondii.\" \/>\n<meta property=\"og:url\" content=\"https:\/\/www.pancosma.com\/es\/levadura-pichia\/\" \/>\n<meta property=\"og:site_name\" content=\"Pancosma\" \/>\n<meta property=\"article:modified_time\" content=\"2022-06-10T11:03:47+00:00\" \/>\n<meta name=\"twitter:card\" content=\"summary_large_image\" \/>\n<meta name=\"twitter:label1\" content=\"Est. reading time\" \/>\n\t<meta name=\"twitter:data1\" content=\"7 minutes\" \/>\n<script type=\"application\/ld+json\" class=\"yoast-schema-graph\">{\"@context\":\"https:\\\/\\\/schema.org\",\"@graph\":[{\"@type\":\"WebPage\",\"@id\":\"https:\\\/\\\/www.pancosma.com\\\/es\\\/levadura-pichia\\\/\",\"url\":\"https:\\\/\\\/www.pancosma.com\\\/es\\\/levadura-pichia\\\/\",\"name\":\"Levadura Pichia - Pancosma\",\"isPartOf\":{\"@id\":\"https:\\\/\\\/www.pancosma.com\\\/#website\"},\"datePublished\":\"2021-12-05T19:13:42+00:00\",\"dateModified\":\"2022-06-10T11:03:47+00:00\",\"description\":\"ADM ha liderado el desarrollo y la comercializaci\u00f3n de productos basados en\u00a0levadura Pichia guilliermondii.\",\"breadcrumb\":{\"@id\":\"https:\\\/\\\/www.pancosma.com\\\/es\\\/levadura-pichia\\\/#breadcrumb\"},\"inLanguage\":\"es-ES\",\"potentialAction\":[{\"@type\":\"ReadAction\",\"target\":[\"https:\\\/\\\/www.pancosma.com\\\/es\\\/levadura-pichia\\\/\"]}]},{\"@type\":\"BreadcrumbList\",\"@id\":\"https:\\\/\\\/www.pancosma.com\\\/es\\\/levadura-pichia\\\/#breadcrumb\",\"itemListElement\":[{\"@type\":\"ListItem\",\"position\":1,\"name\":\"Home\",\"item\":\"https:\\\/\\\/www.pancosma.com\\\/es\\\/\"},{\"@type\":\"ListItem\",\"position\":2,\"name\":\"Levadura Pichia\"}]},{\"@type\":\"WebSite\",\"@id\":\"https:\\\/\\\/www.pancosma.com\\\/#website\",\"url\":\"https:\\\/\\\/www.pancosma.com\\\/\",\"name\":\"Pancosma\",\"description\":\"Innovative feed additives\",\"potentialAction\":[{\"@type\":\"SearchAction\",\"target\":{\"@type\":\"EntryPoint\",\"urlTemplate\":\"https:\\\/\\\/www.pancosma.com\\\/?s={search_term_string}\"},\"query-input\":{\"@type\":\"PropertyValueSpecification\",\"valueRequired\":true,\"valueName\":\"search_term_string\"}}],\"inLanguage\":\"es-ES\"}]}<\/script>\n<!-- \/ Yoast SEO plugin. -->","yoast_head_json":{"title":"Levadura Pichia - Pancosma","description":"ADM ha liderado el desarrollo y la comercializaci\u00f3n de productos basados en\u00a0levadura Pichia guilliermondii.","robots":{"index":"index","follow":"follow","max-snippet":"max-snippet:-1","max-image-preview":"max-image-preview:large","max-video-preview":"max-video-preview:-1"},"canonical":"https:\/\/www.pancosma.com\/es\/levadura-pichia\/","og_locale":"es_ES","og_type":"article","og_title":"Levadura Pichia - Pancosma","og_description":"ADM ha liderado el desarrollo y la comercializaci\u00f3n de productos basados en\u00a0levadura Pichia guilliermondii.","og_url":"https:\/\/www.pancosma.com\/es\/levadura-pichia\/","og_site_name":"Pancosma","article_modified_time":"2022-06-10T11:03:47+00:00","twitter_card":"summary_large_image","twitter_misc":{"Est. reading time":"7 minutes"},"schema":{"@context":"https:\/\/schema.org","@graph":[{"@type":"WebPage","@id":"https:\/\/www.pancosma.com\/es\/levadura-pichia\/","url":"https:\/\/www.pancosma.com\/es\/levadura-pichia\/","name":"Levadura Pichia - Pancosma","isPartOf":{"@id":"https:\/\/www.pancosma.com\/#website"},"datePublished":"2021-12-05T19:13:42+00:00","dateModified":"2022-06-10T11:03:47+00:00","description":"ADM ha liderado el desarrollo y la comercializaci\u00f3n de productos basados en\u00a0levadura Pichia guilliermondii.","breadcrumb":{"@id":"https:\/\/www.pancosma.com\/es\/levadura-pichia\/#breadcrumb"},"inLanguage":"es-ES","potentialAction":[{"@type":"ReadAction","target":["https:\/\/www.pancosma.com\/es\/levadura-pichia\/"]}]},{"@type":"BreadcrumbList","@id":"https:\/\/www.pancosma.com\/es\/levadura-pichia\/#breadcrumb","itemListElement":[{"@type":"ListItem","position":1,"name":"Home","item":"https:\/\/www.pancosma.com\/es\/"},{"@type":"ListItem","position":2,"name":"Levadura Pichia"}]},{"@type":"WebSite","@id":"https:\/\/www.pancosma.com\/#website","url":"https:\/\/www.pancosma.com\/","name":"Pancosma","description":"Innovative feed additives","potentialAction":[{"@type":"SearchAction","target":{"@type":"EntryPoint","urlTemplate":"https:\/\/www.pancosma.com\/?s={search_term_string}"},"query-input":{"@type":"PropertyValueSpecification","valueRequired":true,"valueName":"search_term_string"}}],"inLanguage":"es-ES"}]}},"_links":{"self":[{"href":"https:\/\/www.pancosma.com\/es\/wp-json\/wp\/v2\/pages\/20140","targetHints":{"allow":["GET"]}}],"collection":[{"href":"https:\/\/www.pancosma.com\/es\/wp-json\/wp\/v2\/pages"}],"about":[{"href":"https:\/\/www.pancosma.com\/es\/wp-json\/wp\/v2\/types\/page"}],"author":[{"embeddable":true,"href":"https:\/\/www.pancosma.com\/es\/wp-json\/wp\/v2\/users\/16"}],"replies":[{"embeddable":true,"href":"https:\/\/www.pancosma.com\/es\/wp-json\/wp\/v2\/comments?post=20140"}],"version-history":[{"count":5,"href":"https:\/\/www.pancosma.com\/es\/wp-json\/wp\/v2\/pages\/20140\/revisions"}],"predecessor-version":[{"id":21777,"href":"https:\/\/www.pancosma.com\/es\/wp-json\/wp\/v2\/pages\/20140\/revisions\/21777"}],"wp:attachment":[{"href":"https:\/\/www.pancosma.com\/es\/wp-json\/wp\/v2\/media?parent=20140"}],"curies":[{"name":"wp","href":"https:\/\/api.w.org\/{rel}","templated":true}]}}