{"id":20800,"date":"2022-04-12T10:55:32","date_gmt":"2022-04-12T08:55:32","guid":{"rendered":"https:\/\/www.pancosma.com\/?page_id=20800"},"modified":"2022-04-12T11:02:55","modified_gmt":"2022-04-12T09:02:55","slug":"categorias-de-productos-de-pancosma-las-conoce-todas","status":"publish","type":"page","link":"https:\/\/www.pancosma.com\/es\/categorias-de-productos-de-pancosma-las-conoce-todas\/","title":{"rendered":"Categor\u00edas de productos de Pancosma: \u00bflas conoce todas?"},"content":{"rendered":"<div class=\"flex_column av_one_full  flex_column_div av-zero-column-padding first  avia-builder-el-0  el_before_av_hr  avia-builder-el-first  \" style='border-radius:0px; '><div  class='avia-image-container  av-styling-    avia-builder-el-1  avia-builder-el-no-sibling  avia-align-center '  itemprop=\"image\" itemscope=\"itemscope\" itemtype=\"https:\/\/schema.org\/ImageObject\"  ><div class='avia-image-container-inner'><div class='avia-image-overlay-wrap'><img decoding=\"async\" class='wp-image-20810 avia-img-lazy-loading-not-20810 avia_image' src=\"https:\/\/www.pancosma.com\/wp-content\/uploads\/2022\/04\/productos-de-Pancosma.png\" alt='productos de Pancosma' title='productos de Pancosma' height=\"400\" width=\"750\"  itemprop=\"thumbnailUrl\" srcset=\"https:\/\/www.pancosma.com\/wp-content\/uploads\/2022\/04\/productos-de-Pancosma.png 750w, https:\/\/www.pancosma.com\/wp-content\/uploads\/2022\/04\/productos-de-Pancosma-300x160.png 300w, https:\/\/www.pancosma.com\/wp-content\/uploads\/2022\/04\/productos-de-Pancosma-705x376.png 705w\" sizes=\"(max-width: 750px) 100vw, 750px\" \/><\/div><\/div><\/div><\/div>\n<div   class='hr hr-default   avia-builder-el-2  el_after_av_one_full  el_before_av_textblock '><span class='hr-inner ' ><span class='hr-inner-style'><\/span><\/span><\/div>\n<section class=\"av_textblock_section \"  itemscope=\"itemscope\" itemtype=\"https:\/\/schema.org\/CreativeWork\" ><div class='avia_textblock  '   itemprop=\"text\" ><p>Pancosma tiene una amplia gama de aditivos para piensos que cubren sus necesidades. Pero, \u00bfconoces las categor\u00edas de productos a las que pertenecen? Recientemente hemos ampliado nuestra cartera de productos a una oferta m\u00e1s completa y hemos a\u00f1adido nuevas innovaciones a las categor\u00edas de productos existentes.<\/p>\n<h3><strong>\u00bfD\u00f3nde nos especializamos e innovamos?<\/strong><\/h3>\n<p>Para entender mejor nuestra oferta de aditivos para piensos, nuestra p\u00e1gina est\u00e1 dise\u00f1ada para ayudarlo a responder preguntas c\u00f3mo: \u00bfC\u00f3mo nuestras categor\u00edas de productos lo benefician para lograr sus objetivos?, respaldar sus necesidades y \u00bfQu\u00e9 hacemos para garantizar su calidad y eficacia?<\/p>\n<h3><strong>Categor\u00edas de productos Pancosma<\/strong><\/h3>\n<p><a href=\"https:\/\/www.pancosma.com\/es\/activador-de-la-agilidad-intestinal\/\" target=\"_blank\" rel=\"noopener\"><strong>\u00a0<\/strong><u>ACTIVADORES DE AGILIDAD INTESTINAL \u2013 m\u00e1s<\/u><\/a><\/p>\n<p><a href=\"https:\/\/www.pancosma.com\/es\/acidos-organicos\/\" target=\"_blank\" rel=\"noopener\"><u>\u00c1CIDOS ORG\u00c1NICOS \u2013 m\u00e1s<\/u><\/a><\/p>\n<p><a href=\"https:\/\/www.pancosma.com\/es\/oligoelementos-organicos\/\" target=\"_blank\" rel=\"noopener\"><u>MINERALES TRAZA ORG\u00c1NICOS \u2013 m\u00e1s<\/u><\/a><\/p>\n<p><a href=\"https:\/\/www.pancosma.com\/es\/mejorando-la-palatabilidad\/\" target=\"_blank\" rel=\"noopener\"><u>PALATANTES \u2013 m\u00e1s<\/u><\/a><\/p>\n<p><a href=\"https:\/\/www.pancosma.com\/es\/bioactivos-fitogeneticos\/\" target=\"_blank\" rel=\"noopener\"><u>BIOACTIVOS FITOG\u00c9NICOS \u2013 m\u00e1s<\/u><\/a><\/p>\n<p><a href=\"https:\/\/www.pancosma.com\/es\/levadura-pichia\/\" target=\"_blank\" rel=\"noopener\"><u>Levadura PICHIA -m\u00e1s<\/u><\/a><\/p>\n<h3><strong>Mejore su conocimiento <\/strong><\/h3>\n<p>La p\u00e1gina de productos es un peque\u00f1o \u00a0resumen de \u00e9stos. Si despierta su inter\u00e9s y desea obtener m\u00e1s informaci\u00f3n sobre nuestra oferta y los servicios que brindamos, lo invitamos a:<\/p>\n<p style=\"text-align: center;\">\u00a0 \u00a0 1) Ponerse en contacto directo con uno de nuestros expertos en productos.<\/p>\n<p style=\"text-align: center;\">\n\t\n\t<a href=\"#form\" class=\"avia-button avia-color-#444444 avia-icon_select-yes-left-icon avia-size-large avia-position-center\" data-lity>CONTACTE CON NUESTRO ESPECIALISTA<\/a>\n\t<div id=\"form\" style=\"background:#fff\" class=\"lity-hide\">\n\t\t\n<div class=\"wpcf7 no-js\" id=\"wpcf7-f18937-o1\" lang=\"en-US\" dir=\"ltr\" data-wpcf7-id=\"18937\">\n<div class=\"screen-reader-response\"><p role=\"status\" aria-live=\"polite\" aria-atomic=\"true\"><\/p> <ul><\/ul><\/div>\n<form action=\"\/es\/wp-json\/wp\/v2\/pages\/20800#wpcf7-f18937-o1\" method=\"post\" class=\"wpcf7-form init\" aria-label=\"Contact form\" novalidate=\"novalidate\" data-status=\"init\">\n<fieldset class=\"hidden-fields-container\"><input type=\"hidden\" name=\"_wpcf7\" value=\"18937\" \/><input type=\"hidden\" name=\"_wpcf7_version\" value=\"6.1.5\" \/><input type=\"hidden\" name=\"_wpcf7_locale\" value=\"en_US\" \/><input type=\"hidden\" name=\"_wpcf7_unit_tag\" value=\"wpcf7-f18937-o1\" \/><input type=\"hidden\" name=\"_wpcf7_container_post\" value=\"0\" \/><input type=\"hidden\" name=\"_wpcf7_posted_data_hash\" value=\"\" \/><input type=\"hidden\" name=\"_wpcf7_recaptcha_response\" value=\"\" \/>\n<\/fieldset>\n<div class=\"grid-container cf7-product-contact\">\n\t<div class=\"row\" style=\"border:1px solid rgb(94, 166, 43)\">\n\t\t<div class=\"col-4\">\n\t\t\t<p><label><b>Nombre<\/b> (requerido)<br \/>\n<span class=\"wpcf7-form-control-wrap\" data-name=\"fullname\"><input size=\"40\" maxlength=\"400\" class=\"wpcf7-form-control wpcf7-text wpcf7-validates-as-required\" aria-required=\"true\" aria-invalid=\"false\" value=\"\" type=\"text\" name=\"fullname\" \/><\/span><\/label>\n\t\t\t<\/p>\n\t\t<\/div>\n\t\t<div class=\"col-4\">\n\t\t\t<p><label><b>Empresa<\/b> (requerido)<br \/>\n<span class=\"wpcf7-form-control-wrap\" data-name=\"company\"><input size=\"40\" maxlength=\"400\" class=\"wpcf7-form-control wpcf7-text wpcf7-validates-as-required\" aria-required=\"true\" aria-invalid=\"false\" value=\"\" type=\"text\" name=\"company\" \/><\/span><\/label>\n\t\t\t<\/p>\n\t\t<\/div>\n\t\t<div class=\"col-4\">\n\t\t\t<p><label><b>Correo electr\u00f3nico<\/b> (requerido)<br \/>\n<span class=\"wpcf7-form-control-wrap\" data-name=\"email\"><input size=\"40\" maxlength=\"400\" class=\"wpcf7-form-control wpcf7-email wpcf7-validates-as-required wpcf7-text wpcf7-validates-as-email\" aria-required=\"true\" aria-invalid=\"false\" value=\"\" type=\"email\" name=\"email\" \/><\/span><\/label>\n\t\t\t<\/p>\n\t\t<\/div>\n\t\t<div class=\"col-4\">\n\t\t\t<p><label><b>N\u00famero de tel\u00e9fono<\/b> (requerido)<br \/>\n<span class=\"wpcf7-form-control-wrap\" data-name=\"phone\"><input size=\"40\" maxlength=\"400\" class=\"wpcf7-form-control wpcf7-text wpcf7-validates-as-required\" aria-required=\"true\" aria-invalid=\"false\" value=\"\" type=\"text\" name=\"phone\" \/><\/span><\/label>\n\t\t\t<\/p>\n\t\t<\/div>\n\t\t<div class=\"col-4\">\n\t\t\t<p><label><b>Pa\u00eds<\/b> (requerido)<br \/>\n<span class=\"wpcf7-form-control-wrap\" data-name=\"country\"><input size=\"40\" maxlength=\"400\" class=\"wpcf7-form-control wpcf7-text wpcf7-validates-as-required\" aria-required=\"true\" aria-invalid=\"false\" value=\"\" type=\"text\" name=\"country\" \/><\/span><\/label>\n\t\t\t<\/p>\n\t\t<\/div>\n\t<\/div>\n\t<div class=\"row\" style=\"border:1px solid rgb(94, 166, 43)\">\n\t\t<div class=\"col-4\">\n\t\t\t<p><label><b>Sujeto<\/b> (requerido)<\/label><br \/>\n<span class=\"wpcf7-form-control-wrap\" data-name=\"subject\"><span class=\"wpcf7-form-control wpcf7-checkbox wpcf7-validates-as-required\"><span class=\"wpcf7-list-item first\"><label><input type=\"checkbox\" name=\"subject[]\" value=\"TEK\" \/><span class=\"wpcf7-list-item-label\">TEK<\/span><\/label><\/span><span class=\"wpcf7-list-item\"><label><input type=\"checkbox\" name=\"subject[]\" value=\"SUCRAM\" \/><span class=\"wpcf7-list-item-label\">SUCRAM<\/span><\/label><\/span><span class=\"wpcf7-list-item\"><label><input type=\"checkbox\" name=\"subject[]\" value=\"MAGNASWEET\" \/><span class=\"wpcf7-list-item-label\">MAGNASWEET<\/span><\/label><\/span><span class=\"wpcf7-list-item\"><label><input type=\"checkbox\" name=\"subject[]\" value=\"B-TRAXIM\" \/><span class=\"wpcf7-list-item-label\">B-TRAXIM<\/span><\/label><\/span><span class=\"wpcf7-list-item\"><label><input type=\"checkbox\" name=\"subject[]\" value=\"CARBOVET\" \/><span class=\"wpcf7-list-item-label\">CARBOVET<\/span><\/label><\/span><span class=\"wpcf7-list-item\"><label><input type=\"checkbox\" name=\"subject[]\" value=\"NEX\" \/><span class=\"wpcf7-list-item-label\">NEX<\/span><\/label><\/span><span class=\"wpcf7-list-item\"><label><input type=\"checkbox\" name=\"subject[]\" value=\"CITRISTIM\" \/><span class=\"wpcf7-list-item-label\">CITRISTIM<\/span><\/label><\/span><span class=\"wpcf7-list-item\"><label><input type=\"checkbox\" name=\"subject[]\" value=\"ORGANIC ACIDS\" \/><span class=\"wpcf7-list-item-label\">ORGANIC ACIDS<\/span><\/label><\/span><span class=\"wpcf7-list-item\"><label><input type=\"checkbox\" name=\"subject[]\" value=\"ANCO FIT\" \/><span class=\"wpcf7-list-item-label\">ANCO FIT<\/span><\/label><\/span><span class=\"wpcf7-list-item last\"><label><input type=\"checkbox\" name=\"subject[]\" value=\"XTRACT\" \/><span class=\"wpcf7-list-item-label\">XTRACT<\/span><\/label><\/span><\/span><\/span>\n\t\t\t<\/p>\n\t\t<\/div>\n\t\t<div class=\"col-4\">\n\t\t\t<p><label><b>Especies de inter\u00e9s<\/b> (requerido)<\/label><br \/>\n<span class=\"wpcf7-form-control-wrap\" data-name=\"species\"><span class=\"wpcf7-form-control wpcf7-checkbox wpcf7-validates-as-required\"><span class=\"wpcf7-list-item first\"><label><input type=\"checkbox\" name=\"species[]\" value=\"Ganado porcino\" \/><span class=\"wpcf7-list-item-label\">Ganado porcino<\/span><\/label><\/span><span class=\"wpcf7-list-item\"><label><input type=\"checkbox\" name=\"species[]\" value=\"Rumiantes\" \/><span class=\"wpcf7-list-item-label\">Rumiantes<\/span><\/label><\/span><span class=\"wpcf7-list-item\"><label><input type=\"checkbox\" name=\"species[]\" value=\"Ganado ovino\" \/><span class=\"wpcf7-list-item-label\">Ganado ovino<\/span><\/label><\/span><span class=\"wpcf7-list-item\"><label><input type=\"checkbox\" name=\"species[]\" value=\"Aves de corral\" \/><span class=\"wpcf7-list-item-label\">Aves de corral<\/span><\/label><\/span><span class=\"wpcf7-list-item\"><label><input type=\"checkbox\" name=\"species[]\" value=\"Acuicultura\" \/><span class=\"wpcf7-list-item-label\">Acuicultura<\/span><\/label><\/span><span class=\"wpcf7-list-item\"><label><input type=\"checkbox\" name=\"species[]\" value=\"Animales de caza\" \/><span class=\"wpcf7-list-item-label\">Animales de caza<\/span><\/label><\/span><span class=\"wpcf7-list-item\"><label><input type=\"checkbox\" name=\"species[]\" value=\"Caballos\" \/><span class=\"wpcf7-list-item-label\">Caballos<\/span><\/label><\/span><span class=\"wpcf7-list-item last\"><label><input type=\"checkbox\" name=\"species[]\" value=\"Conejos\" \/><span class=\"wpcf7-list-item-label\">Conejos<\/span><\/label><\/span><\/span><\/span>\n\t\t\t<\/p>\n\t\t<\/div>\n\t\t<div class=\"col-4\">\n\t\t\t<p><label> <b>Message<\/b><br \/>\n<span class=\"wpcf7-form-control-wrap\" data-name=\"message\"><textarea cols=\"40\" rows=\"10\" maxlength=\"2000\" class=\"wpcf7-form-control wpcf7-textarea\" aria-invalid=\"false\" name=\"message\"><\/textarea><\/span> <\/label>\n\t\t\t<\/p>\n\t\t<\/div>\n\t<\/div>\n\t<div class=\"row\">\n\t\t<div class=\"col-12\">\n\t\t\t<p><input class=\"wpcf7-form-control wpcf7-submit has-spinner\" type=\"submit\" value=\"Enviar\" \/>\n\t\t\t<\/p>\n\t\t<\/div>\n\t<\/div>\n<\/div><div class=\"wpcf7-response-output\" aria-hidden=\"true\"><\/div>\n<\/form>\n<\/div>\n\t<\/div>\n\n\t<\/p>\n<p style=\"text-align: center;\">2) Suscribase a nuestro bolet\u00edn peri\u00f3dico para recibir actualizaciones y notas relacionadas con nuestros productos.<\/p>\n<\/div><\/section>\n<div  class='avia-button-wrap avia-button-center  avia-builder-el-4  el_after_av_textblock  el_before_av_textblock ' ><a href='https:\/\/www.pancosma.com\/pancosma-newsletter-subscription\/'  class='avia-button  avia-color-theme-color   avia-icon_select-no avia-size-medium avia-position-center '   ><span class='avia_iconbox_title' >Suscr\u00edbete a nuestro bolet\u00edn<\/span><\/a><\/div>\n<section class=\"av_textblock_section \"  itemscope=\"itemscope\" itemtype=\"https:\/\/schema.org\/CreativeWork\" ><div class='avia_textblock  '   itemprop=\"text\" ><p style=\"text-align: center;\">3) Consulte nuestra secci\u00f3n de blog y profundice en temas de su inter\u00e9s.<\/p>\n<\/div><\/section>\n<div  class='avia-button-wrap avia-button-center  avia-builder-el-6  el_after_av_textblock  avia-builder-el-last ' ><a href='https:\/\/www.pancosma.com\/blog\/'  class='avia-button  avia-color-theme-color   avia-icon_select-no avia-size-medium avia-position-center '   ><span class='avia_iconbox_title' >mever nuestro blog<\/span><\/a><\/div>\n","protected":false},"excerpt":{"rendered":"","protected":false},"author":16,"featured_media":0,"parent":0,"menu_order":0,"comment_status":"closed","ping_status":"closed","template":"","meta":{"_acf_changed":false,"footnotes":""},"class_list":["post-20800","page","type-page","status-publish","hentry"],"acf":[],"yoast_head":"<!-- This site is optimized with the Yoast SEO plugin v27.4 - https:\/\/yoast.com\/product\/yoast-seo-wordpress\/ -->\n<title>Categor\u00edas de productos de Pancosma: \u00bflas conoce todas? - Pancosma<\/title>\n<meta name=\"robots\" content=\"index, follow, max-snippet:-1, max-image-preview:large, max-video-preview:-1\" \/>\n<link rel=\"canonical\" href=\"https:\/\/www.pancosma.com\/es\/categorias-de-productos-de-pancosma-las-conoce-todas\/\" \/>\n<meta property=\"og:locale\" content=\"es_ES\" \/>\n<meta property=\"og:type\" content=\"article\" \/>\n<meta property=\"og:title\" content=\"Categor\u00edas de productos de Pancosma: \u00bflas conoce todas? - Pancosma\" \/>\n<meta property=\"og:url\" content=\"https:\/\/www.pancosma.com\/es\/categorias-de-productos-de-pancosma-las-conoce-todas\/\" \/>\n<meta property=\"og:site_name\" content=\"Pancosma\" \/>\n<meta property=\"article:modified_time\" content=\"2022-04-12T09:02:55+00:00\" \/>\n<meta name=\"twitter:card\" content=\"summary_large_image\" \/>\n<meta name=\"twitter:label1\" content=\"Est. reading time\" \/>\n\t<meta name=\"twitter:data1\" content=\"1 minute\" \/>\n<script type=\"application\/ld+json\" class=\"yoast-schema-graph\">{\"@context\":\"https:\\\/\\\/schema.org\",\"@graph\":[{\"@type\":\"WebPage\",\"@id\":\"https:\\\/\\\/www.pancosma.com\\\/es\\\/categorias-de-productos-de-pancosma-las-conoce-todas\\\/\",\"url\":\"https:\\\/\\\/www.pancosma.com\\\/es\\\/categorias-de-productos-de-pancosma-las-conoce-todas\\\/\",\"name\":\"Categor\u00edas de productos de Pancosma: \u00bflas conoce todas? - Pancosma\",\"isPartOf\":{\"@id\":\"https:\\\/\\\/www.pancosma.com\\\/#website\"},\"datePublished\":\"2022-04-12T08:55:32+00:00\",\"dateModified\":\"2022-04-12T09:02:55+00:00\",\"breadcrumb\":{\"@id\":\"https:\\\/\\\/www.pancosma.com\\\/es\\\/categorias-de-productos-de-pancosma-las-conoce-todas\\\/#breadcrumb\"},\"inLanguage\":\"es-ES\",\"potentialAction\":[{\"@type\":\"ReadAction\",\"target\":[\"https:\\\/\\\/www.pancosma.com\\\/es\\\/categorias-de-productos-de-pancosma-las-conoce-todas\\\/\"]}]},{\"@type\":\"BreadcrumbList\",\"@id\":\"https:\\\/\\\/www.pancosma.com\\\/es\\\/categorias-de-productos-de-pancosma-las-conoce-todas\\\/#breadcrumb\",\"itemListElement\":[{\"@type\":\"ListItem\",\"position\":1,\"name\":\"Home\",\"item\":\"https:\\\/\\\/www.pancosma.com\\\/es\\\/\"},{\"@type\":\"ListItem\",\"position\":2,\"name\":\"Categor\u00edas de productos de Pancosma: \u00bflas conoce todas?\"}]},{\"@type\":\"WebSite\",\"@id\":\"https:\\\/\\\/www.pancosma.com\\\/#website\",\"url\":\"https:\\\/\\\/www.pancosma.com\\\/\",\"name\":\"Pancosma\",\"description\":\"Innovative feed additives\",\"potentialAction\":[{\"@type\":\"SearchAction\",\"target\":{\"@type\":\"EntryPoint\",\"urlTemplate\":\"https:\\\/\\\/www.pancosma.com\\\/?s={search_term_string}\"},\"query-input\":{\"@type\":\"PropertyValueSpecification\",\"valueRequired\":true,\"valueName\":\"search_term_string\"}}],\"inLanguage\":\"es-ES\"}]}<\/script>\n<!-- \/ Yoast SEO plugin. -->","yoast_head_json":{"title":"Categor\u00edas de productos de Pancosma: \u00bflas conoce todas? - Pancosma","robots":{"index":"index","follow":"follow","max-snippet":"max-snippet:-1","max-image-preview":"max-image-preview:large","max-video-preview":"max-video-preview:-1"},"canonical":"https:\/\/www.pancosma.com\/es\/categorias-de-productos-de-pancosma-las-conoce-todas\/","og_locale":"es_ES","og_type":"article","og_title":"Categor\u00edas de productos de Pancosma: \u00bflas conoce todas? - Pancosma","og_url":"https:\/\/www.pancosma.com\/es\/categorias-de-productos-de-pancosma-las-conoce-todas\/","og_site_name":"Pancosma","article_modified_time":"2022-04-12T09:02:55+00:00","twitter_card":"summary_large_image","twitter_misc":{"Est. reading time":"1 minute"},"schema":{"@context":"https:\/\/schema.org","@graph":[{"@type":"WebPage","@id":"https:\/\/www.pancosma.com\/es\/categorias-de-productos-de-pancosma-las-conoce-todas\/","url":"https:\/\/www.pancosma.com\/es\/categorias-de-productos-de-pancosma-las-conoce-todas\/","name":"Categor\u00edas de productos de Pancosma: \u00bflas conoce todas? - Pancosma","isPartOf":{"@id":"https:\/\/www.pancosma.com\/#website"},"datePublished":"2022-04-12T08:55:32+00:00","dateModified":"2022-04-12T09:02:55+00:00","breadcrumb":{"@id":"https:\/\/www.pancosma.com\/es\/categorias-de-productos-de-pancosma-las-conoce-todas\/#breadcrumb"},"inLanguage":"es-ES","potentialAction":[{"@type":"ReadAction","target":["https:\/\/www.pancosma.com\/es\/categorias-de-productos-de-pancosma-las-conoce-todas\/"]}]},{"@type":"BreadcrumbList","@id":"https:\/\/www.pancosma.com\/es\/categorias-de-productos-de-pancosma-las-conoce-todas\/#breadcrumb","itemListElement":[{"@type":"ListItem","position":1,"name":"Home","item":"https:\/\/www.pancosma.com\/es\/"},{"@type":"ListItem","position":2,"name":"Categor\u00edas de productos de Pancosma: \u00bflas conoce todas?"}]},{"@type":"WebSite","@id":"https:\/\/www.pancosma.com\/#website","url":"https:\/\/www.pancosma.com\/","name":"Pancosma","description":"Innovative feed additives","potentialAction":[{"@type":"SearchAction","target":{"@type":"EntryPoint","urlTemplate":"https:\/\/www.pancosma.com\/?s={search_term_string}"},"query-input":{"@type":"PropertyValueSpecification","valueRequired":true,"valueName":"search_term_string"}}],"inLanguage":"es-ES"}]}},"_links":{"self":[{"href":"https:\/\/www.pancosma.com\/es\/wp-json\/wp\/v2\/pages\/20800","targetHints":{"allow":["GET"]}}],"collection":[{"href":"https:\/\/www.pancosma.com\/es\/wp-json\/wp\/v2\/pages"}],"about":[{"href":"https:\/\/www.pancosma.com\/es\/wp-json\/wp\/v2\/types\/page"}],"author":[{"embeddable":true,"href":"https:\/\/www.pancosma.com\/es\/wp-json\/wp\/v2\/users\/16"}],"replies":[{"embeddable":true,"href":"https:\/\/www.pancosma.com\/es\/wp-json\/wp\/v2\/comments?post=20800"}],"version-history":[{"count":5,"href":"https:\/\/www.pancosma.com\/es\/wp-json\/wp\/v2\/pages\/20800\/revisions"}],"predecessor-version":[{"id":21776,"href":"https:\/\/www.pancosma.com\/es\/wp-json\/wp\/v2\/pages\/20800\/revisions\/21776"}],"wp:attachment":[{"href":"https:\/\/www.pancosma.com\/es\/wp-json\/wp\/v2\/media?parent=20800"}],"curies":[{"name":"wp","href":"https:\/\/api.w.org\/{rel}","templated":true}]}}