{"id":20472,"date":"2022-03-09T21:19:45","date_gmt":"2022-03-09T20:19:45","guid":{"rendered":"https:\/\/www.pancosma.com\/?page_id=20472"},"modified":"2022-03-09T21:19:45","modified_gmt":"2022-03-09T20:19:45","slug":"activateurs-gut-agility","status":"publish","type":"page","link":"https:\/\/www.pancosma.com\/fr\/activateurs-gut-agility\/","title":{"rendered":"Activateurs Gut Agility"},"content":{"rendered":"<div id='av_section_1'  class='avia-section main_color avia-section-default avia-no-border-styling  avia-bg-style-scroll  avia-builder-el-0  el_before_av_one_full  avia-builder-el-first   container_wrap sidebar_right' style='background-color: #5ea62b;  '  ><div class='container' ><main  role=\"main\" itemprop=\"mainContentOfPage\"  class='template-page content  av-content-small alpha units'><div class='post-entry post-entry-type-page post-entry-20472'><div class='entry-content-wrapper clearfix'>\n<div  style='padding-bottom:10px; color:#ffffff;' class='av-special-heading av-special-heading-h1 custom-color-heading blockquote modern-quote modern-centered  avia-builder-el-1  avia-builder-el-no-sibling  '><h1 class='av-special-heading-tag '  itemprop=\"headline\"  >Activateurs Gut Agility <\/h1><div class ='av-subheading av-subheading_below av_custom_color ' style='font-size:15px;'><p>Maintenez vos animaux adaptables<\/p>\n<\/div><div class='special-heading-border'><div class='special-heading-inner-border' style='border-color:#ffffff'><\/div><\/div><\/div>\n<\/div><\/div><\/main><!-- close content main element --><\/div><\/div><div id='after_section_1'  class='main_color av_default_container_wrap container_wrap sidebar_right' style=' '  ><div class='container' ><div class='template-page content  av-content-small alpha units'><div class='post-entry post-entry-type-page post-entry-20472'><div class='entry-content-wrapper clearfix'>\n<div class='flex_column_table av-equal-height-column-flextable -flextable' style='margin-top:-100px; margin-bottom:0px; '><div class=\"flex_column av_one_full  no_margin flex_column_table_cell av-equal-height-column av-align-middle first  avia-builder-el-2  el_after_av_section  el_before_av_one_half  avia-builder-el-first  \" style='background: #ffffff; padding:30px; background-color:#ffffff; border-radius:0px; '><section class=\"av_textblock_section \"  itemscope=\"itemscope\" itemtype=\"https:\/\/schema.org\/CreativeWork\" ><div class='avia_textblock  '   itemprop=\"text\" ><p>La gamme d\u2019activateurs \u00ab\u00a0Gut Agility\u00a0\u00bb \u00a0d\u2019agilit\u00e9 intestinale a \u00e9t\u00e9 con\u00e7ue pour faciliter la r\u00e9silience des animaux d\u2019\u00e9levage. Elle favorise\u00a0une performance optimale et le bien-\u00eatre des animaux de fa\u00e7on durable, en aidant les porcs, volailles et ruminants \u00e0 surmonter les d\u00e9fis naturels et les facteurs de stress de l\u2019\u00e9levage.<\/p>\n<\/div><\/section><\/div><\/div><!--close column table wrapper. Autoclose: 1 -->\n<div class='flex_column_table av-equal-height-column-flextable -flextable' style='margin-top:-30px; margin-bottom:0px; '><div class=\"flex_column av_one_half  no_margin flex_column_table_cell av-equal-height-column av-align-middle first  avia-builder-el-4  el_after_av_one_full  el_before_av_one_half  column-top-margin\" style='background: #ffffff; padding:30px; background-color:#ffffff; border-radius:30px; '><section class=\"av_textblock_section \"  itemscope=\"itemscope\" itemtype=\"https:\/\/schema.org\/CreativeWork\" ><div class='avia_textblock  '   itemprop=\"text\" ><h3><\/h3>\n<h3><strong>Gamme des activateurs \u00ab\u00a0Gut Agility\u00a0\u00bb<\/strong><\/h3>\n<p><strong>Anco FIT<\/strong>\u00a0: formulation sp\u00e9ciale pour favoriser la r\u00e9silience chez le porc et les ruminants<\/p>\n<p><strong>Anco FIT Poultry\u00a0<\/strong>: formulation sp\u00e9ciale pour favoriser la r\u00e9silience des volailles (poulets, poules pondeuses, dindes et reproduction)<\/p>\n<p><strong>Anco FIT Farm\u00a0<\/strong>: formulation con\u00e7ue pour \u00eatre directement m\u00e9lang\u00e9e aux aliments des porcs et ruminants dans les \u00e9levages de l\u2019UE.<\/p>\n<p>Retrouvez plus d&#8217;informations sur les produits Anco sur\u00a0<a href=\"https:\/\/www.anco.net\/\">www.anco.net<\/a><\/p>\n<\/div><\/section><\/div>\n<div class=\"flex_column av_one_half  no_margin flex_column_table_cell av-equal-height-column av-align-middle   avia-builder-el-6  el_after_av_one_half  el_before_av_one_full  column-top-margin\" style='padding:30px; background-color:#ffffff; border-radius:0px; '><div  class='avia-image-container  av-styling-    avia-builder-el-7  avia-builder-el-no-sibling  avia-align-center '  itemprop=\"image\" itemscope=\"itemscope\" itemtype=\"https:\/\/schema.org\/ImageObject\"  ><div class='avia-image-container-inner'><div class='avia-image-overlay-wrap'><img decoding=\"async\" class='wp-image-20490 avia-img-lazy-loading-not-20490 avia_image' src=\"https:\/\/www.pancosma.com\/wp-content\/uploads\/2022\/03\/keep-your-animals-agile_franzo\u0308sisch_08_03-495x400.jpg\" alt='Activateurs Gut Agility' title='keep your animals agile_franzo\u0308sisch_08_03' height=\"400\" width=\"495\"  itemprop=\"thumbnailUrl\" srcset=\"https:\/\/www.pancosma.com\/wp-content\/uploads\/2022\/03\/keep-your-animals-agile_franzo\u0308sisch_08_03-495x400.jpg 495w, https:\/\/www.pancosma.com\/wp-content\/uploads\/2022\/03\/keep-your-animals-agile_franzo\u0308sisch_08_03-300x242.jpg 300w, https:\/\/www.pancosma.com\/wp-content\/uploads\/2022\/03\/keep-your-animals-agile_franzo\u0308sisch_08_03-1030x832.jpg 1030w, https:\/\/www.pancosma.com\/wp-content\/uploads\/2022\/03\/keep-your-animals-agile_franzo\u0308sisch_08_03-768x621.jpg 768w, https:\/\/www.pancosma.com\/wp-content\/uploads\/2022\/03\/keep-your-animals-agile_franzo\u0308sisch_08_03-1536x1241.jpg 1536w, https:\/\/www.pancosma.com\/wp-content\/uploads\/2022\/03\/keep-your-animals-agile_franzo\u0308sisch_08_03-2048x1655.jpg 2048w, https:\/\/www.pancosma.com\/wp-content\/uploads\/2022\/03\/keep-your-animals-agile_franzo\u0308sisch_08_03-1500x1212.jpg 1500w, https:\/\/www.pancosma.com\/wp-content\/uploads\/2022\/03\/keep-your-animals-agile_franzo\u0308sisch_08_03-845x684.jpg 845w, https:\/\/www.pancosma.com\/wp-content\/uploads\/2022\/03\/keep-your-animals-agile_franzo\u0308sisch_08_03-705x570.jpg 705w\" sizes=\"(max-width: 495px) 100vw, 495px\" \/><\/div><\/div><\/div><\/div><\/div><!--close column table wrapper. Autoclose: 1 --><div class='flex_column_table av-equal-height-column-flextable -flextable' style='margin-top:-40px; margin-bottom:0px; '><div class=\"flex_column av_one_full  no_margin flex_column_table_cell av-equal-height-column av-align-middle first  avia-builder-el-8  el_after_av_one_half  el_before_av_hr  column-top-margin\" style='background: #ffffff; padding:30px; background-color:#ffffff; border-radius:0px; '><section class=\"av_textblock_section \"  itemscope=\"itemscope\" itemtype=\"https:\/\/schema.org\/CreativeWork\" ><div class='avia_textblock  '   itemprop=\"text\" ><h3><strong>Qu\u2019est-ce que \u00ab\u00a0Gut Agility\u00a0\u00bb\u00a0<\/strong><strong>?<\/strong><\/h3>\n<p>\u00ab\u00a0Gut Agility\u00a0\u00bb \u00a0d\u00e9signe la capacit\u00e9 des animaux d\u2019\u00e9levage \u00e0 s&#8217;adapter plus rapidement aux changements et en utilisant plus efficacement leur \u00e9nergie. Elle est un facteur cl\u00e9 qui d\u00e9termine la r\u00e9gularit\u00e9 de la performance et la capacit\u00e9 \u00e0 r\u00e9aliser le potentiel de performance dans des conditions d\u2019\u00e9levage commercial sujet aux impr\u00e9vus.<\/p>\n<p>Pourquoi se focaliser sur les intestins\u00a0? \u00a0Face aux \u00e9preuves, les intestins sont l\u2019un des organes les plus r\u00e9actifs et la mani\u00e8re dont ils r\u00e9pondent est essentielle pour une performance optimale de l\u2019animal.<\/p>\n<h3><strong>Qualit\u00e9 et recherche au c\u0153ur des activateurs \u00ab\u00a0Gut Agility\u00a0\u00bb Pancosma<\/strong><\/h3>\n<p>Nos produits \u00ab\u00a0Gut Agility\u00a0\u00bb sont continuellement \u00e9valu\u00e9s\u00a0afin de d\u00e9montrer leur validit\u00e9 et de mieux conna\u00eetre leurs effets dans diff\u00e9rentes conditions d\u2019utilisation. Ces produits sont actuellement utilis\u00e9s dans plus de 30\u00a0pays, dans des \u00e9levages qui cherchent \u00e0 renforcer la r\u00e9silience de leur elevage et leur performance \u00e9conomique.<\/p>\n<p>L\u2019\u00e9levage doit contribuer \u00e0 une alimentation s\u00e9curis\u00e9e et responsable. La s\u00e9curit\u00e9 alimentaire commence par la s\u00e9curit\u00e9 et la qualit\u00e9 alimentaire de l\u2019animal. Pancosma a \u00e9t\u00e9 l\u2019un des premiers \u00e0 satisfaire \u00e0 4\u00a0des normes de qualit\u00e9 les plus exigeantes du secteur de l\u2019alimentation animale. Pour en savoir plus sur les normes de qualit\u00e9 appliqu\u00e9es par Pancosma, visitez la\u00a0<a href=\"\/?page_id=13792\">Banque de donn\u00e9es des certificats de qualit\u00e9 de Pancosma.<\/a><\/p>\n<h3><strong>La gamme \u00ab\u00a0Gut Agility\u00a0\u00bb int\u00e9resse les nutritionnistes et \u00e9leveurs qui cherchent\u00a0:<\/strong><\/h3>\n<ul>\n<li>des rendements plus r\u00e9guliers en r\u00e9ponse \u00e0 leurs programmes nutritifs<\/li>\n<li>\u00e0 favoriser la long\u00e9vit\u00e9 de production des vaches laiti\u00e8res et des truies, ainsi qu\u2019un allongement des cycles de ponte chez les poules pondeuses<\/li>\n<li>\u00e0 favoriser une performance animale optimale face aux d\u00e9fis nutritionnels et environnementaux<\/li>\n<\/ul>\n<\/div><\/section><br \/>\n<section class=\"av_textblock_section \"  itemscope=\"itemscope\" itemtype=\"https:\/\/schema.org\/CreativeWork\" ><div class='avia_textblock  '   itemprop=\"text\" ><h3><strong>Foire aux questions<\/strong><\/h3>\n<p><strong>Quel est le conditionnement de ces produits\u00a0?<\/strong><\/p>\n<p>Les produits sont conditionn\u00e9s en sacs en PE de 20\u00a0kgs.<\/p>\n<p><strong>Ces produits sont-ils exempts d\u2019OGM\u00a0?<\/strong><\/p>\n<p>Oui. Ils sont certifi\u00e9s exempts d\u2019OGM.<\/p>\n<\/div><\/section><\/p><\/div><\/div><!--close column table wrapper. Autoclose: 1 --><\/p>\n<div  style='height:20px' class='hr hr-invisible   avia-builder-el-11  el_after_av_one_full  avia-builder-el-last '><span class='hr-inner ' ><span class='hr-inner-style'><\/span><\/span><\/div>\n","protected":false},"excerpt":{"rendered":"","protected":false},"author":16,"featured_media":0,"parent":0,"menu_order":0,"comment_status":"closed","ping_status":"closed","template":"","meta":{"_acf_changed":false,"footnotes":""},"class_list":["post-20472","page","type-page","status-publish","hentry"],"acf":[],"yoast_head":"<!-- This site is optimized with the Yoast SEO plugin v27.3 - https:\/\/yoast.com\/product\/yoast-seo-wordpress\/ -->\n<title>Activateurs Gut Agility - Pancosma<\/title>\n<meta name=\"robots\" content=\"index, follow, max-snippet:-1, max-image-preview:large, max-video-preview:-1\" \/>\n<link rel=\"canonical\" href=\"https:\/\/www.pancosma.com\/fr\/activateurs-gut-agility\/\" \/>\n<meta property=\"og:locale\" content=\"fr_FR\" \/>\n<meta property=\"og:type\" content=\"article\" \/>\n<meta property=\"og:title\" content=\"Activateurs Gut Agility - Pancosma\" \/>\n<meta property=\"og:url\" content=\"https:\/\/www.pancosma.com\/fr\/activateurs-gut-agility\/\" \/>\n<meta property=\"og:site_name\" content=\"Pancosma\" \/>\n<meta name=\"twitter:card\" content=\"summary_large_image\" \/>\n<meta name=\"twitter:label1\" content=\"Est. reading time\" \/>\n\t<meta name=\"twitter:data1\" content=\"4 minutes\" \/>\n<script type=\"application\/ld+json\" class=\"yoast-schema-graph\">{\"@context\":\"https:\\\/\\\/schema.org\",\"@graph\":[{\"@type\":\"WebPage\",\"@id\":\"https:\\\/\\\/www.pancosma.com\\\/fr\\\/activateurs-gut-agility\\\/\",\"url\":\"https:\\\/\\\/www.pancosma.com\\\/fr\\\/activateurs-gut-agility\\\/\",\"name\":\"Activateurs Gut Agility - Pancosma\",\"isPartOf\":{\"@id\":\"https:\\\/\\\/www.pancosma.com\\\/#website\"},\"datePublished\":\"2022-03-09T20:19:45+00:00\",\"breadcrumb\":{\"@id\":\"https:\\\/\\\/www.pancosma.com\\\/fr\\\/activateurs-gut-agility\\\/#breadcrumb\"},\"inLanguage\":\"fr-FR\",\"potentialAction\":[{\"@type\":\"ReadAction\",\"target\":[\"https:\\\/\\\/www.pancosma.com\\\/fr\\\/activateurs-gut-agility\\\/\"]}]},{\"@type\":\"BreadcrumbList\",\"@id\":\"https:\\\/\\\/www.pancosma.com\\\/fr\\\/activateurs-gut-agility\\\/#breadcrumb\",\"itemListElement\":[{\"@type\":\"ListItem\",\"position\":1,\"name\":\"Home\",\"item\":\"https:\\\/\\\/www.pancosma.com\\\/fr\\\/\"},{\"@type\":\"ListItem\",\"position\":2,\"name\":\"Activateurs Gut Agility\"}]},{\"@type\":\"WebSite\",\"@id\":\"https:\\\/\\\/www.pancosma.com\\\/#website\",\"url\":\"https:\\\/\\\/www.pancosma.com\\\/\",\"name\":\"Pancosma\",\"description\":\"Geneva\",\"potentialAction\":[{\"@type\":\"SearchAction\",\"target\":{\"@type\":\"EntryPoint\",\"urlTemplate\":\"https:\\\/\\\/www.pancosma.com\\\/?s={search_term_string}\"},\"query-input\":{\"@type\":\"PropertyValueSpecification\",\"valueRequired\":true,\"valueName\":\"search_term_string\"}}],\"inLanguage\":\"fr-FR\"}]}<\/script>\n<!-- \/ Yoast SEO plugin. -->","yoast_head_json":{"title":"Activateurs Gut Agility - Pancosma","robots":{"index":"index","follow":"follow","max-snippet":"max-snippet:-1","max-image-preview":"max-image-preview:large","max-video-preview":"max-video-preview:-1"},"canonical":"https:\/\/www.pancosma.com\/fr\/activateurs-gut-agility\/","og_locale":"fr_FR","og_type":"article","og_title":"Activateurs Gut Agility - Pancosma","og_url":"https:\/\/www.pancosma.com\/fr\/activateurs-gut-agility\/","og_site_name":"Pancosma","twitter_card":"summary_large_image","twitter_misc":{"Est. reading time":"4 minutes"},"schema":{"@context":"https:\/\/schema.org","@graph":[{"@type":"WebPage","@id":"https:\/\/www.pancosma.com\/fr\/activateurs-gut-agility\/","url":"https:\/\/www.pancosma.com\/fr\/activateurs-gut-agility\/","name":"Activateurs Gut Agility - Pancosma","isPartOf":{"@id":"https:\/\/www.pancosma.com\/#website"},"datePublished":"2022-03-09T20:19:45+00:00","breadcrumb":{"@id":"https:\/\/www.pancosma.com\/fr\/activateurs-gut-agility\/#breadcrumb"},"inLanguage":"fr-FR","potentialAction":[{"@type":"ReadAction","target":["https:\/\/www.pancosma.com\/fr\/activateurs-gut-agility\/"]}]},{"@type":"BreadcrumbList","@id":"https:\/\/www.pancosma.com\/fr\/activateurs-gut-agility\/#breadcrumb","itemListElement":[{"@type":"ListItem","position":1,"name":"Home","item":"https:\/\/www.pancosma.com\/fr\/"},{"@type":"ListItem","position":2,"name":"Activateurs Gut Agility"}]},{"@type":"WebSite","@id":"https:\/\/www.pancosma.com\/#website","url":"https:\/\/www.pancosma.com\/","name":"Pancosma","description":"Geneva","potentialAction":[{"@type":"SearchAction","target":{"@type":"EntryPoint","urlTemplate":"https:\/\/www.pancosma.com\/?s={search_term_string}"},"query-input":{"@type":"PropertyValueSpecification","valueRequired":true,"valueName":"search_term_string"}}],"inLanguage":"fr-FR"}]}},"_links":{"self":[{"href":"https:\/\/www.pancosma.com\/fr\/wp-json\/wp\/v2\/pages\/20472","targetHints":{"allow":["GET"]}}],"collection":[{"href":"https:\/\/www.pancosma.com\/fr\/wp-json\/wp\/v2\/pages"}],"about":[{"href":"https:\/\/www.pancosma.com\/fr\/wp-json\/wp\/v2\/types\/page"}],"author":[{"embeddable":true,"href":"https:\/\/www.pancosma.com\/fr\/wp-json\/wp\/v2\/users\/16"}],"replies":[{"embeddable":true,"href":"https:\/\/www.pancosma.com\/fr\/wp-json\/wp\/v2\/comments?post=20472"}],"version-history":[{"count":5,"href":"https:\/\/www.pancosma.com\/fr\/wp-json\/wp\/v2\/pages\/20472\/revisions"}],"predecessor-version":[{"id":21767,"href":"https:\/\/www.pancosma.com\/fr\/wp-json\/wp\/v2\/pages\/20472\/revisions\/21767"}],"wp:attachment":[{"href":"https:\/\/www.pancosma.com\/fr\/wp-json\/wp\/v2\/media?parent=20472"}],"curies":[{"name":"wp","href":"https:\/\/api.w.org\/{rel}","templated":true}]}}