{"id":20478,"date":"2022-03-09T21:18:30","date_gmt":"2022-03-09T20:18:30","guid":{"rendered":"https:\/\/www.pancosma.com\/?page_id=20478"},"modified":"2022-06-10T12:27:11","modified_gmt":"2022-06-10T10:27:11","slug":"acides-organiques","status":"publish","type":"page","link":"https:\/\/www.pancosma.com\/fr\/acides-organiques\/","title":{"rendered":"Acides organiques"},"content":{"rendered":"<div id='av_section_1'  class='avia-section main_color avia-section-default avia-no-border-styling  avia-bg-style-scroll  avia-builder-el-0  el_before_av_one_full  avia-builder-el-first   container_wrap sidebar_right' style='background-color: #5ea62b;  '  ><div class='container' ><main  role=\"main\" itemprop=\"mainContentOfPage\"  class='template-page content  av-content-small alpha units'><div class='post-entry post-entry-type-page post-entry-20478'><div class='entry-content-wrapper clearfix'>\n<div  style='padding-bottom:10px; color:#ffffff;' class='av-special-heading av-special-heading-h1 custom-color-heading blockquote modern-quote modern-centered  avia-builder-el-1  avia-builder-el-no-sibling  '><h1 class='av-special-heading-tag '  itemprop=\"headline\"  >Acides organiques <\/h1><div class ='av-subheading av-subheading_below av_custom_color ' style='font-size:15px;'><p>Tirez tout le parti des acides organiques<\/p>\n<\/div><div class='special-heading-border'><div class='special-heading-inner-border' style='border-color:#ffffff'><\/div><\/div><\/div>\n<\/div><\/div><\/main><!-- close content main element --><\/div><\/div><div id='after_section_1'  class='main_color av_default_container_wrap container_wrap sidebar_right' style=' '  ><div class='container' ><div class='template-page content  av-content-small alpha units'><div class='post-entry post-entry-type-page post-entry-20478'><div class='entry-content-wrapper clearfix'>\n<div class='flex_column_table av-equal-height-column-flextable -flextable' style='margin-top:-100px; margin-bottom:0px; '><div class=\"flex_column av_one_full  no_margin flex_column_table_cell av-equal-height-column av-align-middle first  avia-builder-el-2  el_after_av_section  el_before_av_one_half  avia-builder-el-first  \" style='background: #ffffff; padding:30px; background-color:#ffffff; border-radius:0px; '><section class=\"av_textblock_section \"  itemscope=\"itemscope\" itemtype=\"https:\/\/schema.org\/CreativeWork\" ><div class='avia_textblock  '   itemprop=\"text\" ><p>Pancosma propose une d\u2019acides organiques pour de nombreuses utilisations\u00a0: pour les fabricants d\u2019aliments, de pr\u00e9mix ou directement en \u00e9levages. Notre gamme d\u2019acides organiques r\u00e9pond \u00e0 5\u00a0grands besoins.<\/p>\n<\/div><\/section><\/div><\/div><!--close column table wrapper. Autoclose: 1 --><div class='flex_column_table av-equal-height-column-flextable -flextable' style='margin-top:-30px; margin-bottom:0px; '><div class=\"flex_column av_one_half  no_margin flex_column_table_cell av-equal-height-column av-align-middle first  avia-builder-el-4  el_after_av_one_full  el_before_av_one_half  column-top-margin\" style='background: #ffffff; padding:30px; background-color:#ffffff; border-radius:30px; '><section class=\"av_textblock_section \"  itemscope=\"itemscope\" itemtype=\"https:\/\/schema.org\/CreativeWork\" ><div class='avia_textblock  '   itemprop=\"text\" ><h3><strong>Les solutions de la gamme d\u2019acides organiques de Pancosma r\u00e9pondent aux n\u00e9cessit\u00e9s de\u00a0:<\/strong><\/h3>\n<ul>\n<li>Hygi\u00e8ne des aliments<\/li>\n<li>Conservation<\/li>\n<li>Production animale<\/li>\n<li>Acidification<\/li>\n<li>Utilisation en eau de boisson<\/li>\n<\/ul>\n<p>Nous fournissons \u00e9galement des solutions sur mesure bas\u00e9es sur notre savoir-faire industriel et la connaissance des mati\u00e8res premi\u00e8res.<\/p>\n<\/div><\/section><\/div><\/p>\n<div class=\"flex_column av_one_half  no_margin flex_column_table_cell av-equal-height-column av-align-middle   avia-builder-el-6  el_after_av_one_half  el_before_av_one_full  column-top-margin\" style='padding:30px; background-color:#ffffff; border-radius:0px; '><div  class='avia-image-container  av-styling-    avia-builder-el-7  avia-builder-el-no-sibling  avia-align-center '  itemprop=\"image\" itemscope=\"itemscope\" itemtype=\"https:\/\/schema.org\/ImageObject\"  ><div class='avia-image-container-inner'><div class='avia-image-overlay-wrap'><img decoding=\"async\" class='wp-image-19428 avia-img-lazy-loading-not-19428 avia_image' src=\"https:\/\/www.pancosma.com\/wp-content\/uploads\/2021\/09\/Pancosma-organic-acids.jpg\" alt='pancosma organic acids' title='small group of chickens eating corn and grain in a chick farm' height=\"400\" width=\"495\"  itemprop=\"thumbnailUrl\" srcset=\"https:\/\/www.pancosma.com\/wp-content\/uploads\/2021\/09\/Pancosma-organic-acids.jpg 495w, https:\/\/www.pancosma.com\/wp-content\/uploads\/2021\/09\/Pancosma-organic-acids-300x242.jpg 300w\" sizes=\"(max-width: 495px) 100vw, 495px\" \/><\/div><\/div><\/div><\/div><\/div><!--close column table wrapper. Autoclose: 1 -->\n<div class='flex_column_table av-equal-height-column-flextable -flextable' style='margin-top:-40px; margin-bottom:0px; '><div class=\"flex_column av_one_full  no_margin flex_column_table_cell av-equal-height-column av-align-middle first  avia-builder-el-8  el_after_av_one_half  el_before_av_hr  column-top-margin\" style='background: #ffffff; padding:30px; background-color:#ffffff; border-radius:0px; '><section class=\"av_textblock_section \"  itemscope=\"itemscope\" itemtype=\"https:\/\/schema.org\/CreativeWork\" ><div class='avia_textblock  '   itemprop=\"text\" ><h3><strong>Qualit\u00e9 et Recherche au c\u0153ur des acides organiques de Pancosma<\/strong><\/h3>\n<p>Pancosma propose des acides organiques qui fournissent des solutions novatrices aux d\u00e9fis de l\u2019\u00e9levage aujourd\u2019hui. Le bien-\u00eatre animal et la s\u00e9curit\u00e9 de l\u2019alimentation sont au c\u0153ur de nos pr\u00e9occupations. La grande flexibilit\u00e9 est un atout majeur de la gamme des acides organiques. Nous optimisons continuellement nos proc\u00e9d\u00e9s de production afin de toujours mieux garantir la qualit\u00e9 et la tra\u00e7abilit\u00e9.<\/p>\n<p>Nous \u00e9tudions minutieusement les principes actifs que nous incluons dans nos produits, afin d\u2019\u00e9laborer des solutions qui vont bien au-del\u00e0 des applications classiques<\/p>\n<div  class='avia-button-wrap avia-button-center  avia-builder-el-10  avia-builder-el-no-sibling ' ><a href=''  class='avia-button  avia-color-theme-color   avia-icon_select-no avia-size-medium avia-position-center '   ><span class='avia_iconbox_title' >Nos marques d\u2019acides organiques<\/span><\/a><\/div>\n<\/div><\/section><br \/>\n<section class=\"av_textblock_section \"  itemscope=\"itemscope\" itemtype=\"https:\/\/schema.org\/CreativeWork\" ><div class='avia_textblock  '   itemprop=\"text\" ><h3><strong><em>Foire aux questions<\/em><\/strong><\/h3>\n<p><strong>Produisez-vous uniquement des solutions en poudre ou proposez-vous aussi des acidifiants liquides\u00a0?<\/strong><\/p>\n<p>Les deux options existent, afin de r\u00e9pondre aux exigences d\u2019applications et \u00e0 toutes les conditions.<\/p>\n<p><strong>Quelle est la principale source de vos produits \u00e0 base d\u2019acides gras \u00e0 cha\u00eene moyenne\u00a0?<\/strong><\/p>\n<p>Ils proviennent essentiellement d\u2019huiles de coprah et de palmiste.<\/p>\n<p><strong>\u00a0Quel est le produit de la gamme d\u2019acides organiques de Pancosma le plus populaire\u00a0?<\/strong><\/p>\n<p>La conservation et l\u2019hygi\u00e8ne des aliments et des mati\u00e8res premi\u00e8res \u00e9tant fondamentales pour la qualit\u00e9 des aliments pour animaux, les produits les plus utilis\u00e9s sont ceux con\u00e7us pour cet objectif.<\/p>\n<p>Toutefois, les acides organiques sp\u00e9cialis\u00e9s, comme les acides gras \u00e0 cha\u00eene moyenne et les acides organiques est\u00e9rifi\u00e9s, suscitent de plus en plus d\u2019int\u00e9r\u00eat. Cela en raison de l\u2019accroissement des recherches scientifiques qui montrent l\u2019int\u00e9r\u00eat de ces types de composants pour les animaux. Nos produits de la gamme DaaFit contiennent des acides gras \u00e0 cha\u00eene moyenne ainsi qu\u2019une combinaison d\u2019acides gras \u00e0 cha\u00eenes courtes et moyennes qui ont \u00e9t\u00e9 l&#8217;objet de ces \u00e9tudes scientifiques.<\/p>\n<p><strong>Puis-je ajouter des acides organiques Pancosma dans l\u2019eau de boisson de mon \u00e9levage\u00a0?<\/strong><\/p>\n<p>Nos produits DaaquaSafe et DaaquaForce ont \u00e9t\u00e9 sp\u00e9cialement con\u00e7us pour ces applications.<\/p>\n<p><strong>Pouvez-vous proposer des solutions \u00e0 base d\u2019acides organiques sur mesure pour r\u00e9pondre \u00e0 mes besoins pr\u00e9cis\u00a0?<\/strong><\/p>\n<p>Oui, nous pouvons personnaliser nos acidifiants aux besoins particuliers de nos clients. D\u00e9couvrez mieux notre\u00a0<a href=\"https:\/\/www.pancosma.com\/portfolio-item\/provit\/\">service sur mesure ici<\/a>.<\/p>\n<p><strong>Proposez-vous des acides organiques adapt\u00e9s \u00e0 l\u2019aquaculture ?<\/strong><\/p>\n<p>Oui, nos produits de conservation et d&#8217;hygi\u00e8ne des aliments sont tous utilisables en aquaculture. Avec nos techniciens sp\u00e9cialis\u00e9 en aquaculture, nous avons aussi r\u00e9alis\u00e9 plusieurs essais \u00e9tudiant l\u2019impact des produits DaaFit sur le bien-\u00eatre des poissons et crevettes, lesquels ont montr\u00e9 une r\u00e9ponse positive.<\/p>\n<p>Si vous avez d\u2019autres questions, n\u2019h\u00e9sitez pas \u00e0<\/p>\n\n\t\n\t<a href=\"#form\" class=\"avia-button avia-color-#444444 avia-icon_select-yes-left-icon avia-size-large avia-position-center\" data-lity>CONTACTEZ NOS EXPERTS<\/a>\n\t<div id=\"form\" style=\"background:#fff\" class=\"lity-hide\">\n\t\t\n<div class=\"wpcf7 no-js\" id=\"wpcf7-f18934-o1\" lang=\"en-US\" dir=\"ltr\" data-wpcf7-id=\"18934\">\n<div class=\"screen-reader-response\"><p role=\"status\" aria-live=\"polite\" aria-atomic=\"true\"><\/p> <ul><\/ul><\/div>\n<form action=\"\/fr\/wp-json\/wp\/v2\/pages\/20478#wpcf7-f18934-o1\" method=\"post\" class=\"wpcf7-form init\" aria-label=\"Contact form\" novalidate=\"novalidate\" data-status=\"init\">\n<fieldset class=\"hidden-fields-container\"><input type=\"hidden\" name=\"_wpcf7\" value=\"18934\" \/><input type=\"hidden\" name=\"_wpcf7_version\" value=\"6.1.5\" \/><input type=\"hidden\" name=\"_wpcf7_locale\" value=\"en_US\" \/><input type=\"hidden\" name=\"_wpcf7_unit_tag\" value=\"wpcf7-f18934-o1\" \/><input type=\"hidden\" name=\"_wpcf7_container_post\" value=\"0\" \/><input type=\"hidden\" name=\"_wpcf7_posted_data_hash\" value=\"\" \/><input type=\"hidden\" name=\"_wpcf7_recaptcha_response\" value=\"\" \/>\n<\/fieldset>\n<div class=\"grid-container cf7-product-contact\">\n\t<div class=\"row\" style=\"border:1px solid rgb(94, 166, 43)\">\n\t\t<div class=\"col-4\">\n\t\t\t<p><label><b>Nom<\/b> (obligatoire)<br \/>\n<span class=\"wpcf7-form-control-wrap\" data-name=\"fullname\"><input size=\"40\" maxlength=\"400\" class=\"wpcf7-form-control wpcf7-text wpcf7-validates-as-required\" aria-required=\"true\" aria-invalid=\"false\" value=\"\" type=\"text\" name=\"fullname\" \/><\/span><\/label>\n\t\t\t<\/p>\n\t\t<\/div>\n\t\t<div class=\"col-4\">\n\t\t\t<p><label><b>Soci\u00e9t\u00e9<\/b> (obligatoire)<br \/>\n<span class=\"wpcf7-form-control-wrap\" data-name=\"company\"><input size=\"40\" maxlength=\"400\" class=\"wpcf7-form-control wpcf7-text wpcf7-validates-as-required\" aria-required=\"true\" aria-invalid=\"false\" value=\"\" type=\"text\" name=\"company\" \/><\/span><\/label>\n\t\t\t<\/p>\n\t\t<\/div>\n\t\t<div class=\"col-4\">\n\t\t\t<p><label><b>Email<\/b> (obligatoire)<br \/>\n<span class=\"wpcf7-form-control-wrap\" data-name=\"email\"><input size=\"40\" maxlength=\"400\" class=\"wpcf7-form-control wpcf7-email wpcf7-validates-as-required wpcf7-text wpcf7-validates-as-email\" aria-required=\"true\" aria-invalid=\"false\" value=\"\" type=\"email\" name=\"email\" \/><\/span><\/label>\n\t\t\t<\/p>\n\t\t<\/div>\n\t\t<div class=\"col-4\">\n\t\t\t<p><label><b>Num\u00e9ro de t\u00e9l\u00e9phone<\/b> (obligatoire)<br \/>\n<span class=\"wpcf7-form-control-wrap\" data-name=\"phone\"><input size=\"40\" maxlength=\"400\" class=\"wpcf7-form-control wpcf7-text wpcf7-validates-as-required\" aria-required=\"true\" aria-invalid=\"false\" value=\"\" type=\"text\" name=\"phone\" \/><\/span><\/label>\n\t\t\t<\/p>\n\t\t<\/div>\n\t\t<div class=\"col-4\">\n\t\t\t<p><label><b>Pays<\/b> (obligatoire)<br \/>\n<span class=\"wpcf7-form-control-wrap\" data-name=\"country\"><input size=\"40\" maxlength=\"400\" class=\"wpcf7-form-control wpcf7-text wpcf7-validates-as-required\" aria-required=\"true\" aria-invalid=\"false\" value=\"\" type=\"text\" name=\"country\" \/><\/span><\/label>\n\t\t\t<\/p>\n\t\t<\/div>\n\t<\/div>\n\t<div class=\"row\" style=\"border:1px solid rgb(94, 166, 43)\">\n\t\t<div class=\"col-4\">\n\t\t\t<p><label><b>Sujet<\/b> (obligatoire)<\/label><br \/>\n<span class=\"wpcf7-form-control-wrap\" data-name=\"subject\"><span class=\"wpcf7-form-control wpcf7-checkbox wpcf7-validates-as-required\"><span class=\"wpcf7-list-item first\"><label><input type=\"checkbox\" name=\"subject[]\" value=\"TEK\" \/><span class=\"wpcf7-list-item-label\">TEK<\/span><\/label><\/span><span class=\"wpcf7-list-item\"><label><input type=\"checkbox\" name=\"subject[]\" value=\"SUCRAM\" \/><span class=\"wpcf7-list-item-label\">SUCRAM<\/span><\/label><\/span><span class=\"wpcf7-list-item\"><label><input type=\"checkbox\" name=\"subject[]\" value=\"MAGNASWEET\" \/><span class=\"wpcf7-list-item-label\">MAGNASWEET<\/span><\/label><\/span><span class=\"wpcf7-list-item\"><label><input type=\"checkbox\" name=\"subject[]\" value=\"B-TRAXIM\" \/><span class=\"wpcf7-list-item-label\">B-TRAXIM<\/span><\/label><\/span><span class=\"wpcf7-list-item\"><label><input type=\"checkbox\" name=\"subject[]\" value=\"TAKTIK\" \/><span class=\"wpcf7-list-item-label\">TAKTIK<\/span><\/label><\/span><span class=\"wpcf7-list-item\"><label><input type=\"checkbox\" name=\"subject[]\" value=\"CARBOVET\" \/><span class=\"wpcf7-list-item-label\">CARBOVET<\/span><\/label><\/span><span class=\"wpcf7-list-item\"><label><input type=\"checkbox\" name=\"subject[]\" value=\"NEX\" \/><span class=\"wpcf7-list-item-label\">NEX<\/span><\/label><\/span><span class=\"wpcf7-list-item\"><label><input type=\"checkbox\" name=\"subject[]\" value=\"CITRISTIM\" \/><span class=\"wpcf7-list-item-label\">CITRISTIM<\/span><\/label><\/span><span class=\"wpcf7-list-item\"><label><input type=\"checkbox\" name=\"subject[]\" value=\"ACIDES ORGANIQUES\" \/><span class=\"wpcf7-list-item-label\">ACIDES ORGANIQUES<\/span><\/label><\/span><span class=\"wpcf7-list-item\"><label><input type=\"checkbox\" name=\"subject[]\" value=\"ANCO FIT\" \/><span class=\"wpcf7-list-item-label\">ANCO FIT<\/span><\/label><\/span><span class=\"wpcf7-list-item last\"><label><input type=\"checkbox\" name=\"subject[]\" value=\"XTRACT\" \/><span class=\"wpcf7-list-item-label\">XTRACT<\/span><\/label><\/span><\/span><\/span>\n\t\t\t<\/p>\n\t\t<\/div>\n\t\t<div class=\"col-4\">\n\t\t\t<p><label><b>Esp\u00e8ces d'int\u00e9r\u00eat<\/b> (obligatoire)<\/label><br \/>\n<span class=\"wpcf7-form-control-wrap\" data-name=\"species\"><span class=\"wpcf7-form-control wpcf7-checkbox wpcf7-validates-as-required\"><span class=\"wpcf7-list-item first\"><label><input type=\"checkbox\" name=\"species[]\" value=\"Porc\" \/><span class=\"wpcf7-list-item-label\">Porc<\/span><\/label><\/span><span class=\"wpcf7-list-item\"><label><input type=\"checkbox\" name=\"species[]\" value=\"Ruminants\" \/><span class=\"wpcf7-list-item-label\">Ruminants<\/span><\/label><\/span><span class=\"wpcf7-list-item\"><label><input type=\"checkbox\" name=\"species[]\" value=\"Mouton\" \/><span class=\"wpcf7-list-item-label\">Mouton<\/span><\/label><\/span><span class=\"wpcf7-list-item\"><label><input type=\"checkbox\" name=\"species[]\" value=\"Volaille\" \/><span class=\"wpcf7-list-item-label\">Volaille<\/span><\/label><\/span><span class=\"wpcf7-list-item\"><label><input type=\"checkbox\" name=\"species[]\" value=\"Aquaculture\" \/><span class=\"wpcf7-list-item-label\">Aquaculture<\/span><\/label><\/span><span class=\"wpcf7-list-item\"><label><input type=\"checkbox\" name=\"species[]\" value=\"Gibier\" \/><span class=\"wpcf7-list-item-label\">Gibier<\/span><\/label><\/span><span class=\"wpcf7-list-item\"><label><input type=\"checkbox\" name=\"species[]\" value=\"Chevaux\" \/><span class=\"wpcf7-list-item-label\">Chevaux<\/span><\/label><\/span><span class=\"wpcf7-list-item last\"><label><input type=\"checkbox\" name=\"species[]\" value=\"Lapins\" \/><span class=\"wpcf7-list-item-label\">Lapins<\/span><\/label><\/span><\/span><\/span>\n\t\t\t<\/p>\n\t\t<\/div>\n\t\t<div class=\"col-4\">\n\t\t\t<p><label> <b>Message<\/b><br \/>\n<span class=\"wpcf7-form-control-wrap\" data-name=\"message\"><textarea cols=\"40\" rows=\"10\" maxlength=\"2000\" class=\"wpcf7-form-control wpcf7-textarea\" aria-invalid=\"false\" name=\"message\"><\/textarea><\/span> <\/label>\n\t\t\t<\/p>\n\t\t<\/div>\n\t<\/div>\n\t<div class=\"row\">\n\t\t<div class=\"col-12\">\n\t\t\t<p><input class=\"wpcf7-form-control wpcf7-submit has-spinner\" type=\"submit\" value=\"Envoyer\" \/>\n\t\t\t<\/p>\n\t\t<\/div>\n\t<\/div>\n<\/div><div class=\"wpcf7-response-output\" aria-hidden=\"true\"><\/div>\n<\/form>\n<\/div>\n\t<\/div>\n\n\t\n<\/div><\/section><br \/>\n<section class=\"av_textblock_section \"  itemscope=\"itemscope\" itemtype=\"https:\/\/schema.org\/CreativeWork\" ><div class='avia_textblock  '   itemprop=\"text\" ><p><em>*\u00a0Tous les produits ne sont pas disponibles dans tous les pays. Pancosma, une marque d\u2019ADM, ne fournit aucune d\u00e9claration ni garantie, explicite ou implicite, de fiabilit\u00e9 ou d\u2019exhaustivit\u00e9 des pr\u00e9sentes informations. Il convient que les utilisations et revendications soient adapt\u00e9es \u00e0 l\u2019environnement r\u00e9glementaire local en vigueur. Les pr\u00e9sentes informations ne contiennent aucune recommandation expresse ou implicite de soin, att\u00e9nuation, traitement ou pr\u00e9vention de maladie.<\/em><\/p>\n<\/div><\/section><\/p><\/div><\/div><!--close column table wrapper. Autoclose: 1 -->\n<div  style='height:20px' class='hr hr-invisible   avia-builder-el-13  el_after_av_one_full  avia-builder-el-last '><span class='hr-inner ' ><span class='hr-inner-style'><\/span><\/span><\/div>\n","protected":false},"excerpt":{"rendered":"","protected":false},"author":16,"featured_media":0,"parent":0,"menu_order":0,"comment_status":"closed","ping_status":"closed","template":"","meta":{"_acf_changed":false,"footnotes":""},"class_list":["post-20478","page","type-page","status-publish","hentry"],"acf":[],"yoast_head":"<!-- This site is optimized with the Yoast SEO plugin v27.3 - https:\/\/yoast.com\/product\/yoast-seo-wordpress\/ -->\n<title>Acides organiques - Pancosma<\/title>\n<meta name=\"description\" content=\"Pancosma propose une d\u2019acides organiques pour de nombreuses utilisations\u00a0: pour les fabricants d\u2019aliments ou en \u00e9levages.\" \/>\n<meta name=\"robots\" content=\"index, follow, max-snippet:-1, max-image-preview:large, max-video-preview:-1\" \/>\n<link rel=\"canonical\" href=\"https:\/\/www.pancosma.com\/fr\/acides-organiques\/\" \/>\n<meta property=\"og:locale\" content=\"fr_FR\" \/>\n<meta property=\"og:type\" content=\"article\" \/>\n<meta property=\"og:title\" content=\"Acides organiques - Pancosma\" \/>\n<meta property=\"og:description\" content=\"Pancosma propose une d\u2019acides organiques pour de nombreuses utilisations\u00a0: pour les fabricants d\u2019aliments ou en \u00e9levages.\" \/>\n<meta property=\"og:url\" content=\"https:\/\/www.pancosma.com\/fr\/acides-organiques\/\" \/>\n<meta property=\"og:site_name\" content=\"Pancosma\" \/>\n<meta property=\"article:modified_time\" content=\"2022-06-10T10:27:11+00:00\" \/>\n<meta name=\"twitter:card\" content=\"summary_large_image\" \/>\n<meta name=\"twitter:label1\" content=\"Est. reading time\" \/>\n\t<meta name=\"twitter:data1\" content=\"8 minutes\" \/>\n<script type=\"application\/ld+json\" class=\"yoast-schema-graph\">{\"@context\":\"https:\\\/\\\/schema.org\",\"@graph\":[{\"@type\":\"WebPage\",\"@id\":\"https:\\\/\\\/www.pancosma.com\\\/fr\\\/acides-organiques\\\/\",\"url\":\"https:\\\/\\\/www.pancosma.com\\\/fr\\\/acides-organiques\\\/\",\"name\":\"Acides organiques - Pancosma\",\"isPartOf\":{\"@id\":\"https:\\\/\\\/www.pancosma.com\\\/#website\"},\"datePublished\":\"2022-03-09T20:18:30+00:00\",\"dateModified\":\"2022-06-10T10:27:11+00:00\",\"description\":\"Pancosma propose une d\u2019acides organiques pour de nombreuses utilisations\u00a0: pour les fabricants d\u2019aliments ou en \u00e9levages.\",\"breadcrumb\":{\"@id\":\"https:\\\/\\\/www.pancosma.com\\\/fr\\\/acides-organiques\\\/#breadcrumb\"},\"inLanguage\":\"fr-FR\",\"potentialAction\":[{\"@type\":\"ReadAction\",\"target\":[\"https:\\\/\\\/www.pancosma.com\\\/fr\\\/acides-organiques\\\/\"]}]},{\"@type\":\"BreadcrumbList\",\"@id\":\"https:\\\/\\\/www.pancosma.com\\\/fr\\\/acides-organiques\\\/#breadcrumb\",\"itemListElement\":[{\"@type\":\"ListItem\",\"position\":1,\"name\":\"Home\",\"item\":\"https:\\\/\\\/www.pancosma.com\\\/fr\\\/\"},{\"@type\":\"ListItem\",\"position\":2,\"name\":\"Acides organiques\"}]},{\"@type\":\"WebSite\",\"@id\":\"https:\\\/\\\/www.pancosma.com\\\/#website\",\"url\":\"https:\\\/\\\/www.pancosma.com\\\/\",\"name\":\"Pancosma\",\"description\":\"Geneva\",\"potentialAction\":[{\"@type\":\"SearchAction\",\"target\":{\"@type\":\"EntryPoint\",\"urlTemplate\":\"https:\\\/\\\/www.pancosma.com\\\/?s={search_term_string}\"},\"query-input\":{\"@type\":\"PropertyValueSpecification\",\"valueRequired\":true,\"valueName\":\"search_term_string\"}}],\"inLanguage\":\"fr-FR\"}]}<\/script>\n<!-- \/ Yoast SEO plugin. -->","yoast_head_json":{"title":"Acides organiques - Pancosma","description":"Pancosma propose une d\u2019acides organiques pour de nombreuses utilisations\u00a0: pour les fabricants d\u2019aliments ou en \u00e9levages.","robots":{"index":"index","follow":"follow","max-snippet":"max-snippet:-1","max-image-preview":"max-image-preview:large","max-video-preview":"max-video-preview:-1"},"canonical":"https:\/\/www.pancosma.com\/fr\/acides-organiques\/","og_locale":"fr_FR","og_type":"article","og_title":"Acides organiques - Pancosma","og_description":"Pancosma propose une d\u2019acides organiques pour de nombreuses utilisations\u00a0: pour les fabricants d\u2019aliments ou en \u00e9levages.","og_url":"https:\/\/www.pancosma.com\/fr\/acides-organiques\/","og_site_name":"Pancosma","article_modified_time":"2022-06-10T10:27:11+00:00","twitter_card":"summary_large_image","twitter_misc":{"Est. reading time":"8 minutes"},"schema":{"@context":"https:\/\/schema.org","@graph":[{"@type":"WebPage","@id":"https:\/\/www.pancosma.com\/fr\/acides-organiques\/","url":"https:\/\/www.pancosma.com\/fr\/acides-organiques\/","name":"Acides organiques - Pancosma","isPartOf":{"@id":"https:\/\/www.pancosma.com\/#website"},"datePublished":"2022-03-09T20:18:30+00:00","dateModified":"2022-06-10T10:27:11+00:00","description":"Pancosma propose une d\u2019acides organiques pour de nombreuses utilisations\u00a0: pour les fabricants d\u2019aliments ou en \u00e9levages.","breadcrumb":{"@id":"https:\/\/www.pancosma.com\/fr\/acides-organiques\/#breadcrumb"},"inLanguage":"fr-FR","potentialAction":[{"@type":"ReadAction","target":["https:\/\/www.pancosma.com\/fr\/acides-organiques\/"]}]},{"@type":"BreadcrumbList","@id":"https:\/\/www.pancosma.com\/fr\/acides-organiques\/#breadcrumb","itemListElement":[{"@type":"ListItem","position":1,"name":"Home","item":"https:\/\/www.pancosma.com\/fr\/"},{"@type":"ListItem","position":2,"name":"Acides organiques"}]},{"@type":"WebSite","@id":"https:\/\/www.pancosma.com\/#website","url":"https:\/\/www.pancosma.com\/","name":"Pancosma","description":"Geneva","potentialAction":[{"@type":"SearchAction","target":{"@type":"EntryPoint","urlTemplate":"https:\/\/www.pancosma.com\/?s={search_term_string}"},"query-input":{"@type":"PropertyValueSpecification","valueRequired":true,"valueName":"search_term_string"}}],"inLanguage":"fr-FR"}]}},"_links":{"self":[{"href":"https:\/\/www.pancosma.com\/fr\/wp-json\/wp\/v2\/pages\/20478","targetHints":{"allow":["GET"]}}],"collection":[{"href":"https:\/\/www.pancosma.com\/fr\/wp-json\/wp\/v2\/pages"}],"about":[{"href":"https:\/\/www.pancosma.com\/fr\/wp-json\/wp\/v2\/types\/page"}],"author":[{"embeddable":true,"href":"https:\/\/www.pancosma.com\/fr\/wp-json\/wp\/v2\/users\/16"}],"replies":[{"embeddable":true,"href":"https:\/\/www.pancosma.com\/fr\/wp-json\/wp\/v2\/comments?post=20478"}],"version-history":[{"count":5,"href":"https:\/\/www.pancosma.com\/fr\/wp-json\/wp\/v2\/pages\/20478\/revisions"}],"predecessor-version":[{"id":21765,"href":"https:\/\/www.pancosma.com\/fr\/wp-json\/wp\/v2\/pages\/20478\/revisions\/21765"}],"wp:attachment":[{"href":"https:\/\/www.pancosma.com\/fr\/wp-json\/wp\/v2\/media?parent=20478"}],"curies":[{"name":"wp","href":"https:\/\/api.w.org\/{rel}","templated":true}]}}