{"id":20496,"date":"2022-03-09T21:20:50","date_gmt":"2022-03-09T20:20:50","guid":{"rendered":"https:\/\/www.pancosma.com\/?page_id=20496"},"modified":"2022-06-10T12:30:41","modified_gmt":"2022-06-10T10:30:41","slug":"oligo-elements-organiques","status":"publish","type":"page","link":"https:\/\/www.pancosma.com\/fr\/oligo-elements-organiques\/","title":{"rendered":"Oligo-\u00e9l\u00e9ments organiques"},"content":{"rendered":"<div id='av_section_1'  class='avia-section main_color avia-section-default avia-no-border-styling  avia-bg-style-scroll  avia-builder-el-0  el_before_av_one_full  avia-builder-el-first   container_wrap sidebar_right' style='background-color: #5ea62b;  '  ><div class='container' ><main  role=\"main\" itemprop=\"mainContentOfPage\"  class='template-page content  av-content-small alpha units'><div class='post-entry post-entry-type-page post-entry-20496'><div class='entry-content-wrapper clearfix'>\n<div  style='padding-bottom:10px; color:#ffffff;' class='av-special-heading av-special-heading-h1 custom-color-heading blockquote modern-quote modern-centered  avia-builder-el-1  avia-builder-el-no-sibling  '><h1 class='av-special-heading-tag '  itemprop=\"headline\"  >Oligo-\u00e9l\u00e9ments organiques<\/h1><div class ='av-subheading av-subheading_below av_custom_color ' style='font-size:15px;'><p>Une suppl\u00e9mentation en oligo \u00e9l\u00e9ments efficace<\/p>\n<\/div><div class='special-heading-border'><div class='special-heading-inner-border' style='border-color:#ffffff'><\/div><\/div><\/div>\n<\/div><\/div><\/main><!-- close content main element --><\/div><\/div><div id='after_section_1'  class='main_color av_default_container_wrap container_wrap sidebar_right' style=' '  ><div class='container' ><div class='template-page content  av-content-small alpha units'><div class='post-entry post-entry-type-page post-entry-20496'><div class='entry-content-wrapper clearfix'>\n<div class='flex_column_table av-equal-height-column-flextable -flextable' style='margin-top:-100px; margin-bottom:0px; '><div class=\"flex_column av_one_full  no_margin flex_column_table_cell av-equal-height-column av-align-middle first  avia-builder-el-2  el_after_av_section  el_before_av_one_half  avia-builder-el-first  \" style='background: #ffffff; padding:30px; background-color:#ffffff; border-radius:0px; '><section class=\"av_textblock_section \"  itemscope=\"itemscope\" itemtype=\"https:\/\/schema.org\/CreativeWork\" ><div class='avia_textblock  '   itemprop=\"text\" ><p>Afin de r\u00e9pondre \u00e0 l\u2019int\u00e9r\u00eat croissant en \u00e9levage de b\u00e9tail pour une nutrition de pr\u00e9cision, Pancosma a \u00e9labor\u00e9 une gamme unique d\u2019oligo-\u00e9l\u00e9ments organiques con\u00e7us apporter des nutriments hautement biodisponibles et de l\u2019homog\u00e9n\u00e9it\u00e9 dans les pr\u00e9m\u00e9langes, assurant ainsi une performance animale optimale.<\/p>\n<\/div><\/section><\/div><\/div><!--close column table wrapper. Autoclose: 1 --><div class='flex_column_table av-equal-height-column-flextable -flextable' style='margin-top:-30px; margin-bottom:0px; '><div class=\"flex_column av_one_half  no_margin flex_column_table_cell av-equal-height-column av-align-middle first  avia-builder-el-4  el_after_av_one_full  el_before_av_one_half  column-top-margin\" style='background: #ffffff; padding:30px; background-color:#ffffff; border-radius:30px; '><section class=\"av_textblock_section \"  itemscope=\"itemscope\" itemtype=\"https:\/\/schema.org\/CreativeWork\" ><div class='avia_textblock  '   itemprop=\"text\" ><h3><strong>L<\/strong><strong>es <\/strong><strong>gammes <\/strong><strong>d<\/strong><strong>\u2019oligo-\u00e9l\u00e9ments organiques de Pancosma<\/strong><\/h3>\n<ul>\n<li>La gamme \u00ab<strong>\u00a0B-TRAXIM\u00a02C<\/strong>\u00a0\u00bb\u00a0est compos\u00e9e de glycinate, complexes de fer, cuivre, mangan\u00e8se et zinc et de l\u2019acide amin\u00e9e glycine.<\/li>\n<li>La gamme \u00ab\u00a0<strong>B-TRAXIM\u00a0TEC<\/strong>\u00a0\u00bb\u00a0est compos\u00e9e de de ch\u00e9late de prot\u00e9ine de soja hydrolys\u00e9e de fer, cuivre, mangan\u00e8se et zinc).<\/li>\n<li>Le \u00ab<strong> B-TRAXIM SE<\/strong> \u00bb est un produit compos\u00e9 de selenium et de prot\u00e9ine de soja hydrolys\u00e9e<\/li>\n<li>La gamme \u00ab <strong>B-TRAXIM ALL-IN-\u2460<\/strong> \u00bb regroupe des produits tout-en-un sp\u00e9cialement formul\u00e9 pour r\u00e9pondre aux besoins des diff\u00e9rentes esp\u00e8ces et apporter \u00e0 l\u2019industrie de l\u2019 alimentation animale une solution ergonomique.<\/li>\n<\/ul>\n<\/div><\/section><\/div><\/p>\n<div class=\"flex_column av_one_half  no_margin flex_column_table_cell av-equal-height-column av-align-middle   avia-builder-el-6  el_after_av_one_half  el_before_av_one_full  column-top-margin\" style='padding:30px; background-color:#ffffff; border-radius:0px; '><div  class='avia-image-container  av-styling-    avia-builder-el-7  avia-builder-el-no-sibling  avia-align-center '  itemprop=\"image\" itemscope=\"itemscope\" itemtype=\"https:\/\/schema.org\/ImageObject\"  ><div class='avia-image-container-inner'><div class='avia-image-overlay-wrap'><img decoding=\"async\" class='wp-image-19422 avia-img-lazy-loading-not-19422 avia_image' src=\"https:\/\/www.pancosma.com\/wp-content\/uploads\/2021\/09\/Pancosma-organic-trace-minerals_495x400.jpg\" alt='organic trace minerals' title='Pancosma organic trace minerals_495x400' height=\"400\" width=\"495\"  itemprop=\"thumbnailUrl\" srcset=\"https:\/\/www.pancosma.com\/wp-content\/uploads\/2021\/09\/Pancosma-organic-trace-minerals_495x400.jpg 495w, https:\/\/www.pancosma.com\/wp-content\/uploads\/2021\/09\/Pancosma-organic-trace-minerals_495x400-300x242.jpg 300w\" sizes=\"(max-width: 495px) 100vw, 495px\" \/><\/div><\/div><\/div><\/div><\/div><!--close column table wrapper. Autoclose: 1 -->\n<div class='flex_column_table av-equal-height-column-flextable -flextable' style='margin-top:-40px; margin-bottom:0px; '><div class=\"flex_column av_one_full  no_margin flex_column_table_cell av-equal-height-column av-align-middle first  avia-builder-el-8  el_after_av_one_half  el_before_av_hr  column-top-margin\" style='background: #ffffff; padding:30px; background-color:#ffffff; border-radius:0px; '><section class=\"av_textblock_section \"  itemscope=\"itemscope\" itemtype=\"https:\/\/schema.org\/CreativeWork\" ><div class='avia_textblock  '   itemprop=\"text\" ><h3><strong>Qualit\u00e9 et Recherche au c\u0153ur des oligo-\u00e9l\u00e9ments organiques de Pancosma<\/strong><\/h3>\n<p>Pancosma poss\u00e8de une grande exp\u00e9rience en mati\u00e8re de solutions innovantes fond\u00e9es sur de la recherche scientifique au service de l\u2019industrie de la nutrition. Outre de nombreuses ann\u00e9es de recherche, les gammes de produits B-TRAXIM s\u2019appuient sur des donn\u00e9es scientifiques, des brevets et des essais positifs de mani\u00e8re consistante qui montrent un effet sur la biodisponibilit\u00e9, et la technique et la performance \u00e9conomique chez l\u2019animal.<\/p>\n<p>Ainsi, nos produits commercialis\u00e9s sur le march\u00e9 sont d\u2019efficacit\u00e9 prouv\u00e9e et leur qualit\u00e9 ainsi que leur s\u00e9curit\u00e9 sont constamment et rigoureusement \u00e9valu\u00e9es.<\/p>\n<p>Pour en savoir plus sur les normes de qualit\u00e9 appliqu\u00e9es par Pancosma, visitez la\u00a0<a href=\"\/?page_id=13792\">Banque de donn\u00e9es des certificats de qualit\u00e9 de Pancosma.<\/a><\/p>\n<h3><strong>Les b\u00e9n\u00e9fices des oligo-\u00e9l\u00e9ments organiques de Pancosma<\/strong><\/h3>\n<ul>\n<li><strong>Bien-\u00eatre animal\u00a0:<\/strong>pr\u00e9vention des carences<\/li>\n<li><strong>Biodisponibilit\u00e9\u00a0:<\/strong> l\u2019une des sources les plus biodisponibles du march\u00e9<\/li>\n<li><strong>Rentabilit\u00e9\u00a0:<\/strong> bon retour sur investissement avec une faible dose d\u2019inclusion<\/li>\n<li><strong>Environnement\u00a0:<\/strong> r\u00e9duction de l\u2019excr\u00e9tion de min\u00e9raux<\/li>\n<\/ul>\n<h3><\/h3>\n\n\t\n\t<a href=\"#form\" class=\"avia-button avia-color-#444444 avia-icon_select-yes-left-icon avia-size-large avia-position-center\" data-lity>CONTACTEZ NOS EXPERTS<\/a>\n\t<div id=\"form\" style=\"background:#fff\" class=\"lity-hide\">\n\t\t\n<div class=\"wpcf7 no-js\" id=\"wpcf7-f18934-o1\" lang=\"en-US\" dir=\"ltr\" data-wpcf7-id=\"18934\">\n<div class=\"screen-reader-response\"><p role=\"status\" aria-live=\"polite\" aria-atomic=\"true\"><\/p> <ul><\/ul><\/div>\n<form action=\"\/fr\/wp-json\/wp\/v2\/pages\/20496#wpcf7-f18934-o1\" method=\"post\" class=\"wpcf7-form init\" aria-label=\"Contact form\" novalidate=\"novalidate\" data-status=\"init\">\n<fieldset class=\"hidden-fields-container\"><input type=\"hidden\" name=\"_wpcf7\" value=\"18934\" \/><input type=\"hidden\" name=\"_wpcf7_version\" value=\"6.1.5\" \/><input type=\"hidden\" name=\"_wpcf7_locale\" value=\"en_US\" \/><input type=\"hidden\" name=\"_wpcf7_unit_tag\" value=\"wpcf7-f18934-o1\" \/><input type=\"hidden\" name=\"_wpcf7_container_post\" value=\"0\" \/><input type=\"hidden\" name=\"_wpcf7_posted_data_hash\" value=\"\" \/><input type=\"hidden\" name=\"_wpcf7_recaptcha_response\" value=\"\" \/>\n<\/fieldset>\n<div class=\"grid-container cf7-product-contact\">\n\t<div class=\"row\" style=\"border:1px solid rgb(94, 166, 43)\">\n\t\t<div class=\"col-4\">\n\t\t\t<p><label><b>Nom<\/b> (obligatoire)<br \/>\n<span class=\"wpcf7-form-control-wrap\" data-name=\"fullname\"><input size=\"40\" maxlength=\"400\" class=\"wpcf7-form-control wpcf7-text wpcf7-validates-as-required\" aria-required=\"true\" aria-invalid=\"false\" value=\"\" type=\"text\" name=\"fullname\" \/><\/span><\/label>\n\t\t\t<\/p>\n\t\t<\/div>\n\t\t<div class=\"col-4\">\n\t\t\t<p><label><b>Soci\u00e9t\u00e9<\/b> (obligatoire)<br \/>\n<span class=\"wpcf7-form-control-wrap\" data-name=\"company\"><input size=\"40\" maxlength=\"400\" class=\"wpcf7-form-control wpcf7-text wpcf7-validates-as-required\" aria-required=\"true\" aria-invalid=\"false\" value=\"\" type=\"text\" name=\"company\" \/><\/span><\/label>\n\t\t\t<\/p>\n\t\t<\/div>\n\t\t<div class=\"col-4\">\n\t\t\t<p><label><b>Email<\/b> (obligatoire)<br \/>\n<span class=\"wpcf7-form-control-wrap\" data-name=\"email\"><input size=\"40\" maxlength=\"400\" class=\"wpcf7-form-control wpcf7-email wpcf7-validates-as-required wpcf7-text wpcf7-validates-as-email\" aria-required=\"true\" aria-invalid=\"false\" value=\"\" type=\"email\" name=\"email\" \/><\/span><\/label>\n\t\t\t<\/p>\n\t\t<\/div>\n\t\t<div class=\"col-4\">\n\t\t\t<p><label><b>Num\u00e9ro de t\u00e9l\u00e9phone<\/b> (obligatoire)<br \/>\n<span class=\"wpcf7-form-control-wrap\" data-name=\"phone\"><input size=\"40\" maxlength=\"400\" class=\"wpcf7-form-control wpcf7-text wpcf7-validates-as-required\" aria-required=\"true\" aria-invalid=\"false\" value=\"\" type=\"text\" name=\"phone\" \/><\/span><\/label>\n\t\t\t<\/p>\n\t\t<\/div>\n\t\t<div class=\"col-4\">\n\t\t\t<p><label><b>Pays<\/b> (obligatoire)<br \/>\n<span class=\"wpcf7-form-control-wrap\" data-name=\"country\"><input size=\"40\" maxlength=\"400\" class=\"wpcf7-form-control wpcf7-text wpcf7-validates-as-required\" aria-required=\"true\" aria-invalid=\"false\" value=\"\" type=\"text\" name=\"country\" \/><\/span><\/label>\n\t\t\t<\/p>\n\t\t<\/div>\n\t<\/div>\n\t<div class=\"row\" style=\"border:1px solid rgb(94, 166, 43)\">\n\t\t<div class=\"col-4\">\n\t\t\t<p><label><b>Sujet<\/b> (obligatoire)<\/label><br \/>\n<span class=\"wpcf7-form-control-wrap\" data-name=\"subject\"><span class=\"wpcf7-form-control wpcf7-checkbox wpcf7-validates-as-required\"><span class=\"wpcf7-list-item first\"><label><input type=\"checkbox\" name=\"subject[]\" value=\"TEK\" \/><span class=\"wpcf7-list-item-label\">TEK<\/span><\/label><\/span><span class=\"wpcf7-list-item\"><label><input type=\"checkbox\" name=\"subject[]\" value=\"SUCRAM\" \/><span class=\"wpcf7-list-item-label\">SUCRAM<\/span><\/label><\/span><span class=\"wpcf7-list-item\"><label><input type=\"checkbox\" name=\"subject[]\" value=\"MAGNASWEET\" \/><span class=\"wpcf7-list-item-label\">MAGNASWEET<\/span><\/label><\/span><span class=\"wpcf7-list-item\"><label><input type=\"checkbox\" name=\"subject[]\" value=\"B-TRAXIM\" \/><span class=\"wpcf7-list-item-label\">B-TRAXIM<\/span><\/label><\/span><span class=\"wpcf7-list-item\"><label><input type=\"checkbox\" name=\"subject[]\" value=\"TAKTIK\" \/><span class=\"wpcf7-list-item-label\">TAKTIK<\/span><\/label><\/span><span class=\"wpcf7-list-item\"><label><input type=\"checkbox\" name=\"subject[]\" value=\"CARBOVET\" \/><span class=\"wpcf7-list-item-label\">CARBOVET<\/span><\/label><\/span><span class=\"wpcf7-list-item\"><label><input type=\"checkbox\" name=\"subject[]\" value=\"NEX\" \/><span class=\"wpcf7-list-item-label\">NEX<\/span><\/label><\/span><span class=\"wpcf7-list-item\"><label><input type=\"checkbox\" name=\"subject[]\" value=\"CITRISTIM\" \/><span class=\"wpcf7-list-item-label\">CITRISTIM<\/span><\/label><\/span><span class=\"wpcf7-list-item\"><label><input type=\"checkbox\" name=\"subject[]\" value=\"ACIDES ORGANIQUES\" \/><span class=\"wpcf7-list-item-label\">ACIDES ORGANIQUES<\/span><\/label><\/span><span class=\"wpcf7-list-item\"><label><input type=\"checkbox\" name=\"subject[]\" value=\"ANCO FIT\" \/><span class=\"wpcf7-list-item-label\">ANCO FIT<\/span><\/label><\/span><span class=\"wpcf7-list-item last\"><label><input type=\"checkbox\" name=\"subject[]\" value=\"XTRACT\" \/><span class=\"wpcf7-list-item-label\">XTRACT<\/span><\/label><\/span><\/span><\/span>\n\t\t\t<\/p>\n\t\t<\/div>\n\t\t<div class=\"col-4\">\n\t\t\t<p><label><b>Esp\u00e8ces d'int\u00e9r\u00eat<\/b> (obligatoire)<\/label><br \/>\n<span class=\"wpcf7-form-control-wrap\" data-name=\"species\"><span class=\"wpcf7-form-control wpcf7-checkbox wpcf7-validates-as-required\"><span class=\"wpcf7-list-item first\"><label><input type=\"checkbox\" name=\"species[]\" value=\"Porc\" \/><span class=\"wpcf7-list-item-label\">Porc<\/span><\/label><\/span><span class=\"wpcf7-list-item\"><label><input type=\"checkbox\" name=\"species[]\" value=\"Ruminants\" \/><span class=\"wpcf7-list-item-label\">Ruminants<\/span><\/label><\/span><span class=\"wpcf7-list-item\"><label><input type=\"checkbox\" name=\"species[]\" value=\"Mouton\" \/><span class=\"wpcf7-list-item-label\">Mouton<\/span><\/label><\/span><span class=\"wpcf7-list-item\"><label><input type=\"checkbox\" name=\"species[]\" value=\"Volaille\" \/><span class=\"wpcf7-list-item-label\">Volaille<\/span><\/label><\/span><span class=\"wpcf7-list-item\"><label><input type=\"checkbox\" name=\"species[]\" value=\"Aquaculture\" \/><span class=\"wpcf7-list-item-label\">Aquaculture<\/span><\/label><\/span><span class=\"wpcf7-list-item\"><label><input type=\"checkbox\" name=\"species[]\" value=\"Gibier\" \/><span class=\"wpcf7-list-item-label\">Gibier<\/span><\/label><\/span><span class=\"wpcf7-list-item\"><label><input type=\"checkbox\" name=\"species[]\" value=\"Chevaux\" \/><span class=\"wpcf7-list-item-label\">Chevaux<\/span><\/label><\/span><span class=\"wpcf7-list-item last\"><label><input type=\"checkbox\" name=\"species[]\" value=\"Lapins\" \/><span class=\"wpcf7-list-item-label\">Lapins<\/span><\/label><\/span><\/span><\/span>\n\t\t\t<\/p>\n\t\t<\/div>\n\t\t<div class=\"col-4\">\n\t\t\t<p><label> <b>Message<\/b><br \/>\n<span class=\"wpcf7-form-control-wrap\" data-name=\"message\"><textarea cols=\"40\" rows=\"10\" maxlength=\"2000\" class=\"wpcf7-form-control wpcf7-textarea\" aria-invalid=\"false\" name=\"message\"><\/textarea><\/span> <\/label>\n\t\t\t<\/p>\n\t\t<\/div>\n\t<\/div>\n\t<div class=\"row\">\n\t\t<div class=\"col-12\">\n\t\t\t<p><input class=\"wpcf7-form-control wpcf7-submit has-spinner\" type=\"submit\" value=\"Envoyer\" \/>\n\t\t\t<\/p>\n\t\t<\/div>\n\t<\/div>\n<\/div><div class=\"wpcf7-response-output\" aria-hidden=\"true\"><\/div>\n<\/form>\n<\/div>\n\t<\/div>\n\n\t\n<h3>Articles li\u00e9s<\/h3>\n<p><a href=\"https:\/\/www.pancosma.com\/fr\/benchmarking-trace-mineral-levels-in-pig-feed\/\">Comparaison des niveaux d\u2019oligo-\u00e9l\u00e9ments dans les aliments pour porcs<\/a><\/p>\n<\/div><\/section><br \/>\n<section class=\"av_textblock_section \"  itemscope=\"itemscope\" itemtype=\"https:\/\/schema.org\/CreativeWork\" ><div class='avia_textblock  '   itemprop=\"text\" ><h3>Articles li\u00e9s<\/h3>\n<p><a href=\"https:\/\/www.pancosma.com\/fr\/benchmarking-trace-mineral-levels-in-pig-feed\/\">Comparaison des niveaux d\u2019oligo-\u00e9l\u00e9ments dans les aliments pour porcs<\/a><\/p>\n<\/div><\/section><\/p><\/div><\/div><!--close column table wrapper. Autoclose: 1 -->\n<div  style='height:20px' class='hr hr-invisible   avia-builder-el-11  el_after_av_one_full  avia-builder-el-last '><span class='hr-inner ' ><span class='hr-inner-style'><\/span><\/span><\/div>\n","protected":false},"excerpt":{"rendered":"","protected":false},"author":16,"featured_media":0,"parent":0,"menu_order":0,"comment_status":"closed","ping_status":"closed","template":"","meta":{"_acf_changed":false,"footnotes":""},"class_list":["post-20496","page","type-page","status-publish","hentry"],"acf":[],"yoast_head":"<!-- This site is optimized with the Yoast SEO plugin v27.3 - https:\/\/yoast.com\/product\/yoast-seo-wordpress\/ -->\n<title>Oligo-\u00e9l\u00e9ments organiques - Pancosma<\/title>\n<meta name=\"description\" content=\"Afin de r\u00e9pondre \u00e0 l\u2019int\u00e9r\u00eat croissant en \u00e9levage de b\u00e9tail pour une nutrition de pr\u00e9cision, Pancosma a \u00e9labor\u00e9 une gamme unique d\u2019oligo-\u00e9l\u00e9ments organiques\" \/>\n<meta name=\"robots\" content=\"index, follow, max-snippet:-1, max-image-preview:large, max-video-preview:-1\" \/>\n<link rel=\"canonical\" href=\"https:\/\/www.pancosma.com\/fr\/oligo-elements-organiques\/\" \/>\n<meta property=\"og:locale\" content=\"fr_FR\" \/>\n<meta property=\"og:type\" content=\"article\" \/>\n<meta property=\"og:title\" content=\"Oligo-\u00e9l\u00e9ments organiques - Pancosma\" \/>\n<meta property=\"og:description\" content=\"Afin de r\u00e9pondre \u00e0 l\u2019int\u00e9r\u00eat croissant en \u00e9levage de b\u00e9tail pour une nutrition de pr\u00e9cision, Pancosma a \u00e9labor\u00e9 une gamme unique d\u2019oligo-\u00e9l\u00e9ments organiques\" \/>\n<meta property=\"og:url\" content=\"https:\/\/www.pancosma.com\/fr\/oligo-elements-organiques\/\" \/>\n<meta property=\"og:site_name\" content=\"Pancosma\" \/>\n<meta property=\"article:modified_time\" content=\"2022-06-10T10:30:41+00:00\" \/>\n<meta name=\"twitter:card\" content=\"summary_large_image\" \/>\n<script type=\"application\/ld+json\" class=\"yoast-schema-graph\">{\"@context\":\"https:\\\/\\\/schema.org\",\"@graph\":[{\"@type\":\"WebPage\",\"@id\":\"https:\\\/\\\/www.pancosma.com\\\/fr\\\/oligo-elements-organiques\\\/\",\"url\":\"https:\\\/\\\/www.pancosma.com\\\/fr\\\/oligo-elements-organiques\\\/\",\"name\":\"Oligo-\u00e9l\u00e9ments organiques - Pancosma\",\"isPartOf\":{\"@id\":\"https:\\\/\\\/www.pancosma.com\\\/#website\"},\"datePublished\":\"2022-03-09T20:20:50+00:00\",\"dateModified\":\"2022-06-10T10:30:41+00:00\",\"description\":\"Afin de r\u00e9pondre \u00e0 l\u2019int\u00e9r\u00eat croissant en \u00e9levage de b\u00e9tail pour une nutrition de pr\u00e9cision, Pancosma a \u00e9labor\u00e9 une gamme unique d\u2019oligo-\u00e9l\u00e9ments organiques\",\"breadcrumb\":{\"@id\":\"https:\\\/\\\/www.pancosma.com\\\/fr\\\/oligo-elements-organiques\\\/#breadcrumb\"},\"inLanguage\":\"fr-FR\",\"potentialAction\":[{\"@type\":\"ReadAction\",\"target\":[\"https:\\\/\\\/www.pancosma.com\\\/fr\\\/oligo-elements-organiques\\\/\"]}]},{\"@type\":\"BreadcrumbList\",\"@id\":\"https:\\\/\\\/www.pancosma.com\\\/fr\\\/oligo-elements-organiques\\\/#breadcrumb\",\"itemListElement\":[{\"@type\":\"ListItem\",\"position\":1,\"name\":\"Home\",\"item\":\"https:\\\/\\\/www.pancosma.com\\\/fr\\\/\"},{\"@type\":\"ListItem\",\"position\":2,\"name\":\"Oligo-\u00e9l\u00e9ments organiques\"}]},{\"@type\":\"WebSite\",\"@id\":\"https:\\\/\\\/www.pancosma.com\\\/#website\",\"url\":\"https:\\\/\\\/www.pancosma.com\\\/\",\"name\":\"Pancosma\",\"description\":\"Geneva\",\"potentialAction\":[{\"@type\":\"SearchAction\",\"target\":{\"@type\":\"EntryPoint\",\"urlTemplate\":\"https:\\\/\\\/www.pancosma.com\\\/?s={search_term_string}\"},\"query-input\":{\"@type\":\"PropertyValueSpecification\",\"valueRequired\":true,\"valueName\":\"search_term_string\"}}],\"inLanguage\":\"fr-FR\"}]}<\/script>\n<!-- \/ Yoast SEO plugin. -->","yoast_head_json":{"title":"Oligo-\u00e9l\u00e9ments organiques - Pancosma","description":"Afin de r\u00e9pondre \u00e0 l\u2019int\u00e9r\u00eat croissant en \u00e9levage de b\u00e9tail pour une nutrition de pr\u00e9cision, Pancosma a \u00e9labor\u00e9 une gamme unique d\u2019oligo-\u00e9l\u00e9ments organiques","robots":{"index":"index","follow":"follow","max-snippet":"max-snippet:-1","max-image-preview":"max-image-preview:large","max-video-preview":"max-video-preview:-1"},"canonical":"https:\/\/www.pancosma.com\/fr\/oligo-elements-organiques\/","og_locale":"fr_FR","og_type":"article","og_title":"Oligo-\u00e9l\u00e9ments organiques - Pancosma","og_description":"Afin de r\u00e9pondre \u00e0 l\u2019int\u00e9r\u00eat croissant en \u00e9levage de b\u00e9tail pour une nutrition de pr\u00e9cision, Pancosma a \u00e9labor\u00e9 une gamme unique d\u2019oligo-\u00e9l\u00e9ments organiques","og_url":"https:\/\/www.pancosma.com\/fr\/oligo-elements-organiques\/","og_site_name":"Pancosma","article_modified_time":"2022-06-10T10:30:41+00:00","twitter_card":"summary_large_image","schema":{"@context":"https:\/\/schema.org","@graph":[{"@type":"WebPage","@id":"https:\/\/www.pancosma.com\/fr\/oligo-elements-organiques\/","url":"https:\/\/www.pancosma.com\/fr\/oligo-elements-organiques\/","name":"Oligo-\u00e9l\u00e9ments organiques - Pancosma","isPartOf":{"@id":"https:\/\/www.pancosma.com\/#website"},"datePublished":"2022-03-09T20:20:50+00:00","dateModified":"2022-06-10T10:30:41+00:00","description":"Afin de r\u00e9pondre \u00e0 l\u2019int\u00e9r\u00eat croissant en \u00e9levage de b\u00e9tail pour une nutrition de pr\u00e9cision, Pancosma a \u00e9labor\u00e9 une gamme unique d\u2019oligo-\u00e9l\u00e9ments organiques","breadcrumb":{"@id":"https:\/\/www.pancosma.com\/fr\/oligo-elements-organiques\/#breadcrumb"},"inLanguage":"fr-FR","potentialAction":[{"@type":"ReadAction","target":["https:\/\/www.pancosma.com\/fr\/oligo-elements-organiques\/"]}]},{"@type":"BreadcrumbList","@id":"https:\/\/www.pancosma.com\/fr\/oligo-elements-organiques\/#breadcrumb","itemListElement":[{"@type":"ListItem","position":1,"name":"Home","item":"https:\/\/www.pancosma.com\/fr\/"},{"@type":"ListItem","position":2,"name":"Oligo-\u00e9l\u00e9ments organiques"}]},{"@type":"WebSite","@id":"https:\/\/www.pancosma.com\/#website","url":"https:\/\/www.pancosma.com\/","name":"Pancosma","description":"Geneva","potentialAction":[{"@type":"SearchAction","target":{"@type":"EntryPoint","urlTemplate":"https:\/\/www.pancosma.com\/?s={search_term_string}"},"query-input":{"@type":"PropertyValueSpecification","valueRequired":true,"valueName":"search_term_string"}}],"inLanguage":"fr-FR"}]}},"_links":{"self":[{"href":"https:\/\/www.pancosma.com\/fr\/wp-json\/wp\/v2\/pages\/20496","targetHints":{"allow":["GET"]}}],"collection":[{"href":"https:\/\/www.pancosma.com\/fr\/wp-json\/wp\/v2\/pages"}],"about":[{"href":"https:\/\/www.pancosma.com\/fr\/wp-json\/wp\/v2\/types\/page"}],"author":[{"embeddable":true,"href":"https:\/\/www.pancosma.com\/fr\/wp-json\/wp\/v2\/users\/16"}],"replies":[{"embeddable":true,"href":"https:\/\/www.pancosma.com\/fr\/wp-json\/wp\/v2\/comments?post=20496"}],"version-history":[{"count":5,"href":"https:\/\/www.pancosma.com\/fr\/wp-json\/wp\/v2\/pages\/20496\/revisions"}],"predecessor-version":[{"id":21771,"href":"https:\/\/www.pancosma.com\/fr\/wp-json\/wp\/v2\/pages\/20496\/revisions\/21771"}],"wp:attachment":[{"href":"https:\/\/www.pancosma.com\/fr\/wp-json\/wp\/v2\/media?parent=20496"}],"curies":[{"name":"wp","href":"https:\/\/api.w.org\/{rel}","templated":true}]}}