{"id":20502,"date":"2022-03-09T21:16:46","date_gmt":"2022-03-09T20:16:46","guid":{"rendered":"https:\/\/www.pancosma.com\/?page_id=20502"},"modified":"2022-03-09T21:16:46","modified_gmt":"2022-03-09T20:16:46","slug":"bioactifs-phytogeniques","status":"publish","type":"page","link":"https:\/\/www.pancosma.com\/fr\/bioactifs-phytogeniques\/","title":{"rendered":"Bioactifs phytog\u00e9niques"},"content":{"rendered":"<div id='av_section_1'  class='avia-section main_color avia-section-default avia-no-border-styling  avia-bg-style-scroll  avia-builder-el-0  el_before_av_one_full  avia-builder-el-first   container_wrap sidebar_right' style='background-color: #5ea62b;  '  ><div class='container' ><main  role=\"main\" itemprop=\"mainContentOfPage\"  class='template-page content  av-content-small alpha units'><div class='post-entry post-entry-type-page post-entry-20502'><div class='entry-content-wrapper clearfix'>\n<div  style='padding-bottom:10px; color:#ffffff;' class='av-special-heading av-special-heading-h1 custom-color-heading blockquote modern-quote modern-centered  avia-builder-el-1  avia-builder-el-no-sibling  '><h1 class='av-special-heading-tag '  itemprop=\"headline\"  >Bioactifs phytog\u00e9niques<\/h1><div class ='av-subheading av-subheading_below av_custom_color ' style='font-size:15px;'><p>Naturellement efficaces en nutrition animale<\/p>\n<\/div><div class='special-heading-border'><div class='special-heading-inner-border' style='border-color:#ffffff'><\/div><\/div><\/div>\n<\/div><\/div><\/main><!-- close content main element --><\/div><\/div><div id='after_section_1'  class='main_color av_default_container_wrap container_wrap sidebar_right' style=' '  ><div class='container' ><div class='template-page content  av-content-small alpha units'><div class='post-entry post-entry-type-page post-entry-20502'><div class='entry-content-wrapper clearfix'>\n<div class='flex_column_table av-equal-height-column-flextable -flextable' style='margin-top:-100px; margin-bottom:0px; '><div class=\"flex_column av_one_full  no_margin flex_column_table_cell av-equal-height-column av-align-middle first  avia-builder-el-2  el_after_av_section  el_before_av_one_half  avia-builder-el-first  \" style='background: #ffffff; padding:30px; background-color:#ffffff; border-radius:0px; '><section class=\"av_textblock_section \"  itemscope=\"itemscope\" itemtype=\"https:\/\/schema.org\/CreativeWork\" ><div class='avia_textblock  '   itemprop=\"text\" ><p>Leader et pionnier mondial de l\u2019utilisation d\u2019extraits v\u00e9g\u00e9taux en alimentation animale, Pancosma a \u00e9labor\u00e9 des produits \u00e0 base de combinaisons micro encapsul\u00e9es standardis\u00e9es de principes actifs naturels extraits de plantes aromatiques et d\u2019\u00e9pices.<\/p>\n<\/div><\/section><\/div><\/div><!--close column table wrapper. Autoclose: 1 --><div class='flex_column_table av-equal-height-column-flextable -flextable' style='margin-top:-30px; margin-bottom:0px; '><div class=\"flex_column av_one_half  no_margin flex_column_table_cell av-equal-height-column av-align-middle first  avia-builder-el-4  el_after_av_one_full  el_before_av_one_half  column-top-margin\" style='background: #ffffff; padding:30px; background-color:#ffffff; border-radius:30px; '><section class=\"av_textblock_section \"  itemscope=\"itemscope\" itemtype=\"https:\/\/schema.org\/CreativeWork\" ><div class='avia_textblock  '   itemprop=\"text\" ><p><strong>Gamme de bioactifs phytog\u00e9niques de Pancosma<\/strong><\/p>\n<ul>\n<li><strong>XTRACT<\/strong>: Gamme \u00e0 base de combinaisons standardis\u00e9es micro-encapsul\u00e9es de principes actifs naturels issus de plantes aromatiques et d\u2019\u00e9pices.<\/li>\n<li><strong>NEX<\/strong>: gamme de compl\u00e9ments alimentaires pour animaux \u00e0 base d&#8217;une unique mol\u00e9cule soigneusement s\u00e9lectionn\u00e9e. Cette mol\u00e9cule cible un mode d\u2019action pr\u00e9cis afin de compenser une d\u00e9ficience identifi\u00e9e dans le m\u00e9tabolisme animal qui est sp\u00e9cifique d&#8217;une certaine phase du d\u00e9veloppement de l\u2019animal.<\/li>\n<\/ul>\n<\/div><\/section><\/div><div class=\"flex_column av_one_half  no_margin flex_column_table_cell av-equal-height-column av-align-middle   avia-builder-el-6  el_after_av_one_half  el_before_av_one_full  column-top-margin\" style='padding:30px; background-color:#ffffff; border-radius:0px; '><div  class='avia-image-container  av-styling-    avia-builder-el-7  avia-builder-el-no-sibling  avia-align-center '  itemprop=\"image\" itemscope=\"itemscope\" itemtype=\"https:\/\/schema.org\/ImageObject\"  ><div class='avia-image-container-inner'><div class='avia-image-overlay-wrap'><img decoding=\"async\" class='wp-image-19507 avia-img-lazy-loading-not-19507 avia_image' src=\"https:\/\/www.pancosma.com\/wp-content\/uploads\/2021\/10\/epices_melange_2_495x400-002.jpg\" alt='Bioactifs phytog\u00e9niques' title='Variety of spices on kitchen table' height=\"400\" width=\"495\"  itemprop=\"thumbnailUrl\" srcset=\"https:\/\/www.pancosma.com\/wp-content\/uploads\/2021\/10\/epices_melange_2_495x400-002.jpg 495w, https:\/\/www.pancosma.com\/wp-content\/uploads\/2021\/10\/epices_melange_2_495x400-002-300x242.jpg 300w\" sizes=\"(max-width: 495px) 100vw, 495px\" \/><\/div><\/div><\/div><\/div><\/div><!--close column table wrapper. Autoclose: 1 --><\/p>\n<div class='flex_column_table av-equal-height-column-flextable -flextable' style='margin-top:-40px; margin-bottom:0px; '><div class=\"flex_column av_one_full  no_margin flex_column_table_cell av-equal-height-column av-align-middle first  avia-builder-el-8  el_after_av_one_half  el_before_av_hr  column-top-margin\" style='background: #ffffff; padding:30px; background-color:#ffffff; border-radius:0px; '><section class=\"av_textblock_section \"  itemscope=\"itemscope\" itemtype=\"https:\/\/schema.org\/CreativeWork\" ><div class='avia_textblock  '   itemprop=\"text\" ><h3><strong>Qualit\u00e9 et Recherche au c\u0153ur des bioactifs phytog\u00e9niques de Pancosma<\/strong><\/h3>\n<p>Nos produits de la gamme phytog\u00e9nique sont le fruit d\u2019un ambitieux programme scientifique de 20\u00a0ans \u00e9labor\u00e9 et r\u00e9alis\u00e9 en collaboration avec des universit\u00e9s et centres de recherche du monde entier. Cette gamme repose sur la connaissance pr\u00e9cise des phytomol\u00e9cules et de leurs principaux effets.<\/p>\n<p>Pancosma a \u00e9t\u00e9 l\u2019un des premiers \u00e0 obtenir l\u2019homologation selon la l\u00e9gislation europ\u00e9enne sur les produits bioactifs phytog\u00e9niques d&#8217;un compl\u00e9ment alimentaire zootechnique (XTRACT) en \u00e9levage de poulets de chair.<\/p>\n<p>Les bioactifs de Pancosma sont micro-encapsul\u00e9s\u00a0; ce qui garantit\u00a0:<\/p>\n<ul>\n<li>la protection des bioactifs pour une stabilit\u00e9 et une manipulation optimale<\/li>\n<li>la concentration standardis\u00e9e de bioactifs dans chaque micro-capsule\u00a0;<\/li>\n<li>l\u2019homog\u00e9n\u00e9it\u00e9 des particules pour une fluidit\u00e9 optimale\u00a0;<\/li>\n<li>la r\u00e9gularit\u00e9 de la r\u00e9ponse dans les essais animaux.<\/li>\n<\/ul>\n<p><strong>Qu\u2019attendre de notre gamme de bioactifs phytog\u00e9niques\u00a0?<\/strong><\/p>\n<p>Fond\u00e9e sur une compr\u00e9hension claire des inqui\u00e9tudes et besoins du client, cette gamme de produits fournit\u00a0:<\/p>\n<ul>\n<li>des solutions de r\u00e9f\u00e9rence et \u00e9conomiques pour tous les types d\u2019animaux d\u2019\u00e9levage\u00a0;<\/li>\n<li>des solutions pour les march\u00e9s internationaux\u00a0;<\/li>\n<li>une aide durable pour r\u00e9pondre aux exigences de l\u2019\u00e9levage moderne ;<\/li>\n<li>une aide \u00e0 l\u2019optimisation de la performance animale.<\/li>\n<\/ul>\n\n\t\n\t<a href=\"#form\" class=\"avia-button avia-color-#444444 avia-icon_select-yes-left-icon avia-size-large avia-position-center\" data-lity>CONTACTEZ NOS EXPERTS<\/a>\n\t<div id=\"form\" style=\"background:#fff\" class=\"lity-hide\">\n\t\t\n<div class=\"wpcf7 no-js\" id=\"wpcf7-f18934-o1\" lang=\"en-US\" dir=\"ltr\" data-wpcf7-id=\"18934\">\n<div class=\"screen-reader-response\"><p role=\"status\" aria-live=\"polite\" aria-atomic=\"true\"><\/p> <ul><\/ul><\/div>\n<form action=\"\/fr\/wp-json\/wp\/v2\/pages\/20502#wpcf7-f18934-o1\" method=\"post\" class=\"wpcf7-form init\" aria-label=\"Contact form\" novalidate=\"novalidate\" data-status=\"init\">\n<fieldset class=\"hidden-fields-container\"><input type=\"hidden\" name=\"_wpcf7\" value=\"18934\" \/><input type=\"hidden\" name=\"_wpcf7_version\" value=\"6.1.5\" \/><input type=\"hidden\" name=\"_wpcf7_locale\" value=\"en_US\" \/><input type=\"hidden\" name=\"_wpcf7_unit_tag\" value=\"wpcf7-f18934-o1\" \/><input type=\"hidden\" name=\"_wpcf7_container_post\" value=\"0\" \/><input type=\"hidden\" name=\"_wpcf7_posted_data_hash\" value=\"\" \/><input type=\"hidden\" name=\"_wpcf7_recaptcha_response\" value=\"\" \/>\n<\/fieldset>\n<div class=\"grid-container cf7-product-contact\">\n\t<div class=\"row\" style=\"border:1px solid rgb(94, 166, 43)\">\n\t\t<div class=\"col-4\">\n\t\t\t<p><label><b>Nom<\/b> (obligatoire)<br \/>\n<span class=\"wpcf7-form-control-wrap\" data-name=\"fullname\"><input size=\"40\" maxlength=\"400\" class=\"wpcf7-form-control wpcf7-text wpcf7-validates-as-required\" aria-required=\"true\" aria-invalid=\"false\" value=\"\" type=\"text\" name=\"fullname\" \/><\/span><\/label>\n\t\t\t<\/p>\n\t\t<\/div>\n\t\t<div class=\"col-4\">\n\t\t\t<p><label><b>Soci\u00e9t\u00e9<\/b> (obligatoire)<br \/>\n<span class=\"wpcf7-form-control-wrap\" data-name=\"company\"><input size=\"40\" maxlength=\"400\" class=\"wpcf7-form-control wpcf7-text wpcf7-validates-as-required\" aria-required=\"true\" aria-invalid=\"false\" value=\"\" type=\"text\" name=\"company\" \/><\/span><\/label>\n\t\t\t<\/p>\n\t\t<\/div>\n\t\t<div class=\"col-4\">\n\t\t\t<p><label><b>Email<\/b> (obligatoire)<br \/>\n<span class=\"wpcf7-form-control-wrap\" data-name=\"email\"><input size=\"40\" maxlength=\"400\" class=\"wpcf7-form-control wpcf7-email wpcf7-validates-as-required wpcf7-text wpcf7-validates-as-email\" aria-required=\"true\" aria-invalid=\"false\" value=\"\" type=\"email\" name=\"email\" \/><\/span><\/label>\n\t\t\t<\/p>\n\t\t<\/div>\n\t\t<div class=\"col-4\">\n\t\t\t<p><label><b>Num\u00e9ro de t\u00e9l\u00e9phone<\/b> (obligatoire)<br \/>\n<span class=\"wpcf7-form-control-wrap\" data-name=\"phone\"><input size=\"40\" maxlength=\"400\" class=\"wpcf7-form-control wpcf7-text wpcf7-validates-as-required\" aria-required=\"true\" aria-invalid=\"false\" value=\"\" type=\"text\" name=\"phone\" \/><\/span><\/label>\n\t\t\t<\/p>\n\t\t<\/div>\n\t\t<div class=\"col-4\">\n\t\t\t<p><label><b>Pays<\/b> (obligatoire)<br \/>\n<span class=\"wpcf7-form-control-wrap\" data-name=\"country\"><input size=\"40\" maxlength=\"400\" class=\"wpcf7-form-control wpcf7-text wpcf7-validates-as-required\" aria-required=\"true\" aria-invalid=\"false\" value=\"\" type=\"text\" name=\"country\" \/><\/span><\/label>\n\t\t\t<\/p>\n\t\t<\/div>\n\t<\/div>\n\t<div class=\"row\" style=\"border:1px solid rgb(94, 166, 43)\">\n\t\t<div class=\"col-4\">\n\t\t\t<p><label><b>Sujet<\/b> (obligatoire)<\/label><br \/>\n<span class=\"wpcf7-form-control-wrap\" data-name=\"subject\"><span class=\"wpcf7-form-control wpcf7-checkbox wpcf7-validates-as-required\"><span class=\"wpcf7-list-item first\"><label><input type=\"checkbox\" name=\"subject[]\" value=\"TEK\" \/><span class=\"wpcf7-list-item-label\">TEK<\/span><\/label><\/span><span class=\"wpcf7-list-item\"><label><input type=\"checkbox\" name=\"subject[]\" value=\"SUCRAM\" \/><span class=\"wpcf7-list-item-label\">SUCRAM<\/span><\/label><\/span><span class=\"wpcf7-list-item\"><label><input type=\"checkbox\" name=\"subject[]\" value=\"MAGNASWEET\" \/><span class=\"wpcf7-list-item-label\">MAGNASWEET<\/span><\/label><\/span><span class=\"wpcf7-list-item\"><label><input type=\"checkbox\" name=\"subject[]\" value=\"B-TRAXIM\" \/><span class=\"wpcf7-list-item-label\">B-TRAXIM<\/span><\/label><\/span><span class=\"wpcf7-list-item\"><label><input type=\"checkbox\" name=\"subject[]\" value=\"TAKTIK\" \/><span class=\"wpcf7-list-item-label\">TAKTIK<\/span><\/label><\/span><span class=\"wpcf7-list-item\"><label><input type=\"checkbox\" name=\"subject[]\" value=\"CARBOVET\" \/><span class=\"wpcf7-list-item-label\">CARBOVET<\/span><\/label><\/span><span class=\"wpcf7-list-item\"><label><input type=\"checkbox\" name=\"subject[]\" value=\"NEX\" \/><span class=\"wpcf7-list-item-label\">NEX<\/span><\/label><\/span><span class=\"wpcf7-list-item\"><label><input type=\"checkbox\" name=\"subject[]\" value=\"CITRISTIM\" \/><span class=\"wpcf7-list-item-label\">CITRISTIM<\/span><\/label><\/span><span class=\"wpcf7-list-item\"><label><input type=\"checkbox\" name=\"subject[]\" value=\"ACIDES ORGANIQUES\" \/><span class=\"wpcf7-list-item-label\">ACIDES ORGANIQUES<\/span><\/label><\/span><span class=\"wpcf7-list-item\"><label><input type=\"checkbox\" name=\"subject[]\" value=\"ANCO FIT\" \/><span class=\"wpcf7-list-item-label\">ANCO FIT<\/span><\/label><\/span><span class=\"wpcf7-list-item last\"><label><input type=\"checkbox\" name=\"subject[]\" value=\"XTRACT\" \/><span class=\"wpcf7-list-item-label\">XTRACT<\/span><\/label><\/span><\/span><\/span>\n\t\t\t<\/p>\n\t\t<\/div>\n\t\t<div class=\"col-4\">\n\t\t\t<p><label><b>Esp\u00e8ces d'int\u00e9r\u00eat<\/b> (obligatoire)<\/label><br \/>\n<span class=\"wpcf7-form-control-wrap\" data-name=\"species\"><span class=\"wpcf7-form-control wpcf7-checkbox wpcf7-validates-as-required\"><span class=\"wpcf7-list-item first\"><label><input type=\"checkbox\" name=\"species[]\" value=\"Porc\" \/><span class=\"wpcf7-list-item-label\">Porc<\/span><\/label><\/span><span class=\"wpcf7-list-item\"><label><input type=\"checkbox\" name=\"species[]\" value=\"Ruminants\" \/><span class=\"wpcf7-list-item-label\">Ruminants<\/span><\/label><\/span><span class=\"wpcf7-list-item\"><label><input type=\"checkbox\" name=\"species[]\" value=\"Mouton\" \/><span class=\"wpcf7-list-item-label\">Mouton<\/span><\/label><\/span><span class=\"wpcf7-list-item\"><label><input type=\"checkbox\" name=\"species[]\" value=\"Volaille\" \/><span class=\"wpcf7-list-item-label\">Volaille<\/span><\/label><\/span><span class=\"wpcf7-list-item\"><label><input type=\"checkbox\" name=\"species[]\" value=\"Aquaculture\" \/><span class=\"wpcf7-list-item-label\">Aquaculture<\/span><\/label><\/span><span class=\"wpcf7-list-item\"><label><input type=\"checkbox\" name=\"species[]\" value=\"Gibier\" \/><span class=\"wpcf7-list-item-label\">Gibier<\/span><\/label><\/span><span class=\"wpcf7-list-item\"><label><input type=\"checkbox\" name=\"species[]\" value=\"Chevaux\" \/><span class=\"wpcf7-list-item-label\">Chevaux<\/span><\/label><\/span><span class=\"wpcf7-list-item last\"><label><input type=\"checkbox\" name=\"species[]\" value=\"Lapins\" \/><span class=\"wpcf7-list-item-label\">Lapins<\/span><\/label><\/span><\/span><\/span>\n\t\t\t<\/p>\n\t\t<\/div>\n\t\t<div class=\"col-4\">\n\t\t\t<p><label> <b>Message<\/b><br \/>\n<span class=\"wpcf7-form-control-wrap\" data-name=\"message\"><textarea cols=\"40\" rows=\"10\" maxlength=\"2000\" class=\"wpcf7-form-control wpcf7-textarea\" aria-invalid=\"false\" name=\"message\"><\/textarea><\/span> <\/label>\n\t\t\t<\/p>\n\t\t<\/div>\n\t<\/div>\n\t<div class=\"row\">\n\t\t<div class=\"col-12\">\n\t\t\t<p><input class=\"wpcf7-form-control wpcf7-submit has-spinner\" type=\"submit\" value=\"Envoyer\" \/>\n\t\t\t<\/p>\n\t\t<\/div>\n\t<\/div>\n<\/div><div class=\"wpcf7-response-output\" aria-hidden=\"true\"><\/div>\n<\/form>\n<\/div>\n\t<\/div>\n\n\t\n<\/div><\/section><\/div><\/div><!--close column table wrapper. Autoclose: 1 --><div  style='height:20px' class='hr hr-invisible   avia-builder-el-10  el_after_av_one_full  avia-builder-el-last '><span class='hr-inner ' ><span class='hr-inner-style'><\/span><\/span><\/div><\/p>\n","protected":false},"excerpt":{"rendered":"","protected":false},"author":16,"featured_media":0,"parent":0,"menu_order":0,"comment_status":"closed","ping_status":"closed","template":"","meta":{"_acf_changed":false,"footnotes":""},"class_list":["post-20502","page","type-page","status-publish","hentry"],"acf":[],"yoast_head":"<!-- This site is optimized with the Yoast SEO plugin v27.3 - https:\/\/yoast.com\/product\/yoast-seo-wordpress\/ -->\n<title>Bioactifs phytog\u00e9niques - Pancosma<\/title>\n<meta name=\"robots\" content=\"index, follow, max-snippet:-1, max-image-preview:large, max-video-preview:-1\" \/>\n<link rel=\"canonical\" href=\"https:\/\/www.pancosma.com\/fr\/bioactifs-phytogeniques\/\" \/>\n<meta property=\"og:locale\" content=\"fr_FR\" \/>\n<meta property=\"og:type\" content=\"article\" \/>\n<meta property=\"og:title\" content=\"Bioactifs phytog\u00e9niques - Pancosma\" \/>\n<meta property=\"og:url\" content=\"https:\/\/www.pancosma.com\/fr\/bioactifs-phytogeniques\/\" \/>\n<meta property=\"og:site_name\" content=\"Pancosma\" \/>\n<meta name=\"twitter:card\" content=\"summary_large_image\" \/>\n<meta name=\"twitter:label1\" content=\"Est. reading time\" \/>\n\t<meta name=\"twitter:data1\" content=\"6 minutes\" \/>\n<script type=\"application\/ld+json\" class=\"yoast-schema-graph\">{\"@context\":\"https:\\\/\\\/schema.org\",\"@graph\":[{\"@type\":\"WebPage\",\"@id\":\"https:\\\/\\\/www.pancosma.com\\\/fr\\\/bioactifs-phytogeniques\\\/\",\"url\":\"https:\\\/\\\/www.pancosma.com\\\/fr\\\/bioactifs-phytogeniques\\\/\",\"name\":\"Bioactifs phytog\u00e9niques - Pancosma\",\"isPartOf\":{\"@id\":\"https:\\\/\\\/www.pancosma.com\\\/#website\"},\"datePublished\":\"2022-03-09T20:16:46+00:00\",\"breadcrumb\":{\"@id\":\"https:\\\/\\\/www.pancosma.com\\\/fr\\\/bioactifs-phytogeniques\\\/#breadcrumb\"},\"inLanguage\":\"fr-FR\",\"potentialAction\":[{\"@type\":\"ReadAction\",\"target\":[\"https:\\\/\\\/www.pancosma.com\\\/fr\\\/bioactifs-phytogeniques\\\/\"]}]},{\"@type\":\"BreadcrumbList\",\"@id\":\"https:\\\/\\\/www.pancosma.com\\\/fr\\\/bioactifs-phytogeniques\\\/#breadcrumb\",\"itemListElement\":[{\"@type\":\"ListItem\",\"position\":1,\"name\":\"Home\",\"item\":\"https:\\\/\\\/www.pancosma.com\\\/fr\\\/\"},{\"@type\":\"ListItem\",\"position\":2,\"name\":\"Bioactifs phytog\u00e9niques\"}]},{\"@type\":\"WebSite\",\"@id\":\"https:\\\/\\\/www.pancosma.com\\\/#website\",\"url\":\"https:\\\/\\\/www.pancosma.com\\\/\",\"name\":\"Pancosma\",\"description\":\"Geneva\",\"potentialAction\":[{\"@type\":\"SearchAction\",\"target\":{\"@type\":\"EntryPoint\",\"urlTemplate\":\"https:\\\/\\\/www.pancosma.com\\\/?s={search_term_string}\"},\"query-input\":{\"@type\":\"PropertyValueSpecification\",\"valueRequired\":true,\"valueName\":\"search_term_string\"}}],\"inLanguage\":\"fr-FR\"}]}<\/script>\n<!-- \/ Yoast SEO plugin. -->","yoast_head_json":{"title":"Bioactifs phytog\u00e9niques - Pancosma","robots":{"index":"index","follow":"follow","max-snippet":"max-snippet:-1","max-image-preview":"max-image-preview:large","max-video-preview":"max-video-preview:-1"},"canonical":"https:\/\/www.pancosma.com\/fr\/bioactifs-phytogeniques\/","og_locale":"fr_FR","og_type":"article","og_title":"Bioactifs phytog\u00e9niques - Pancosma","og_url":"https:\/\/www.pancosma.com\/fr\/bioactifs-phytogeniques\/","og_site_name":"Pancosma","twitter_card":"summary_large_image","twitter_misc":{"Est. reading time":"6 minutes"},"schema":{"@context":"https:\/\/schema.org","@graph":[{"@type":"WebPage","@id":"https:\/\/www.pancosma.com\/fr\/bioactifs-phytogeniques\/","url":"https:\/\/www.pancosma.com\/fr\/bioactifs-phytogeniques\/","name":"Bioactifs phytog\u00e9niques - Pancosma","isPartOf":{"@id":"https:\/\/www.pancosma.com\/#website"},"datePublished":"2022-03-09T20:16:46+00:00","breadcrumb":{"@id":"https:\/\/www.pancosma.com\/fr\/bioactifs-phytogeniques\/#breadcrumb"},"inLanguage":"fr-FR","potentialAction":[{"@type":"ReadAction","target":["https:\/\/www.pancosma.com\/fr\/bioactifs-phytogeniques\/"]}]},{"@type":"BreadcrumbList","@id":"https:\/\/www.pancosma.com\/fr\/bioactifs-phytogeniques\/#breadcrumb","itemListElement":[{"@type":"ListItem","position":1,"name":"Home","item":"https:\/\/www.pancosma.com\/fr\/"},{"@type":"ListItem","position":2,"name":"Bioactifs phytog\u00e9niques"}]},{"@type":"WebSite","@id":"https:\/\/www.pancosma.com\/#website","url":"https:\/\/www.pancosma.com\/","name":"Pancosma","description":"Geneva","potentialAction":[{"@type":"SearchAction","target":{"@type":"EntryPoint","urlTemplate":"https:\/\/www.pancosma.com\/?s={search_term_string}"},"query-input":{"@type":"PropertyValueSpecification","valueRequired":true,"valueName":"search_term_string"}}],"inLanguage":"fr-FR"}]}},"_links":{"self":[{"href":"https:\/\/www.pancosma.com\/fr\/wp-json\/wp\/v2\/pages\/20502","targetHints":{"allow":["GET"]}}],"collection":[{"href":"https:\/\/www.pancosma.com\/fr\/wp-json\/wp\/v2\/pages"}],"about":[{"href":"https:\/\/www.pancosma.com\/fr\/wp-json\/wp\/v2\/types\/page"}],"author":[{"embeddable":true,"href":"https:\/\/www.pancosma.com\/fr\/wp-json\/wp\/v2\/users\/16"}],"replies":[{"embeddable":true,"href":"https:\/\/www.pancosma.com\/fr\/wp-json\/wp\/v2\/comments?post=20502"}],"version-history":[{"count":4,"href":"https:\/\/www.pancosma.com\/fr\/wp-json\/wp\/v2\/pages\/20502\/revisions"}],"predecessor-version":[{"id":21769,"href":"https:\/\/www.pancosma.com\/fr\/wp-json\/wp\/v2\/pages\/20502\/revisions\/21769"}],"wp:attachment":[{"href":"https:\/\/www.pancosma.com\/fr\/wp-json\/wp\/v2\/media?parent=20502"}],"curies":[{"name":"wp","href":"https:\/\/api.w.org\/{rel}","templated":true}]}}