{"id":20567,"date":"2022-03-15T20:52:44","date_gmt":"2022-03-15T19:52:44","guid":{"rendered":"https:\/\/www.pancosma.com\/?page_id=20567"},"modified":"2022-03-15T20:52:44","modified_gmt":"2022-03-15T19:52:44","slug":"additifs-sensoriels","status":"publish","type":"page","link":"https:\/\/www.pancosma.com\/fr\/additifs-sensoriels\/","title":{"rendered":"Additifs sensoriels"},"content":{"rendered":"<div id='av_section_1'  class='avia-section main_color avia-section-default avia-no-border-styling  avia-bg-style-scroll  avia-builder-el-0  el_before_av_one_full  avia-builder-el-first   container_wrap sidebar_right' style='background-color: #5ea62b;  '  ><div class='container' ><main  role=\"main\" itemprop=\"mainContentOfPage\"  class='template-page content  av-content-small alpha units'><div class='post-entry post-entry-type-page post-entry-20567'><div class='entry-content-wrapper clearfix'>\n<div  style='padding-bottom:10px; color:#ffffff;' class='av-special-heading av-special-heading-h1 custom-color-heading blockquote modern-quote modern-centered  avia-builder-el-1  avia-builder-el-no-sibling  '><h1 class='av-special-heading-tag '  itemprop=\"headline\"  >Additifs sensoriels <\/h1><div class ='av-subheading av-subheading_below av_custom_color ' style='font-size:15px;'><p>Parce que les animaux aussi ont du go\u00fbt et de l\u2019odorat.<\/p>\n<\/div><div class='special-heading-border'><div class='special-heading-inner-border' style='border-color:#ffffff'><\/div><\/div><\/div>\n<\/div><\/div><\/main><!-- close content main element --><\/div><\/div><div id='after_section_1'  class='main_color av_default_container_wrap container_wrap sidebar_right' style=' '  ><div class='container' ><div class='template-page content  av-content-small alpha units'><div class='post-entry post-entry-type-page post-entry-20567'><div class='entry-content-wrapper clearfix'>\n<div class='flex_column_table av-equal-height-column-flextable -flextable' style='margin-top:-100px; margin-bottom:0px; '><div class=\"flex_column av_one_full  no_margin flex_column_table_cell av-equal-height-column av-align-middle first  avia-builder-el-2  el_after_av_section  el_before_av_one_half  avia-builder-el-first  \" style='background: #ffffff; padding:30px; background-color:#ffffff; border-radius:0px; '><section class=\"av_textblock_section \"  itemscope=\"itemscope\" itemtype=\"https:\/\/schema.org\/CreativeWork\" ><div class='avia_textblock  '   itemprop=\"text\" ><p>Une multitude de recherches et de donn\u00e9es ont amen\u00e9 Pancosma a \u00e9laborer une gamme vari\u00e9e d\u2019additifs sensoriels, dont des ar\u00f4mes et des \u00e9dulcorants, con\u00e7us pour se m\u00e9langer facilement et bien se r\u00e9partir dans l\u2019aliment animal afin de produire un effet optimal.<\/p>\n<\/div><\/section><\/div><\/div><!--close column table wrapper. Autoclose: 1 -->\n<div class='flex_column_table av-equal-height-column-flextable -flextable' style='margin-top:-30px; margin-bottom:0px; '><div class=\"flex_column av_one_half  no_margin flex_column_table_cell av-equal-height-column av-align-middle first  avia-builder-el-4  el_after_av_one_full  el_before_av_one_half  column-top-margin\" style='background: #ffffff; padding:30px; background-color:#ffffff; border-radius:30px; '><section class=\"av_textblock_section \"  itemscope=\"itemscope\" itemtype=\"https:\/\/schema.org\/CreativeWork\" ><div class='avia_textblock  '   itemprop=\"text\" ><h3><strong>Gamme d\u2019additifs sensoriels<\/strong> <strong>de Pancosma<\/strong><\/h3>\n<ul>\n<li>Ar\u00f4mes, de la marque <strong>PAN-Tek,<\/strong> qui induisent une stimulation olfactive<\/li>\n<li>\u00c9dulcorants, de la marque <strong>SUCRAM<\/strong>, combinaison d\u2019\u00e9dulcorants intenses et d\u2019exhausteurs de go\u00fbt.<\/li>\n<li>Palatants multifonctionnels, de la marque <strong>MAGNASWEET<\/strong>, combinaison d\u2019\u00e9dulcorants Sucram et d\u2019ar\u00f4mes dans un produit 2 en 1.<\/li>\n<\/ul>\n<\/div><\/section><\/div>\n<div class=\"flex_column av_one_half  no_margin flex_column_table_cell av-equal-height-column av-align-middle   avia-builder-el-6  el_after_av_one_half  el_before_av_one_full  column-top-margin\" style='padding:30px; background-color:#ffffff; border-radius:0px; '><div  class='avia-image-container  av-styling-    avia-builder-el-7  avia-builder-el-no-sibling  avia-align-center '  itemprop=\"image\" itemscope=\"itemscope\" itemtype=\"https:\/\/schema.org\/ImageObject\"  ><div class='avia-image-container-inner'><div class='avia-image-overlay-wrap'><img decoding=\"async\" class='wp-image-19413 avia-img-lazy-loading-not-19413 avia_image' src=\"https:\/\/www.pancosma.com\/wp-content\/uploads\/2021\/09\/pancosma-palatants.jpg\" alt='pancosma palatants' title='cow sticks his tongue into his nose' height=\"400\" width=\"495\"  itemprop=\"thumbnailUrl\" srcset=\"https:\/\/www.pancosma.com\/wp-content\/uploads\/2021\/09\/pancosma-palatants.jpg 495w, https:\/\/www.pancosma.com\/wp-content\/uploads\/2021\/09\/pancosma-palatants-300x242.jpg 300w\" sizes=\"(max-width: 495px) 100vw, 495px\" \/><\/div><\/div><\/div><\/div><\/div><!--close column table wrapper. Autoclose: 1 -->\n<div class='flex_column_table av-equal-height-column-flextable -flextable' style='margin-top:-40px; margin-bottom:0px; '><div class=\"flex_column av_one_full  no_margin flex_column_table_cell av-equal-height-column av-align-middle first  avia-builder-el-8  el_after_av_one_half  el_before_av_hr  column-top-margin\" style='background: #ffffff; padding:30px; background-color:#ffffff; border-radius:0px; '><section class=\"av_textblock_section \"  itemscope=\"itemscope\" itemtype=\"https:\/\/schema.org\/CreativeWork\" ><div class='avia_textblock  '   itemprop=\"text\" ><h3><strong>Qualit\u00e9 et Recherche au c\u0153ur des additifs sensoriels<\/strong> <strong>de Pancosma<\/strong><\/h3>\n<p>Pancosma poss\u00e8de une grande exp\u00e9rience en mati\u00e8re de solutions innovantes fond\u00e9es sur la recherche scientifique au service de l\u2019industrie de la nutrition animale. Ainsi, dans les ann\u00e9es 1980, Pancosma \u00e9tait d\u00e9j\u00e0 un pionnier dans le domaine des \u00e9dulcorants intenses et n\u2019a, depuis, pas cess\u00e9 de proposer au march\u00e9 des produits issus d\u2019une recherche professionnelle et d\u2019essais approfondis\u00a0; y compris des ar\u00f4mes dont la s\u00e9curit\u00e9 et la qualit\u00e9 font l&#8217;objet d\u2019\u00e9valuations rigoureuses.<\/p>\n<p>En effet, Pancosma \u00e9value les additifs sensoriels qu\u2019elle cr\u00e9e au travers d\u2019essais pr\u00e9cis et complexes \u00e0 r\u00e9aliser avec les animaux, qui sont essentiels pour garantir leurs succ\u00e8s.<\/p>\n<p>Pour en savoir plus sur les normes de qualit\u00e9 appliqu\u00e9es par Pancosma, visitez la\u00a0<a href=\"\/?page_id=13792\">Banque de donn\u00e9es des certificats de qualit\u00e9 de Pancosma<\/a>.<\/p>\n<h3><strong>Quand est-il pertinent d\u2019ajouter des additifs sensoriels<\/strong> <strong>dans les aliments\u00a0? les avantages<\/strong><\/h3>\n<p><strong>Attrait de l\u2019aliment<\/strong><\/p>\n<ul>\n<li>Am\u00e9liore la palatabilit\u00e9 et l\u2019attrait des aliments<\/li>\n<li>Stimule la consommation d\u2019aliments<\/li>\n<\/ul>\n<p><strong>Flexibilit\u00e9 dans la formulation des aliments<\/strong><\/p>\n<p>Masque les ar\u00f4mes d\u00e9plaisants et l\u2019amertume pour faciliter l\u2019emploi d\u2019aliments peu sapides afin d\u2019optimiser le co\u00fbt de l\u2019alimentation animale.<\/p>\n<p><strong>Bien-\u00eatre animal<\/strong><\/p>\n<ul>\n<li>Stimulation sensorielle des animaux<\/li>\n<li>Cr\u00e9ation d\u2019\u00e9motions et de souvenirs<\/li>\n<\/ul>\n<p><strong>Marketing\u00a0:<\/strong><\/p>\n<p>Constitue un \u00e9l\u00e9ment commercial de diff\u00e9renciation pour le produit et la marque de l\u2019entreprise.<\/p>\n<p style=\"text-align: center;\">\n\t\n\t<a href=\"#form\" class=\"avia-button avia-color-#444444 avia-icon_select-yes-left-icon avia-size-large avia-position-center\" data-lity>CONTACTEZ NOS EXPERTS<\/a>\n\t<div id=\"form\" style=\"background:#fff\" class=\"lity-hide\">\n\t\t\n<div class=\"wpcf7 no-js\" id=\"wpcf7-f18934-o1\" lang=\"en-US\" dir=\"ltr\" data-wpcf7-id=\"18934\">\n<div class=\"screen-reader-response\"><p role=\"status\" aria-live=\"polite\" aria-atomic=\"true\"><\/p> <ul><\/ul><\/div>\n<form action=\"\/fr\/wp-json\/wp\/v2\/pages\/20567#wpcf7-f18934-o1\" method=\"post\" class=\"wpcf7-form init\" aria-label=\"Contact form\" novalidate=\"novalidate\" data-status=\"init\">\n<fieldset class=\"hidden-fields-container\"><input type=\"hidden\" name=\"_wpcf7\" value=\"18934\" \/><input type=\"hidden\" name=\"_wpcf7_version\" value=\"6.1.5\" \/><input type=\"hidden\" name=\"_wpcf7_locale\" value=\"en_US\" \/><input type=\"hidden\" name=\"_wpcf7_unit_tag\" value=\"wpcf7-f18934-o1\" \/><input type=\"hidden\" name=\"_wpcf7_container_post\" value=\"0\" \/><input type=\"hidden\" name=\"_wpcf7_posted_data_hash\" value=\"\" \/><input type=\"hidden\" name=\"_wpcf7_recaptcha_response\" value=\"\" \/>\n<\/fieldset>\n<div class=\"grid-container cf7-product-contact\">\n\t<div class=\"row\" style=\"border:1px solid rgb(94, 166, 43)\">\n\t\t<div class=\"col-4\">\n\t\t\t<p><label><b>Nom<\/b> (obligatoire)<br \/>\n<span class=\"wpcf7-form-control-wrap\" data-name=\"fullname\"><input size=\"40\" maxlength=\"400\" class=\"wpcf7-form-control wpcf7-text wpcf7-validates-as-required\" aria-required=\"true\" aria-invalid=\"false\" value=\"\" type=\"text\" name=\"fullname\" \/><\/span><\/label>\n\t\t\t<\/p>\n\t\t<\/div>\n\t\t<div class=\"col-4\">\n\t\t\t<p><label><b>Soci\u00e9t\u00e9<\/b> (obligatoire)<br \/>\n<span class=\"wpcf7-form-control-wrap\" data-name=\"company\"><input size=\"40\" maxlength=\"400\" class=\"wpcf7-form-control wpcf7-text wpcf7-validates-as-required\" aria-required=\"true\" aria-invalid=\"false\" value=\"\" type=\"text\" name=\"company\" \/><\/span><\/label>\n\t\t\t<\/p>\n\t\t<\/div>\n\t\t<div class=\"col-4\">\n\t\t\t<p><label><b>Email<\/b> (obligatoire)<br \/>\n<span class=\"wpcf7-form-control-wrap\" data-name=\"email\"><input size=\"40\" maxlength=\"400\" class=\"wpcf7-form-control wpcf7-email wpcf7-validates-as-required wpcf7-text wpcf7-validates-as-email\" aria-required=\"true\" aria-invalid=\"false\" value=\"\" type=\"email\" name=\"email\" \/><\/span><\/label>\n\t\t\t<\/p>\n\t\t<\/div>\n\t\t<div class=\"col-4\">\n\t\t\t<p><label><b>Num\u00e9ro de t\u00e9l\u00e9phone<\/b> (obligatoire)<br \/>\n<span class=\"wpcf7-form-control-wrap\" data-name=\"phone\"><input size=\"40\" maxlength=\"400\" class=\"wpcf7-form-control wpcf7-text wpcf7-validates-as-required\" aria-required=\"true\" aria-invalid=\"false\" value=\"\" type=\"text\" name=\"phone\" \/><\/span><\/label>\n\t\t\t<\/p>\n\t\t<\/div>\n\t\t<div class=\"col-4\">\n\t\t\t<p><label><b>Pays<\/b> (obligatoire)<br \/>\n<span class=\"wpcf7-form-control-wrap\" data-name=\"country\"><input size=\"40\" maxlength=\"400\" class=\"wpcf7-form-control wpcf7-text wpcf7-validates-as-required\" aria-required=\"true\" aria-invalid=\"false\" value=\"\" type=\"text\" name=\"country\" \/><\/span><\/label>\n\t\t\t<\/p>\n\t\t<\/div>\n\t<\/div>\n\t<div class=\"row\" style=\"border:1px solid rgb(94, 166, 43)\">\n\t\t<div class=\"col-4\">\n\t\t\t<p><label><b>Sujet<\/b> (obligatoire)<\/label><br \/>\n<span class=\"wpcf7-form-control-wrap\" data-name=\"subject\"><span class=\"wpcf7-form-control wpcf7-checkbox wpcf7-validates-as-required\"><span class=\"wpcf7-list-item first\"><label><input type=\"checkbox\" name=\"subject[]\" value=\"TEK\" \/><span class=\"wpcf7-list-item-label\">TEK<\/span><\/label><\/span><span class=\"wpcf7-list-item\"><label><input type=\"checkbox\" name=\"subject[]\" value=\"SUCRAM\" \/><span class=\"wpcf7-list-item-label\">SUCRAM<\/span><\/label><\/span><span class=\"wpcf7-list-item\"><label><input type=\"checkbox\" name=\"subject[]\" value=\"MAGNASWEET\" \/><span class=\"wpcf7-list-item-label\">MAGNASWEET<\/span><\/label><\/span><span class=\"wpcf7-list-item\"><label><input type=\"checkbox\" name=\"subject[]\" value=\"B-TRAXIM\" \/><span class=\"wpcf7-list-item-label\">B-TRAXIM<\/span><\/label><\/span><span class=\"wpcf7-list-item\"><label><input type=\"checkbox\" name=\"subject[]\" value=\"TAKTIK\" \/><span class=\"wpcf7-list-item-label\">TAKTIK<\/span><\/label><\/span><span class=\"wpcf7-list-item\"><label><input type=\"checkbox\" name=\"subject[]\" value=\"CARBOVET\" \/><span class=\"wpcf7-list-item-label\">CARBOVET<\/span><\/label><\/span><span class=\"wpcf7-list-item\"><label><input type=\"checkbox\" name=\"subject[]\" value=\"NEX\" \/><span class=\"wpcf7-list-item-label\">NEX<\/span><\/label><\/span><span class=\"wpcf7-list-item\"><label><input type=\"checkbox\" name=\"subject[]\" value=\"CITRISTIM\" \/><span class=\"wpcf7-list-item-label\">CITRISTIM<\/span><\/label><\/span><span class=\"wpcf7-list-item\"><label><input type=\"checkbox\" name=\"subject[]\" value=\"ACIDES ORGANIQUES\" \/><span class=\"wpcf7-list-item-label\">ACIDES ORGANIQUES<\/span><\/label><\/span><span class=\"wpcf7-list-item\"><label><input type=\"checkbox\" name=\"subject[]\" value=\"ANCO FIT\" \/><span class=\"wpcf7-list-item-label\">ANCO FIT<\/span><\/label><\/span><span class=\"wpcf7-list-item last\"><label><input type=\"checkbox\" name=\"subject[]\" value=\"XTRACT\" \/><span class=\"wpcf7-list-item-label\">XTRACT<\/span><\/label><\/span><\/span><\/span>\n\t\t\t<\/p>\n\t\t<\/div>\n\t\t<div class=\"col-4\">\n\t\t\t<p><label><b>Esp\u00e8ces d'int\u00e9r\u00eat<\/b> (obligatoire)<\/label><br \/>\n<span class=\"wpcf7-form-control-wrap\" data-name=\"species\"><span class=\"wpcf7-form-control wpcf7-checkbox wpcf7-validates-as-required\"><span class=\"wpcf7-list-item first\"><label><input type=\"checkbox\" name=\"species[]\" value=\"Porc\" \/><span class=\"wpcf7-list-item-label\">Porc<\/span><\/label><\/span><span class=\"wpcf7-list-item\"><label><input type=\"checkbox\" name=\"species[]\" value=\"Ruminants\" \/><span class=\"wpcf7-list-item-label\">Ruminants<\/span><\/label><\/span><span class=\"wpcf7-list-item\"><label><input type=\"checkbox\" name=\"species[]\" value=\"Mouton\" \/><span class=\"wpcf7-list-item-label\">Mouton<\/span><\/label><\/span><span class=\"wpcf7-list-item\"><label><input type=\"checkbox\" name=\"species[]\" value=\"Volaille\" \/><span class=\"wpcf7-list-item-label\">Volaille<\/span><\/label><\/span><span class=\"wpcf7-list-item\"><label><input type=\"checkbox\" name=\"species[]\" value=\"Aquaculture\" \/><span class=\"wpcf7-list-item-label\">Aquaculture<\/span><\/label><\/span><span class=\"wpcf7-list-item\"><label><input type=\"checkbox\" name=\"species[]\" value=\"Gibier\" \/><span class=\"wpcf7-list-item-label\">Gibier<\/span><\/label><\/span><span class=\"wpcf7-list-item\"><label><input type=\"checkbox\" name=\"species[]\" value=\"Chevaux\" \/><span class=\"wpcf7-list-item-label\">Chevaux<\/span><\/label><\/span><span class=\"wpcf7-list-item last\"><label><input type=\"checkbox\" name=\"species[]\" value=\"Lapins\" \/><span class=\"wpcf7-list-item-label\">Lapins<\/span><\/label><\/span><\/span><\/span>\n\t\t\t<\/p>\n\t\t<\/div>\n\t\t<div class=\"col-4\">\n\t\t\t<p><label> <b>Message<\/b><br \/>\n<span class=\"wpcf7-form-control-wrap\" data-name=\"message\"><textarea cols=\"40\" rows=\"10\" maxlength=\"2000\" class=\"wpcf7-form-control wpcf7-textarea\" aria-invalid=\"false\" name=\"message\"><\/textarea><\/span> <\/label>\n\t\t\t<\/p>\n\t\t<\/div>\n\t<\/div>\n\t<div class=\"row\">\n\t\t<div class=\"col-12\">\n\t\t\t<p><input class=\"wpcf7-form-control wpcf7-submit has-spinner\" type=\"submit\" value=\"Envoyer\" \/>\n\t\t\t<\/p>\n\t\t<\/div>\n\t<\/div>\n<\/div><div class=\"wpcf7-response-output\" aria-hidden=\"true\"><\/div>\n<\/form>\n<\/div>\n\t<\/div>\n\n\t<\/p>\n<h3><strong>Articles li\u00e9s<\/strong><\/h3>\n<p><a href=\"https:\/\/www.pancosma.com\/fr\/why-feed-palatability-matters-in-animal-husbandry\/\">Pourquoi la palatabilit\u00e9 des aliments est importante en \u00e9levage<\/a><\/p>\n<p><a href=\"https:\/\/www.pancosma.com\/fr\/launch-of-2-new-cheesecake-flavors\/\">Lancement de 2\u00a0nouveaux ar\u00f4mes cheesecake<\/a><\/p>\n<\/div><\/section><\/div><\/div><!--close column table wrapper. Autoclose: 1 --><div  style='height:20px' class='hr hr-invisible   avia-builder-el-10  el_after_av_one_full  avia-builder-el-last '><span class='hr-inner ' ><span class='hr-inner-style'><\/span><\/span><\/div><\/p>\n","protected":false},"excerpt":{"rendered":"","protected":false},"author":16,"featured_media":0,"parent":0,"menu_order":0,"comment_status":"closed","ping_status":"closed","template":"","meta":{"_acf_changed":false,"footnotes":""},"class_list":["post-20567","page","type-page","status-publish","hentry"],"acf":[],"yoast_head":"<!-- This site is optimized with the Yoast SEO plugin v27.3 - https:\/\/yoast.com\/product\/yoast-seo-wordpress\/ -->\n<title>Additifs sensoriels - Pancosma<\/title>\n<meta name=\"description\" content=\"Une multitude de recherches et de donn\u00e9es ont amen\u00e9 Pancosma a \u00e9laborer une gamme vari\u00e9e d\u2019additifs sensoriels\" \/>\n<meta name=\"robots\" content=\"index, follow, max-snippet:-1, max-image-preview:large, max-video-preview:-1\" \/>\n<link rel=\"canonical\" href=\"https:\/\/www.pancosma.com\/fr\/additifs-sensoriels\/\" \/>\n<meta property=\"og:locale\" content=\"fr_FR\" \/>\n<meta property=\"og:type\" content=\"article\" \/>\n<meta property=\"og:title\" content=\"Additifs sensoriels - Pancosma\" \/>\n<meta property=\"og:description\" content=\"Une multitude de recherches et de donn\u00e9es ont amen\u00e9 Pancosma a \u00e9laborer une gamme vari\u00e9e d\u2019additifs sensoriels\" \/>\n<meta property=\"og:url\" content=\"https:\/\/www.pancosma.com\/fr\/additifs-sensoriels\/\" \/>\n<meta property=\"og:site_name\" content=\"Pancosma\" \/>\n<meta name=\"twitter:card\" content=\"summary_large_image\" \/>\n<meta name=\"twitter:label1\" content=\"Est. reading time\" \/>\n\t<meta name=\"twitter:data1\" content=\"3 minutes\" \/>\n<script type=\"application\/ld+json\" class=\"yoast-schema-graph\">{\"@context\":\"https:\\\/\\\/schema.org\",\"@graph\":[{\"@type\":\"WebPage\",\"@id\":\"https:\\\/\\\/www.pancosma.com\\\/fr\\\/additifs-sensoriels\\\/\",\"url\":\"https:\\\/\\\/www.pancosma.com\\\/fr\\\/additifs-sensoriels\\\/\",\"name\":\"Additifs sensoriels - Pancosma\",\"isPartOf\":{\"@id\":\"https:\\\/\\\/www.pancosma.com\\\/#website\"},\"datePublished\":\"2022-03-15T19:52:44+00:00\",\"description\":\"Une multitude de recherches et de donn\u00e9es ont amen\u00e9 Pancosma a \u00e9laborer une gamme vari\u00e9e d\u2019additifs sensoriels\",\"breadcrumb\":{\"@id\":\"https:\\\/\\\/www.pancosma.com\\\/fr\\\/additifs-sensoriels\\\/#breadcrumb\"},\"inLanguage\":\"fr-FR\",\"potentialAction\":[{\"@type\":\"ReadAction\",\"target\":[\"https:\\\/\\\/www.pancosma.com\\\/fr\\\/additifs-sensoriels\\\/\"]}]},{\"@type\":\"BreadcrumbList\",\"@id\":\"https:\\\/\\\/www.pancosma.com\\\/fr\\\/additifs-sensoriels\\\/#breadcrumb\",\"itemListElement\":[{\"@type\":\"ListItem\",\"position\":1,\"name\":\"Home\",\"item\":\"https:\\\/\\\/www.pancosma.com\\\/fr\\\/\"},{\"@type\":\"ListItem\",\"position\":2,\"name\":\"Additifs sensoriels\"}]},{\"@type\":\"WebSite\",\"@id\":\"https:\\\/\\\/www.pancosma.com\\\/#website\",\"url\":\"https:\\\/\\\/www.pancosma.com\\\/\",\"name\":\"Pancosma\",\"description\":\"Geneva\",\"potentialAction\":[{\"@type\":\"SearchAction\",\"target\":{\"@type\":\"EntryPoint\",\"urlTemplate\":\"https:\\\/\\\/www.pancosma.com\\\/?s={search_term_string}\"},\"query-input\":{\"@type\":\"PropertyValueSpecification\",\"valueRequired\":true,\"valueName\":\"search_term_string\"}}],\"inLanguage\":\"fr-FR\"}]}<\/script>\n<!-- \/ Yoast SEO plugin. -->","yoast_head_json":{"title":"Additifs sensoriels - Pancosma","description":"Une multitude de recherches et de donn\u00e9es ont amen\u00e9 Pancosma a \u00e9laborer une gamme vari\u00e9e d\u2019additifs sensoriels","robots":{"index":"index","follow":"follow","max-snippet":"max-snippet:-1","max-image-preview":"max-image-preview:large","max-video-preview":"max-video-preview:-1"},"canonical":"https:\/\/www.pancosma.com\/fr\/additifs-sensoriels\/","og_locale":"fr_FR","og_type":"article","og_title":"Additifs sensoriels - Pancosma","og_description":"Une multitude de recherches et de donn\u00e9es ont amen\u00e9 Pancosma a \u00e9laborer une gamme vari\u00e9e d\u2019additifs sensoriels","og_url":"https:\/\/www.pancosma.com\/fr\/additifs-sensoriels\/","og_site_name":"Pancosma","twitter_card":"summary_large_image","twitter_misc":{"Est. reading time":"3 minutes"},"schema":{"@context":"https:\/\/schema.org","@graph":[{"@type":"WebPage","@id":"https:\/\/www.pancosma.com\/fr\/additifs-sensoriels\/","url":"https:\/\/www.pancosma.com\/fr\/additifs-sensoriels\/","name":"Additifs sensoriels - Pancosma","isPartOf":{"@id":"https:\/\/www.pancosma.com\/#website"},"datePublished":"2022-03-15T19:52:44+00:00","description":"Une multitude de recherches et de donn\u00e9es ont amen\u00e9 Pancosma a \u00e9laborer une gamme vari\u00e9e d\u2019additifs sensoriels","breadcrumb":{"@id":"https:\/\/www.pancosma.com\/fr\/additifs-sensoriels\/#breadcrumb"},"inLanguage":"fr-FR","potentialAction":[{"@type":"ReadAction","target":["https:\/\/www.pancosma.com\/fr\/additifs-sensoriels\/"]}]},{"@type":"BreadcrumbList","@id":"https:\/\/www.pancosma.com\/fr\/additifs-sensoriels\/#breadcrumb","itemListElement":[{"@type":"ListItem","position":1,"name":"Home","item":"https:\/\/www.pancosma.com\/fr\/"},{"@type":"ListItem","position":2,"name":"Additifs sensoriels"}]},{"@type":"WebSite","@id":"https:\/\/www.pancosma.com\/#website","url":"https:\/\/www.pancosma.com\/","name":"Pancosma","description":"Geneva","potentialAction":[{"@type":"SearchAction","target":{"@type":"EntryPoint","urlTemplate":"https:\/\/www.pancosma.com\/?s={search_term_string}"},"query-input":{"@type":"PropertyValueSpecification","valueRequired":true,"valueName":"search_term_string"}}],"inLanguage":"fr-FR"}]}},"_links":{"self":[{"href":"https:\/\/www.pancosma.com\/fr\/wp-json\/wp\/v2\/pages\/20567","targetHints":{"allow":["GET"]}}],"collection":[{"href":"https:\/\/www.pancosma.com\/fr\/wp-json\/wp\/v2\/pages"}],"about":[{"href":"https:\/\/www.pancosma.com\/fr\/wp-json\/wp\/v2\/types\/page"}],"author":[{"embeddable":true,"href":"https:\/\/www.pancosma.com\/fr\/wp-json\/wp\/v2\/users\/16"}],"replies":[{"embeddable":true,"href":"https:\/\/www.pancosma.com\/fr\/wp-json\/wp\/v2\/comments?post=20567"}],"version-history":[{"count":5,"href":"https:\/\/www.pancosma.com\/fr\/wp-json\/wp\/v2\/pages\/20567\/revisions"}],"predecessor-version":[{"id":21768,"href":"https:\/\/www.pancosma.com\/fr\/wp-json\/wp\/v2\/pages\/20567\/revisions\/21768"}],"wp:attachment":[{"href":"https:\/\/www.pancosma.com\/fr\/wp-json\/wp\/v2\/media?parent=20567"}],"curies":[{"name":"wp","href":"https:\/\/api.w.org\/{rel}","templated":true}]}}