{"id":11037,"date":"2019-08-28T13:58:11","date_gmt":"2019-08-28T11:58:11","guid":{"rendered":"https:\/\/www.pancosma.com\/?page_id=11037"},"modified":"2019-10-14T13:31:16","modified_gmt":"2019-10-14T11:31:16","slug":"especies","status":"publish","type":"page","link":"https:\/\/www.pancosma.com\/pt-br\/especies\/","title":{"rendered":"Esp\u00e9cies de animais"},"content":{"rendered":"<div id='av_section_1'  class='avia-section header_color avia-section-large avia-shadow  av-section-color-overlay-active avia-bg-style-fixed  avia-builder-el-0  el_before_av_section  avia-builder-el-first   container_wrap sidebar_right' style='background-color: #5ea62b;  '  ><div class='av-section-color-overlay-wrap'><div class='av-section-color-overlay' style='opacity: 0.5; background-image: url(https:\/\/www.pancosma.com\/wp-content\/themes\/enfold\/images\/background-images\/wool-diagonal-for-light-background.png); background-repeat: repeat;'><\/div><div class='container' ><main  role=\"main\" itemprop=\"mainContentOfPage\"  class='template-page content  av-content-small alpha units'><div class='post-entry post-entry-type-page post-entry-11037'><div class='entry-content-wrapper clearfix'>\n<div  style='padding-bottom:0px; color:#ffffff;font-size:50px;' class='av-special-heading av-special-heading-h1 custom-color-heading blockquote modern-quote modern-centered  avia-builder-el-1  el_before_av_hr  avia-builder-el-first  av-inherit-size '><h1 class='av-special-heading-tag '  itemprop=\"headline\"  >Nossas esp\u00e9cies de animais<\/h1><div class='special-heading-border'><div class='special-heading-inner-border' style='border-color:#ffffff'><\/div><\/div><\/div>\n<div  style=' margin-top:30px; margin-bottom:30px;'  class='hr hr-custom hr-center hr-icon-yes   avia-builder-el-2  el_after_av_heading  avia-builder-el-last '><span class='hr-inner  inner-border-av-border-thin' style=' width:20%; border-color:rgba(255,255,255,0.76); max-width:45%;' ><span class='hr-inner-style'><\/span><\/span><span class='av-seperator-icon' style='color:#ffffff;' aria-hidden='true' data-av_icon='\ue87b' data-av_iconfont='entypo-fontello'><\/span><span class='hr-inner  inner-border-av-border-thin' style=' width:20%; border-color:rgba(255,255,255,0.76); max-width:45%;' ><span class='hr-inner-style'><\/span><\/span><\/div>\n<\/div><\/div><\/main><!-- close content main element --><\/div><\/div><\/div><div id='av_section_2'  class='avia-section main_color avia-section-small avia-no-border-styling  avia-bg-style-scroll  avia-builder-el-3  el_after_av_section  avia-builder-el-last   container_wrap sidebar_right' style=' '  ><div class='container' ><div class='template-page content  av-content-small alpha units'><div class='post-entry post-entry-type-page post-entry-11037'><div class='entry-content-wrapper clearfix'>\n<div class='flex_column_table av-equal-height-column-flextable -flextable' style='margin-top:-100px; margin-bottom:0px; '><div class=\"flex_column av_one_full  av-animated-generic pop-up  flex_column_table_cell av-equal-height-column av-align-top first  avia-builder-el-4  avia-builder-el-no-sibling  \" style='padding:20px; background-color:#ffffff; border-radius:0px; '><div  id=\"av-sc-portfolio-1\"  class=' grid-sort-container isotope   no_margin-container with-title-container grid-total-odd grid-col-4 grid-links-' data-portfolio-id='1'><div data-ajax-id='10492' class=' grid-entry flex_column isotope-item all_sort no_margin post-entry post-entry-10492 grid-entry-overview grid-loop-1 grid-parity-odd  aves_sort especies-animais_sort  av_one_fourth first default_av_fullwidth '><article class='main_color inner-entry'  itemscope=\"itemscope\" itemtype=\"https:\/\/schema.org\/CreativeWork\" ><a href='https:\/\/www.pancosma.com\/pt-br\/portfolio-item\/aditivos-para-aves\/' title='Aves'  data-rel='grid-1' class='grid-image avia-hover-fx'> <img decoding=\"async\" width=\"450\" height=\"450\" src=\"https:\/\/www.pancosma.com\/wp-content\/uploads\/2015\/10\/poule-1-450x450.png\" class=\"wp-image-10537 avia-img-lazy-loading-not-10537 attachment-shop_single size-shop_single wp-post-image\" alt=\"\" srcset=\"https:\/\/www.pancosma.com\/wp-content\/uploads\/2015\/10\/poule-1-450x450.png 450w, https:\/\/www.pancosma.com\/wp-content\/uploads\/2015\/10\/poule-1-300x300.png 300w, https:\/\/www.pancosma.com\/wp-content\/uploads\/2015\/10\/poule-1-80x80.png 80w, https:\/\/www.pancosma.com\/wp-content\/uploads\/2015\/10\/poule-1-36x36.png 36w, https:\/\/www.pancosma.com\/wp-content\/uploads\/2015\/10\/poule-1-180x180.png 180w, https:\/\/www.pancosma.com\/wp-content\/uploads\/2015\/10\/poule-1-120x120.png 120w, https:\/\/www.pancosma.com\/wp-content\/uploads\/2015\/10\/poule-1.png 500w\" sizes=\"(max-width: 450px) 100vw, 450px\" \/><\/a><div class='grid-content'><div class='avia-arrow'><\/div><header class=\"entry-content-header\"><h3 class='grid-entry-title entry-title '  itemprop=\"headline\" ><a href='https:\/\/www.pancosma.com\/pt-br\/portfolio-item\/aditivos-para-aves\/' title='Aves'>Aves<\/a><\/h3><\/header><\/div><footer class=\"entry-footer\"><\/footer><\/article><\/div><div data-ajax-id='10532' class=' grid-entry flex_column isotope-item all_sort no_margin post-entry post-entry-10532 grid-entry-overview grid-loop-2 grid-parity-even  especies-animais_sort suinos_sort  av_one_fourth  default_av_fullwidth '><article class='main_color inner-entry'  itemscope=\"itemscope\" itemtype=\"https:\/\/schema.org\/CreativeWork\" ><a href='https:\/\/www.pancosma.com\/pt-br\/portfolio-item\/suplementos-alimentares-para-suinos\/' title='Su\u00ednos'  data-rel='grid-1' class='grid-image avia-hover-fx'> <img decoding=\"async\" width=\"200\" height=\"200\" src=\"https:\/\/www.pancosma.com\/wp-content\/uploads\/2016\/11\/pancosma-porc-additives.png\" class=\"wp-image-10542 avia-img-lazy-loading-not-10542 attachment-shop_single size-shop_single wp-post-image\" alt=\"pig feed additives\" srcset=\"https:\/\/www.pancosma.com\/wp-content\/uploads\/2016\/11\/pancosma-porc-additives.png 200w, https:\/\/www.pancosma.com\/wp-content\/uploads\/2016\/11\/pancosma-porc-additives-80x80.png 80w, https:\/\/www.pancosma.com\/wp-content\/uploads\/2016\/11\/pancosma-porc-additives-36x36.png 36w, https:\/\/www.pancosma.com\/wp-content\/uploads\/2016\/11\/pancosma-porc-additives-180x180.png 180w, https:\/\/www.pancosma.com\/wp-content\/uploads\/2016\/11\/pancosma-porc-additives-120x120.png 120w\" sizes=\"(max-width: 200px) 100vw, 200px\" \/><\/a><div class='grid-content'><div class='avia-arrow'><\/div><header class=\"entry-content-header\"><h3 class='grid-entry-title entry-title '  itemprop=\"headline\" ><a href='https:\/\/www.pancosma.com\/pt-br\/portfolio-item\/suplementos-alimentares-para-suinos\/' title='Su\u00ednos'>Su\u00ednos<\/a><\/h3><\/header><\/div><footer class=\"entry-footer\"><\/footer><\/article><\/div><div data-ajax-id='10496' class=' grid-entry flex_column isotope-item all_sort no_margin post-entry post-entry-10496 grid-entry-overview grid-loop-3 grid-parity-odd  especies-animais_sort ruminantes_sort  av_one_fourth  default_av_fullwidth '><article class='main_color inner-entry'  itemscope=\"itemscope\" itemtype=\"https:\/\/schema.org\/CreativeWork\" ><a href='https:\/\/www.pancosma.com\/pt-br\/portfolio-item\/suplementos-para-ruminantes\/' title='Ruminantes'  data-rel='grid-1' class='grid-image avia-hover-fx'> <img decoding=\"async\" width=\"200\" height=\"200\" src=\"https:\/\/www.pancosma.com\/wp-content\/uploads\/2016\/11\/pancosma-boeuf-additives.png\" class=\"wp-image-10501 avia-img-lazy-loading-not-10501 attachment-shop_single size-shop_single wp-post-image\" alt=\"cattle feed additives\" srcset=\"https:\/\/www.pancosma.com\/wp-content\/uploads\/2016\/11\/pancosma-boeuf-additives.png 200w, https:\/\/www.pancosma.com\/wp-content\/uploads\/2016\/11\/pancosma-boeuf-additives-80x80.png 80w, https:\/\/www.pancosma.com\/wp-content\/uploads\/2016\/11\/pancosma-boeuf-additives-36x36.png 36w, https:\/\/www.pancosma.com\/wp-content\/uploads\/2016\/11\/pancosma-boeuf-additives-180x180.png 180w, https:\/\/www.pancosma.com\/wp-content\/uploads\/2016\/11\/pancosma-boeuf-additives-120x120.png 120w\" sizes=\"(max-width: 200px) 100vw, 200px\" \/><\/a><div class='grid-content'><div class='avia-arrow'><\/div><header class=\"entry-content-header\"><h3 class='grid-entry-title entry-title '  itemprop=\"headline\" ><a href='https:\/\/www.pancosma.com\/pt-br\/portfolio-item\/suplementos-para-ruminantes\/' title='Ruminantes'>Ruminantes<\/a><\/h3><\/header><\/div><footer class=\"entry-footer\"><\/footer><\/article><\/div><div data-ajax-id='10550' class=' grid-entry flex_column isotope-item all_sort no_margin post-entry post-entry-10550 grid-entry-overview grid-loop-4 grid-parity-even  aquicultura_sort especies-animais_sort  av_one_fourth  default_av_fullwidth '><article class='main_color inner-entry'  itemscope=\"itemscope\" itemtype=\"https:\/\/schema.org\/CreativeWork\" ><a href='https:\/\/www.pancosma.com\/pt-br\/portfolio-item\/suplementos-para-peixes-e-camaroes\/' title='Aquicultura'  data-rel='grid-1' class='grid-image avia-hover-fx'> <img decoding=\"async\" width=\"200\" height=\"200\" src=\"https:\/\/www.pancosma.com\/wp-content\/uploads\/2016\/11\/pancosma-fish-additives.png\" class=\"wp-image-10553 avia-img-lazy-loading-not-10553 attachment-shop_single size-shop_single wp-post-image\" alt=\"aquaculture feed additives\" srcset=\"https:\/\/www.pancosma.com\/wp-content\/uploads\/2016\/11\/pancosma-fish-additives.png 200w, https:\/\/www.pancosma.com\/wp-content\/uploads\/2016\/11\/pancosma-fish-additives-80x80.png 80w, https:\/\/www.pancosma.com\/wp-content\/uploads\/2016\/11\/pancosma-fish-additives-36x36.png 36w, https:\/\/www.pancosma.com\/wp-content\/uploads\/2016\/11\/pancosma-fish-additives-180x180.png 180w, https:\/\/www.pancosma.com\/wp-content\/uploads\/2016\/11\/pancosma-fish-additives-120x120.png 120w\" sizes=\"(max-width: 200px) 100vw, 200px\" \/><\/a><div class='grid-content'><div class='avia-arrow'><\/div><header class=\"entry-content-header\"><h3 class='grid-entry-title entry-title '  itemprop=\"headline\" ><a href='https:\/\/www.pancosma.com\/pt-br\/portfolio-item\/suplementos-para-peixes-e-camaroes\/' title='Aquicultura'>Aquicultura<\/a><\/h3><\/header><\/div><footer class=\"entry-footer\"><\/footer><\/article><\/div><div data-ajax-id='10544' class=' grid-entry flex_column isotope-item all_sort no_margin post-entry post-entry-10544 grid-entry-overview grid-loop-5 grid-parity-odd  especies-animais_sort ovinos_sort  av_one_fourth first default_av_fullwidth '><article class='main_color inner-entry'  itemscope=\"itemscope\" itemtype=\"https:\/\/schema.org\/CreativeWork\" ><a href='https:\/\/www.pancosma.com\/pt-br\/portfolio-item\/suplementos-alimentares-para-ovinos\/' title='Ovinos'  data-rel='grid-1' class='grid-image avia-hover-fx'> <img decoding=\"async\" width=\"200\" height=\"200\" src=\"https:\/\/www.pancosma.com\/wp-content\/uploads\/2016\/11\/pancosma-agneau-additives-1.png\" class=\"wp-image-10548 avia-img-lazy-loading-not-10548 attachment-shop_single size-shop_single wp-post-image\" alt=\"\" srcset=\"https:\/\/www.pancosma.com\/wp-content\/uploads\/2016\/11\/pancosma-agneau-additives-1.png 200w, https:\/\/www.pancosma.com\/wp-content\/uploads\/2016\/11\/pancosma-agneau-additives-1-80x80.png 80w, https:\/\/www.pancosma.com\/wp-content\/uploads\/2016\/11\/pancosma-agneau-additives-1-36x36.png 36w, https:\/\/www.pancosma.com\/wp-content\/uploads\/2016\/11\/pancosma-agneau-additives-1-180x180.png 180w, https:\/\/www.pancosma.com\/wp-content\/uploads\/2016\/11\/pancosma-agneau-additives-1-120x120.png 120w\" sizes=\"(max-width: 200px) 100vw, 200px\" \/><\/a><div class='grid-content'><div class='avia-arrow'><\/div><header class=\"entry-content-header\"><h3 class='grid-entry-title entry-title '  itemprop=\"headline\" ><a href='https:\/\/www.pancosma.com\/pt-br\/portfolio-item\/suplementos-alimentares-para-ovinos\/' title='Ovinos'>Ovinos<\/a><\/h3><\/header><\/div><footer class=\"entry-footer\"><\/footer><\/article><\/div><div data-ajax-id='10523' class=' grid-entry flex_column isotope-item all_sort no_margin post-entry post-entry-10523 grid-entry-overview grid-loop-6 grid-parity-even  cavalos_sort especies-animais_sort  av_one_fourth  default_av_fullwidth '><article class='main_color inner-entry'  itemscope=\"itemscope\" itemtype=\"https:\/\/schema.org\/CreativeWork\" ><a href='https:\/\/www.pancosma.com\/pt-br\/portfolio-item\/aditivos-para-cavalos\/' title='Cavalos'  data-rel='grid-1' class='grid-image avia-hover-fx'> <img decoding=\"async\" width=\"200\" height=\"200\" src=\"https:\/\/www.pancosma.com\/wp-content\/uploads\/2016\/11\/pancosma-horses-additives.png\" class=\"wp-image-10530 avia-img-lazy-loading-not-10530 attachment-shop_single size-shop_single wp-post-image\" alt=\"\" srcset=\"https:\/\/www.pancosma.com\/wp-content\/uploads\/2016\/11\/pancosma-horses-additives.png 200w, https:\/\/www.pancosma.com\/wp-content\/uploads\/2016\/11\/pancosma-horses-additives-80x80.png 80w, https:\/\/www.pancosma.com\/wp-content\/uploads\/2016\/11\/pancosma-horses-additives-36x36.png 36w, https:\/\/www.pancosma.com\/wp-content\/uploads\/2016\/11\/pancosma-horses-additives-180x180.png 180w, https:\/\/www.pancosma.com\/wp-content\/uploads\/2016\/11\/pancosma-horses-additives-120x120.png 120w\" sizes=\"(max-width: 200px) 100vw, 200px\" \/><\/a><div class='grid-content'><div class='avia-arrow'><\/div><header class=\"entry-content-header\"><h3 class='grid-entry-title entry-title '  itemprop=\"headline\" ><a href='https:\/\/www.pancosma.com\/pt-br\/portfolio-item\/aditivos-para-cavalos\/' title='Cavalos'>Cavalos<\/a><\/h3><\/header><\/div><footer class=\"entry-footer\"><\/footer><\/article><\/div><div data-ajax-id='10518' class=' grid-entry flex_column isotope-item all_sort no_margin post-entry post-entry-10518 grid-entry-overview grid-loop-7 grid-parity-odd  post-entry-last  coelhos_sort especies-animais_sort  av_one_fourth  default_av_fullwidth '><article class='main_color inner-entry'  itemscope=\"itemscope\" itemtype=\"https:\/\/schema.org\/CreativeWork\" ><a href='https:\/\/www.pancosma.com\/pt-br\/portfolio-item\/aditivos-para-coelhos\/' title='Coelhos'  data-rel='grid-1' class='grid-image avia-hover-fx'> <img decoding=\"async\" width=\"200\" height=\"200\" src=\"https:\/\/www.pancosma.com\/wp-content\/uploads\/2016\/11\/pancosma-rabbit-additives.png\" class=\"wp-image-10522 avia-img-lazy-loading-not-10522 attachment-shop_single size-shop_single wp-post-image\" alt=\"\" srcset=\"https:\/\/www.pancosma.com\/wp-content\/uploads\/2016\/11\/pancosma-rabbit-additives.png 200w, https:\/\/www.pancosma.com\/wp-content\/uploads\/2016\/11\/pancosma-rabbit-additives-80x80.png 80w, https:\/\/www.pancosma.com\/wp-content\/uploads\/2016\/11\/pancosma-rabbit-additives-36x36.png 36w, https:\/\/www.pancosma.com\/wp-content\/uploads\/2016\/11\/pancosma-rabbit-additives-180x180.png 180w, https:\/\/www.pancosma.com\/wp-content\/uploads\/2016\/11\/pancosma-rabbit-additives-120x120.png 120w\" sizes=\"(max-width: 200px) 100vw, 200px\" \/><\/a><div class='grid-content'><div class='avia-arrow'><\/div><header class=\"entry-content-header\"><h3 class='grid-entry-title entry-title '  itemprop=\"headline\" ><a href='https:\/\/www.pancosma.com\/pt-br\/portfolio-item\/aditivos-para-coelhos\/' title='Coelhos'>Coelhos<\/a><\/h3><\/header><\/div><footer class=\"entry-footer\"><\/footer><\/article><\/div><\/div><\/div><\/div><!--close column table wrapper. Autoclose: 1 -->\n<\/div><\/div><\/div><!-- close content main div --><\/div><\/div><div id='after_section_2'  class='main_color av_default_container_wrap container_wrap sidebar_right' style=' '  ><div class='container' ><div class='template-page content  av-content-small alpha units'><div class='post-entry post-entry-type-page post-entry-11037'><div class='entry-content-wrapper clearfix'><\/p>\n","protected":false},"excerpt":{"rendered":"","protected":false},"author":16,"featured_media":0,"parent":0,"menu_order":0,"comment_status":"closed","ping_status":"closed","template":"","meta":{"_acf_changed":false,"footnotes":""},"class_list":["post-11037","page","type-page","status-publish","hentry"],"acf":[],"yoast_head":"<!-- This site is optimized with the Yoast SEO plugin v27.4 - https:\/\/yoast.com\/product\/yoast-seo-wordpress\/ -->\n<title>Esp\u00e9cies de animais | Btech | Pancosma<\/title>\n<meta name=\"description\" content=\"Pancosma oferece aditivos para ra\u00e7\u00f5es para todas as esp\u00e9cies: aves, ruminantes, su\u00ednos, aquacultura, ovinos, cavalos, coelhos. Visite a se\u00e7\u00e3o &quot;esp\u00e9cies de animais&quot;.\" \/>\n<meta name=\"robots\" content=\"index, follow, max-snippet:-1, max-image-preview:large, max-video-preview:-1\" \/>\n<link rel=\"canonical\" href=\"https:\/\/www.pancosma.com\/pt-br\/especies\/\" \/>\n<meta property=\"og:locale\" content=\"pt_BR\" \/>\n<meta property=\"og:type\" content=\"article\" \/>\n<meta property=\"og:title\" content=\"Esp\u00e9cies de animais | Btech | Pancosma\" \/>\n<meta property=\"og:description\" content=\"Pancosma oferece aditivos para ra\u00e7\u00f5es para todas as esp\u00e9cies: aves, ruminantes, su\u00ednos, aquacultura, ovinos, cavalos, coelhos. Visite a se\u00e7\u00e3o &quot;esp\u00e9cies de animais&quot;.\" \/>\n<meta property=\"og:url\" content=\"https:\/\/www.pancosma.com\/pt-br\/especies\/\" \/>\n<meta property=\"og:site_name\" content=\"Pancosma\" \/>\n<meta property=\"article:modified_time\" content=\"2019-10-14T11:31:16+00:00\" \/>\n<meta name=\"twitter:card\" content=\"summary_large_image\" \/>\n<meta name=\"twitter:label1\" content=\"Est. reading time\" \/>\n\t<meta name=\"twitter:data1\" content=\"2 minutes\" \/>\n<script type=\"application\/ld+json\" class=\"yoast-schema-graph\">{\"@context\":\"https:\\\/\\\/schema.org\",\"@graph\":[{\"@type\":\"WebPage\",\"@id\":\"https:\\\/\\\/www.pancosma.com\\\/pt-br\\\/especies\\\/\",\"url\":\"https:\\\/\\\/www.pancosma.com\\\/pt-br\\\/especies\\\/\",\"name\":\"Esp\u00e9cies de animais | Btech | Pancosma\",\"isPartOf\":{\"@id\":\"https:\\\/\\\/www.pancosma.com\\\/#website\"},\"datePublished\":\"2019-08-28T11:58:11+00:00\",\"dateModified\":\"2019-10-14T11:31:16+00:00\",\"description\":\"Pancosma oferece aditivos para ra\u00e7\u00f5es para todas as esp\u00e9cies: aves, ruminantes, su\u00ednos, aquacultura, ovinos, cavalos, coelhos. Visite a se\u00e7\u00e3o \\\"esp\u00e9cies de animais\\\".\",\"breadcrumb\":{\"@id\":\"https:\\\/\\\/www.pancosma.com\\\/pt-br\\\/especies\\\/#breadcrumb\"},\"inLanguage\":\"pt-BR\",\"potentialAction\":[{\"@type\":\"ReadAction\",\"target\":[\"https:\\\/\\\/www.pancosma.com\\\/pt-br\\\/especies\\\/\"]}]},{\"@type\":\"BreadcrumbList\",\"@id\":\"https:\\\/\\\/www.pancosma.com\\\/pt-br\\\/especies\\\/#breadcrumb\",\"itemListElement\":[{\"@type\":\"ListItem\",\"position\":1,\"name\":\"Home\",\"item\":\"https:\\\/\\\/www.pancosma.com\\\/pt-br\\\/\"},{\"@type\":\"ListItem\",\"position\":2,\"name\":\"Esp\u00e9cies de animais\"}]},{\"@type\":\"WebSite\",\"@id\":\"https:\\\/\\\/www.pancosma.com\\\/#website\",\"url\":\"https:\\\/\\\/www.pancosma.com\\\/\",\"name\":\"Pancosma\",\"description\":\"Innovative feed additives\",\"potentialAction\":[{\"@type\":\"SearchAction\",\"target\":{\"@type\":\"EntryPoint\",\"urlTemplate\":\"https:\\\/\\\/www.pancosma.com\\\/?s={search_term_string}\"},\"query-input\":{\"@type\":\"PropertyValueSpecification\",\"valueRequired\":true,\"valueName\":\"search_term_string\"}}],\"inLanguage\":\"pt-BR\"}]}<\/script>\n<!-- \/ Yoast SEO plugin. -->","yoast_head_json":{"title":"Esp\u00e9cies de animais | Btech | Pancosma","description":"Pancosma oferece aditivos para ra\u00e7\u00f5es para todas as esp\u00e9cies: aves, ruminantes, su\u00ednos, aquacultura, ovinos, cavalos, coelhos. Visite a se\u00e7\u00e3o \"esp\u00e9cies de animais\".","robots":{"index":"index","follow":"follow","max-snippet":"max-snippet:-1","max-image-preview":"max-image-preview:large","max-video-preview":"max-video-preview:-1"},"canonical":"https:\/\/www.pancosma.com\/pt-br\/especies\/","og_locale":"pt_BR","og_type":"article","og_title":"Esp\u00e9cies de animais | Btech | Pancosma","og_description":"Pancosma oferece aditivos para ra\u00e7\u00f5es para todas as esp\u00e9cies: aves, ruminantes, su\u00ednos, aquacultura, ovinos, cavalos, coelhos. Visite a se\u00e7\u00e3o \"esp\u00e9cies de animais\".","og_url":"https:\/\/www.pancosma.com\/pt-br\/especies\/","og_site_name":"Pancosma","article_modified_time":"2019-10-14T11:31:16+00:00","twitter_card":"summary_large_image","twitter_misc":{"Est. reading time":"2 minutes"},"schema":{"@context":"https:\/\/schema.org","@graph":[{"@type":"WebPage","@id":"https:\/\/www.pancosma.com\/pt-br\/especies\/","url":"https:\/\/www.pancosma.com\/pt-br\/especies\/","name":"Esp\u00e9cies de animais | Btech | Pancosma","isPartOf":{"@id":"https:\/\/www.pancosma.com\/#website"},"datePublished":"2019-08-28T11:58:11+00:00","dateModified":"2019-10-14T11:31:16+00:00","description":"Pancosma oferece aditivos para ra\u00e7\u00f5es para todas as esp\u00e9cies: aves, ruminantes, su\u00ednos, aquacultura, ovinos, cavalos, coelhos. Visite a se\u00e7\u00e3o \"esp\u00e9cies de animais\".","breadcrumb":{"@id":"https:\/\/www.pancosma.com\/pt-br\/especies\/#breadcrumb"},"inLanguage":"pt-BR","potentialAction":[{"@type":"ReadAction","target":["https:\/\/www.pancosma.com\/pt-br\/especies\/"]}]},{"@type":"BreadcrumbList","@id":"https:\/\/www.pancosma.com\/pt-br\/especies\/#breadcrumb","itemListElement":[{"@type":"ListItem","position":1,"name":"Home","item":"https:\/\/www.pancosma.com\/pt-br\/"},{"@type":"ListItem","position":2,"name":"Esp\u00e9cies de animais"}]},{"@type":"WebSite","@id":"https:\/\/www.pancosma.com\/#website","url":"https:\/\/www.pancosma.com\/","name":"Pancosma","description":"Innovative feed additives","potentialAction":[{"@type":"SearchAction","target":{"@type":"EntryPoint","urlTemplate":"https:\/\/www.pancosma.com\/?s={search_term_string}"},"query-input":{"@type":"PropertyValueSpecification","valueRequired":true,"valueName":"search_term_string"}}],"inLanguage":"pt-BR"}]}},"_links":{"self":[{"href":"https:\/\/www.pancosma.com\/pt-br\/wp-json\/wp\/v2\/pages\/11037","targetHints":{"allow":["GET"]}}],"collection":[{"href":"https:\/\/www.pancosma.com\/pt-br\/wp-json\/wp\/v2\/pages"}],"about":[{"href":"https:\/\/www.pancosma.com\/pt-br\/wp-json\/wp\/v2\/types\/page"}],"author":[{"embeddable":true,"href":"https:\/\/www.pancosma.com\/pt-br\/wp-json\/wp\/v2\/users\/16"}],"replies":[{"embeddable":true,"href":"https:\/\/www.pancosma.com\/pt-br\/wp-json\/wp\/v2\/comments?post=11037"}],"version-history":[{"count":0,"href":"https:\/\/www.pancosma.com\/pt-br\/wp-json\/wp\/v2\/pages\/11037\/revisions"}],"wp:attachment":[{"href":"https:\/\/www.pancosma.com\/pt-br\/wp-json\/wp\/v2\/media?parent=11037"}],"curies":[{"name":"wp","href":"https:\/\/api.w.org\/{rel}","templated":true}]}}