{"id":14936,"date":"2020-02-28T17:05:30","date_gmt":"2020-02-28T16:05:30","guid":{"rendered":"https:\/\/www.pancosma.com\/?page_id=14936"},"modified":"2021-03-12T21:43:30","modified_gmt":"2021-03-12T20:43:30","slug":"carreira","status":"publish","type":"page","link":"https:\/\/www.pancosma.com\/pt-br\/carreira\/","title":{"rendered":"Carreira"},"content":{"rendered":"<div id='av_section_1'  class='avia-section header_color avia-section-large avia-shadow  av-section-color-overlay-active avia-bg-style-scroll  avia-builder-el-0  el_before_av_two_third  avia-builder-el-first   container_wrap sidebar_right' style='background-color: #5ea62b;  '  ><div class='av-section-color-overlay-wrap'><div class='av-section-color-overlay' style='opacity: 0.5; background-image: url(https:\/\/www.pancosma.com\/wp-content\/themes\/enfold\/images\/background-images\/wool-diagonal-for-light-background.png); background-repeat: repeat;'><\/div><div class='container' ><main  role=\"main\" itemprop=\"mainContentOfPage\"  class='template-page content  av-content-small alpha units'><div class='post-entry post-entry-type-page post-entry-14936'><div class='entry-content-wrapper clearfix'>\n<div  style='padding-bottom:20px; color:#ffffff;font-size:50px;' class='av-special-heading av-special-heading-h1 custom-color-heading blockquote modern-quote modern-centered  avia-builder-el-1  avia-builder-el-no-sibling  av-inherit-size '><h1 class='av-special-heading-tag '  itemprop=\"headline\"  >Carreira<\/h1><div class='special-heading-border'><div class='special-heading-inner-border' style='border-color:#ffffff'><\/div><\/div><\/div>\n<\/div><\/div><\/main><!-- close content main element --><\/div><\/div><\/div><div id='after_section_1'  class='main_color av_default_container_wrap container_wrap sidebar_right' style=' '  ><div class='container' ><div class='template-page content  av-content-small alpha units'><div class='post-entry post-entry-type-page post-entry-14936'><div class='entry-content-wrapper clearfix'>\n<div class='flex_column_table av-equal-height-column-flextable -flextable' ><div class=\"flex_column av_two_third  flex_column_table_cell av-equal-height-column av-align-top first  avia-builder-el-2  el_after_av_section  el_before_av_one_third  avia-builder-el-first  \" style='background: #fcfcfc; padding:30px; background-color:#fcfcfc; border-radius:0px; '><p><div  style='padding-bottom:10px; font-size:26px;' class='av-special-heading av-special-heading-h2  blockquote modern-quote modern-centered  avia-builder-el-3  el_before_av_hr  avia-builder-el-first  av-inherit-size '><h2 class='av-special-heading-tag '  itemprop=\"headline\"  >VAGAS DISPON\u00cdVEIS<\/h2><div class='special-heading-border'><div class='special-heading-inner-border' ><\/div><\/div><\/div><br \/>\n<div  style='height:20px' class='hr hr-invisible   avia-builder-el-4  el_after_av_heading  el_before_av_textblock '><span class='hr-inner ' ><span class='hr-inner-style'><\/span><\/span><\/div><br \/>\n<section class=\"av_textblock_section \"  itemscope=\"itemscope\" itemtype=\"https:\/\/schema.org\/CreativeWork\" ><div class='avia_textblock  '   itemprop=\"text\" ><p style=\"text-align: center;\">Se voc\u00ea est\u00e1 pronto para transformar seu trabalho em uma carreira internacional, descubra e desenvolva seus talentos \u00fanicos, consulte nossas vagas, inscreva-se e junte-se a n\u00f3s! &#8211;<\/p>\n<p style=\"text-align: center;\">Descubra todas as ofertas de emprego e planos de carreira atualmente dispon\u00edveis na PANCOSMA.<\/p>\n<\/div><\/section><\/p><\/div>\n<div class='av-flex-placeholder'><\/div><div class=\"flex_column av_one_third  flex_column_table_cell av-equal-height-column av-align-top   avia-builder-el-6  el_after_av_two_third  el_before_av_hr  \" style='padding:30px; background-color:#5ea62b; border-radius:0px; '><p><div  style='padding-bottom:10px; color:#ffffff;font-size:26px;' class='av-special-heading av-special-heading-h2 custom-color-heading blockquote modern-quote modern-centered  avia-builder-el-7  el_before_av_hr  avia-builder-el-first  av-inherit-size '><h2 class='av-special-heading-tag '  itemprop=\"headline\"  >Verifique todas as oportunidades de emprego dentro do GRUPO<\/h2><div class='special-heading-border'><div class='special-heading-inner-border' style='border-color:#ffffff'><\/div><\/div><\/div><br \/>\n<div  style='height:20px' class='hr hr-invisible   avia-builder-el-8  el_after_av_heading  el_before_av_button_big  avia-builder-el-last '><span class='hr-inner ' ><span class='hr-inner-style'><\/span><\/span><\/div><br \/>\n<div  class='avia-button-wrap avia-button-center  avia-builder-el-9  el_after_av_hr  avia-builder-el-last ' ><a href='https:\/\/sjobs.brassring.com\/TGnewUI\/Search\/Home\/Home?partnerid=25416&amp;siteid=5429#home' class='avia-button avia-button-fullwidth   avia-icon_select-yes-right-icon avia-color-custom ' target=\"_blank\" rel=\"noopener noreferrer\" style='color:#ffffff; background-color:#444444; '><span class='avia_iconbox_title' >INSCREVA-SE AGORA<\/span><span class='avia_button_icon avia_button_icon_right' aria-hidden='true' data-av_icon='\ue8b7' data-av_iconfont='entypo-fontello'><\/span><span class='avia_button_background avia-button avia-button-fullwidth avia-color-custom' style='background-color:#939393;'><\/span><\/a><\/div><\/p><\/div><\/div><!--close column table wrapper. Autoclose: 1 -->\n<div  style='height:50px' class='hr hr-invisible   avia-builder-el-10  el_after_av_one_third  el_before_av_one_third '><span class='hr-inner ' ><span class='hr-inner-style'><\/span><\/span><\/div>\n<div class='flex_column_table av-equal-height-column-flextable -flextable' ><div class=\"flex_column av_one_third  no_margin flex_column_table_cell av-equal-height-column av-align-top first  avia-builder-el-11  el_after_av_hr  el_before_av_one_third  \" style='background: #ffffff; padding:15px; background-color:#ffffff; border-radius:0px; '><p><div  style='height:20px' class='hr hr-invisible   avia-builder-el-12  el_before_av_textblock  avia-builder-el-first '><span class='hr-inner ' ><span class='hr-inner-style'><\/span><\/span><\/div><br \/>\n<section class=\"av_textblock_section \"  itemscope=\"itemscope\" itemtype=\"https:\/\/schema.org\/CreativeWork\" ><div class='avia_textblock  '   itemprop=\"text\" ><div class=\"jobValues ng-scope\">\n<p class=\"jobProperty position3\" style=\"text-align: center;\">\n<\/div>\n<\/div><\/section><\/p><\/div><div class=\"flex_column av_one_third  no_margin flex_column_table_cell av-equal-height-column av-align-top   avia-builder-el-14  el_after_av_one_third  el_before_av_one_third  \" style='background: #ffffff; padding:15px; background-color:#ffffff; border-radius:0px; '><p><div  style='height:20px' class='hr hr-invisible   avia-builder-el-15  el_before_av_textblock  avia-builder-el-first '><span class='hr-inner ' ><span class='hr-inner-style'><\/span><\/span><\/div><br \/>\n<section class=\"av_textblock_section \"  itemscope=\"itemscope\" itemtype=\"https:\/\/schema.org\/CreativeWork\" ><div class='avia_textblock  '   itemprop=\"text\" ><div class=\"jobValues ng-scope\">\n<p class=\"jobProperty position3\" style=\"text-align: center;\">\n<\/div>\n<\/div><\/section><\/p><\/div><div class=\"flex_column av_one_third  no_margin flex_column_table_cell av-equal-height-column av-align-top av-zero-column-padding   avia-builder-el-17  el_after_av_one_third  avia-builder-el-last  \" style='border-radius:0px; '><\/div><\/div><!--close column table wrapper. Autoclose: 1 --><\/p>\n","protected":false},"excerpt":{"rendered":"","protected":false},"author":16,"featured_media":0,"parent":0,"menu_order":0,"comment_status":"closed","ping_status":"closed","template":"","meta":{"_acf_changed":false,"footnotes":""},"class_list":["post-14936","page","type-page","status-publish","hentry"],"acf":[],"yoast_head":"<!-- This site is optimized with the Yoast SEO plugin v27.3 - https:\/\/yoast.com\/product\/yoast-seo-wordpress\/ -->\n<title>Carreira - Pancosma<\/title>\n<meta name=\"robots\" content=\"index, follow, max-snippet:-1, max-image-preview:large, max-video-preview:-1\" \/>\n<link rel=\"canonical\" href=\"https:\/\/www.pancosma.com\/pt-br\/carreira\/\" \/>\n<meta property=\"og:locale\" content=\"pt_BR\" \/>\n<meta property=\"og:type\" content=\"article\" \/>\n<meta property=\"og:title\" content=\"Carreira - Pancosma\" \/>\n<meta property=\"og:url\" content=\"https:\/\/www.pancosma.com\/pt-br\/carreira\/\" \/>\n<meta property=\"og:site_name\" content=\"Pancosma\" \/>\n<meta property=\"article:modified_time\" content=\"2021-03-12T20:43:30+00:00\" \/>\n<meta name=\"twitter:card\" content=\"summary_large_image\" \/>\n<meta name=\"twitter:label1\" content=\"Est. reading time\" \/>\n\t<meta name=\"twitter:data1\" content=\"7 minutes\" \/>\n<script type=\"application\/ld+json\" class=\"yoast-schema-graph\">{\"@context\":\"https:\\\/\\\/schema.org\",\"@graph\":[{\"@type\":\"WebPage\",\"@id\":\"https:\\\/\\\/www.pancosma.com\\\/pt-br\\\/carreira\\\/\",\"url\":\"https:\\\/\\\/www.pancosma.com\\\/pt-br\\\/carreira\\\/\",\"name\":\"Carreira - Pancosma\",\"isPartOf\":{\"@id\":\"https:\\\/\\\/www.pancosma.com\\\/#website\"},\"datePublished\":\"2020-02-28T16:05:30+00:00\",\"dateModified\":\"2021-03-12T20:43:30+00:00\",\"breadcrumb\":{\"@id\":\"https:\\\/\\\/www.pancosma.com\\\/pt-br\\\/carreira\\\/#breadcrumb\"},\"inLanguage\":\"pt-BR\",\"potentialAction\":[{\"@type\":\"ReadAction\",\"target\":[\"https:\\\/\\\/www.pancosma.com\\\/pt-br\\\/carreira\\\/\"]}]},{\"@type\":\"BreadcrumbList\",\"@id\":\"https:\\\/\\\/www.pancosma.com\\\/pt-br\\\/carreira\\\/#breadcrumb\",\"itemListElement\":[{\"@type\":\"ListItem\",\"position\":1,\"name\":\"Home\",\"item\":\"https:\\\/\\\/www.pancosma.com\\\/pt-br\\\/\"},{\"@type\":\"ListItem\",\"position\":2,\"name\":\"Carreira\"}]},{\"@type\":\"WebSite\",\"@id\":\"https:\\\/\\\/www.pancosma.com\\\/#website\",\"url\":\"https:\\\/\\\/www.pancosma.com\\\/\",\"name\":\"Pancosma\",\"description\":\"Innovative feed additives\",\"potentialAction\":[{\"@type\":\"SearchAction\",\"target\":{\"@type\":\"EntryPoint\",\"urlTemplate\":\"https:\\\/\\\/www.pancosma.com\\\/?s={search_term_string}\"},\"query-input\":{\"@type\":\"PropertyValueSpecification\",\"valueRequired\":true,\"valueName\":\"search_term_string\"}}],\"inLanguage\":\"pt-BR\"}]}<\/script>\n<!-- \/ Yoast SEO plugin. -->","yoast_head_json":{"title":"Carreira - Pancosma","robots":{"index":"index","follow":"follow","max-snippet":"max-snippet:-1","max-image-preview":"max-image-preview:large","max-video-preview":"max-video-preview:-1"},"canonical":"https:\/\/www.pancosma.com\/pt-br\/carreira\/","og_locale":"pt_BR","og_type":"article","og_title":"Carreira - Pancosma","og_url":"https:\/\/www.pancosma.com\/pt-br\/carreira\/","og_site_name":"Pancosma","article_modified_time":"2021-03-12T20:43:30+00:00","twitter_card":"summary_large_image","twitter_misc":{"Est. reading time":"7 minutes"},"schema":{"@context":"https:\/\/schema.org","@graph":[{"@type":"WebPage","@id":"https:\/\/www.pancosma.com\/pt-br\/carreira\/","url":"https:\/\/www.pancosma.com\/pt-br\/carreira\/","name":"Carreira - Pancosma","isPartOf":{"@id":"https:\/\/www.pancosma.com\/#website"},"datePublished":"2020-02-28T16:05:30+00:00","dateModified":"2021-03-12T20:43:30+00:00","breadcrumb":{"@id":"https:\/\/www.pancosma.com\/pt-br\/carreira\/#breadcrumb"},"inLanguage":"pt-BR","potentialAction":[{"@type":"ReadAction","target":["https:\/\/www.pancosma.com\/pt-br\/carreira\/"]}]},{"@type":"BreadcrumbList","@id":"https:\/\/www.pancosma.com\/pt-br\/carreira\/#breadcrumb","itemListElement":[{"@type":"ListItem","position":1,"name":"Home","item":"https:\/\/www.pancosma.com\/pt-br\/"},{"@type":"ListItem","position":2,"name":"Carreira"}]},{"@type":"WebSite","@id":"https:\/\/www.pancosma.com\/#website","url":"https:\/\/www.pancosma.com\/","name":"Pancosma","description":"Innovative feed additives","potentialAction":[{"@type":"SearchAction","target":{"@type":"EntryPoint","urlTemplate":"https:\/\/www.pancosma.com\/?s={search_term_string}"},"query-input":{"@type":"PropertyValueSpecification","valueRequired":true,"valueName":"search_term_string"}}],"inLanguage":"pt-BR"}]}},"_links":{"self":[{"href":"https:\/\/www.pancosma.com\/pt-br\/wp-json\/wp\/v2\/pages\/14936","targetHints":{"allow":["GET"]}}],"collection":[{"href":"https:\/\/www.pancosma.com\/pt-br\/wp-json\/wp\/v2\/pages"}],"about":[{"href":"https:\/\/www.pancosma.com\/pt-br\/wp-json\/wp\/v2\/types\/page"}],"author":[{"embeddable":true,"href":"https:\/\/www.pancosma.com\/pt-br\/wp-json\/wp\/v2\/users\/16"}],"replies":[{"embeddable":true,"href":"https:\/\/www.pancosma.com\/pt-br\/wp-json\/wp\/v2\/comments?post=14936"}],"version-history":[{"count":2,"href":"https:\/\/www.pancosma.com\/pt-br\/wp-json\/wp\/v2\/pages\/14936\/revisions"}],"predecessor-version":[{"id":17967,"href":"https:\/\/www.pancosma.com\/pt-br\/wp-json\/wp\/v2\/pages\/14936\/revisions\/17967"}],"wp:attachment":[{"href":"https:\/\/www.pancosma.com\/pt-br\/wp-json\/wp\/v2\/media?parent=14936"}],"curies":[{"name":"wp","href":"https:\/\/api.w.org\/{rel}","templated":true}]}}