{"id":19762,"date":"2021-10-18T21:45:26","date_gmt":"2021-10-18T19:45:26","guid":{"rendered":"https:\/\/www.pancosma.com\/?page_id=19762"},"modified":"2022-06-10T12:24:15","modified_gmt":"2022-06-10T10:24:15","slug":"palatabilizantes","status":"publish","type":"page","link":"https:\/\/www.pancosma.com\/pt-br\/palatabilizantes\/","title":{"rendered":"Palatabilizantes"},"content":{"rendered":"<div id='av_section_1'  class='avia-section main_color avia-section-default avia-no-border-styling  avia-bg-style-scroll  avia-builder-el-0  el_before_av_one_full  avia-builder-el-first   container_wrap sidebar_right' style='background-color: #5ea62b;  '  ><div class='container' ><main  role=\"main\" itemprop=\"mainContentOfPage\"  class='template-page content  av-content-small alpha units'><div class='post-entry post-entry-type-page post-entry-19762'><div class='entry-content-wrapper clearfix'>\n<div  style='padding-bottom:10px; color:#ffffff;' class='av-special-heading av-special-heading-h1 custom-color-heading blockquote modern-quote modern-centered  avia-builder-el-1  avia-builder-el-no-sibling  '><h1 class='av-special-heading-tag '  itemprop=\"headline\"  >Palatabilizantes<\/h1><div class ='av-subheading av-subheading_below av_custom_color ' style='font-size:15px;'><p>O que faz sentido na formula\u00e7\u00e3o de ra\u00e7\u00f5es para animais?<\/p>\n<\/div><div class='special-heading-border'><div class='special-heading-inner-border' style='border-color:#ffffff'><\/div><\/div><\/div>\n<\/div><\/div><\/main><!-- close content main element --><\/div><\/div><div id='after_section_1'  class='main_color av_default_container_wrap container_wrap sidebar_right' style=' '  ><div class='container' ><div class='template-page content  av-content-small alpha units'><div class='post-entry post-entry-type-page post-entry-19762'><div class='entry-content-wrapper clearfix'><div class='flex_column_table av-equal-height-column-flextable -flextable' style='margin-top:-100px; margin-bottom:0px; '><div class=\"flex_column av_one_full  no_margin flex_column_table_cell av-equal-height-column av-align-middle first  avia-builder-el-2  el_after_av_section  el_before_av_one_half  avia-builder-el-first  \" style='background: #ffffff; padding:30px; background-color:#ffffff; border-radius:0px; '><section class=\"av_textblock_section \"  itemscope=\"itemscope\" itemtype=\"https:\/\/schema.org\/CreativeWork\" ><div class='avia_textblock  '   itemprop=\"text\" ><p>Uma infinidade de pesquisas e dados levaram a Pancosma a criar uma oferta robusta de palatabilizantes, incluindo sabores e ado\u00e7antes. Estes s\u00e3o projetados para garantir uma boa capacidade de mistura e dispers\u00e3o na ra\u00e7\u00e3o animal, para produzir um efeito ideal.<\/p>\n<\/div><\/section><\/div><\/div><!--close column table wrapper. Autoclose: 1 --><\/p>\n<div class='flex_column_table av-equal-height-column-flextable -flextable' style='margin-top:-30px; margin-bottom:0px; '><div class=\"flex_column av_one_half  no_margin flex_column_table_cell av-equal-height-column av-align-middle first  avia-builder-el-4  el_after_av_one_full  el_before_av_one_half  column-top-margin\" style='background: #ffffff; padding:30px; background-color:#ffffff; border-radius:30px; '><section class=\"av_textblock_section \"  itemscope=\"itemscope\" itemtype=\"https:\/\/schema.org\/CreativeWork\" ><div class='avia_textblock  '   itemprop=\"text\" ><p><strong>Portf\u00f3lio da Pancosma de Palatabilizante<\/strong><\/p>\n<ul>\n<li>Sabores sob a marca <strong>PAN-TEK<\/strong> que induzem a estimula\u00e7\u00e3o olfativa<\/li>\n<li>Ado\u00e7antes sob a marca<strong> SUCRAM,<\/strong> combina\u00e7\u00e3o de ado\u00e7antes de alta intensidade e potencializadores de sabor<\/li>\n<li>Palatabilizantes multifuncionais sob a marca <strong>MAGNASWEET<\/strong>, combina\u00e7\u00e3o de <strong>SUCRAM<\/strong> e sabores em um produto 2 em 1<\/li>\n<\/ul>\n<\/div><\/section><\/div>\n<div class=\"flex_column av_one_half  no_margin flex_column_table_cell av-equal-height-column av-align-middle   avia-builder-el-6  el_after_av_one_half  el_before_av_one_full  column-top-margin\" style='padding:30px; background-color:#ffffff; border-radius:0px; '><div  class='avia-image-container  av-styling-    avia-builder-el-7  avia-builder-el-no-sibling  avia-align-center '  itemprop=\"image\" itemscope=\"itemscope\" itemtype=\"https:\/\/schema.org\/ImageObject\"  ><div class='avia-image-container-inner'><div class='avia-image-overlay-wrap'><img decoding=\"async\" class='wp-image-19414 avia-img-lazy-loading-not-19414 avia_image' src=\"https:\/\/www.pancosma.com\/wp-content\/uploads\/2021\/09\/pancosma-palatants.jpg\" alt='pancosma palatants' title='cow sticks his tongue into his nose' height=\"400\" width=\"495\"  itemprop=\"thumbnailUrl\" srcset=\"https:\/\/www.pancosma.com\/wp-content\/uploads\/2021\/09\/pancosma-palatants.jpg 495w, https:\/\/www.pancosma.com\/wp-content\/uploads\/2021\/09\/pancosma-palatants-300x242.jpg 300w\" sizes=\"(max-width: 495px) 100vw, 495px\" \/><\/div><\/div><\/div><\/div><\/div><!--close column table wrapper. Autoclose: 1 -->\n<div class='flex_column_table av-equal-height-column-flextable -flextable' style='margin-top:-40px; margin-bottom:0px; '><div class=\"flex_column av_one_full  no_margin flex_column_table_cell av-equal-height-column av-align-middle first  avia-builder-el-8  el_after_av_one_half  el_before_av_hr  column-top-margin\" style='background: #ffffff; padding:30px; background-color:#ffffff; border-radius:0px; '><section class=\"av_textblock_section \"  itemscope=\"itemscope\" itemtype=\"https:\/\/schema.org\/CreativeWork\" ><div class='avia_textblock  '   itemprop=\"text\" ><h3><strong>Qualidade e pesquisa por tr\u00e1s dos palatabilizantes Pancosma<\/strong><\/h3>\n<p>A Pancosma tem uma longa hist\u00f3ria de contribui\u00e7\u00e3o com solu\u00e7\u00f5es inovadoras baseadas em pesquisas para a ind\u00fastria de nutri\u00e7\u00e3o animal. Na d\u00e9cada de 1980, a Pancosma foi pioneira no segmento de ado\u00e7antes de alta intensidade e continuou a trazer para o mercado produtos pesquisados \u200b\u200be exaustivamente testados, incluindo sabores, que s\u00e3o rigorosamente revisados \u200b\u200bquanto \u00e0 seguran\u00e7a e qualidade do produto.<\/p>\n<p>Para mais informa\u00e7\u00f5es sobre os padr\u00f5es de qualidade da Pancosma <a href=\"\/?page_id=13792\" target=\"_blank\" rel=\"noopener\">e obter os certificados de qualidade acesse.<\/a><\/p>\n<h3><strong>Quando faz sentido usar palatabilizantes na formula\u00e7\u00e3o de ra\u00e7\u00f5es &#8211; os benef\u00edcios<\/strong><\/h3>\n<p><strong>Atratividade da alimenta\u00e7\u00e3o:<\/strong><\/p>\n<ul>\n<li>Melhorar a palatabilidade e a atratividade da ra\u00e7\u00e3o<\/li>\n<li>Estimular a ingest\u00e3o de ra\u00e7\u00e3o<\/li>\n<\/ul>\n<p><strong>Flexibilidade na formula\u00e7\u00e3o de ra\u00e7\u00f5es:<\/strong><\/p>\n<ul>\n<li>Mascarar sabores desagrad\u00e1veis decorrentes de ingredientes de baixa palatabilidade para ajudar a otimizar o custo da ra\u00e7\u00e3o.<\/li>\n<\/ul>\n<p>\u200b\u200b<strong>Bem-estar animal:<\/strong><\/p>\n<ul>\n<li>Estimular os sentidos animais<\/li>\n<li>Criar emo\u00e7\u00f5es e mem\u00f3rias<\/li>\n<\/ul>\n<p><strong>Marketing:<\/strong><\/p>\n<ul>\n<li>Criar um diferencial comercializ\u00e1vel para o produto e a marca da empresa.<\/li>\n<\/ul>\n<h3><strong>Artigos relacionados<\/strong><\/h3>\n<p><a href=\"https:\/\/www.pancosma.com\/pt-br\/por-que-a-palatabilidade-dos-alimentos-e-importante-na-pecuaria\/\" target=\"_blank\" rel=\"noopener\">Por que a palatabilidade dos alimentos \u00e9 importante na pecu\u00e1ria<\/a><\/p>\n<p><a href=\"https:\/\/www.pancosma.com\/pt-br\/lancamento-de-2-novos-palatabilizantes-com-sabor-de-cheesecake\/\" target=\"_blank\" rel=\"noopener\">Lan\u00e7amento de 2 novos palatabilizantes com sabor de cheesecake\u00a0<\/a><\/p>\n<\/div><\/section><\/div><\/div><!--close column table wrapper. Autoclose: 1 -->\n<div  style='height:20px' class='hr hr-invisible   avia-builder-el-10  el_after_av_one_full  avia-builder-el-last '><span class='hr-inner ' ><span class='hr-inner-style'><\/span><\/span><\/div>\n","protected":false},"excerpt":{"rendered":"","protected":false},"author":16,"featured_media":0,"parent":0,"menu_order":0,"comment_status":"closed","ping_status":"closed","template":"","meta":{"_acf_changed":false,"footnotes":""},"class_list":["post-19762","page","type-page","status-publish","hentry"],"acf":[],"yoast_head":"<!-- This site is optimized with the Yoast SEO plugin v27.3 - https:\/\/yoast.com\/product\/yoast-seo-wordpress\/ -->\n<title>Palatabilizantes - Pancosma<\/title>\n<meta name=\"description\" content=\"Uma infinidade de pesquisas e dados levaram a Pancosma a criar uma oferta robusta de palatabilizantes, incluindo sabores e ado\u00e7antes.\" \/>\n<meta name=\"robots\" content=\"index, follow, max-snippet:-1, max-image-preview:large, max-video-preview:-1\" \/>\n<link rel=\"canonical\" href=\"https:\/\/www.pancosma.com\/pt-br\/palatabilizantes\/\" \/>\n<meta property=\"og:locale\" content=\"pt_BR\" \/>\n<meta property=\"og:type\" content=\"article\" \/>\n<meta property=\"og:title\" content=\"Palatabilizantes - Pancosma\" \/>\n<meta property=\"og:description\" content=\"Uma infinidade de pesquisas e dados levaram a Pancosma a criar uma oferta robusta de palatabilizantes, incluindo sabores e ado\u00e7antes.\" \/>\n<meta property=\"og:url\" content=\"https:\/\/www.pancosma.com\/pt-br\/palatabilizantes\/\" \/>\n<meta property=\"og:site_name\" content=\"Pancosma\" \/>\n<meta property=\"article:modified_time\" content=\"2022-06-10T10:24:15+00:00\" \/>\n<meta name=\"twitter:card\" content=\"summary_large_image\" \/>\n<meta name=\"twitter:label1\" content=\"Est. reading time\" \/>\n\t<meta name=\"twitter:data1\" content=\"6 minutes\" \/>\n<script type=\"application\/ld+json\" class=\"yoast-schema-graph\">{\"@context\":\"https:\\\/\\\/schema.org\",\"@graph\":[{\"@type\":\"WebPage\",\"@id\":\"https:\\\/\\\/www.pancosma.com\\\/pt-br\\\/palatabilizantes\\\/\",\"url\":\"https:\\\/\\\/www.pancosma.com\\\/pt-br\\\/palatabilizantes\\\/\",\"name\":\"Palatabilizantes - Pancosma\",\"isPartOf\":{\"@id\":\"https:\\\/\\\/www.pancosma.com\\\/#website\"},\"datePublished\":\"2021-10-18T19:45:26+00:00\",\"dateModified\":\"2022-06-10T10:24:15+00:00\",\"description\":\"Uma infinidade de pesquisas e dados levaram a Pancosma a criar uma oferta robusta de palatabilizantes, incluindo sabores e ado\u00e7antes.\",\"breadcrumb\":{\"@id\":\"https:\\\/\\\/www.pancosma.com\\\/pt-br\\\/palatabilizantes\\\/#breadcrumb\"},\"inLanguage\":\"pt-BR\",\"potentialAction\":[{\"@type\":\"ReadAction\",\"target\":[\"https:\\\/\\\/www.pancosma.com\\\/pt-br\\\/palatabilizantes\\\/\"]}]},{\"@type\":\"BreadcrumbList\",\"@id\":\"https:\\\/\\\/www.pancosma.com\\\/pt-br\\\/palatabilizantes\\\/#breadcrumb\",\"itemListElement\":[{\"@type\":\"ListItem\",\"position\":1,\"name\":\"Home\",\"item\":\"https:\\\/\\\/www.pancosma.com\\\/pt-br\\\/\"},{\"@type\":\"ListItem\",\"position\":2,\"name\":\"Palatabilizantes\"}]},{\"@type\":\"WebSite\",\"@id\":\"https:\\\/\\\/www.pancosma.com\\\/#website\",\"url\":\"https:\\\/\\\/www.pancosma.com\\\/\",\"name\":\"Pancosma\",\"description\":\"Innovative feed additives\",\"potentialAction\":[{\"@type\":\"SearchAction\",\"target\":{\"@type\":\"EntryPoint\",\"urlTemplate\":\"https:\\\/\\\/www.pancosma.com\\\/?s={search_term_string}\"},\"query-input\":{\"@type\":\"PropertyValueSpecification\",\"valueRequired\":true,\"valueName\":\"search_term_string\"}}],\"inLanguage\":\"pt-BR\"}]}<\/script>\n<!-- \/ Yoast SEO plugin. -->","yoast_head_json":{"title":"Palatabilizantes - Pancosma","description":"Uma infinidade de pesquisas e dados levaram a Pancosma a criar uma oferta robusta de palatabilizantes, incluindo sabores e ado\u00e7antes.","robots":{"index":"index","follow":"follow","max-snippet":"max-snippet:-1","max-image-preview":"max-image-preview:large","max-video-preview":"max-video-preview:-1"},"canonical":"https:\/\/www.pancosma.com\/pt-br\/palatabilizantes\/","og_locale":"pt_BR","og_type":"article","og_title":"Palatabilizantes - Pancosma","og_description":"Uma infinidade de pesquisas e dados levaram a Pancosma a criar uma oferta robusta de palatabilizantes, incluindo sabores e ado\u00e7antes.","og_url":"https:\/\/www.pancosma.com\/pt-br\/palatabilizantes\/","og_site_name":"Pancosma","article_modified_time":"2022-06-10T10:24:15+00:00","twitter_card":"summary_large_image","twitter_misc":{"Est. reading time":"6 minutes"},"schema":{"@context":"https:\/\/schema.org","@graph":[{"@type":"WebPage","@id":"https:\/\/www.pancosma.com\/pt-br\/palatabilizantes\/","url":"https:\/\/www.pancosma.com\/pt-br\/palatabilizantes\/","name":"Palatabilizantes - Pancosma","isPartOf":{"@id":"https:\/\/www.pancosma.com\/#website"},"datePublished":"2021-10-18T19:45:26+00:00","dateModified":"2022-06-10T10:24:15+00:00","description":"Uma infinidade de pesquisas e dados levaram a Pancosma a criar uma oferta robusta de palatabilizantes, incluindo sabores e ado\u00e7antes.","breadcrumb":{"@id":"https:\/\/www.pancosma.com\/pt-br\/palatabilizantes\/#breadcrumb"},"inLanguage":"pt-BR","potentialAction":[{"@type":"ReadAction","target":["https:\/\/www.pancosma.com\/pt-br\/palatabilizantes\/"]}]},{"@type":"BreadcrumbList","@id":"https:\/\/www.pancosma.com\/pt-br\/palatabilizantes\/#breadcrumb","itemListElement":[{"@type":"ListItem","position":1,"name":"Home","item":"https:\/\/www.pancosma.com\/pt-br\/"},{"@type":"ListItem","position":2,"name":"Palatabilizantes"}]},{"@type":"WebSite","@id":"https:\/\/www.pancosma.com\/#website","url":"https:\/\/www.pancosma.com\/","name":"Pancosma","description":"Innovative feed additives","potentialAction":[{"@type":"SearchAction","target":{"@type":"EntryPoint","urlTemplate":"https:\/\/www.pancosma.com\/?s={search_term_string}"},"query-input":{"@type":"PropertyValueSpecification","valueRequired":true,"valueName":"search_term_string"}}],"inLanguage":"pt-BR"}]}},"_links":{"self":[{"href":"https:\/\/www.pancosma.com\/pt-br\/wp-json\/wp\/v2\/pages\/19762","targetHints":{"allow":["GET"]}}],"collection":[{"href":"https:\/\/www.pancosma.com\/pt-br\/wp-json\/wp\/v2\/pages"}],"about":[{"href":"https:\/\/www.pancosma.com\/pt-br\/wp-json\/wp\/v2\/types\/page"}],"author":[{"embeddable":true,"href":"https:\/\/www.pancosma.com\/pt-br\/wp-json\/wp\/v2\/users\/16"}],"replies":[{"embeddable":true,"href":"https:\/\/www.pancosma.com\/pt-br\/wp-json\/wp\/v2\/comments?post=19762"}],"version-history":[{"count":5,"href":"https:\/\/www.pancosma.com\/pt-br\/wp-json\/wp\/v2\/pages\/19762\/revisions"}],"predecessor-version":[{"id":21762,"href":"https:\/\/www.pancosma.com\/pt-br\/wp-json\/wp\/v2\/pages\/19762\/revisions\/21762"}],"wp:attachment":[{"href":"https:\/\/www.pancosma.com\/pt-br\/wp-json\/wp\/v2\/media?parent=19762"}],"curies":[{"name":"wp","href":"https:\/\/api.w.org\/{rel}","templated":true}]}}