{"id":19765,"date":"2021-10-18T21:40:33","date_gmt":"2021-10-18T19:40:33","guid":{"rendered":"https:\/\/www.pancosma.com\/?page_id=19765"},"modified":"2022-06-10T12:17:17","modified_gmt":"2022-06-10T10:17:17","slug":"acidos-organicos","status":"publish","type":"page","link":"https:\/\/www.pancosma.com\/pt-br\/acidos-organicos\/","title":{"rendered":"\u00c1cidos Org\u00e2nicos"},"content":{"rendered":"<div id='av_section_1'  class='avia-section main_color avia-section-default avia-no-border-styling  avia-bg-style-scroll  avia-builder-el-0  el_before_av_one_full  avia-builder-el-first   container_wrap sidebar_right' style='background-color: #5ea62b;  '  ><div class='container' ><main  role=\"main\" itemprop=\"mainContentOfPage\"  class='template-page content  av-content-small alpha units'><div class='post-entry post-entry-type-page post-entry-19765'><div class='entry-content-wrapper clearfix'>\n<div  style='padding-bottom:10px; color:#ffffff;' class='av-special-heading av-special-heading-h1 custom-color-heading blockquote modern-quote modern-centered  avia-builder-el-1  avia-builder-el-no-sibling  '><h1 class='av-special-heading-tag '  itemprop=\"headline\"  >\u00c1cidos Org\u00e2nicos<\/h1><div class ='av-subheading av-subheading_below av_custom_color ' style='font-size:15px;'><p>Aproveite ao m\u00e1ximo os \u00e1cidos org\u00e2nicos<\/p>\n<\/div><div class='special-heading-border'><div class='special-heading-inner-border' style='border-color:#ffffff'><\/div><\/div><\/div>\n<\/div><\/div><\/main><!-- close content main element --><\/div><\/div><div id='after_section_1'  class='main_color av_default_container_wrap container_wrap sidebar_right' style=' '  ><div class='container' ><div class='template-page content  av-content-small alpha units'><div class='post-entry post-entry-type-page post-entry-19765'><div class='entry-content-wrapper clearfix'><div class='flex_column_table av-equal-height-column-flextable -flextable' style='margin-top:-100px; margin-bottom:0px; '><div class=\"flex_column av_one_full  no_margin flex_column_table_cell av-equal-height-column av-align-middle first  avia-builder-el-2  el_after_av_section  el_before_av_one_half  avia-builder-el-first  \" style='background: #ffffff; padding:30px; background-color:#ffffff; border-radius:0px; '><section class=\"av_textblock_section \"  itemscope=\"itemscope\" itemtype=\"https:\/\/schema.org\/CreativeWork\" ><div class='avia_textblock  '   itemprop=\"text\" ><p>A Pancosma fornece uma gama de produtos com \u00e1cidos org\u00e2nicos para m\u00faltiplas finalidades em f\u00e1bricas de ra\u00e7\u00f5es, f\u00e1bricas de pr\u00e9-mistura e em produ\u00e7\u00e3o de animais. Nossa linha de produtos de \u00e1cidos org\u00e2nicos inclui 5 objetivos diferentes.<\/p>\n<\/div><\/section><\/div><\/div><!--close column table wrapper. Autoclose: 1 --><\/p>\n<div class='flex_column_table av-equal-height-column-flextable -flextable' style='margin-top:-30px; margin-bottom:0px; '><div class=\"flex_column av_one_half  no_margin flex_column_table_cell av-equal-height-column av-align-middle first  avia-builder-el-4  el_after_av_one_full  el_before_av_one_half  column-top-margin\" style='background: #ffffff; padding:30px; background-color:#ffffff; border-radius:30px; '><section class=\"av_textblock_section \"  itemscope=\"itemscope\" itemtype=\"https:\/\/schema.org\/CreativeWork\" ><div class='avia_textblock  '   itemprop=\"text\" ><h3><strong>As solu\u00e7\u00f5es do portf\u00f3lio de \u00e1cidos org\u00e2nicos da Pancosma t\u00eam como objetivo:<\/strong><\/h3>\n<ul>\n<li>Controle Microbiol\u00f3gico<\/li>\n<li>Conserva\u00e7\u00e3o<\/li>\n<li>Produ\u00e7\u00e3o Animal<\/li>\n<li>Acidifica\u00e7\u00e3o<\/li>\n<li>\u00c1gua de Bebida<\/li>\n<\/ul>\n<\/div><\/section><\/div>\n<div class=\"flex_column av_one_half  no_margin flex_column_table_cell av-equal-height-column av-align-middle   avia-builder-el-6  el_after_av_one_half  el_before_av_one_full  column-top-margin\" style='padding:30px; background-color:#ffffff; border-radius:0px; '><div  class='avia-image-container  av-styling-    avia-builder-el-7  avia-builder-el-no-sibling  avia-align-center '  itemprop=\"image\" itemscope=\"itemscope\" itemtype=\"https:\/\/schema.org\/ImageObject\"  ><div class='avia-image-container-inner'><div class='avia-image-overlay-wrap'><img decoding=\"async\" class='wp-image-19429 avia-img-lazy-loading-not-19429 avia_image' src=\"https:\/\/www.pancosma.com\/wp-content\/uploads\/2021\/09\/Pancosma-organic-acids.jpg\" alt='pancosma organic acids' title='small group of chickens eating corn and grain in a chick farm' height=\"400\" width=\"495\"  itemprop=\"thumbnailUrl\" srcset=\"https:\/\/www.pancosma.com\/wp-content\/uploads\/2021\/09\/Pancosma-organic-acids.jpg 495w, https:\/\/www.pancosma.com\/wp-content\/uploads\/2021\/09\/Pancosma-organic-acids-300x242.jpg 300w\" sizes=\"(max-width: 495px) 100vw, 495px\" \/><\/div><\/div><\/div><\/div><\/div><!--close column table wrapper. Autoclose: 1 -->\n<div class='flex_column_table av-equal-height-column-flextable -flextable' style='margin-top:-40px; margin-bottom:0px; '><div class=\"flex_column av_one_full  no_margin flex_column_table_cell av-equal-height-column av-align-middle first  avia-builder-el-8  el_after_av_one_half  el_before_av_hr  column-top-margin\" style='background: #ffffff; padding:30px; background-color:#ffffff; border-radius:0px; '><section class=\"av_textblock_section \"  itemscope=\"itemscope\" itemtype=\"https:\/\/schema.org\/CreativeWork\" ><div class='avia_textblock  '   itemprop=\"text\" ><p>Tamb\u00e9m fornecemos solu\u00e7\u00f5es personalizadas de marca pr\u00f3pria com base em nosso <em>know-how<\/em> em tecnologia de produto.<\/p>\n<h3><strong>Qualidade e pesquisa por tr\u00e1s dos \u00e1cidos org\u00e2nicos da Pancosma<\/strong><\/h3>\n<p>A Pancosma produz <em>blends<\/em> de \u00e1cidos org\u00e2nicos que fornecem solu\u00e7\u00f5es inovadoras para os desafios que a produ\u00e7\u00e3o animal enfrenta hoje. O bem-estar animal e a seguran\u00e7a dos alimentos continuam sendo nosso objetivo principal. A alta flexibilidade \u00e9 a for\u00e7a da linha dos \u00e1cidos org\u00e2nicos. N\u00f3s trabalhamos continuamente para otimizar nossos processos de produ\u00e7\u00e3o para garantir a qualidade e a rastreabilidade.<\/p>\n<p>Pesquisamos em profundidade as mol\u00e9culas ativas que usamos em nossos produtos, para desenvolver solu\u00e7\u00f5es que v\u00e3o al\u00e9m das aplica\u00e7\u00f5es comuns e convencionais.<\/p>\n<h3>Perguntas frequentes<\/h3>\n<p><em>Voc\u00ea produz apenas solu\u00e7\u00f5es em p\u00f3 ou tamb\u00e9m oferece acidificantes l\u00edquidos?<\/em><\/p>\n<p>Ambas as op\u00e7\u00f5es est\u00e3o dispon\u00edveis, dependendo dos requisitos e condi\u00e7\u00f5es da aplica\u00e7\u00e3o.<\/p>\n<p><em>Qual \u00e9 a principal fonte de \u00e1cidos graxos de seus produtos de cadeia m\u00e9dia?<\/em><\/p>\n<p>Eles s\u00e3o derivados principalmente de \u00f3leo de coco e de palma.<\/p>\n<p><em>Qual \u00e9 o \u00e1cido org\u00e2nico mais popular da Pancosma<\/em>?<\/p>\n<p>Uma vez que a preserva\u00e7\u00e3o e o controle microbiol\u00f3gico da ra\u00e7\u00e3o animal e das mat\u00e9rias-primas s\u00e3o fundamentais para a sua qualidade. O uso de \u00e1cidos org\u00e2nicos especiais, como \u00e1cidos graxos de cadeia m\u00e9dia e \u00e1cidos org\u00e2nicos esterificados, est\u00e3o recebendo crescente aten\u00e7\u00e3o. Nossos produtos da linha DaaFit cont\u00eam \u00e1cidos graxos de cadeia m\u00e9dia, bem como uma combina\u00e7\u00e3o de \u00e1cidos graxos de cadeia curta.<\/p>\n<p><em>Posso aplicar \u00e1cidos org\u00e2nicos da Pancosma em sistemas de \u00e1gua de bebida para animais de produ\u00e7\u00e3o?<\/em><\/p>\n<p>Nossos produtos Premium pH** e Premium H2O** foram desenvolvidos especificamente para a aplica\u00e7\u00e3o no sistema de \u00e1gua de bebida.<\/p>\n<p><em>H\u00e1 solu\u00e7\u00f5es de \u00e1cidos org\u00e2nicos sob medida para desafios espec\u00edficos?<\/em><\/p>\n<p>Sim, temos a capacidade de adaptar acidificantes \u00e0s necessidades espec\u00edficas de nossos clientes.<\/p>\n<p><em>Voc\u00ea tem \u00e1cidos org\u00e2nicos adequados para a aquicultura?<\/em><\/p>\n<p>Sim, nossos produtos s\u00e3o todos aplic\u00e1veis \u00e0 aquicultura. Foram realizados v\u00e1rios testes para investigar o impacto dos produtos DaaFit no bem-estar de peixes e camar\u00f5es, os quais mostraram uma resposta positiva.<\/p>\n<p>Se voc\u00ea tiver mais perguntas, n\u00e3o hesite em CONTATAR NOSSA EQUIPE T\u00c9CNICA<\/p>\n<p>* <em>Nem todos os produtos est\u00e3o dispon\u00edveis em todas as regi\u00f5es. Pancosma, uma marca da ADM, n\u00e3o oferece nenhuma representa\u00e7\u00e3o ou garantia, expressa ou impl\u00edcita, quanto \u00e0 confiabilidade ou integridade das informa\u00e7\u00f5es. Os usos e reivindica\u00e7\u00f5es devem ser adaptados para atender localmente \/ regulat\u00f3rio regional. Esta informa\u00e7\u00e3o n\u00e3o implica nenhuma recomenda\u00e7\u00e3o expressa para a cura, mitiga\u00e7\u00e3o, tratamento ou preven\u00e7\u00e3o de doen\u00e7as.<\/em><\/p>\n<h3><strong>Artigos relevantes<\/strong><\/h3>\n<p><a href=\"https:\/\/www.pancosma.com\/pt-br\/acidos-organicos-novidades-nas-categorias-de-produtos-pancosma\/\" target=\"_blank\" rel=\"noopener\">\u00c1cidos org\u00e2nicos &#8211; novidades nas categorias de produtos Pancosma<\/a><\/p>\n<\/div><\/section><\/div><\/div><!--close column table wrapper. Autoclose: 1 --><div  style='height:20px' class='hr hr-invisible   avia-builder-el-10  el_after_av_one_full  avia-builder-el-last '><span class='hr-inner ' ><span class='hr-inner-style'><\/span><\/span><\/div><\/p>\n","protected":false},"excerpt":{"rendered":"","protected":false},"author":16,"featured_media":0,"parent":0,"menu_order":0,"comment_status":"closed","ping_status":"closed","template":"","meta":{"_acf_changed":false,"footnotes":""},"class_list":["post-19765","page","type-page","status-publish","hentry"],"acf":[],"yoast_head":"<!-- This site is optimized with the Yoast SEO plugin v27.3 - https:\/\/yoast.com\/product\/yoast-seo-wordpress\/ -->\n<title>\u00c1cidos Org\u00e2nicos - Pancosma<\/title>\n<meta name=\"description\" content=\"A Pancosma fornece uma gama de produtos com \u00e1cidos org\u00e2nicos para m\u00faltiplas finalidades em f\u00e1bricas de ra\u00e7\u00f5es, f\u00e1bricas de pr\u00e9-mistura e em produ\u00e7\u00e3o de animais.\" \/>\n<meta name=\"robots\" content=\"index, follow, max-snippet:-1, max-image-preview:large, max-video-preview:-1\" \/>\n<link rel=\"canonical\" href=\"https:\/\/www.pancosma.com\/pt-br\/acidos-organicos\/\" \/>\n<meta property=\"og:locale\" content=\"pt_BR\" \/>\n<meta property=\"og:type\" content=\"article\" \/>\n<meta property=\"og:title\" content=\"\u00c1cidos Org\u00e2nicos - Pancosma\" \/>\n<meta property=\"og:description\" content=\"A Pancosma fornece uma gama de produtos com \u00e1cidos org\u00e2nicos para m\u00faltiplas finalidades em f\u00e1bricas de ra\u00e7\u00f5es, f\u00e1bricas de pr\u00e9-mistura e em produ\u00e7\u00e3o de animais.\" \/>\n<meta property=\"og:url\" content=\"https:\/\/www.pancosma.com\/pt-br\/acidos-organicos\/\" \/>\n<meta property=\"og:site_name\" content=\"Pancosma\" \/>\n<meta property=\"article:modified_time\" content=\"2022-06-10T10:17:17+00:00\" \/>\n<meta name=\"twitter:card\" content=\"summary_large_image\" \/>\n<meta name=\"twitter:label1\" content=\"Est. reading time\" \/>\n\t<meta name=\"twitter:data1\" content=\"7 minutes\" \/>\n<script type=\"application\/ld+json\" class=\"yoast-schema-graph\">{\"@context\":\"https:\\\/\\\/schema.org\",\"@graph\":[{\"@type\":\"WebPage\",\"@id\":\"https:\\\/\\\/www.pancosma.com\\\/pt-br\\\/acidos-organicos\\\/\",\"url\":\"https:\\\/\\\/www.pancosma.com\\\/pt-br\\\/acidos-organicos\\\/\",\"name\":\"\u00c1cidos Org\u00e2nicos - Pancosma\",\"isPartOf\":{\"@id\":\"https:\\\/\\\/www.pancosma.com\\\/#website\"},\"datePublished\":\"2021-10-18T19:40:33+00:00\",\"dateModified\":\"2022-06-10T10:17:17+00:00\",\"description\":\"A Pancosma fornece uma gama de produtos com \u00e1cidos org\u00e2nicos para m\u00faltiplas finalidades em f\u00e1bricas de ra\u00e7\u00f5es, f\u00e1bricas de pr\u00e9-mistura e em produ\u00e7\u00e3o de animais.\",\"breadcrumb\":{\"@id\":\"https:\\\/\\\/www.pancosma.com\\\/pt-br\\\/acidos-organicos\\\/#breadcrumb\"},\"inLanguage\":\"pt-BR\",\"potentialAction\":[{\"@type\":\"ReadAction\",\"target\":[\"https:\\\/\\\/www.pancosma.com\\\/pt-br\\\/acidos-organicos\\\/\"]}]},{\"@type\":\"BreadcrumbList\",\"@id\":\"https:\\\/\\\/www.pancosma.com\\\/pt-br\\\/acidos-organicos\\\/#breadcrumb\",\"itemListElement\":[{\"@type\":\"ListItem\",\"position\":1,\"name\":\"Home\",\"item\":\"https:\\\/\\\/www.pancosma.com\\\/pt-br\\\/\"},{\"@type\":\"ListItem\",\"position\":2,\"name\":\"\u00c1cidos Org\u00e2nicos\"}]},{\"@type\":\"WebSite\",\"@id\":\"https:\\\/\\\/www.pancosma.com\\\/#website\",\"url\":\"https:\\\/\\\/www.pancosma.com\\\/\",\"name\":\"Pancosma\",\"description\":\"Innovative feed additives\",\"potentialAction\":[{\"@type\":\"SearchAction\",\"target\":{\"@type\":\"EntryPoint\",\"urlTemplate\":\"https:\\\/\\\/www.pancosma.com\\\/?s={search_term_string}\"},\"query-input\":{\"@type\":\"PropertyValueSpecification\",\"valueRequired\":true,\"valueName\":\"search_term_string\"}}],\"inLanguage\":\"pt-BR\"}]}<\/script>\n<!-- \/ Yoast SEO plugin. -->","yoast_head_json":{"title":"\u00c1cidos Org\u00e2nicos - Pancosma","description":"A Pancosma fornece uma gama de produtos com \u00e1cidos org\u00e2nicos para m\u00faltiplas finalidades em f\u00e1bricas de ra\u00e7\u00f5es, f\u00e1bricas de pr\u00e9-mistura e em produ\u00e7\u00e3o de animais.","robots":{"index":"index","follow":"follow","max-snippet":"max-snippet:-1","max-image-preview":"max-image-preview:large","max-video-preview":"max-video-preview:-1"},"canonical":"https:\/\/www.pancosma.com\/pt-br\/acidos-organicos\/","og_locale":"pt_BR","og_type":"article","og_title":"\u00c1cidos Org\u00e2nicos - Pancosma","og_description":"A Pancosma fornece uma gama de produtos com \u00e1cidos org\u00e2nicos para m\u00faltiplas finalidades em f\u00e1bricas de ra\u00e7\u00f5es, f\u00e1bricas de pr\u00e9-mistura e em produ\u00e7\u00e3o de animais.","og_url":"https:\/\/www.pancosma.com\/pt-br\/acidos-organicos\/","og_site_name":"Pancosma","article_modified_time":"2022-06-10T10:17:17+00:00","twitter_card":"summary_large_image","twitter_misc":{"Est. reading time":"7 minutes"},"schema":{"@context":"https:\/\/schema.org","@graph":[{"@type":"WebPage","@id":"https:\/\/www.pancosma.com\/pt-br\/acidos-organicos\/","url":"https:\/\/www.pancosma.com\/pt-br\/acidos-organicos\/","name":"\u00c1cidos Org\u00e2nicos - Pancosma","isPartOf":{"@id":"https:\/\/www.pancosma.com\/#website"},"datePublished":"2021-10-18T19:40:33+00:00","dateModified":"2022-06-10T10:17:17+00:00","description":"A Pancosma fornece uma gama de produtos com \u00e1cidos org\u00e2nicos para m\u00faltiplas finalidades em f\u00e1bricas de ra\u00e7\u00f5es, f\u00e1bricas de pr\u00e9-mistura e em produ\u00e7\u00e3o de animais.","breadcrumb":{"@id":"https:\/\/www.pancosma.com\/pt-br\/acidos-organicos\/#breadcrumb"},"inLanguage":"pt-BR","potentialAction":[{"@type":"ReadAction","target":["https:\/\/www.pancosma.com\/pt-br\/acidos-organicos\/"]}]},{"@type":"BreadcrumbList","@id":"https:\/\/www.pancosma.com\/pt-br\/acidos-organicos\/#breadcrumb","itemListElement":[{"@type":"ListItem","position":1,"name":"Home","item":"https:\/\/www.pancosma.com\/pt-br\/"},{"@type":"ListItem","position":2,"name":"\u00c1cidos Org\u00e2nicos"}]},{"@type":"WebSite","@id":"https:\/\/www.pancosma.com\/#website","url":"https:\/\/www.pancosma.com\/","name":"Pancosma","description":"Innovative feed additives","potentialAction":[{"@type":"SearchAction","target":{"@type":"EntryPoint","urlTemplate":"https:\/\/www.pancosma.com\/?s={search_term_string}"},"query-input":{"@type":"PropertyValueSpecification","valueRequired":true,"valueName":"search_term_string"}}],"inLanguage":"pt-BR"}]}},"_links":{"self":[{"href":"https:\/\/www.pancosma.com\/pt-br\/wp-json\/wp\/v2\/pages\/19765","targetHints":{"allow":["GET"]}}],"collection":[{"href":"https:\/\/www.pancosma.com\/pt-br\/wp-json\/wp\/v2\/pages"}],"about":[{"href":"https:\/\/www.pancosma.com\/pt-br\/wp-json\/wp\/v2\/types\/page"}],"author":[{"embeddable":true,"href":"https:\/\/www.pancosma.com\/pt-br\/wp-json\/wp\/v2\/users\/16"}],"replies":[{"embeddable":true,"href":"https:\/\/www.pancosma.com\/pt-br\/wp-json\/wp\/v2\/comments?post=19765"}],"version-history":[{"count":5,"href":"https:\/\/www.pancosma.com\/pt-br\/wp-json\/wp\/v2\/pages\/19765\/revisions"}],"predecessor-version":[{"id":21758,"href":"https:\/\/www.pancosma.com\/pt-br\/wp-json\/wp\/v2\/pages\/19765\/revisions\/21758"}],"wp:attachment":[{"href":"https:\/\/www.pancosma.com\/pt-br\/wp-json\/wp\/v2\/media?parent=19765"}],"curies":[{"name":"wp","href":"https:\/\/api.w.org\/{rel}","templated":true}]}}