{"id":19776,"date":"2021-10-18T21:43:15","date_gmt":"2021-10-18T19:43:15","guid":{"rendered":"https:\/\/www.pancosma.com\/?page_id=19776"},"modified":"2021-10-24T21:40:44","modified_gmt":"2021-10-24T19:40:44","slug":"bioativos","status":"publish","type":"page","link":"https:\/\/www.pancosma.com\/pt-br\/bioativos\/","title":{"rendered":"Bioativos"},"content":{"rendered":"<div id='av_section_1'  class='avia-section main_color avia-section-default avia-no-border-styling  avia-bg-style-scroll  avia-builder-el-0  el_before_av_one_full  avia-builder-el-first   container_wrap sidebar_right' style='background-color: #5ea62b;  '  ><div class='container' ><main  role=\"main\" itemprop=\"mainContentOfPage\"  class='template-page content  av-content-small alpha units'><div class='post-entry post-entry-type-page post-entry-19776'><div class='entry-content-wrapper clearfix'>\n<div  style='padding-bottom:10px; color:#ffffff;' class='av-special-heading av-special-heading-h1 custom-color-heading blockquote modern-quote modern-centered  avia-builder-el-1  avia-builder-el-no-sibling  '><h1 class='av-special-heading-tag '  itemprop=\"headline\"  >Bioativos<\/h1><div class ='av-subheading av-subheading_below av_custom_color ' style='font-size:15px;'><p>Naturalmente eficientes na nutri\u00e7\u00e3o animal<\/p>\n<\/div><div class='special-heading-border'><div class='special-heading-inner-border' style='border-color:#ffffff'><\/div><\/div><\/div>\n<\/div><\/div><\/main><!-- close content main element --><\/div><\/div><div id='after_section_1'  class='main_color av_default_container_wrap container_wrap sidebar_right' style=' '  ><div class='container' ><div class='template-page content  av-content-small alpha units'><div class='post-entry post-entry-type-page post-entry-19776'><div class='entry-content-wrapper clearfix'><div class='flex_column_table av-equal-height-column-flextable -flextable' style='margin-top:-100px; margin-bottom:0px; '><div class=\"flex_column av_one_full  no_margin flex_column_table_cell av-equal-height-column av-align-middle first  avia-builder-el-2  el_after_av_section  el_before_av_one_half  avia-builder-el-first  \" style='background: #ffffff; padding:30px; background-color:#ffffff; border-radius:0px; '><section class=\"av_textblock_section \"  itemscope=\"itemscope\" itemtype=\"https:\/\/schema.org\/CreativeWork\" ><div class='avia_textblock  '   itemprop=\"text\" ><p>Como l\u00edder mundial e pioneira no uso de extratos vegetais para ra\u00e7\u00e3o animal, a Pancosma desenvolveu produtos baseados em combina\u00e7\u00f5es microencapsuladas padronizadas de subst\u00e2ncias ativas naturais de plantas arom\u00e1ticas e especiarias.<\/p>\n<\/div><\/section><\/div><\/div><!--close column table wrapper. Autoclose: 1 --><\/p>\n<div class='flex_column_table av-equal-height-column-flextable -flextable' style='margin-top:-30px; margin-bottom:0px; '><div class=\"flex_column av_one_half  no_margin flex_column_table_cell av-equal-height-column av-align-middle first  avia-builder-el-4  el_after_av_one_full  el_before_av_one_half  column-top-margin\" style='background: #ffffff; padding:30px; background-color:#ffffff; border-radius:30px; '><section class=\"av_textblock_section \"  itemscope=\"itemscope\" itemtype=\"https:\/\/schema.org\/CreativeWork\" ><div class='avia_textblock  '   itemprop=\"text\" ><h3><strong>Portf\u00f3lio de bioativos da Pancosma<\/strong><\/h3>\n<ul>\n<li>A linha de produtos <strong>XTRACT<\/strong> \u00e9 baseada em combina\u00e7\u00f5es microencapsuladas padronizadas de subst\u00e2ncias ativas naturais de plantas arom\u00e1ticas e especiarias.<\/li>\n<\/ul>\n<ul>\n<li><strong>NEX (Nexulin) <\/strong>\u00a0\u00e9 uma nova linha de produtos de aditivos para ra\u00e7\u00f5es com base em uma \u00fanica mol\u00e9cula cuidadosamente selecionada. A mol\u00e9cula ativa tem como alvo um modo de a\u00e7\u00e3o preciso para compensar uma defici\u00eancia identificada no metabolismo animal, espec\u00edfica para uma determinada fase do est\u00e1gio de desenvolvimento.<\/li>\n<\/ul>\n<\/div><\/section><\/div><div class=\"flex_column av_one_half  no_margin flex_column_table_cell av-equal-height-column av-align-middle   avia-builder-el-6  el_after_av_one_half  el_before_av_one_full  column-top-margin\" style='padding:30px; background-color:#ffffff; border-radius:0px; '><div  class='avia-image-container  av-styling-    avia-builder-el-7  avia-builder-el-no-sibling  avia-align-center '  itemprop=\"image\" itemscope=\"itemscope\" itemtype=\"https:\/\/schema.org\/ImageObject\"  ><div class='avia-image-container-inner'><div class='avia-image-overlay-wrap'><img decoding=\"async\" class='wp-image-19513 avia-img-lazy-loading-not-19513 avia_image' src=\"https:\/\/www.pancosma.com\/wp-content\/uploads\/2021\/10\/Phytogenic-bioactives_495x400-002.jpg\" alt='phytogenic bioactives' title='Variety of spices on kitchen table' height=\"400\" width=\"495\"  itemprop=\"thumbnailUrl\" srcset=\"https:\/\/www.pancosma.com\/wp-content\/uploads\/2021\/10\/Phytogenic-bioactives_495x400-002.jpg 495w, https:\/\/www.pancosma.com\/wp-content\/uploads\/2021\/10\/Phytogenic-bioactives_495x400-002-300x242.jpg 300w\" sizes=\"(max-width: 495px) 100vw, 495px\" \/><\/div><\/div><\/div><\/div><\/div><!--close column table wrapper. Autoclose: 1 --><\/p>\n<div class='flex_column_table av-equal-height-column-flextable -flextable' style='margin-top:-40px; margin-bottom:0px; '><div class=\"flex_column av_one_full  no_margin flex_column_table_cell av-equal-height-column av-align-middle first  avia-builder-el-8  el_after_av_one_half  el_before_av_hr  column-top-margin\" style='background: #ffffff; padding:30px; background-color:#ffffff; border-radius:0px; '><section class=\"av_textblock_section \"  itemscope=\"itemscope\" itemtype=\"https:\/\/schema.org\/CreativeWork\" ><div class='avia_textblock  '   itemprop=\"text\" ><h3><strong>Qualidade e pesquisa por tr\u00e1s dos bioativos da Pancosma<\/strong><\/h3>\n<p>Nossos produtos fitog\u00eanicos resultam de um ambicioso programa cient\u00edfico de 20 anos de desenvolvimento e execu\u00e7\u00e3o em colabora\u00e7\u00e3o com universidades e centros de pesquisa em todo o mundo. A base desta linha de produtos \u00e9 o conhecimento espec\u00edfico sobre fito-mol\u00e9culas e seus efeitos prim\u00e1rios.<\/p>\n<p>A Pancosma foi pioneira em obter o registro aprovado pela UE (Uni\u00e3o Europ\u00e9ia) de um aditivo zoot\u00e9cnico natural (XTRACT) para ra\u00e7\u00f5es, aplicado na produ\u00e7\u00e3o de frangos de corte.<\/p>\n<p>Os bioativos da Pancosma s\u00e3o microencapsulados, o que garante:<\/p>\n<ul>\n<li>prote\u00e7\u00e3o dos bioativos levando a uma \u00f3tima estabilidade e manuseio do aditivo alimentar.<\/li>\n<li>uma propor\u00e7\u00e3o igual de bioativos em cada micropart\u00edcula<\/li>\n<li>um tamanho de part\u00edcula homog\u00eaneo para fluidez ideal<\/li>\n<li>uma resposta consistente em testes com animais<\/li>\n<\/ul>\n<h3><strong>O que esperar de nosso portf\u00f3lio de bioativos <\/strong><\/h3>\n<p>Com base em uma compreens\u00e3o clara das preocupa\u00e7\u00f5es e necessidades do cliente, esta linha de produtos oferece:<\/p>\n<ul>\n<li>solu\u00e7\u00f5es inovadoras e econ\u00f4micas para todos os tipos de animais de produ\u00e7\u00e3o<\/li>\n<li>solu\u00e7\u00f5es para mercados mundiais<\/li>\n<li>apoio sustent\u00e1vel para atender \u00e0s necessidades da produ\u00e7\u00e3o animal<\/li>\n<li>suporte para otimizar o desempenho animal em programas tradicionais, mas tamb\u00e9m em programas livres de antibi\u00f3ticos<\/li>\n<\/ul>\n<\/div><\/section><\/div><\/div><!--close column table wrapper. Autoclose: 1 -->\n<div  style='height:20px' class='hr hr-invisible   avia-builder-el-10  el_after_av_one_full  avia-builder-el-last '><span class='hr-inner ' ><span class='hr-inner-style'><\/span><\/span><\/div>\n","protected":false},"excerpt":{"rendered":"","protected":false},"author":16,"featured_media":0,"parent":0,"menu_order":0,"comment_status":"closed","ping_status":"closed","template":"","meta":{"_acf_changed":false,"footnotes":""},"class_list":["post-19776","page","type-page","status-publish","hentry"],"acf":[],"yoast_head":"<!-- This site is optimized with the Yoast SEO plugin v27.3 - https:\/\/yoast.com\/product\/yoast-seo-wordpress\/ -->\n<title>Bioativos - Pancosma<\/title>\n<meta name=\"description\" content=\"Como l\u00edder mundial e pioneira no uso de extratos vegetais para ra\u00e7\u00e3o animal, a Pancosma desenvolveu produtos baseados em combina\u00e7\u00f5es microencapsuladas padronizadas\" \/>\n<meta name=\"robots\" content=\"index, follow, max-snippet:-1, max-image-preview:large, max-video-preview:-1\" \/>\n<link rel=\"canonical\" href=\"https:\/\/www.pancosma.com\/pt-br\/bioativos\/\" \/>\n<meta property=\"og:locale\" content=\"pt_BR\" \/>\n<meta property=\"og:type\" content=\"article\" \/>\n<meta property=\"og:title\" content=\"Bioativos - Pancosma\" \/>\n<meta property=\"og:description\" content=\"Como l\u00edder mundial e pioneira no uso de extratos vegetais para ra\u00e7\u00e3o animal, a Pancosma desenvolveu produtos baseados em combina\u00e7\u00f5es microencapsuladas padronizadas\" \/>\n<meta property=\"og:url\" content=\"https:\/\/www.pancosma.com\/pt-br\/bioativos\/\" \/>\n<meta property=\"og:site_name\" content=\"Pancosma\" \/>\n<meta property=\"article:modified_time\" content=\"2021-10-24T19:40:44+00:00\" \/>\n<meta name=\"twitter:card\" content=\"summary_large_image\" \/>\n<meta name=\"twitter:label1\" content=\"Est. reading time\" \/>\n\t<meta name=\"twitter:data1\" content=\"6 minutes\" \/>\n<script type=\"application\/ld+json\" class=\"yoast-schema-graph\">{\"@context\":\"https:\\\/\\\/schema.org\",\"@graph\":[{\"@type\":\"WebPage\",\"@id\":\"https:\\\/\\\/www.pancosma.com\\\/pt-br\\\/bioativos\\\/\",\"url\":\"https:\\\/\\\/www.pancosma.com\\\/pt-br\\\/bioativos\\\/\",\"name\":\"Bioativos - Pancosma\",\"isPartOf\":{\"@id\":\"https:\\\/\\\/www.pancosma.com\\\/#website\"},\"datePublished\":\"2021-10-18T19:43:15+00:00\",\"dateModified\":\"2021-10-24T19:40:44+00:00\",\"description\":\"Como l\u00edder mundial e pioneira no uso de extratos vegetais para ra\u00e7\u00e3o animal, a Pancosma desenvolveu produtos baseados em combina\u00e7\u00f5es microencapsuladas padronizadas\",\"breadcrumb\":{\"@id\":\"https:\\\/\\\/www.pancosma.com\\\/pt-br\\\/bioativos\\\/#breadcrumb\"},\"inLanguage\":\"pt-BR\",\"potentialAction\":[{\"@type\":\"ReadAction\",\"target\":[\"https:\\\/\\\/www.pancosma.com\\\/pt-br\\\/bioativos\\\/\"]}]},{\"@type\":\"BreadcrumbList\",\"@id\":\"https:\\\/\\\/www.pancosma.com\\\/pt-br\\\/bioativos\\\/#breadcrumb\",\"itemListElement\":[{\"@type\":\"ListItem\",\"position\":1,\"name\":\"Home\",\"item\":\"https:\\\/\\\/www.pancosma.com\\\/pt-br\\\/\"},{\"@type\":\"ListItem\",\"position\":2,\"name\":\"Bioativos\"}]},{\"@type\":\"WebSite\",\"@id\":\"https:\\\/\\\/www.pancosma.com\\\/#website\",\"url\":\"https:\\\/\\\/www.pancosma.com\\\/\",\"name\":\"Pancosma\",\"description\":\"Innovative feed additives\",\"potentialAction\":[{\"@type\":\"SearchAction\",\"target\":{\"@type\":\"EntryPoint\",\"urlTemplate\":\"https:\\\/\\\/www.pancosma.com\\\/?s={search_term_string}\"},\"query-input\":{\"@type\":\"PropertyValueSpecification\",\"valueRequired\":true,\"valueName\":\"search_term_string\"}}],\"inLanguage\":\"pt-BR\"}]}<\/script>\n<!-- \/ Yoast SEO plugin. -->","yoast_head_json":{"title":"Bioativos - Pancosma","description":"Como l\u00edder mundial e pioneira no uso de extratos vegetais para ra\u00e7\u00e3o animal, a Pancosma desenvolveu produtos baseados em combina\u00e7\u00f5es microencapsuladas padronizadas","robots":{"index":"index","follow":"follow","max-snippet":"max-snippet:-1","max-image-preview":"max-image-preview:large","max-video-preview":"max-video-preview:-1"},"canonical":"https:\/\/www.pancosma.com\/pt-br\/bioativos\/","og_locale":"pt_BR","og_type":"article","og_title":"Bioativos - Pancosma","og_description":"Como l\u00edder mundial e pioneira no uso de extratos vegetais para ra\u00e7\u00e3o animal, a Pancosma desenvolveu produtos baseados em combina\u00e7\u00f5es microencapsuladas padronizadas","og_url":"https:\/\/www.pancosma.com\/pt-br\/bioativos\/","og_site_name":"Pancosma","article_modified_time":"2021-10-24T19:40:44+00:00","twitter_card":"summary_large_image","twitter_misc":{"Est. reading time":"6 minutes"},"schema":{"@context":"https:\/\/schema.org","@graph":[{"@type":"WebPage","@id":"https:\/\/www.pancosma.com\/pt-br\/bioativos\/","url":"https:\/\/www.pancosma.com\/pt-br\/bioativos\/","name":"Bioativos - Pancosma","isPartOf":{"@id":"https:\/\/www.pancosma.com\/#website"},"datePublished":"2021-10-18T19:43:15+00:00","dateModified":"2021-10-24T19:40:44+00:00","description":"Como l\u00edder mundial e pioneira no uso de extratos vegetais para ra\u00e7\u00e3o animal, a Pancosma desenvolveu produtos baseados em combina\u00e7\u00f5es microencapsuladas padronizadas","breadcrumb":{"@id":"https:\/\/www.pancosma.com\/pt-br\/bioativos\/#breadcrumb"},"inLanguage":"pt-BR","potentialAction":[{"@type":"ReadAction","target":["https:\/\/www.pancosma.com\/pt-br\/bioativos\/"]}]},{"@type":"BreadcrumbList","@id":"https:\/\/www.pancosma.com\/pt-br\/bioativos\/#breadcrumb","itemListElement":[{"@type":"ListItem","position":1,"name":"Home","item":"https:\/\/www.pancosma.com\/pt-br\/"},{"@type":"ListItem","position":2,"name":"Bioativos"}]},{"@type":"WebSite","@id":"https:\/\/www.pancosma.com\/#website","url":"https:\/\/www.pancosma.com\/","name":"Pancosma","description":"Innovative feed additives","potentialAction":[{"@type":"SearchAction","target":{"@type":"EntryPoint","urlTemplate":"https:\/\/www.pancosma.com\/?s={search_term_string}"},"query-input":{"@type":"PropertyValueSpecification","valueRequired":true,"valueName":"search_term_string"}}],"inLanguage":"pt-BR"}]}},"_links":{"self":[{"href":"https:\/\/www.pancosma.com\/pt-br\/wp-json\/wp\/v2\/pages\/19776","targetHints":{"allow":["GET"]}}],"collection":[{"href":"https:\/\/www.pancosma.com\/pt-br\/wp-json\/wp\/v2\/pages"}],"about":[{"href":"https:\/\/www.pancosma.com\/pt-br\/wp-json\/wp\/v2\/types\/page"}],"author":[{"embeddable":true,"href":"https:\/\/www.pancosma.com\/pt-br\/wp-json\/wp\/v2\/users\/16"}],"replies":[{"embeddable":true,"href":"https:\/\/www.pancosma.com\/pt-br\/wp-json\/wp\/v2\/comments?post=19776"}],"version-history":[{"count":5,"href":"https:\/\/www.pancosma.com\/pt-br\/wp-json\/wp\/v2\/pages\/19776\/revisions"}],"predecessor-version":[{"id":21757,"href":"https:\/\/www.pancosma.com\/pt-br\/wp-json\/wp\/v2\/pages\/19776\/revisions\/21757"}],"wp:attachment":[{"href":"https:\/\/www.pancosma.com\/pt-br\/wp-json\/wp\/v2\/media?parent=19776"}],"curies":[{"name":"wp","href":"https:\/\/api.w.org\/{rel}","templated":true}]}}