{"id":19781,"date":"2021-10-18T21:37:34","date_gmt":"2021-10-18T19:37:34","guid":{"rendered":"https:\/\/www.pancosma.com\/?page_id=19781"},"modified":"2022-06-10T12:23:22","modified_gmt":"2022-06-10T10:23:22","slug":"micro-minerais-organicos","status":"publish","type":"page","link":"https:\/\/www.pancosma.com\/pt-br\/micro-minerais-organicos\/","title":{"rendered":"Microminerais  Org\u00e2nicos"},"content":{"rendered":"<div id='av_section_1'  class='avia-section main_color avia-section-default avia-no-border-styling  avia-bg-style-scroll  avia-builder-el-0  el_before_av_one_full  avia-builder-el-first   container_wrap sidebar_right' style='background-color: #5ea62b;  '  ><div class='container' ><main  role=\"main\" itemprop=\"mainContentOfPage\"  class='template-page content  av-content-small alpha units'><div class='post-entry post-entry-type-page post-entry-19781'><div class='entry-content-wrapper clearfix'>\n<div  style='padding-bottom:10px; color:#ffffff;' class='av-special-heading av-special-heading-h1 custom-color-heading blockquote modern-quote modern-centered  avia-builder-el-1  avia-builder-el-no-sibling  '><h1 class='av-special-heading-tag '  itemprop=\"headline\"  >Microminerais Org\u00e2nicos <\/h1><div class ='av-subheading av-subheading_below av_custom_color ' style='font-size:15px;'><p>Solu\u00e7\u00f5es para suplementa\u00e7\u00e3o mineral eficiente<\/p>\n<\/div><div class='special-heading-border'><div class='special-heading-inner-border' style='border-color:#ffffff'><\/div><\/div><\/div>\n<\/div><\/div><\/main><!-- close content main element --><\/div><\/div><div id='after_section_1'  class='main_color av_default_container_wrap container_wrap sidebar_right' style=' '  ><div class='container' ><div class='template-page content  av-content-small alpha units'><div class='post-entry post-entry-type-page post-entry-19781'><div class='entry-content-wrapper clearfix'><div class='flex_column_table av-equal-height-column-flextable -flextable' style='margin-top:-100px; margin-bottom:0px; '><div class=\"flex_column av_one_full  no_margin flex_column_table_cell av-equal-height-column av-align-middle first  avia-builder-el-2  el_after_av_section  el_before_av_one_half  avia-builder-el-first  \" style='background: #ffffff; padding:30px; background-color:#ffffff; border-radius:0px; '><section class=\"av_textblock_section \"  itemscope=\"itemscope\" itemtype=\"https:\/\/schema.org\/CreativeWork\" ><div class='avia_textblock  '   itemprop=\"text\" ><p>Com o crescente interesse pela nutri\u00e7\u00e3o de precis\u00e3o na produ\u00e7\u00e3o animal, a Pancosma desenvolveu uma linha de produtos exclusiva de oligoelementos microminerais org\u00e2nicos projetados para fornecer nutrientes altamente biodispon\u00edveis e pr\u00e9-misturas homog\u00eaneas para garantir o desempenho animal.<\/p>\n<\/div><\/section><\/div><\/div><!--close column table wrapper. Autoclose: 1 --><div class='flex_column_table av-equal-height-column-flextable -flextable' style='margin-top:-30px; margin-bottom:0px; '><div class=\"flex_column av_one_half  no_margin flex_column_table_cell av-equal-height-column av-align-middle first  avia-builder-el-4  el_after_av_one_full  el_before_av_one_half  column-top-margin\" style='background: #ffffff; padding:30px; background-color:#ffffff; border-radius:30px; '><section class=\"av_textblock_section \"  itemscope=\"itemscope\" itemtype=\"https:\/\/schema.org\/CreativeWork\" ><div class='avia_textblock  '   itemprop=\"text\" ><h3><strong>Portf\u00f3lio de microminerais org\u00e2nicos da Pancosma<\/strong><\/h3>\n<p><strong>\u00a0<\/strong>O portf\u00f3lio de oligoelementos da Pancosma B-TRAXIM inclui:<\/p>\n<p>&#8211; <strong>B-TRAXIM 2C <\/strong>\u00e9 uma linha de microminerais\u00a0 individuais (Fe, Cu, Mn e Zn) comercializados como um complexo de glicinato altamente est\u00e1vel<\/p>\n<p>&#8211; <strong>B-TRAXIM TEC<\/strong> \u00e9 uma linha de microminerais individuais (Fe, Cu, Mn e Zn) comercializados como quelato de prote\u00edna de soja hidrolisada<\/p>\n<p>&#8211; <strong>B-TRAXIM<\/strong> <strong>Sel\u00eanio<\/strong> \u00e0 base de prote\u00edna de soja hidrolisada<\/p>\n<p>&#8211; <strong>B-TRAXIM ALL-IN<\/strong>-\u2460 \u00e9 uma combina\u00e7\u00e3o de diferentes microminerais org\u00e2nicos projetados para oferecer \u00e0 ind\u00fastria de ra\u00e7\u00f5es um produto \u00fanico.<\/p>\n<\/div><\/section><\/div><div class=\"flex_column av_one_half  no_margin flex_column_table_cell av-equal-height-column av-align-middle   avia-builder-el-6  el_after_av_one_half  el_before_av_one_full  column-top-margin\" style='padding:30px; background-color:#ffffff; border-radius:0px; '><div  class='avia-image-container  av-styling-    avia-builder-el-7  avia-builder-el-no-sibling  avia-align-center '  itemprop=\"image\" itemscope=\"itemscope\" itemtype=\"https:\/\/schema.org\/ImageObject\"  ><div class='avia-image-container-inner'><div class='avia-image-overlay-wrap'><img decoding=\"async\" class='wp-image-19423 avia-img-lazy-loading-not-19423 avia_image' src=\"https:\/\/www.pancosma.com\/wp-content\/uploads\/2021\/09\/Pancosma-organic-trace-minerals_495x400-300x242.jpg\" alt='organic trace minerals' title='Pancosma organic trace minerals_495x400' height=\"242\" width=\"300\"  itemprop=\"thumbnailUrl\" srcset=\"https:\/\/www.pancosma.com\/wp-content\/uploads\/2021\/09\/Pancosma-organic-trace-minerals_495x400-300x242.jpg 300w, https:\/\/www.pancosma.com\/wp-content\/uploads\/2021\/09\/Pancosma-organic-trace-minerals_495x400.jpg 495w\" sizes=\"(max-width: 300px) 100vw, 300px\" \/><\/div><\/div><\/div><\/div><\/div><!--close column table wrapper. Autoclose: 1 --><\/p>\n<div class='flex_column_table av-equal-height-column-flextable -flextable' style='margin-top:-40px; margin-bottom:0px; '><div class=\"flex_column av_one_full  no_margin flex_column_table_cell av-equal-height-column av-align-middle first  avia-builder-el-8  el_after_av_one_half  el_before_av_hr  column-top-margin\" style='background: #ffffff; padding:30px; background-color:#ffffff; border-radius:0px; '><section class=\"av_textblock_section \"  itemscope=\"itemscope\" itemtype=\"https:\/\/schema.org\/CreativeWork\" ><div class='avia_textblock  '   itemprop=\"text\" ><h3><strong>Qualidade e pesquisa por tr\u00e1s dos minerais org\u00e2nicos da Pancosma<\/strong><\/h3>\n<p><strong>\u00a0<\/strong>A Pancosma tem uma longa hist\u00f3ria de contribuir com solu\u00e7\u00f5es inovadoras para a ind\u00fastria de nutri\u00e7\u00e3o animal. Com muitos anos de pesquisa, as linhas B-TRAXIM s\u00e3o embasadas em evid\u00eancias cient\u00edficas, patentes e testes consistentes que mostram impacto na biodisponibilidade, desempenho t\u00e9cnico e econ\u00f4mico dos animais.<\/p>\n<p>Para mais informa\u00e7\u00f5es sobre os padr\u00f5es de qualidade da Pancosma e obter o<a href=\"\/?page_id=13792\" target=\"_blank\" rel=\"noopener\">s certificados de qualidade acesse: \u00a0 \u00a0<\/a><\/p>\n<h3><strong>Benef\u00edcios do uso de oligoelementos org\u00e2nicos da Pancosma<\/strong><\/h3>\n<p>&#8211; <strong>Bem-estar animal<\/strong>: preven\u00e7\u00e3o de defici\u00eancias<\/p>\n<p>&#8211; <strong>Biodisponibilidade<\/strong>: uma das fontes mais biodispon\u00edveis do mercado<\/p>\n<p>&#8211; <strong>Rentabilidade<\/strong>: ROI eficiente com baixa dose de inclus\u00e3o<\/p>\n<p>&#8211; <strong>Meio ambiente<\/strong>: redu\u00e7\u00e3o da excre\u00e7\u00e3o mineral<\/p>\n<h3><strong>Artigos relevantes<\/strong><\/h3>\n<p><a href=\"https:\/\/www.pancosma.com\/pt-br\/benchmarking-trace-mineral-levels-in-pig-feed\/\" target=\"_blank\" rel=\"noopener\">Comparando n\u00edveis de microminerais em ra\u00e7\u00e3o para su\u00ednos\u00a0<\/a><\/p>\n<\/div><\/section><\/div><\/div><!--close column table wrapper. Autoclose: 1 -->\n<div  style='height:20px' class='hr hr-invisible   avia-builder-el-10  el_after_av_one_full  avia-builder-el-last '><span class='hr-inner ' ><span class='hr-inner-style'><\/span><\/span><\/div>\n","protected":false},"excerpt":{"rendered":"","protected":false},"author":16,"featured_media":0,"parent":0,"menu_order":0,"comment_status":"closed","ping_status":"closed","template":"","meta":{"_acf_changed":false,"footnotes":""},"class_list":["post-19781","page","type-page","status-publish","hentry"],"acf":[],"yoast_head":"<!-- This site is optimized with the Yoast SEO plugin v27.3 - https:\/\/yoast.com\/product\/yoast-seo-wordpress\/ -->\n<title>Microminerais Org\u00e2nicos - Pancosma<\/title>\n<meta name=\"description\" content=\"Portf\u00f3lio de microminerais org\u00e2nicos da Pancosma. Solu\u00e7\u00f5es para suplementa\u00e7\u00e3o mineral eficiente.\" \/>\n<meta name=\"robots\" content=\"index, follow, max-snippet:-1, max-image-preview:large, max-video-preview:-1\" \/>\n<link rel=\"canonical\" href=\"https:\/\/www.pancosma.com\/pt-br\/micro-minerais-organicos\/\" \/>\n<meta property=\"og:locale\" content=\"pt_BR\" \/>\n<meta property=\"og:type\" content=\"article\" \/>\n<meta property=\"og:title\" content=\"Microminerais Org\u00e2nicos - Pancosma\" \/>\n<meta property=\"og:description\" content=\"Portf\u00f3lio de microminerais org\u00e2nicos da Pancosma. Solu\u00e7\u00f5es para suplementa\u00e7\u00e3o mineral eficiente.\" \/>\n<meta property=\"og:url\" content=\"https:\/\/www.pancosma.com\/pt-br\/micro-minerais-organicos\/\" \/>\n<meta property=\"og:site_name\" content=\"Pancosma\" \/>\n<meta property=\"article:modified_time\" content=\"2022-06-10T10:23:22+00:00\" \/>\n<meta name=\"twitter:card\" content=\"summary_large_image\" \/>\n<meta name=\"twitter:label1\" content=\"Est. reading time\" \/>\n\t<meta name=\"twitter:data1\" content=\"6 minutes\" \/>\n<script type=\"application\/ld+json\" class=\"yoast-schema-graph\">{\"@context\":\"https:\\\/\\\/schema.org\",\"@graph\":[{\"@type\":\"WebPage\",\"@id\":\"https:\\\/\\\/www.pancosma.com\\\/pt-br\\\/micro-minerais-organicos\\\/\",\"url\":\"https:\\\/\\\/www.pancosma.com\\\/pt-br\\\/micro-minerais-organicos\\\/\",\"name\":\"Microminerais Org\u00e2nicos - Pancosma\",\"isPartOf\":{\"@id\":\"https:\\\/\\\/www.pancosma.com\\\/#website\"},\"datePublished\":\"2021-10-18T19:37:34+00:00\",\"dateModified\":\"2022-06-10T10:23:22+00:00\",\"description\":\"Portf\u00f3lio de microminerais org\u00e2nicos da Pancosma. Solu\u00e7\u00f5es para suplementa\u00e7\u00e3o mineral eficiente.\",\"breadcrumb\":{\"@id\":\"https:\\\/\\\/www.pancosma.com\\\/pt-br\\\/micro-minerais-organicos\\\/#breadcrumb\"},\"inLanguage\":\"pt-BR\",\"potentialAction\":[{\"@type\":\"ReadAction\",\"target\":[\"https:\\\/\\\/www.pancosma.com\\\/pt-br\\\/micro-minerais-organicos\\\/\"]}]},{\"@type\":\"BreadcrumbList\",\"@id\":\"https:\\\/\\\/www.pancosma.com\\\/pt-br\\\/micro-minerais-organicos\\\/#breadcrumb\",\"itemListElement\":[{\"@type\":\"ListItem\",\"position\":1,\"name\":\"Home\",\"item\":\"https:\\\/\\\/www.pancosma.com\\\/pt-br\\\/\"},{\"@type\":\"ListItem\",\"position\":2,\"name\":\"Microminerais Org\u00e2nicos\"}]},{\"@type\":\"WebSite\",\"@id\":\"https:\\\/\\\/www.pancosma.com\\\/#website\",\"url\":\"https:\\\/\\\/www.pancosma.com\\\/\",\"name\":\"Pancosma\",\"description\":\"Innovative feed additives\",\"potentialAction\":[{\"@type\":\"SearchAction\",\"target\":{\"@type\":\"EntryPoint\",\"urlTemplate\":\"https:\\\/\\\/www.pancosma.com\\\/?s={search_term_string}\"},\"query-input\":{\"@type\":\"PropertyValueSpecification\",\"valueRequired\":true,\"valueName\":\"search_term_string\"}}],\"inLanguage\":\"pt-BR\"}]}<\/script>\n<!-- \/ Yoast SEO plugin. -->","yoast_head_json":{"title":"Microminerais Org\u00e2nicos - Pancosma","description":"Portf\u00f3lio de microminerais org\u00e2nicos da Pancosma. Solu\u00e7\u00f5es para suplementa\u00e7\u00e3o mineral eficiente.","robots":{"index":"index","follow":"follow","max-snippet":"max-snippet:-1","max-image-preview":"max-image-preview:large","max-video-preview":"max-video-preview:-1"},"canonical":"https:\/\/www.pancosma.com\/pt-br\/micro-minerais-organicos\/","og_locale":"pt_BR","og_type":"article","og_title":"Microminerais Org\u00e2nicos - Pancosma","og_description":"Portf\u00f3lio de microminerais org\u00e2nicos da Pancosma. Solu\u00e7\u00f5es para suplementa\u00e7\u00e3o mineral eficiente.","og_url":"https:\/\/www.pancosma.com\/pt-br\/micro-minerais-organicos\/","og_site_name":"Pancosma","article_modified_time":"2022-06-10T10:23:22+00:00","twitter_card":"summary_large_image","twitter_misc":{"Est. reading time":"6 minutes"},"schema":{"@context":"https:\/\/schema.org","@graph":[{"@type":"WebPage","@id":"https:\/\/www.pancosma.com\/pt-br\/micro-minerais-organicos\/","url":"https:\/\/www.pancosma.com\/pt-br\/micro-minerais-organicos\/","name":"Microminerais Org\u00e2nicos - Pancosma","isPartOf":{"@id":"https:\/\/www.pancosma.com\/#website"},"datePublished":"2021-10-18T19:37:34+00:00","dateModified":"2022-06-10T10:23:22+00:00","description":"Portf\u00f3lio de microminerais org\u00e2nicos da Pancosma. Solu\u00e7\u00f5es para suplementa\u00e7\u00e3o mineral eficiente.","breadcrumb":{"@id":"https:\/\/www.pancosma.com\/pt-br\/micro-minerais-organicos\/#breadcrumb"},"inLanguage":"pt-BR","potentialAction":[{"@type":"ReadAction","target":["https:\/\/www.pancosma.com\/pt-br\/micro-minerais-organicos\/"]}]},{"@type":"BreadcrumbList","@id":"https:\/\/www.pancosma.com\/pt-br\/micro-minerais-organicos\/#breadcrumb","itemListElement":[{"@type":"ListItem","position":1,"name":"Home","item":"https:\/\/www.pancosma.com\/pt-br\/"},{"@type":"ListItem","position":2,"name":"Microminerais Org\u00e2nicos"}]},{"@type":"WebSite","@id":"https:\/\/www.pancosma.com\/#website","url":"https:\/\/www.pancosma.com\/","name":"Pancosma","description":"Innovative feed additives","potentialAction":[{"@type":"SearchAction","target":{"@type":"EntryPoint","urlTemplate":"https:\/\/www.pancosma.com\/?s={search_term_string}"},"query-input":{"@type":"PropertyValueSpecification","valueRequired":true,"valueName":"search_term_string"}}],"inLanguage":"pt-BR"}]}},"_links":{"self":[{"href":"https:\/\/www.pancosma.com\/pt-br\/wp-json\/wp\/v2\/pages\/19781","targetHints":{"allow":["GET"]}}],"collection":[{"href":"https:\/\/www.pancosma.com\/pt-br\/wp-json\/wp\/v2\/pages"}],"about":[{"href":"https:\/\/www.pancosma.com\/pt-br\/wp-json\/wp\/v2\/types\/page"}],"author":[{"embeddable":true,"href":"https:\/\/www.pancosma.com\/pt-br\/wp-json\/wp\/v2\/users\/16"}],"replies":[{"embeddable":true,"href":"https:\/\/www.pancosma.com\/pt-br\/wp-json\/wp\/v2\/comments?post=19781"}],"version-history":[{"count":5,"href":"https:\/\/www.pancosma.com\/pt-br\/wp-json\/wp\/v2\/pages\/19781\/revisions"}],"predecessor-version":[{"id":21760,"href":"https:\/\/www.pancosma.com\/pt-br\/wp-json\/wp\/v2\/pages\/19781\/revisions\/21760"}],"wp:attachment":[{"href":"https:\/\/www.pancosma.com\/pt-br\/wp-json\/wp\/v2\/media?parent=19781"}],"curies":[{"name":"wp","href":"https:\/\/api.w.org\/{rel}","templated":true}]}}