{"id":19814,"date":"2021-10-24T22:08:06","date_gmt":"2021-10-24T20:08:06","guid":{"rendered":"https:\/\/www.pancosma.com\/?page_id=19814"},"modified":"2021-12-07T11:56:37","modified_gmt":"2021-12-07T10:56:37","slug":"ativador-de-agilidade-intestinal","status":"publish","type":"page","link":"https:\/\/www.pancosma.com\/pt-br\/ativador-de-agilidade-intestinal\/","title":{"rendered":"Ativador de agilidade intestinal"},"content":{"rendered":"<div id='av_section_1'  class='avia-section main_color avia-section-default avia-no-border-styling  avia-bg-style-scroll  avia-builder-el-0  el_before_av_one_full  avia-builder-el-first   container_wrap sidebar_right' style='background-color: #5ea62b;  '  ><div class='container' ><main  role=\"main\" itemprop=\"mainContentOfPage\"  class='template-page content  av-content-small alpha units'><div class='post-entry post-entry-type-page post-entry-19814'><div class='entry-content-wrapper clearfix'>\n<div  style='padding-bottom:10px; color:#ffffff;' class='av-special-heading av-special-heading-h1 custom-color-heading blockquote modern-quote modern-centered  avia-builder-el-1  avia-builder-el-no-sibling  '><h1 class='av-special-heading-tag '  itemprop=\"headline\"  >Ativador de agilidade intestinal <\/h1><div class ='av-subheading av-subheading_below av_custom_color ' style='font-size:15px;'><p>Mantenha seus animais de produ\u00e7\u00e3o \u00e1geis<\/p>\n<\/div><div class='special-heading-border'><div class='special-heading-inner-border' style='border-color:#ffffff'><\/div><\/div><\/div>\n<\/div><\/div><\/main><!-- close content main element --><\/div><\/div><div id='after_section_1'  class='main_color av_default_container_wrap container_wrap sidebar_right' style=' '  ><div class='container' ><div class='template-page content  av-content-small alpha units'><div class='post-entry post-entry-type-page post-entry-19814'><div class='entry-content-wrapper clearfix'>\n<div class='flex_column_table av-equal-height-column-flextable -flextable' style='margin-top:-100px; margin-bottom:0px; '><div class=\"flex_column av_one_full  no_margin flex_column_table_cell av-equal-height-column av-align-middle first  avia-builder-el-2  el_after_av_section  el_before_av_one_half  avia-builder-el-first  \" style='background: #ffffff; padding:30px; background-color:#ffffff; border-radius:0px; '><section class=\"av_textblock_section \"  itemscope=\"itemscope\" itemtype=\"https:\/\/schema.org\/CreativeWork\" ><div class='avia_textblock  '   itemprop=\"text\" ><p>A linha de produtos de ativador de agilidade intestinal foi projetada para impactar a produ\u00e7\u00e3o animal e facilitar a resili\u00eancia, que auxilia o desempenho e o bem-estar animal de maneira sustent\u00e1vel, ajudando os su\u00ednos, aves e ruminantes a superarem os desafios e fatores estressantes que ocorrem naturalmente em condi\u00e7\u00f5es comerciais.<\/p>\n<\/div><\/section><\/div><\/div><!--close column table wrapper. Autoclose: 1 -->\n<div class='flex_column_table av-equal-height-column-flextable -flextable' style='margin-top:-30px; margin-bottom:0px; '><div class=\"flex_column av_one_half  no_margin flex_column_table_cell av-equal-height-column av-align-middle first  avia-builder-el-4  el_after_av_one_full  el_before_av_one_half  column-top-margin\" style='background: #ffffff; padding:30px; background-color:#ffffff; border-radius:30px; '><section class=\"av_textblock_section \"  itemscope=\"itemscope\" itemtype=\"https:\/\/schema.org\/CreativeWork\" ><div class='avia_textblock  '   itemprop=\"text\" ><h3><\/h3>\n<h3><strong>Portf\u00f3lio de ativador de agilidade intestinal<\/strong><\/h3>\n<p><strong>Anco FIT<\/strong> &#8211; formulado especificamente para auxiliar a resili\u00eancia em su\u00ednos e ruminantes<\/p>\n<p><strong>Anco FIT Poultr<\/strong>y &#8211; formulado especificamente para\u00a0 auxiliar a resili\u00eancia em aves (frangos, galinhas poedeiras, perus e matrizes)<\/p>\n<p>Mais informa\u00e7\u00f5es sobre os produtos Anco em <a href=\"https:\/\/www.anco.net\/\" target=\"_blank\" rel=\"noopener\">www.anco.net<\/a><\/p>\n<\/div><\/section><\/div>\n<div class=\"flex_column av_one_half  no_margin flex_column_table_cell av-equal-height-column av-align-middle   avia-builder-el-6  el_after_av_one_half  el_before_av_one_full  column-top-margin\" style='padding:30px; background-color:#ffffff; border-radius:0px; '><div  class='avia-image-container  av-styling-    avia-builder-el-7  avia-builder-el-no-sibling  avia-align-center '  itemprop=\"image\" itemscope=\"itemscope\" itemtype=\"https:\/\/schema.org\/ImageObject\"  ><div class='avia-image-container-inner'><div class='avia-image-overlay-wrap'><img decoding=\"async\" class='wp-image-20219 avia-img-lazy-loading-not-20219 avia_image' src=\"https:\/\/www.pancosma.com\/wp-content\/uploads\/2021\/12\/keep-your-animals-agile_portuguese-495x400.jpg\" alt='' title='keep your animals agile_portuguese' height=\"400\" width=\"495\"  itemprop=\"thumbnailUrl\" srcset=\"https:\/\/www.pancosma.com\/wp-content\/uploads\/2021\/12\/keep-your-animals-agile_portuguese-495x400.jpg 495w, https:\/\/www.pancosma.com\/wp-content\/uploads\/2021\/12\/keep-your-animals-agile_portuguese-300x242.jpg 300w, https:\/\/www.pancosma.com\/wp-content\/uploads\/2021\/12\/keep-your-animals-agile_portuguese-1030x832.jpg 1030w, https:\/\/www.pancosma.com\/wp-content\/uploads\/2021\/12\/keep-your-animals-agile_portuguese-768x621.jpg 768w, https:\/\/www.pancosma.com\/wp-content\/uploads\/2021\/12\/keep-your-animals-agile_portuguese-1536x1241.jpg 1536w, https:\/\/www.pancosma.com\/wp-content\/uploads\/2021\/12\/keep-your-animals-agile_portuguese-2048x1655.jpg 2048w, https:\/\/www.pancosma.com\/wp-content\/uploads\/2021\/12\/keep-your-animals-agile_portuguese-1500x1212.jpg 1500w, https:\/\/www.pancosma.com\/wp-content\/uploads\/2021\/12\/keep-your-animals-agile_portuguese-845x684.jpg 845w, https:\/\/www.pancosma.com\/wp-content\/uploads\/2021\/12\/keep-your-animals-agile_portuguese-705x570.jpg 705w\" sizes=\"(max-width: 495px) 100vw, 495px\" \/><\/div><\/div><\/div><\/div><\/div><!--close column table wrapper. Autoclose: 1 --><div class='flex_column_table av-equal-height-column-flextable -flextable' style='margin-top:-40px; margin-bottom:0px; '><div class=\"flex_column av_one_full  no_margin flex_column_table_cell av-equal-height-column av-align-middle first  avia-builder-el-8  el_after_av_one_half  el_before_av_hr  column-top-margin\" style='background: #ffffff; padding:30px; background-color:#ffffff; border-radius:0px; '><section class=\"av_textblock_section \"  itemscope=\"itemscope\" itemtype=\"https:\/\/schema.org\/CreativeWork\" ><div class='avia_textblock  '   itemprop=\"text\" ><h3><strong>Qual \u00e9 a defini\u00e7\u00e3o de agilidade intestinal?<\/strong><\/h3>\n<p>A agilidade intestinal descreve a capacidade dos animais de produ\u00e7\u00e3o de se adaptarem rapidamente aos desafios com uma resposta mais eficiente em termos de energia. \u00c9 um fator chave, que determina a consist\u00eancia no desempenho em condi\u00e7\u00f5es de granjas comerciais.<\/p>\n<p>Por que a \u00eanfase no intestino? Quando se trata de desafios, o intestino \u00e9 uma das partes do corpo mais responsivas e, para um desempenho animal ideal, \u00e9 importante como ele responde.<\/p>\n<h3><strong>Qualidade e pesquisa por tr\u00e1s dos ativadores de agilidade intestinal Pancosma<\/strong><\/h3>\n<p>Nossos ativadores de agilidade intestinal est\u00e3o continuamente sendo avaliados a campo e sob condi\u00e7\u00f5es cient\u00edficas controladas em todo o mundo. Os produtos atualmente auxiliam granjas no aumento da agilidade de seus animais em mais de 30 pa\u00edses.<\/p>\n<p>A produ\u00e7\u00e3o animal moderna exige uma alimenta\u00e7\u00e3o segura e respons\u00e1vel. A Pancosma foi uma das primeiras a atingir 4 dos mais altos padr\u00f5es de qualidade na ind\u00fastria de ra\u00e7\u00e3o animal. Para obter mais informa\u00e7\u00f5es sobre os certificados de qualidade da Pancosma, acesse.<\/p>\n<h3>A linha de ativadores de agilidade intestinal beneficia nutricionistas e produtores de animais que procuram:<\/h3>\n<ul>\n<li>rendimentos mais consistentes em resposta aos seus programas de alimenta\u00e7\u00e3o<\/li>\n<li>a longevidade da produ\u00e7\u00e3o de vacas leiteiras, porcas e poedeiras e persist\u00eancia na produ\u00e7\u00e3o de ovos<\/li>\n<li>o desempenho animal sob desafios nutricionais e ambientais<\/li>\n<\/ul>\n<p>Esta linha de produtos pode auxiliar o desempenho animal em programas tradicionais, e tamb\u00e9m sem uso de antibi\u00f3ticos.<\/p>\n<\/div><\/section><br \/>\n<div   class='hr hr-default   avia-builder-el-10  el_after_av_textblock  el_before_av_textblock '><span class='hr-inner ' ><span class='hr-inner-style'><\/span><\/span><\/div><br \/>\n<section class=\"av_textblock_section \"  itemscope=\"itemscope\" itemtype=\"https:\/\/schema.org\/CreativeWork\" ><div class='avia_textblock  '   itemprop=\"text\" ><h3><strong>Perguntas frequentes<\/strong><\/h3>\n<p><em><strong>Em que embalagem os produtos est\u00e3o dispon\u00edveis?<\/strong><\/em><\/p>\n<p>Os produtos est\u00e3o dispon\u00edveis em sacos PE (embalagem de polietileno) de 20kg.<\/p>\n<p><em><strong>Os produtos s\u00e3o isentos de OGM?<\/strong><\/em><\/p>\n<p>Sim, os produtos s\u00e3o certificados como livres de OGM.<\/p>\n<\/div><\/section><\/p><\/div><\/div><!--close column table wrapper. Autoclose: 1 --><\/p>\n<div  style='height:20px' class='hr hr-invisible   avia-builder-el-12  el_after_av_one_full  avia-builder-el-last '><span class='hr-inner ' ><span class='hr-inner-style'><\/span><\/span><\/div>\n","protected":false},"excerpt":{"rendered":"","protected":false},"author":16,"featured_media":0,"parent":0,"menu_order":0,"comment_status":"closed","ping_status":"closed","template":"","meta":{"_acf_changed":false,"footnotes":""},"class_list":["post-19814","page","type-page","status-publish","hentry"],"acf":[],"yoast_head":"<!-- This site is optimized with the Yoast SEO plugin v27.4 - https:\/\/yoast.com\/product\/yoast-seo-wordpress\/ -->\n<title>Ativador de agilidade intestinal - Pancosma<\/title>\n<meta name=\"description\" content=\"A linha de produtos de ativador de agilidade intestinal foi projetada para impactar a produ\u00e7\u00e3o animal e facilitar a resili\u00eancia,\" \/>\n<meta name=\"robots\" content=\"index, follow, max-snippet:-1, max-image-preview:large, max-video-preview:-1\" \/>\n<link rel=\"canonical\" href=\"https:\/\/www.pancosma.com\/pt-br\/ativador-de-agilidade-intestinal\/\" \/>\n<meta property=\"og:locale\" content=\"pt_BR\" \/>\n<meta property=\"og:type\" content=\"article\" \/>\n<meta property=\"og:title\" content=\"Ativador de agilidade intestinal - Pancosma\" \/>\n<meta property=\"og:description\" content=\"A linha de produtos de ativador de agilidade intestinal foi projetada para impactar a produ\u00e7\u00e3o animal e facilitar a resili\u00eancia,\" \/>\n<meta property=\"og:url\" content=\"https:\/\/www.pancosma.com\/pt-br\/ativador-de-agilidade-intestinal\/\" \/>\n<meta property=\"og:site_name\" content=\"Pancosma\" \/>\n<meta property=\"article:modified_time\" content=\"2021-12-07T10:56:37+00:00\" \/>\n<meta name=\"twitter:card\" content=\"summary_large_image\" \/>\n<meta name=\"twitter:label1\" content=\"Est. reading time\" \/>\n\t<meta name=\"twitter:data1\" content=\"3 minutes\" \/>\n<script type=\"application\/ld+json\" class=\"yoast-schema-graph\">{\"@context\":\"https:\\\/\\\/schema.org\",\"@graph\":[{\"@type\":\"WebPage\",\"@id\":\"https:\\\/\\\/www.pancosma.com\\\/pt-br\\\/ativador-de-agilidade-intestinal\\\/\",\"url\":\"https:\\\/\\\/www.pancosma.com\\\/pt-br\\\/ativador-de-agilidade-intestinal\\\/\",\"name\":\"Ativador de agilidade intestinal - Pancosma\",\"isPartOf\":{\"@id\":\"https:\\\/\\\/www.pancosma.com\\\/#website\"},\"datePublished\":\"2021-10-24T20:08:06+00:00\",\"dateModified\":\"2021-12-07T10:56:37+00:00\",\"description\":\"A linha de produtos de ativador de agilidade intestinal foi projetada para impactar a produ\u00e7\u00e3o animal e facilitar a resili\u00eancia,\",\"breadcrumb\":{\"@id\":\"https:\\\/\\\/www.pancosma.com\\\/pt-br\\\/ativador-de-agilidade-intestinal\\\/#breadcrumb\"},\"inLanguage\":\"pt-BR\",\"potentialAction\":[{\"@type\":\"ReadAction\",\"target\":[\"https:\\\/\\\/www.pancosma.com\\\/pt-br\\\/ativador-de-agilidade-intestinal\\\/\"]}]},{\"@type\":\"BreadcrumbList\",\"@id\":\"https:\\\/\\\/www.pancosma.com\\\/pt-br\\\/ativador-de-agilidade-intestinal\\\/#breadcrumb\",\"itemListElement\":[{\"@type\":\"ListItem\",\"position\":1,\"name\":\"Home\",\"item\":\"https:\\\/\\\/www.pancosma.com\\\/pt-br\\\/\"},{\"@type\":\"ListItem\",\"position\":2,\"name\":\"Ativador de agilidade intestinal\"}]},{\"@type\":\"WebSite\",\"@id\":\"https:\\\/\\\/www.pancosma.com\\\/#website\",\"url\":\"https:\\\/\\\/www.pancosma.com\\\/\",\"name\":\"Pancosma\",\"description\":\"Innovative feed additives\",\"potentialAction\":[{\"@type\":\"SearchAction\",\"target\":{\"@type\":\"EntryPoint\",\"urlTemplate\":\"https:\\\/\\\/www.pancosma.com\\\/?s={search_term_string}\"},\"query-input\":{\"@type\":\"PropertyValueSpecification\",\"valueRequired\":true,\"valueName\":\"search_term_string\"}}],\"inLanguage\":\"pt-BR\"}]}<\/script>\n<!-- \/ Yoast SEO plugin. -->","yoast_head_json":{"title":"Ativador de agilidade intestinal - Pancosma","description":"A linha de produtos de ativador de agilidade intestinal foi projetada para impactar a produ\u00e7\u00e3o animal e facilitar a resili\u00eancia,","robots":{"index":"index","follow":"follow","max-snippet":"max-snippet:-1","max-image-preview":"max-image-preview:large","max-video-preview":"max-video-preview:-1"},"canonical":"https:\/\/www.pancosma.com\/pt-br\/ativador-de-agilidade-intestinal\/","og_locale":"pt_BR","og_type":"article","og_title":"Ativador de agilidade intestinal - Pancosma","og_description":"A linha de produtos de ativador de agilidade intestinal foi projetada para impactar a produ\u00e7\u00e3o animal e facilitar a resili\u00eancia,","og_url":"https:\/\/www.pancosma.com\/pt-br\/ativador-de-agilidade-intestinal\/","og_site_name":"Pancosma","article_modified_time":"2021-12-07T10:56:37+00:00","twitter_card":"summary_large_image","twitter_misc":{"Est. reading time":"3 minutes"},"schema":{"@context":"https:\/\/schema.org","@graph":[{"@type":"WebPage","@id":"https:\/\/www.pancosma.com\/pt-br\/ativador-de-agilidade-intestinal\/","url":"https:\/\/www.pancosma.com\/pt-br\/ativador-de-agilidade-intestinal\/","name":"Ativador de agilidade intestinal - Pancosma","isPartOf":{"@id":"https:\/\/www.pancosma.com\/#website"},"datePublished":"2021-10-24T20:08:06+00:00","dateModified":"2021-12-07T10:56:37+00:00","description":"A linha de produtos de ativador de agilidade intestinal foi projetada para impactar a produ\u00e7\u00e3o animal e facilitar a resili\u00eancia,","breadcrumb":{"@id":"https:\/\/www.pancosma.com\/pt-br\/ativador-de-agilidade-intestinal\/#breadcrumb"},"inLanguage":"pt-BR","potentialAction":[{"@type":"ReadAction","target":["https:\/\/www.pancosma.com\/pt-br\/ativador-de-agilidade-intestinal\/"]}]},{"@type":"BreadcrumbList","@id":"https:\/\/www.pancosma.com\/pt-br\/ativador-de-agilidade-intestinal\/#breadcrumb","itemListElement":[{"@type":"ListItem","position":1,"name":"Home","item":"https:\/\/www.pancosma.com\/pt-br\/"},{"@type":"ListItem","position":2,"name":"Ativador de agilidade intestinal"}]},{"@type":"WebSite","@id":"https:\/\/www.pancosma.com\/#website","url":"https:\/\/www.pancosma.com\/","name":"Pancosma","description":"Innovative feed additives","potentialAction":[{"@type":"SearchAction","target":{"@type":"EntryPoint","urlTemplate":"https:\/\/www.pancosma.com\/?s={search_term_string}"},"query-input":{"@type":"PropertyValueSpecification","valueRequired":true,"valueName":"search_term_string"}}],"inLanguage":"pt-BR"}]}},"_links":{"self":[{"href":"https:\/\/www.pancosma.com\/pt-br\/wp-json\/wp\/v2\/pages\/19814","targetHints":{"allow":["GET"]}}],"collection":[{"href":"https:\/\/www.pancosma.com\/pt-br\/wp-json\/wp\/v2\/pages"}],"about":[{"href":"https:\/\/www.pancosma.com\/pt-br\/wp-json\/wp\/v2\/types\/page"}],"author":[{"embeddable":true,"href":"https:\/\/www.pancosma.com\/pt-br\/wp-json\/wp\/v2\/users\/16"}],"replies":[{"embeddable":true,"href":"https:\/\/www.pancosma.com\/pt-br\/wp-json\/wp\/v2\/comments?post=19814"}],"version-history":[{"count":5,"href":"https:\/\/www.pancosma.com\/pt-br\/wp-json\/wp\/v2\/pages\/19814\/revisions"}],"predecessor-version":[{"id":21756,"href":"https:\/\/www.pancosma.com\/pt-br\/wp-json\/wp\/v2\/pages\/19814\/revisions\/21756"}],"wp:attachment":[{"href":"https:\/\/www.pancosma.com\/pt-br\/wp-json\/wp\/v2\/media?parent=19814"}],"curies":[{"name":"wp","href":"https:\/\/api.w.org\/{rel}","templated":true}]}}